{"id":8566,"date":"2023-04-10T15:32:39","date_gmt":"2023-04-10T13:32:39","guid":{"rendered":"https:\/\/krual.ee\/?post_type=product&#038;p=8566"},"modified":"2024-05-22T11:06:28","modified_gmt":"2024-05-22T09:06:28","slug":"vooder-laius145cm-varv-tindisinine-50cm","status":"publish","type":"product","link":"https:\/\/krual.ee\/et\/toode\/vooder-laius145cm-varv-tindisinine-50cm\/","title":{"rendered":"Vooder laius:145cm v\u00e4rv: tindisinine (50cm)"},"content":{"rendered":"<p>52% PES + 48% viskoos<\/p>\n<p>Hind 50 cm.\"Kui soovite 1 meetrit, siis tellige 2 tk.\"<\/p>","protected":false},"excerpt":{"rendered":"<p>52% PES + 48% \u0432\u0438\u0441\u043a\u043e\u0437\u0430 \u0426\u0435\u043d\u0430 \u0437\u0430 50 \u0441\u043c. \u00ab\u0435\u0441\u043b\u0438 \u043d\u0443\u0436\u0435\u043d 1 \u043c\u0435\u0442\u0440, \u0442\u043e \u0437\u0430\u043a\u0430\u0437\u044b\u0432\u0430\u0439\u0442\u0435 2 \u0448\u0442.\u00bb<\/p>","protected":false},"featured_media":8567,"template":"","meta":{"_monsterinsights_skip_tracking":false,"_monsterinsights_sitenote_active":false,"_monsterinsights_sitenote_note":"","_monsterinsights_sitenote_category":0,"_uf_show_specific_survey":0,"_uf_disable_surveys":false},"product_brand":[],"product_cat":[1332],"product_tag":[],"class_list":{"0":"post-8566","1":"product","2":"type-product","3":"status-publish","4":"has-post-thumbnail","6":"product_cat-vooder","8":"entry","9":"has-media","11":"first","12":"instock","13":"taxable","14":"shipping-taxable","15":"purchasable","16":"product-type-simple","17":"has-product-nav","18":"col","19":"span_1_of_3","20":"owp-content-center","21":"owp-thumbs-layout-horizontal","22":"owp-btn-normal","23":"owp-tabs-layout-horizontal","24":"has-no-thumbnails"},"aioseo_notices":[],"aioseo_head":"\n\t\t<!-- All in One SEO Pro 4.8.3.2 - aioseo.com -->\n\t<meta name=\"description\" content=\"Vooder, laius:145cm, v\u00e4rv: tindisinine, 50cm hind, koostis: 52% PES + 48% viskoos\" \/>\n\t<meta name=\"robots\" content=\"max-image-preview:large\" \/>\n\t<meta name=\"keywords\" content=\"vooder,\u043f\u043e\u0434\u043a\u043b\u0430\u0434\u043a\u0430,\u0442\u043a\u0430\u043d\u044c \u043f\u043e\u0434\u043a\u043b\u0430\u0434\u043e\u0447\u043d\u0430\u044f\" \/>\n\t<link rel=\"canonical\" href=\"https:\/\/krual.ee\/et\/toode\/vooder-laius145cm-varv-tindisinine-50cm\/\" \/>\n\t<meta name=\"generator\" content=\"All in One SEO Pro (AIOSEO) 4.8.3.2\" \/>\n\t\t<meta property=\"og:locale\" content=\"et_EE\" \/>\n\t\t<meta property=\"og:site_name\" content=\"krual.ee - K\u00e4sit\u00f6\u00f6maailm, aknakatted\" \/>\n\t\t<meta property=\"og:type\" content=\"article\" \/>\n\t\t<meta property=\"og:title\" content=\"Vooder laius: 145cm v\u00e4rv: tindisinine - krual.ee\" \/>\n\t\t<meta property=\"og:description\" content=\"Vooder, laius:145cm, v\u00e4rv: tindisinine, 50cm hind, koostis: 52% PES + 48% viskoos\" \/>\n\t\t<meta property=\"og:url\" content=\"https:\/\/krual.ee\/et\/toode\/vooder-laius145cm-varv-tindisinine-50cm\/\" \/>\n\t\t<meta property=\"og:image\" content=\"https:\/\/krual.ee\/wp-content\/uploads\/2023\/04\/6420-jpg.webp\" \/>\n\t\t<meta property=\"og:image:secure_url\" content=\"https:\/\/krual.ee\/wp-content\/uploads\/2023\/04\/6420-jpg.webp\" \/>\n\t\t<meta property=\"og:image:width\" content=\"600\" \/>\n\t\t<meta property=\"og:image:height\" content=\"586\" \/>\n\t\t<meta property=\"article:tag\" content=\"vooder\" \/>\n\t\t<meta property=\"article:tag\" content=\"\u043f\u043e\u0434\u043a\u043b\u0430\u0434\u043a\u0430\" \/>\n\t\t<meta property=\"article:published_time\" content=\"2023-04-10T13:32:39+00:00\" \/>\n\t\t<meta property=\"article:modified_time\" content=\"2024-05-22T09:06:28+00:00\" \/>\n\t\t<meta property=\"article:publisher\" content=\"https:\/\/facebook.com\/krual\" \/>\n\t\t<meta name=\"twitter:card\" content=\"summary_large_image\" \/>\n\t\t<meta name=\"twitter:title\" content=\"Vooder laius: 145cm v\u00e4rv: tindisinine - krual.ee\" \/>\n\t\t<meta name=\"twitter:description\" content=\"Vooder, laius:145cm, v\u00e4rv: tindisinine, 50cm hind, koostis: 52% PES + 48% viskoos\" \/>\n\t\t<meta name=\"twitter:image\" content=\"https:\/\/krual.ee\/wp-content\/uploads\/2023\/04\/6420-jpg.webp\" \/>\n\t\t<script type=\"application\/ld+json\" class=\"aioseo-schema\">\n\t\t\t{\"@context\":\"https:\\\/\\\/schema.org\",\"@graph\":[{\"@type\":\"BreadcrumbList\",\"@id\":\"https:\\\/\\\/krual.ee\\\/et\\\/toode\\\/vooder-laius145cm-varv-tindisinine-50cm\\\/#breadcrumblist\",\"itemListElement\":[{\"@type\":\"ListItem\",\"@id\":\"https:\\\/\\\/krual.ee\\\/et#listItem\",\"position\":1,\"name\":\"Home\",\"item\":\"https:\\\/\\\/krual.ee\\\/et\",\"nextItem\":{\"@type\":\"ListItem\",\"@id\":\"https:\\\/\\\/krual.ee\\\/et\\\/shop\\\/#listItem\",\"name\":\"Shop\"}},{\"@type\":\"ListItem\",\"@id\":\"https:\\\/\\\/krual.ee\\\/et\\\/shop\\\/#listItem\",\"position\":2,\"name\":\"Shop\",\"item\":\"https:\\\/\\\/krual.ee\\\/et\\\/shop\\\/\",\"nextItem\":{\"@type\":\"ListItem\",\"@id\":\"https:\\\/\\\/krual.ee\\\/et\\\/tootekategooria\\\/%d1%81atalog\\\/#listItem\",\"name\":\"\\u041a\\u0430\\u0442\\u0430\\u043b\\u043e\\u0433 \\u0442\\u043e\\u0432\\u0430\\u0440\\u043e\\u0432\"},\"previousItem\":{\"@type\":\"ListItem\",\"@id\":\"https:\\\/\\\/krual.ee\\\/et#listItem\",\"name\":\"Home\"}},{\"@type\":\"ListItem\",\"@id\":\"https:\\\/\\\/krual.ee\\\/et\\\/tootekategooria\\\/%d1%81atalog\\\/#listItem\",\"position\":3,\"name\":\"\\u041a\\u0430\\u0442\\u0430\\u043b\\u043e\\u0433 \\u0442\\u043e\\u0432\\u0430\\u0440\\u043e\\u0432\",\"item\":\"https:\\\/\\\/krual.ee\\\/et\\\/tootekategooria\\\/%d1%81atalog\\\/\",\"nextItem\":{\"@type\":\"ListItem\",\"@id\":\"https:\\\/\\\/krual.ee\\\/et\\\/tootekategooria\\\/%d1%81atalog\\\/kangad\\\/#listItem\",\"name\":\"\\u0422\\u043a\\u0430\\u043d\\u0438\"},\"previousItem\":{\"@type\":\"ListItem\",\"@id\":\"https:\\\/\\\/krual.ee\\\/et\\\/shop\\\/#listItem\",\"name\":\"Shop\"}},{\"@type\":\"ListItem\",\"@id\":\"https:\\\/\\\/krual.ee\\\/et\\\/tootekategooria\\\/%d1%81atalog\\\/kangad\\\/#listItem\",\"position\":4,\"name\":\"\\u0422\\u043a\\u0430\\u043d\\u0438\",\"item\":\"https:\\\/\\\/krual.ee\\\/et\\\/tootekategooria\\\/%d1%81atalog\\\/kangad\\\/\",\"nextItem\":{\"@type\":\"ListItem\",\"@id\":\"https:\\\/\\\/krual.ee\\\/et\\\/tootekategooria\\\/%d1%81atalog\\\/kangad\\\/vooder\\\/#listItem\",\"name\":\"\\u041f\\u043e\\u0434\\u043a\\u043b\\u0430\\u0434\\u043e\\u0447\\u043d\\u0430\\u044f \\u0442\\u043a\\u0430\\u043d\\u044c\"},\"previousItem\":{\"@type\":\"ListItem\",\"@id\":\"https:\\\/\\\/krual.ee\\\/et\\\/tootekategooria\\\/%d1%81atalog\\\/#listItem\",\"name\":\"\\u041a\\u0430\\u0442\\u0430\\u043b\\u043e\\u0433 \\u0442\\u043e\\u0432\\u0430\\u0440\\u043e\\u0432\"}},{\"@type\":\"ListItem\",\"@id\":\"https:\\\/\\\/krual.ee\\\/et\\\/tootekategooria\\\/%d1%81atalog\\\/kangad\\\/vooder\\\/#listItem\",\"position\":5,\"name\":\"\\u041f\\u043e\\u0434\\u043a\\u043b\\u0430\\u0434\\u043e\\u0447\\u043d\\u0430\\u044f \\u0442\\u043a\\u0430\\u043d\\u044c\",\"item\":\"https:\\\/\\\/krual.ee\\\/et\\\/tootekategooria\\\/%d1%81atalog\\\/kangad\\\/vooder\\\/\",\"nextItem\":{\"@type\":\"ListItem\",\"@id\":\"https:\\\/\\\/krual.ee\\\/et\\\/toode\\\/vooder-laius145cm-varv-tindisinine-50cm\\\/#listItem\",\"name\":\"\\u041f\\u043e\\u0434\\u043a\\u043b\\u0430\\u0434\\u043a\\u0430 \\u0448\\u0438\\u0440\\u0438\\u043d\\u0430:145\\u0441\\u043c \\u0446\\u0432\\u0435\\u0442: \\u0447\\u0435\\u0440\\u043d\\u0438\\u043b\\u044c\\u043d\\u043e-\\u0441\\u0438\\u043d\\u0438\\u0439 (50\\u0441\\u043c)\"},\"previousItem\":{\"@type\":\"ListItem\",\"@id\":\"https:\\\/\\\/krual.ee\\\/et\\\/tootekategooria\\\/%d1%81atalog\\\/kangad\\\/#listItem\",\"name\":\"\\u0422\\u043a\\u0430\\u043d\\u0438\"}},{\"@type\":\"ListItem\",\"@id\":\"https:\\\/\\\/krual.ee\\\/et\\\/toode\\\/vooder-laius145cm-varv-tindisinine-50cm\\\/#listItem\",\"position\":6,\"name\":\"\\u041f\\u043e\\u0434\\u043a\\u043b\\u0430\\u0434\\u043a\\u0430 \\u0448\\u0438\\u0440\\u0438\\u043d\\u0430:145\\u0441\\u043c \\u0446\\u0432\\u0435\\u0442: \\u0447\\u0435\\u0440\\u043d\\u0438\\u043b\\u044c\\u043d\\u043e-\\u0441\\u0438\\u043d\\u0438\\u0439 (50\\u0441\\u043c)\",\"previousItem\":{\"@type\":\"ListItem\",\"@id\":\"https:\\\/\\\/krual.ee\\\/et\\\/tootekategooria\\\/%d1%81atalog\\\/kangad\\\/vooder\\\/#listItem\",\"name\":\"\\u041f\\u043e\\u0434\\u043a\\u043b\\u0430\\u0434\\u043e\\u0447\\u043d\\u0430\\u044f \\u0442\\u043a\\u0430\\u043d\\u044c\"}}]},{\"@type\":\"ItemPage\",\"@id\":\"https:\\\/\\\/krual.ee\\\/et\\\/toode\\\/vooder-laius145cm-varv-tindisinine-50cm\\\/#itempage\",\"url\":\"https:\\\/\\\/krual.ee\\\/et\\\/toode\\\/vooder-laius145cm-varv-tindisinine-50cm\\\/\",\"name\":\"Vooder laius: 145cm v\\u00e4rv: tindisinine - krual.ee\",\"description\":\"Vooder, laius:145cm, v\\u00e4rv: tindisinine, 50cm hind, koostis: 52% PES + 48% viskoos\",\"inLanguage\":\"et\",\"isPartOf\":{\"@id\":\"https:\\\/\\\/krual.ee\\\/et\\\/#website\"},\"breadcrumb\":{\"@id\":\"https:\\\/\\\/krual.ee\\\/et\\\/toode\\\/vooder-laius145cm-varv-tindisinine-50cm\\\/#breadcrumblist\"},\"image\":{\"@type\":\"ImageObject\",\"url\":\"https:\\\/\\\/krual.ee\\\/wp-content\\\/uploads\\\/2023\\\/04\\\/6420-jpg.webp\",\"@id\":\"https:\\\/\\\/krual.ee\\\/et\\\/toode\\\/vooder-laius145cm-varv-tindisinine-50cm\\\/#mainImage\",\"width\":600,\"height\":586},\"primaryImageOfPage\":{\"@id\":\"https:\\\/\\\/krual.ee\\\/et\\\/toode\\\/vooder-laius145cm-varv-tindisinine-50cm\\\/#mainImage\"},\"datePublished\":\"2023-04-10T15:32:39+02:00\",\"dateModified\":\"2024-05-22T11:06:28+02:00\"},{\"@type\":\"Organization\",\"@id\":\"https:\\\/\\\/krual.ee\\\/et\\\/#organization\",\"name\":\"Krual O\\u00dc\",\"description\":\"K\\u00e4sit\\u00f6\\u00f6maailm, aknakatted\",\"url\":\"https:\\\/\\\/krual.ee\\\/et\\\/\",\"email\":\"info@krual.ee\",\"telephone\":\"+37253457073\",\"logo\":{\"@type\":\"ImageObject\",\"url\":\"https:\\\/\\\/krual.ee\\\/wp-content\\\/uploads\\\/2024\\\/02\\\/cropped-logo512-jpg.webp\",\"@id\":\"https:\\\/\\\/krual.ee\\\/et\\\/toode\\\/vooder-laius145cm-varv-tindisinine-50cm\\\/#organizationLogo\",\"width\":512,\"height\":512},\"image\":{\"@id\":\"https:\\\/\\\/krual.ee\\\/et\\\/toode\\\/vooder-laius145cm-varv-tindisinine-50cm\\\/#organizationLogo\"},\"sameAs\":[\"https:\\\/\\\/facebook.com\\\/krual\",\"https:\\\/\\\/instagram.com\\\/krual2005\"],\"address\":{\"@id\":\"https:\\\/\\\/krual.ee\\\/et\\\/#postaladdress\",\"@type\":\"PostalAddress\",\"streetAddress\":\"Narva mnt.5, Krual O\\u00dc,\",\"postalCode\":\"41531\",\"addressLocality\":\"J\\u00f5hvi\",\"addressCountry\":\"EE\"}},{\"@type\":\"WebPage\",\"@id\":\"https:\\\/\\\/krual.ee\\\/et\\\/toode\\\/vooder-laius145cm-varv-tindisinine-50cm\\\/#webpage\",\"url\":\"https:\\\/\\\/krual.ee\\\/et\\\/toode\\\/vooder-laius145cm-varv-tindisinine-50cm\\\/\",\"name\":\"Vooder laius: 145cm v\\u00e4rv: tindisinine - krual.ee\",\"description\":\"Vooder, laius:145cm, v\\u00e4rv: tindisinine, 50cm hind, koostis: 52% PES + 48% viskoos\",\"inLanguage\":\"et\",\"isPartOf\":{\"@id\":\"https:\\\/\\\/krual.ee\\\/et\\\/#website\"},\"breadcrumb\":{\"@id\":\"https:\\\/\\\/krual.ee\\\/et\\\/toode\\\/vooder-laius145cm-varv-tindisinine-50cm\\\/#breadcrumblist\"},\"image\":{\"@type\":\"ImageObject\",\"url\":\"https:\\\/\\\/krual.ee\\\/wp-content\\\/uploads\\\/2023\\\/04\\\/6420-jpg.webp\",\"@id\":\"https:\\\/\\\/krual.ee\\\/et\\\/toode\\\/vooder-laius145cm-varv-tindisinine-50cm\\\/#mainImage\",\"width\":600,\"height\":586},\"primaryImageOfPage\":{\"@id\":\"https:\\\/\\\/krual.ee\\\/et\\\/toode\\\/vooder-laius145cm-varv-tindisinine-50cm\\\/#mainImage\"},\"datePublished\":\"2023-04-10T15:32:39+02:00\",\"dateModified\":\"2024-05-22T11:06:28+02:00\"},{\"@type\":\"WebSite\",\"@id\":\"https:\\\/\\\/krual.ee\\\/et\\\/#website\",\"url\":\"https:\\\/\\\/krual.ee\\\/et\\\/\",\"name\":\"Krual\",\"description\":\"K\\u00e4sit\\u00f6\\u00f6maailm, aknakatted\",\"inLanguage\":\"et\",\"publisher\":{\"@id\":\"https:\\\/\\\/krual.ee\\\/et\\\/#organization\"}}]}\n\t\t<\/script>\n\t\t<!-- All in One SEO Pro -->\r\n\t\t<title>Vooder laius: 145cm v\u00e4rv: tindisinine - krual.ee<\/title>\n\n","aioseo_head_json":{"title":"Vooder laius: 145cm v\u00e4rv: tindisinine - krual.ee","description":"Vooder, laius:145cm, v\u00e4rv: tindisinine, 50cm hind, koostis: 52% PES + 48% viskoos","canonical_url":"https:\/\/krual.ee\/et\/toode\/vooder-laius145cm-varv-tindisinine-50cm\/","robots":"max-image-preview:large","keywords":"vooder,\u043f\u043e\u0434\u043a\u043b\u0430\u0434\u043a\u0430,\u0442\u043a\u0430\u043d\u044c \u043f\u043e\u0434\u043a\u043b\u0430\u0434\u043e\u0447\u043d\u0430\u044f","webmasterTools":{"miscellaneous":""},"schema":{"@context":"https:\/\/schema.org","@graph":[{"@type":"BreadcrumbList","@id":"https:\/\/krual.ee\/et\/toode\/vooder-laius145cm-varv-tindisinine-50cm\/#breadcrumblist","itemListElement":[{"@type":"ListItem","@id":"https:\/\/krual.ee\/et#listItem","position":1,"name":"Home","item":"https:\/\/krual.ee\/et","nextItem":{"@type":"ListItem","@id":"https:\/\/krual.ee\/et\/shop\/#listItem","name":"Shop"}},{"@type":"ListItem","@id":"https:\/\/krual.ee\/et\/shop\/#listItem","position":2,"name":"Shop","item":"https:\/\/krual.ee\/et\/shop\/","nextItem":{"@type":"ListItem","@id":"https:\/\/krual.ee\/et\/tootekategooria\/%d1%81atalog\/#listItem","name":"\u041a\u0430\u0442\u0430\u043b\u043e\u0433 \u0442\u043e\u0432\u0430\u0440\u043e\u0432"},"previousItem":{"@type":"ListItem","@id":"https:\/\/krual.ee\/et#listItem","name":"Home"}},{"@type":"ListItem","@id":"https:\/\/krual.ee\/et\/tootekategooria\/%d1%81atalog\/#listItem","position":3,"name":"\u041a\u0430\u0442\u0430\u043b\u043e\u0433 \u0442\u043e\u0432\u0430\u0440\u043e\u0432","item":"https:\/\/krual.ee\/et\/tootekategooria\/%d1%81atalog\/","nextItem":{"@type":"ListItem","@id":"https:\/\/krual.ee\/et\/tootekategooria\/%d1%81atalog\/kangad\/#listItem","name":"\u0422\u043a\u0430\u043d\u0438"},"previousItem":{"@type":"ListItem","@id":"https:\/\/krual.ee\/et\/shop\/#listItem","name":"Shop"}},{"@type":"ListItem","@id":"https:\/\/krual.ee\/et\/tootekategooria\/%d1%81atalog\/kangad\/#listItem","position":4,"name":"\u0422\u043a\u0430\u043d\u0438","item":"https:\/\/krual.ee\/et\/tootekategooria\/%d1%81atalog\/kangad\/","nextItem":{"@type":"ListItem","@id":"https:\/\/krual.ee\/et\/tootekategooria\/%d1%81atalog\/kangad\/vooder\/#listItem","name":"\u041f\u043e\u0434\u043a\u043b\u0430\u0434\u043e\u0447\u043d\u0430\u044f \u0442\u043a\u0430\u043d\u044c"},"previousItem":{"@type":"ListItem","@id":"https:\/\/krual.ee\/et\/tootekategooria\/%d1%81atalog\/#listItem","name":"\u041a\u0430\u0442\u0430\u043b\u043e\u0433 \u0442\u043e\u0432\u0430\u0440\u043e\u0432"}},{"@type":"ListItem","@id":"https:\/\/krual.ee\/et\/tootekategooria\/%d1%81atalog\/kangad\/vooder\/#listItem","position":5,"name":"\u041f\u043e\u0434\u043a\u043b\u0430\u0434\u043e\u0447\u043d\u0430\u044f \u0442\u043a\u0430\u043d\u044c","item":"https:\/\/krual.ee\/et\/tootekategooria\/%d1%81atalog\/kangad\/vooder\/","nextItem":{"@type":"ListItem","@id":"https:\/\/krual.ee\/et\/toode\/vooder-laius145cm-varv-tindisinine-50cm\/#listItem","name":"\u041f\u043e\u0434\u043a\u043b\u0430\u0434\u043a\u0430 \u0448\u0438\u0440\u0438\u043d\u0430:145\u0441\u043c \u0446\u0432\u0435\u0442: \u0447\u0435\u0440\u043d\u0438\u043b\u044c\u043d\u043e-\u0441\u0438\u043d\u0438\u0439 (50\u0441\u043c)"},"previousItem":{"@type":"ListItem","@id":"https:\/\/krual.ee\/et\/tootekategooria\/%d1%81atalog\/kangad\/#listItem","name":"\u0422\u043a\u0430\u043d\u0438"}},{"@type":"ListItem","@id":"https:\/\/krual.ee\/et\/toode\/vooder-laius145cm-varv-tindisinine-50cm\/#listItem","position":6,"name":"\u041f\u043e\u0434\u043a\u043b\u0430\u0434\u043a\u0430 \u0448\u0438\u0440\u0438\u043d\u0430:145\u0441\u043c \u0446\u0432\u0435\u0442: \u0447\u0435\u0440\u043d\u0438\u043b\u044c\u043d\u043e-\u0441\u0438\u043d\u0438\u0439 (50\u0441\u043c)","previousItem":{"@type":"ListItem","@id":"https:\/\/krual.ee\/et\/tootekategooria\/%d1%81atalog\/kangad\/vooder\/#listItem","name":"\u041f\u043e\u0434\u043a\u043b\u0430\u0434\u043e\u0447\u043d\u0430\u044f \u0442\u043a\u0430\u043d\u044c"}}]},{"@type":"ItemPage","@id":"https:\/\/krual.ee\/et\/toode\/vooder-laius145cm-varv-tindisinine-50cm\/#itempage","url":"https:\/\/krual.ee\/et\/toode\/vooder-laius145cm-varv-tindisinine-50cm\/","name":"Vooder laius: 145cm v\u00e4rv: tindisinine - krual.ee","description":"Vooder, laius:145cm, v\u00e4rv: tindisinine, 50cm hind, koostis: 52% PES + 48% viskoos","inLanguage":"et","isPartOf":{"@id":"https:\/\/krual.ee\/et\/#website"},"breadcrumb":{"@id":"https:\/\/krual.ee\/et\/toode\/vooder-laius145cm-varv-tindisinine-50cm\/#breadcrumblist"},"image":{"@type":"ImageObject","url":"https:\/\/krual.ee\/wp-content\/uploads\/2023\/04\/6420-jpg.webp","@id":"https:\/\/krual.ee\/et\/toode\/vooder-laius145cm-varv-tindisinine-50cm\/#mainImage","width":600,"height":586},"primaryImageOfPage":{"@id":"https:\/\/krual.ee\/et\/toode\/vooder-laius145cm-varv-tindisinine-50cm\/#mainImage"},"datePublished":"2023-04-10T15:32:39+02:00","dateModified":"2024-05-22T11:06:28+02:00"},{"@type":"Organization","@id":"https:\/\/krual.ee\/et\/#organization","name":"Krual O\u00dc","description":"K\u00e4sit\u00f6\u00f6maailm, aknakatted","url":"https:\/\/krual.ee\/et\/","email":"info@krual.ee","telephone":"+37253457073","logo":{"@type":"ImageObject","url":"https:\/\/krual.ee\/wp-content\/uploads\/2024\/02\/cropped-logo512-jpg.webp","@id":"https:\/\/krual.ee\/et\/toode\/vooder-laius145cm-varv-tindisinine-50cm\/#organizationLogo","width":512,"height":512},"image":{"@id":"https:\/\/krual.ee\/et\/toode\/vooder-laius145cm-varv-tindisinine-50cm\/#organizationLogo"},"sameAs":["https:\/\/facebook.com\/krual","https:\/\/instagram.com\/krual2005"],"address":{"@id":"https:\/\/krual.ee\/et\/#postaladdress","@type":"PostalAddress","streetAddress":"Narva mnt.5, Krual O\u00dc,","postalCode":"41531","addressLocality":"J\u00f5hvi","addressCountry":"EE"}},{"@type":"WebPage","@id":"https:\/\/krual.ee\/et\/toode\/vooder-laius145cm-varv-tindisinine-50cm\/#webpage","url":"https:\/\/krual.ee\/et\/toode\/vooder-laius145cm-varv-tindisinine-50cm\/","name":"Vooder laius: 145cm v\u00e4rv: tindisinine - krual.ee","description":"Vooder, laius:145cm, v\u00e4rv: tindisinine, 50cm hind, koostis: 52% PES + 48% viskoos","inLanguage":"et","isPartOf":{"@id":"https:\/\/krual.ee\/et\/#website"},"breadcrumb":{"@id":"https:\/\/krual.ee\/et\/toode\/vooder-laius145cm-varv-tindisinine-50cm\/#breadcrumblist"},"image":{"@type":"ImageObject","url":"https:\/\/krual.ee\/wp-content\/uploads\/2023\/04\/6420-jpg.webp","@id":"https:\/\/krual.ee\/et\/toode\/vooder-laius145cm-varv-tindisinine-50cm\/#mainImage","width":600,"height":586},"primaryImageOfPage":{"@id":"https:\/\/krual.ee\/et\/toode\/vooder-laius145cm-varv-tindisinine-50cm\/#mainImage"},"datePublished":"2023-04-10T15:32:39+02:00","dateModified":"2024-05-22T11:06:28+02:00"},{"@type":"WebSite","@id":"https:\/\/krual.ee\/et\/#website","url":"https:\/\/krual.ee\/et\/","name":"Krual","description":"K\u00e4sit\u00f6\u00f6maailm, aknakatted","inLanguage":"et","publisher":{"@id":"https:\/\/krual.ee\/et\/#organization"}}]},"og:locale":"et_EE","og:site_name":"krual.ee - K\u00e4sit\u00f6\u00f6maailm, aknakatted","og:type":"article","og:title":"Vooder laius: 145cm v\u00e4rv: tindisinine - krual.ee","og:description":"Vooder, laius:145cm, v\u00e4rv: tindisinine, 50cm hind, koostis: 52% PES + 48% viskoos","og:url":"https:\/\/krual.ee\/et\/toode\/vooder-laius145cm-varv-tindisinine-50cm\/","og:image":"https:\/\/krual.ee\/wp-content\/uploads\/2023\/04\/6420-jpg.webp","og:image:secure_url":"https:\/\/krual.ee\/wp-content\/uploads\/2023\/04\/6420-jpg.webp","og:image:width":"600","og:image:height":"586","article:tag":["vooder","\u043f\u043e\u0434\u043a\u043b\u0430\u0434\u043a\u0430"],"article:published_time":"2023-04-10T13:32:39+00:00","article:modified_time":"2024-05-22T09:06:28+00:00","article:publisher":"https:\/\/facebook.com\/krual","twitter:card":"summary_large_image","twitter:title":"Vooder laius: 145cm v\u00e4rv: tindisinine - krual.ee","twitter:description":"Vooder, laius:145cm, v\u00e4rv: tindisinine, 50cm hind, koostis: 52% PES + 48% viskoos","twitter:image":"https:\/\/krual.ee\/wp-content\/uploads\/2023\/04\/6420-jpg.webp"},"aioseo_meta_data":{"post_id":"8566","title":"Vooder laius: 145cm v\u00e4rv: tindisinine #separator_sa #site_title","description":"Vooder, laius:145cm, v\u00e4rv: tindisinine, 50cm hind, koostis: 52% PES + 48% viskoos","keywords":[{"label":"Vooder","value":"Vooder"},{"label":"\u043f\u043e\u0434\u043a\u043b\u0430\u0434\u043a\u0430","value":"\u043f\u043e\u0434\u043a\u043b\u0430\u0434\u043a\u0430"},{"label":" \u0442\u043a\u0430\u043d\u044c \u043f\u043e\u0434\u043a\u043b\u0430\u0434\u043e\u0447\u043d\u0430\u044f","value":" \u0442\u043a\u0430\u043d\u044c \u043f\u043e\u0434\u043a\u043b\u0430\u0434\u043e\u0447\u043d\u0430\u044f"}],"keyphrases":{"focus":{"keyphrase":"Vooder","score":70,"analysis":{"keyphraseInTitle":{"score":9,"maxScore":9,"error":0},"keyphraseInDescription":{"score":9,"maxScore":9,"error":0},"keyphraseLength":{"score":9,"maxScore":9,"error":0,"length":1},"keyphraseInURL":{"score":5,"maxScore":5,"error":0},"keyphraseInIntroduction":{"score":3,"maxScore":9,"error":1},"keyphraseInSubHeadings":[],"keyphraseInImageAlt":[],"keywordDensity":{"score":0,"type":"low","maxScore":9,"error":1}}},"additional":[]},"primary_term":null,"canonical_url":null,"og_title":null,"og_description":null,"og_object_type":"default","og_image_type":"featured","og_image_url":"https:\/\/krual.ee\/wp-content\/uploads\/2023\/04\/6420-jpg.webp","og_image_width":"600","og_image_height":"586","og_image_custom_url":null,"og_image_custom_fields":null,"og_video":"","og_custom_url":null,"og_article_section":null,"og_article_tags":[{"label":"Vooder","value":"Vooder"},{"label":"\u041f\u043e\u0434\u043a\u043b\u0430\u0434\u043a\u0430","value":"\u041f\u043e\u0434\u043a\u043b\u0430\u0434\u043a\u0430"}],"twitter_use_og":true,"twitter_card":"default","twitter_image_type":"default","twitter_image_url":null,"twitter_image_custom_url":null,"twitter_image_custom_fields":null,"twitter_title":null,"twitter_description":null,"schema":{"blockGraphs":[],"customGraphs":[],"default":{"data":{"Article":[],"Course":[],"Dataset":[],"FAQPage":[],"Movie":[],"Person":[],"Product":[],"ProductReview":[],"Car":[],"Recipe":[],"Service":[],"SoftwareApplication":[],"WebPage":[]},"graphName":"ItemPage","isEnabled":true},"graphs":[]},"schema_type":"default","schema_type_options":null,"pillar_content":false,"robots_default":true,"robots_noindex":false,"robots_noarchive":false,"robots_nosnippet":false,"robots_nofollow":false,"robots_noimageindex":false,"robots_noodp":false,"robots_notranslate":false,"robots_max_snippet":"-1","robots_max_videopreview":"-1","robots_max_imagepreview":"large","priority":null,"frequency":"default","local_seo":null,"limit_modified_date":false,"reviewed_by":null,"created":"2023-11-28 11:23:17","updated":"2024-05-22 09:17:11"},"aioseo_breadcrumb":"<div class=\"aioseo-breadcrumbs\"><span class=\"aioseo-breadcrumb\">\n\t<a href=\"https:\/\/krual.ee\/et\" title=\"Home\">Home<\/a>\n<\/span><span class=\"aioseo-breadcrumb-separator\">\u00bb<\/span><span class=\"aioseo-breadcrumb\">\n\t<a href=\"https:\/\/krual.ee\/et\/shop\/\" title=\"Shop\">Shop<\/a>\n<\/span><span class=\"aioseo-breadcrumb-separator\">\u00bb<\/span><span class=\"aioseo-breadcrumb\">\n\t<a href=\"https:\/\/krual.ee\/et\/tootekategooria\/%d1%81atalog\/\" title=\"\u041a\u0430\u0442\u0430\u043b\u043e\u0433 \u0442\u043e\u0432\u0430\u0440\u043e\u0432\">\u041a\u0430\u0442\u0430\u043b\u043e\u0433 \u0442\u043e\u0432\u0430\u0440\u043e\u0432<\/a>\n<\/span><span class=\"aioseo-breadcrumb-separator\">\u00bb<\/span><span class=\"aioseo-breadcrumb\">\n\t<a href=\"https:\/\/krual.ee\/et\/tootekategooria\/%d1%81atalog\/kangad\/\" title=\"\u0422\u043a\u0430\u043d\u0438\">\u0422\u043a\u0430\u043d\u0438<\/a>\n<\/span><span class=\"aioseo-breadcrumb-separator\">\u00bb<\/span><span class=\"aioseo-breadcrumb\">\n\t<a href=\"https:\/\/krual.ee\/et\/tootekategooria\/%d1%81atalog\/kangad\/vooder\/\" title=\"\u041f\u043e\u0434\u043a\u043b\u0430\u0434\u043e\u0447\u043d\u0430\u044f \u0442\u043a\u0430\u043d\u044c\">\u041f\u043e\u0434\u043a\u043b\u0430\u0434\u043e\u0447\u043d\u0430\u044f \u0442\u043a\u0430\u043d\u044c<\/a>\n<\/span><span class=\"aioseo-breadcrumb-separator\">\u00bb<\/span><span class=\"aioseo-breadcrumb\">\n\t\u041f\u043e\u0434\u043a\u043b\u0430\u0434\u043a\u0430 \u0448\u0438\u0440\u0438\u043d\u0430:145\u0441\u043c \u0446\u0432\u0435\u0442: \u0447\u0435\u0440\u043d\u0438\u043b\u044c\u043d\u043e-\u0441\u0438\u043d\u0438\u0439 (50\u0441\u043c)\n<\/span><\/div>","aioseo_breadcrumb_json":[{"label":"Home","link":"https:\/\/krual.ee\/et"},{"label":"Shop","link":"https:\/\/krual.ee\/et\/shop\/"},{"label":"\u041a\u0430\u0442\u0430\u043b\u043e\u0433 \u0442\u043e\u0432\u0430\u0440\u043e\u0432","link":"https:\/\/krual.ee\/et\/tootekategooria\/%d1%81atalog\/"},{"label":"\u0422\u043a\u0430\u043d\u0438","link":"https:\/\/krual.ee\/et\/tootekategooria\/%d1%81atalog\/kangad\/"},{"label":"\u041f\u043e\u0434\u043a\u043b\u0430\u0434\u043e\u0447\u043d\u0430\u044f \u0442\u043a\u0430\u043d\u044c","link":"https:\/\/krual.ee\/et\/tootekategooria\/%d1%81atalog\/kangad\/vooder\/"},{"label":"\u041f\u043e\u0434\u043a\u043b\u0430\u0434\u043a\u0430 \u0448\u0438\u0440\u0438\u043d\u0430:145\u0441\u043c \u0446\u0432\u0435\u0442: \u0447\u0435\u0440\u043d\u0438\u043b\u044c\u043d\u043e-\u0441\u0438\u043d\u0438\u0439 (50\u0441\u043c)","link":"https:\/\/krual.ee\/et\/toode\/vooder-laius145cm-varv-tindisinine-50cm\/"}],"_links":{"self":[{"href":"https:\/\/krual.ee\/et\/wp-json\/wp\/v2\/product\/8566","targetHints":{"allow":["GET"]}}],"collection":[{"href":"https:\/\/krual.ee\/et\/wp-json\/wp\/v2\/product"}],"about":[{"href":"https:\/\/krual.ee\/et\/wp-json\/wp\/v2\/types\/product"}],"version-history":[{"count":0,"href":"https:\/\/krual.ee\/et\/wp-json\/wp\/v2\/product\/8566\/revisions"}],"wp:featuredmedia":[{"embeddable":true,"href":"https:\/\/krual.ee\/et\/wp-json\/wp\/v2\/media\/8567"}],"wp:attachment":[{"href":"https:\/\/krual.ee\/et\/wp-json\/wp\/v2\/media?parent=8566"}],"wp:term":[{"taxonomy":"product_brand","embeddable":true,"href":"https:\/\/krual.ee\/et\/wp-json\/wp\/v2\/product_brand?post=8566"},{"taxonomy":"product_cat","embeddable":true,"href":"https:\/\/krual.ee\/et\/wp-json\/wp\/v2\/product_cat?post=8566"},{"taxonomy":"product_tag","embeddable":true,"href":"https:\/\/krual.ee\/et\/wp-json\/wp\/v2\/product_tag?post=8566"}],"curies":[{"name":"wp","href":"https:\/\/api.w.org\/{rel}","templated":true}]}}