{"id":797,"date":"2023-01-27T13:32:24","date_gmt":"2023-01-27T13:32:24","guid":{"rendered":"https:\/\/krual.ee\/?post_type=product&#038;p=797"},"modified":"2026-02-18T13:40:21","modified_gmt":"2026-02-18T11:40:21","slug":"painutatud-otsaga-universaaltangid-125cm-art-htp-14","status":"publish","type":"product","link":"https:\/\/krual.ee\/et\/toode\/painutatud-otsaga-universaaltangid-125cm-art-htp-14\/","title":{"rendered":"Painutatud otsaga universaaltangid 12,5cm art.HTP-14"},"content":{"rendered":"<p>Ots-l\u00f5ikamistangid keskmise ja madala tugevusega traadile\/trossile: v\u00f5imaldab soovitud kohale v\u00f5imalikult l\u00e4hedast l\u00f5ikamist. Kasutatavad ka kangutamis- ja eemaldamisvahenditena<\/p>","protected":false},"excerpt":{"rendered":"<p>Ots-l\u00f5ikamistangid keskmise ja madala tugevusega traadile\/trossile: v\u00f5imaldab soovitud kohale v\u00f5imalikult l\u00e4hedast l\u00f5ikamist. Kasutatavad ka kangutamis- ja eemaldamisvahenditena<\/p>","protected":false},"featured_media":30370,"template":"","meta":{"_monsterinsights_skip_tracking":false,"_monsterinsights_sitenote_active":false,"_monsterinsights_sitenote_note":"","_monsterinsights_sitenote_category":0,"_uf_show_specific_survey":0,"_uf_disable_surveys":false},"product_brand":[],"product_cat":[40],"product_tag":[],"class_list":{"0":"post-797","1":"product","2":"type-product","3":"status-publish","4":"has-post-thumbnail","6":"product_cat-tangid","8":"entry","9":"has-media","11":"first","12":"instock","13":"taxable","14":"shipping-taxable","15":"purchasable","16":"product-type-simple","17":"has-product-nav","18":"col","19":"span_1_of_3","20":"owp-content-center","21":"owp-thumbs-layout-horizontal","22":"owp-btn-normal","23":"owp-tabs-layout-horizontal","24":"has-no-thumbnails"},"aioseo_notices":[],"aioseo_head":"\n\t\t<!-- All in One SEO Pro 4.8.3.2 - aioseo.com -->\n\t<meta name=\"description\" content=\"Painutatud otsaga universaaltangid 12,5cm art.HTP-14\" \/>\n\t<meta name=\"robots\" content=\"max-image-preview:large\" \/>\n\t<link rel=\"canonical\" href=\"https:\/\/krual.ee\/et\/toode\/painutatud-otsaga-universaaltangid-125cm-art-htp-14\/\" \/>\n\t<meta name=\"generator\" content=\"All in One SEO Pro (AIOSEO) 4.8.3.2\" \/>\n\t\t<meta property=\"og:locale\" content=\"et_EE\" \/>\n\t\t<meta property=\"og:site_name\" content=\"krual.ee - K\u00e4sit\u00f6\u00f6maailm, aknakatted\" \/>\n\t\t<meta property=\"og:type\" content=\"article\" \/>\n\t\t<meta property=\"og:title\" content=\"Painutatud otsaga universaaltangid 12,5cm art.HTP - krual.ee\" \/>\n\t\t<meta property=\"og:description\" content=\"Painutatud otsaga universaaltangid 12,5cm art.HTP-14\" \/>\n\t\t<meta property=\"og:url\" content=\"https:\/\/krual.ee\/et\/toode\/painutatud-otsaga-universaaltangid-125cm-art-htp-14\/\" \/>\n\t\t<meta property=\"og:image\" content=\"https:\/\/krual.ee\/wp-content\/uploads\/2023\/01\/3840-jpg.webp\" \/>\n\t\t<meta property=\"og:image:secure_url\" content=\"https:\/\/krual.ee\/wp-content\/uploads\/2023\/01\/3840-jpg.webp\" \/>\n\t\t<meta property=\"og:image:width\" content=\"600\" \/>\n\t\t<meta property=\"og:image:height\" content=\"600\" \/>\n\t\t<meta property=\"article:tag\" content=\"tangid\" \/>\n\t\t<meta property=\"article:tag\" content=\"\u043a\u0440\u0443\u0433\u043b\u043e\u0433\u0443\u0431\u0446\u044b\" \/>\n\t\t<meta property=\"article:published_time\" content=\"2023-01-27T13:32:24+00:00\" \/>\n\t\t<meta property=\"article:modified_time\" content=\"2026-02-18T11:40:21+00:00\" \/>\n\t\t<meta property=\"article:publisher\" content=\"https:\/\/facebook.com\/krual\" \/>\n\t\t<meta name=\"twitter:card\" content=\"summary_large_image\" \/>\n\t\t<meta name=\"twitter:title\" content=\"Painutatud otsaga universaaltangid 12,5cm art.HTP - krual.ee\" \/>\n\t\t<meta name=\"twitter:description\" content=\"Painutatud otsaga universaaltangid 12,5cm art.HTP-14\" \/>\n\t\t<meta name=\"twitter:image\" content=\"https:\/\/krual.ee\/wp-content\/uploads\/2023\/01\/3840-jpg.webp\" \/>\n\t\t<script type=\"application\/ld+json\" class=\"aioseo-schema\">\n\t\t\t{\"@context\":\"https:\\\/\\\/schema.org\",\"@graph\":[{\"@type\":\"BreadcrumbList\",\"@id\":\"https:\\\/\\\/krual.ee\\\/et\\\/toode\\\/painutatud-otsaga-universaaltangid-125cm-art-htp-14\\\/#breadcrumblist\",\"itemListElement\":[{\"@type\":\"ListItem\",\"@id\":\"https:\\\/\\\/krual.ee\\\/et#listItem\",\"position\":1,\"name\":\"Home\",\"item\":\"https:\\\/\\\/krual.ee\\\/et\",\"nextItem\":{\"@type\":\"ListItem\",\"@id\":\"https:\\\/\\\/krual.ee\\\/et\\\/shop\\\/#listItem\",\"name\":\"Shop\"}},{\"@type\":\"ListItem\",\"@id\":\"https:\\\/\\\/krual.ee\\\/et\\\/shop\\\/#listItem\",\"position\":2,\"name\":\"Shop\",\"item\":\"https:\\\/\\\/krual.ee\\\/et\\\/shop\\\/\",\"nextItem\":{\"@type\":\"ListItem\",\"@id\":\"https:\\\/\\\/krual.ee\\\/et\\\/tootekategooria\\\/%d1%81atalog\\\/#listItem\",\"name\":\"\\u041a\\u0430\\u0442\\u0430\\u043b\\u043e\\u0433 \\u0442\\u043e\\u0432\\u0430\\u0440\\u043e\\u0432\"},\"previousItem\":{\"@type\":\"ListItem\",\"@id\":\"https:\\\/\\\/krual.ee\\\/et#listItem\",\"name\":\"Home\"}},{\"@type\":\"ListItem\",\"@id\":\"https:\\\/\\\/krual.ee\\\/et\\\/tootekategooria\\\/%d1%81atalog\\\/#listItem\",\"position\":3,\"name\":\"\\u041a\\u0430\\u0442\\u0430\\u043b\\u043e\\u0433 \\u0442\\u043e\\u0432\\u0430\\u0440\\u043e\\u0432\",\"item\":\"https:\\\/\\\/krual.ee\\\/et\\\/tootekategooria\\\/%d1%81atalog\\\/\",\"nextItem\":{\"@type\":\"ListItem\",\"@id\":\"https:\\\/\\\/krual.ee\\\/et\\\/tootekategooria\\\/%d1%81atalog\\\/instrumendid\\\/#listItem\",\"name\":\"\\u0418\\u043d\\u0441\\u0442\\u0440\\u0443\\u043c\\u0435\\u043d\\u0442\\u044b\"},\"previousItem\":{\"@type\":\"ListItem\",\"@id\":\"https:\\\/\\\/krual.ee\\\/et\\\/shop\\\/#listItem\",\"name\":\"Shop\"}},{\"@type\":\"ListItem\",\"@id\":\"https:\\\/\\\/krual.ee\\\/et\\\/tootekategooria\\\/%d1%81atalog\\\/instrumendid\\\/#listItem\",\"position\":4,\"name\":\"\\u0418\\u043d\\u0441\\u0442\\u0440\\u0443\\u043c\\u0435\\u043d\\u0442\\u044b\",\"item\":\"https:\\\/\\\/krual.ee\\\/et\\\/tootekategooria\\\/%d1%81atalog\\\/instrumendid\\\/\",\"nextItem\":{\"@type\":\"ListItem\",\"@id\":\"https:\\\/\\\/krual.ee\\\/et\\\/tootekategooria\\\/%d1%81atalog\\\/instrumendid\\\/tangid\\\/#listItem\",\"name\":\"\\u0418\\u043d\\u0441\\u0442\\u0440\\u0443\\u043c\\u0435\\u043d\\u0442\\u044b \\u0434\\u043b\\u044f \\u0431\\u0438\\u0441\\u0435\\u0440\\u043e\\u043f\\u043b\\u0435\\u0442\\u0435\\u043d\\u0438\\u044f\"},\"previousItem\":{\"@type\":\"ListItem\",\"@id\":\"https:\\\/\\\/krual.ee\\\/et\\\/tootekategooria\\\/%d1%81atalog\\\/#listItem\",\"name\":\"\\u041a\\u0430\\u0442\\u0430\\u043b\\u043e\\u0433 \\u0442\\u043e\\u0432\\u0430\\u0440\\u043e\\u0432\"}},{\"@type\":\"ListItem\",\"@id\":\"https:\\\/\\\/krual.ee\\\/et\\\/tootekategooria\\\/%d1%81atalog\\\/instrumendid\\\/tangid\\\/#listItem\",\"position\":5,\"name\":\"\\u0418\\u043d\\u0441\\u0442\\u0440\\u0443\\u043c\\u0435\\u043d\\u0442\\u044b \\u0434\\u043b\\u044f \\u0431\\u0438\\u0441\\u0435\\u0440\\u043e\\u043f\\u043b\\u0435\\u0442\\u0435\\u043d\\u0438\\u044f\",\"item\":\"https:\\\/\\\/krual.ee\\\/et\\\/tootekategooria\\\/%d1%81atalog\\\/instrumendid\\\/tangid\\\/\",\"nextItem\":{\"@type\":\"ListItem\",\"@id\":\"https:\\\/\\\/krual.ee\\\/et\\\/toode\\\/painutatud-otsaga-universaaltangid-125cm-art-htp-14\\\/#listItem\",\"name\":\"\\u041a\\u0440\\u0443\\u0433\\u043b\\u043e\\u0433\\u0443\\u0431\\u0446\\u044b \\u0438\\u0437\\u043e\\u0433\\u043d\\u0443\\u0442\\u044b\\u0435 12,5\\u0441\\u043c \\u0430\\u0440\\u0442.HTP-14\"},\"previousItem\":{\"@type\":\"ListItem\",\"@id\":\"https:\\\/\\\/krual.ee\\\/et\\\/tootekategooria\\\/%d1%81atalog\\\/instrumendid\\\/#listItem\",\"name\":\"\\u0418\\u043d\\u0441\\u0442\\u0440\\u0443\\u043c\\u0435\\u043d\\u0442\\u044b\"}},{\"@type\":\"ListItem\",\"@id\":\"https:\\\/\\\/krual.ee\\\/et\\\/toode\\\/painutatud-otsaga-universaaltangid-125cm-art-htp-14\\\/#listItem\",\"position\":6,\"name\":\"\\u041a\\u0440\\u0443\\u0433\\u043b\\u043e\\u0433\\u0443\\u0431\\u0446\\u044b \\u0438\\u0437\\u043e\\u0433\\u043d\\u0443\\u0442\\u044b\\u0435 12,5\\u0441\\u043c \\u0430\\u0440\\u0442.HTP-14\",\"previousItem\":{\"@type\":\"ListItem\",\"@id\":\"https:\\\/\\\/krual.ee\\\/et\\\/tootekategooria\\\/%d1%81atalog\\\/instrumendid\\\/tangid\\\/#listItem\",\"name\":\"\\u0418\\u043d\\u0441\\u0442\\u0440\\u0443\\u043c\\u0435\\u043d\\u0442\\u044b \\u0434\\u043b\\u044f \\u0431\\u0438\\u0441\\u0435\\u0440\\u043e\\u043f\\u043b\\u0435\\u0442\\u0435\\u043d\\u0438\\u044f\"}}]},{\"@type\":\"ItemPage\",\"@id\":\"https:\\\/\\\/krual.ee\\\/et\\\/toode\\\/painutatud-otsaga-universaaltangid-125cm-art-htp-14\\\/#itempage\",\"url\":\"https:\\\/\\\/krual.ee\\\/et\\\/toode\\\/painutatud-otsaga-universaaltangid-125cm-art-htp-14\\\/\",\"name\":\"Painutatud otsaga universaaltangid 12,5cm art.HTP - krual.ee\",\"description\":\"Painutatud otsaga universaaltangid 12,5cm art.HTP-14\",\"inLanguage\":\"et\",\"isPartOf\":{\"@id\":\"https:\\\/\\\/krual.ee\\\/et\\\/#website\"},\"breadcrumb\":{\"@id\":\"https:\\\/\\\/krual.ee\\\/et\\\/toode\\\/painutatud-otsaga-universaaltangid-125cm-art-htp-14\\\/#breadcrumblist\"},\"image\":{\"@type\":\"ImageObject\",\"url\":\"https:\\\/\\\/krual.ee\\\/wp-content\\\/uploads\\\/2023\\\/01\\\/3840-jpg.webp\",\"@id\":\"https:\\\/\\\/krual.ee\\\/et\\\/toode\\\/painutatud-otsaga-universaaltangid-125cm-art-htp-14\\\/#mainImage\",\"width\":600,\"height\":600},\"primaryImageOfPage\":{\"@id\":\"https:\\\/\\\/krual.ee\\\/et\\\/toode\\\/painutatud-otsaga-universaaltangid-125cm-art-htp-14\\\/#mainImage\"},\"datePublished\":\"2023-01-27T13:32:24+02:00\",\"dateModified\":\"2026-02-18T13:40:21+02:00\"},{\"@type\":\"Organization\",\"@id\":\"https:\\\/\\\/krual.ee\\\/et\\\/#organization\",\"name\":\"Krual O\\u00dc\",\"description\":\"K\\u00e4sit\\u00f6\\u00f6maailm, aknakatted\",\"url\":\"https:\\\/\\\/krual.ee\\\/et\\\/\",\"email\":\"info@krual.ee\",\"telephone\":\"+37253457073\",\"logo\":{\"@type\":\"ImageObject\",\"url\":\"https:\\\/\\\/krual.ee\\\/wp-content\\\/uploads\\\/2024\\\/02\\\/cropped-logo512-jpg.webp\",\"@id\":\"https:\\\/\\\/krual.ee\\\/et\\\/toode\\\/painutatud-otsaga-universaaltangid-125cm-art-htp-14\\\/#organizationLogo\",\"width\":512,\"height\":512},\"image\":{\"@id\":\"https:\\\/\\\/krual.ee\\\/et\\\/toode\\\/painutatud-otsaga-universaaltangid-125cm-art-htp-14\\\/#organizationLogo\"},\"sameAs\":[\"https:\\\/\\\/facebook.com\\\/krual\",\"https:\\\/\\\/instagram.com\\\/krual2005\"],\"address\":{\"@id\":\"https:\\\/\\\/krual.ee\\\/et\\\/#postaladdress\",\"@type\":\"PostalAddress\",\"streetAddress\":\"Narva mnt.5, Krual O\\u00dc,\",\"postalCode\":\"41531\",\"addressLocality\":\"J\\u00f5hvi\",\"addressCountry\":\"EE\"}},{\"@type\":\"WebPage\",\"@id\":\"https:\\\/\\\/krual.ee\\\/et\\\/toode\\\/painutatud-otsaga-universaaltangid-125cm-art-htp-14\\\/#webpage\",\"url\":\"https:\\\/\\\/krual.ee\\\/et\\\/toode\\\/painutatud-otsaga-universaaltangid-125cm-art-htp-14\\\/\",\"name\":\"Painutatud otsaga universaaltangid 12,5cm art.HTP - krual.ee\",\"description\":\"Painutatud otsaga universaaltangid 12,5cm art.HTP-14\",\"inLanguage\":\"et\",\"isPartOf\":{\"@id\":\"https:\\\/\\\/krual.ee\\\/et\\\/#website\"},\"breadcrumb\":{\"@id\":\"https:\\\/\\\/krual.ee\\\/et\\\/toode\\\/painutatud-otsaga-universaaltangid-125cm-art-htp-14\\\/#breadcrumblist\"},\"image\":{\"@type\":\"ImageObject\",\"url\":\"https:\\\/\\\/krual.ee\\\/wp-content\\\/uploads\\\/2023\\\/01\\\/3840-jpg.webp\",\"@id\":\"https:\\\/\\\/krual.ee\\\/et\\\/toode\\\/painutatud-otsaga-universaaltangid-125cm-art-htp-14\\\/#mainImage\",\"width\":600,\"height\":600},\"primaryImageOfPage\":{\"@id\":\"https:\\\/\\\/krual.ee\\\/et\\\/toode\\\/painutatud-otsaga-universaaltangid-125cm-art-htp-14\\\/#mainImage\"},\"datePublished\":\"2023-01-27T13:32:24+02:00\",\"dateModified\":\"2026-02-18T13:40:21+02:00\"},{\"@type\":\"WebSite\",\"@id\":\"https:\\\/\\\/krual.ee\\\/et\\\/#website\",\"url\":\"https:\\\/\\\/krual.ee\\\/et\\\/\",\"name\":\"Krual\",\"description\":\"K\\u00e4sit\\u00f6\\u00f6maailm, aknakatted\",\"inLanguage\":\"et\",\"publisher\":{\"@id\":\"https:\\\/\\\/krual.ee\\\/et\\\/#organization\"}}]}\n\t\t<\/script>\n\t\t<!-- All in One SEO Pro -->\r\n\t\t<title>Painutatud otsaga universaaltangid 12,5cm art.HTP - krual.ee<\/title>\n\n","aioseo_head_json":{"title":"Painutatud otsaga universaaltangid 12,5cm art.HTP - krual.ee","description":"Painutatud otsaga universaaltangid 12,5cm art.HTP-14","canonical_url":"https:\/\/krual.ee\/et\/toode\/painutatud-otsaga-universaaltangid-125cm-art-htp-14\/","robots":"max-image-preview:large","keywords":"","webmasterTools":{"miscellaneous":""},"schema":{"@context":"https:\/\/schema.org","@graph":[{"@type":"BreadcrumbList","@id":"https:\/\/krual.ee\/et\/toode\/painutatud-otsaga-universaaltangid-125cm-art-htp-14\/#breadcrumblist","itemListElement":[{"@type":"ListItem","@id":"https:\/\/krual.ee\/et#listItem","position":1,"name":"Home","item":"https:\/\/krual.ee\/et","nextItem":{"@type":"ListItem","@id":"https:\/\/krual.ee\/et\/shop\/#listItem","name":"Shop"}},{"@type":"ListItem","@id":"https:\/\/krual.ee\/et\/shop\/#listItem","position":2,"name":"Shop","item":"https:\/\/krual.ee\/et\/shop\/","nextItem":{"@type":"ListItem","@id":"https:\/\/krual.ee\/et\/tootekategooria\/%d1%81atalog\/#listItem","name":"\u041a\u0430\u0442\u0430\u043b\u043e\u0433 \u0442\u043e\u0432\u0430\u0440\u043e\u0432"},"previousItem":{"@type":"ListItem","@id":"https:\/\/krual.ee\/et#listItem","name":"Home"}},{"@type":"ListItem","@id":"https:\/\/krual.ee\/et\/tootekategooria\/%d1%81atalog\/#listItem","position":3,"name":"\u041a\u0430\u0442\u0430\u043b\u043e\u0433 \u0442\u043e\u0432\u0430\u0440\u043e\u0432","item":"https:\/\/krual.ee\/et\/tootekategooria\/%d1%81atalog\/","nextItem":{"@type":"ListItem","@id":"https:\/\/krual.ee\/et\/tootekategooria\/%d1%81atalog\/instrumendid\/#listItem","name":"\u0418\u043d\u0441\u0442\u0440\u0443\u043c\u0435\u043d\u0442\u044b"},"previousItem":{"@type":"ListItem","@id":"https:\/\/krual.ee\/et\/shop\/#listItem","name":"Shop"}},{"@type":"ListItem","@id":"https:\/\/krual.ee\/et\/tootekategooria\/%d1%81atalog\/instrumendid\/#listItem","position":4,"name":"\u0418\u043d\u0441\u0442\u0440\u0443\u043c\u0435\u043d\u0442\u044b","item":"https:\/\/krual.ee\/et\/tootekategooria\/%d1%81atalog\/instrumendid\/","nextItem":{"@type":"ListItem","@id":"https:\/\/krual.ee\/et\/tootekategooria\/%d1%81atalog\/instrumendid\/tangid\/#listItem","name":"\u0418\u043d\u0441\u0442\u0440\u0443\u043c\u0435\u043d\u0442\u044b \u0434\u043b\u044f \u0431\u0438\u0441\u0435\u0440\u043e\u043f\u043b\u0435\u0442\u0435\u043d\u0438\u044f"},"previousItem":{"@type":"ListItem","@id":"https:\/\/krual.ee\/et\/tootekategooria\/%d1%81atalog\/#listItem","name":"\u041a\u0430\u0442\u0430\u043b\u043e\u0433 \u0442\u043e\u0432\u0430\u0440\u043e\u0432"}},{"@type":"ListItem","@id":"https:\/\/krual.ee\/et\/tootekategooria\/%d1%81atalog\/instrumendid\/tangid\/#listItem","position":5,"name":"\u0418\u043d\u0441\u0442\u0440\u0443\u043c\u0435\u043d\u0442\u044b \u0434\u043b\u044f \u0431\u0438\u0441\u0435\u0440\u043e\u043f\u043b\u0435\u0442\u0435\u043d\u0438\u044f","item":"https:\/\/krual.ee\/et\/tootekategooria\/%d1%81atalog\/instrumendid\/tangid\/","nextItem":{"@type":"ListItem","@id":"https:\/\/krual.ee\/et\/toode\/painutatud-otsaga-universaaltangid-125cm-art-htp-14\/#listItem","name":"\u041a\u0440\u0443\u0433\u043b\u043e\u0433\u0443\u0431\u0446\u044b \u0438\u0437\u043e\u0433\u043d\u0443\u0442\u044b\u0435 12,5\u0441\u043c \u0430\u0440\u0442.HTP-14"},"previousItem":{"@type":"ListItem","@id":"https:\/\/krual.ee\/et\/tootekategooria\/%d1%81atalog\/instrumendid\/#listItem","name":"\u0418\u043d\u0441\u0442\u0440\u0443\u043c\u0435\u043d\u0442\u044b"}},{"@type":"ListItem","@id":"https:\/\/krual.ee\/et\/toode\/painutatud-otsaga-universaaltangid-125cm-art-htp-14\/#listItem","position":6,"name":"\u041a\u0440\u0443\u0433\u043b\u043e\u0433\u0443\u0431\u0446\u044b \u0438\u0437\u043e\u0433\u043d\u0443\u0442\u044b\u0435 12,5\u0441\u043c \u0430\u0440\u0442.HTP-14","previousItem":{"@type":"ListItem","@id":"https:\/\/krual.ee\/et\/tootekategooria\/%d1%81atalog\/instrumendid\/tangid\/#listItem","name":"\u0418\u043d\u0441\u0442\u0440\u0443\u043c\u0435\u043d\u0442\u044b \u0434\u043b\u044f \u0431\u0438\u0441\u0435\u0440\u043e\u043f\u043b\u0435\u0442\u0435\u043d\u0438\u044f"}}]},{"@type":"ItemPage","@id":"https:\/\/krual.ee\/et\/toode\/painutatud-otsaga-universaaltangid-125cm-art-htp-14\/#itempage","url":"https:\/\/krual.ee\/et\/toode\/painutatud-otsaga-universaaltangid-125cm-art-htp-14\/","name":"Painutatud otsaga universaaltangid 12,5cm art.HTP - krual.ee","description":"Painutatud otsaga universaaltangid 12,5cm art.HTP-14","inLanguage":"et","isPartOf":{"@id":"https:\/\/krual.ee\/et\/#website"},"breadcrumb":{"@id":"https:\/\/krual.ee\/et\/toode\/painutatud-otsaga-universaaltangid-125cm-art-htp-14\/#breadcrumblist"},"image":{"@type":"ImageObject","url":"https:\/\/krual.ee\/wp-content\/uploads\/2023\/01\/3840-jpg.webp","@id":"https:\/\/krual.ee\/et\/toode\/painutatud-otsaga-universaaltangid-125cm-art-htp-14\/#mainImage","width":600,"height":600},"primaryImageOfPage":{"@id":"https:\/\/krual.ee\/et\/toode\/painutatud-otsaga-universaaltangid-125cm-art-htp-14\/#mainImage"},"datePublished":"2023-01-27T13:32:24+02:00","dateModified":"2026-02-18T13:40:21+02:00"},{"@type":"Organization","@id":"https:\/\/krual.ee\/et\/#organization","name":"Krual O\u00dc","description":"K\u00e4sit\u00f6\u00f6maailm, aknakatted","url":"https:\/\/krual.ee\/et\/","email":"info@krual.ee","telephone":"+37253457073","logo":{"@type":"ImageObject","url":"https:\/\/krual.ee\/wp-content\/uploads\/2024\/02\/cropped-logo512-jpg.webp","@id":"https:\/\/krual.ee\/et\/toode\/painutatud-otsaga-universaaltangid-125cm-art-htp-14\/#organizationLogo","width":512,"height":512},"image":{"@id":"https:\/\/krual.ee\/et\/toode\/painutatud-otsaga-universaaltangid-125cm-art-htp-14\/#organizationLogo"},"sameAs":["https:\/\/facebook.com\/krual","https:\/\/instagram.com\/krual2005"],"address":{"@id":"https:\/\/krual.ee\/et\/#postaladdress","@type":"PostalAddress","streetAddress":"Narva mnt.5, Krual O\u00dc,","postalCode":"41531","addressLocality":"J\u00f5hvi","addressCountry":"EE"}},{"@type":"WebPage","@id":"https:\/\/krual.ee\/et\/toode\/painutatud-otsaga-universaaltangid-125cm-art-htp-14\/#webpage","url":"https:\/\/krual.ee\/et\/toode\/painutatud-otsaga-universaaltangid-125cm-art-htp-14\/","name":"Painutatud otsaga universaaltangid 12,5cm art.HTP - krual.ee","description":"Painutatud otsaga universaaltangid 12,5cm art.HTP-14","inLanguage":"et","isPartOf":{"@id":"https:\/\/krual.ee\/et\/#website"},"breadcrumb":{"@id":"https:\/\/krual.ee\/et\/toode\/painutatud-otsaga-universaaltangid-125cm-art-htp-14\/#breadcrumblist"},"image":{"@type":"ImageObject","url":"https:\/\/krual.ee\/wp-content\/uploads\/2023\/01\/3840-jpg.webp","@id":"https:\/\/krual.ee\/et\/toode\/painutatud-otsaga-universaaltangid-125cm-art-htp-14\/#mainImage","width":600,"height":600},"primaryImageOfPage":{"@id":"https:\/\/krual.ee\/et\/toode\/painutatud-otsaga-universaaltangid-125cm-art-htp-14\/#mainImage"},"datePublished":"2023-01-27T13:32:24+02:00","dateModified":"2026-02-18T13:40:21+02:00"},{"@type":"WebSite","@id":"https:\/\/krual.ee\/et\/#website","url":"https:\/\/krual.ee\/et\/","name":"Krual","description":"K\u00e4sit\u00f6\u00f6maailm, aknakatted","inLanguage":"et","publisher":{"@id":"https:\/\/krual.ee\/et\/#organization"}}]},"og:locale":"et_EE","og:site_name":"krual.ee - K\u00e4sit\u00f6\u00f6maailm, aknakatted","og:type":"article","og:title":"Painutatud otsaga universaaltangid 12,5cm art.HTP - krual.ee","og:description":"Painutatud otsaga universaaltangid 12,5cm art.HTP-14","og:url":"https:\/\/krual.ee\/et\/toode\/painutatud-otsaga-universaaltangid-125cm-art-htp-14\/","og:image":"https:\/\/krual.ee\/wp-content\/uploads\/2023\/01\/3840-jpg.webp","og:image:secure_url":"https:\/\/krual.ee\/wp-content\/uploads\/2023\/01\/3840-jpg.webp","og:image:width":"600","og:image:height":"600","article:tag":["tangid","\u043a\u0440\u0443\u0433\u043b\u043e\u0433\u0443\u0431\u0446\u044b"],"article:published_time":"2023-01-27T13:32:24+00:00","article:modified_time":"2026-02-18T11:40:21+00:00","article:publisher":"https:\/\/facebook.com\/krual","twitter:card":"summary_large_image","twitter:title":"Painutatud otsaga universaaltangid 12,5cm art.HTP - krual.ee","twitter:description":"Painutatud otsaga universaaltangid 12,5cm art.HTP-14","twitter:image":"https:\/\/krual.ee\/wp-content\/uploads\/2023\/01\/3840-jpg.webp"},"aioseo_meta_data":{"post_id":"797","title":"Painutatud otsaga universaaltangid 12,5cm art.HTP #separator_sa #site_title","description":"Painutatud otsaga universaaltangid 12,5cm art.HTP-14","keywords":null,"keyphrases":{"focus":{"keyphrase":"Painutatud otsaga universaaltangid","score":88,"analysis":{"keyphraseInTitle":{"score":9,"maxScore":9,"error":0},"keyphraseInDescription":{"score":9,"maxScore":9,"error":0},"keyphraseLength":{"score":9,"maxScore":9,"error":0,"length":3},"keyphraseInURL":{"score":5,"maxScore":5,"error":0},"keyphraseInIntroduction":{"score":3,"maxScore":9,"error":1},"keyphraseInSubHeadings":[],"keyphraseInImageAlt":[],"keywordDensity":{"type":"best","score":9,"maxScore":9,"error":0}}},"additional":[]},"primary_term":null,"canonical_url":null,"og_title":null,"og_description":null,"og_object_type":"default","og_image_type":"featured","og_image_url":"https:\/\/krual.ee\/wp-content\/uploads\/2023\/01\/3840-jpg.webp","og_image_width":"600","og_image_height":"600","og_image_custom_url":null,"og_image_custom_fields":null,"og_video":"","og_custom_url":null,"og_article_section":null,"og_article_tags":[{"label":"tangid","value":"tangid"},{"label":"\u041a\u0440\u0443\u0433\u043b\u043e\u0433\u0443\u0431\u0446\u044b","value":"\u041a\u0440\u0443\u0433\u043b\u043e\u0433\u0443\u0431\u0446\u044b"}],"twitter_use_og":false,"twitter_card":"default","twitter_image_type":"default","twitter_image_url":null,"twitter_image_custom_url":null,"twitter_image_custom_fields":null,"twitter_title":null,"twitter_description":null,"schema":{"blockGraphs":[],"customGraphs":[],"default":{"data":{"Article":[],"Course":[],"Dataset":[],"FAQPage":[],"Movie":[],"Person":[],"Product":[],"ProductReview":[],"Car":[],"Recipe":[],"Service":[],"SoftwareApplication":[],"WebPage":[]},"graphName":"ItemPage","isEnabled":true},"graphs":[]},"schema_type":"default","schema_type_options":null,"pillar_content":false,"robots_default":true,"robots_noindex":false,"robots_noarchive":false,"robots_nosnippet":false,"robots_nofollow":false,"robots_noimageindex":false,"robots_noodp":false,"robots_notranslate":false,"robots_max_snippet":"-1","robots_max_videopreview":"-1","robots_max_imagepreview":"large","priority":null,"frequency":"default","local_seo":null,"limit_modified_date":false,"reviewed_by":null,"created":"2023-11-25 10:43:30","updated":"2026-02-18 11:48:14"},"aioseo_breadcrumb":"<div class=\"aioseo-breadcrumbs\"><span class=\"aioseo-breadcrumb\">\n\t<a href=\"https:\/\/krual.ee\/et\" title=\"Home\">Home<\/a>\n<\/span><span class=\"aioseo-breadcrumb-separator\">\u00bb<\/span><span class=\"aioseo-breadcrumb\">\n\t<a href=\"https:\/\/krual.ee\/et\/shop\/\" title=\"Shop\">Shop<\/a>\n<\/span><span class=\"aioseo-breadcrumb-separator\">\u00bb<\/span><span class=\"aioseo-breadcrumb\">\n\t<a href=\"https:\/\/krual.ee\/et\/tootekategooria\/%d1%81atalog\/\" title=\"\u041a\u0430\u0442\u0430\u043b\u043e\u0433 \u0442\u043e\u0432\u0430\u0440\u043e\u0432\">\u041a\u0430\u0442\u0430\u043b\u043e\u0433 \u0442\u043e\u0432\u0430\u0440\u043e\u0432<\/a>\n<\/span><span class=\"aioseo-breadcrumb-separator\">\u00bb<\/span><span class=\"aioseo-breadcrumb\">\n\t<a href=\"https:\/\/krual.ee\/et\/tootekategooria\/%d1%81atalog\/instrumendid\/\" title=\"\u0418\u043d\u0441\u0442\u0440\u0443\u043c\u0435\u043d\u0442\u044b\">\u0418\u043d\u0441\u0442\u0440\u0443\u043c\u0435\u043d\u0442\u044b<\/a>\n<\/span><span class=\"aioseo-breadcrumb-separator\">\u00bb<\/span><span class=\"aioseo-breadcrumb\">\n\t<a href=\"https:\/\/krual.ee\/et\/tootekategooria\/%d1%81atalog\/instrumendid\/tangid\/\" title=\"\u0418\u043d\u0441\u0442\u0440\u0443\u043c\u0435\u043d\u0442\u044b \u0434\u043b\u044f \u0431\u0438\u0441\u0435\u0440\u043e\u043f\u043b\u0435\u0442\u0435\u043d\u0438\u044f\">\u0418\u043d\u0441\u0442\u0440\u0443\u043c\u0435\u043d\u0442\u044b \u0434\u043b\u044f \u0431\u0438\u0441\u0435\u0440\u043e\u043f\u043b\u0435\u0442\u0435\u043d\u0438\u044f<\/a>\n<\/span><span class=\"aioseo-breadcrumb-separator\">\u00bb<\/span><span class=\"aioseo-breadcrumb\">\n\t\u041a\u0440\u0443\u0433\u043b\u043e\u0433\u0443\u0431\u0446\u044b \u0438\u0437\u043e\u0433\u043d\u0443\u0442\u044b\u0435 12,5\u0441\u043c \u0430\u0440\u0442.HTP-14\n<\/span><\/div>","aioseo_breadcrumb_json":[{"label":"Home","link":"https:\/\/krual.ee\/et"},{"label":"Shop","link":"https:\/\/krual.ee\/et\/shop\/"},{"label":"\u041a\u0430\u0442\u0430\u043b\u043e\u0433 \u0442\u043e\u0432\u0430\u0440\u043e\u0432","link":"https:\/\/krual.ee\/et\/tootekategooria\/%d1%81atalog\/"},{"label":"\u0418\u043d\u0441\u0442\u0440\u0443\u043c\u0435\u043d\u0442\u044b","link":"https:\/\/krual.ee\/et\/tootekategooria\/%d1%81atalog\/instrumendid\/"},{"label":"\u0418\u043d\u0441\u0442\u0440\u0443\u043c\u0435\u043d\u0442\u044b \u0434\u043b\u044f \u0431\u0438\u0441\u0435\u0440\u043e\u043f\u043b\u0435\u0442\u0435\u043d\u0438\u044f","link":"https:\/\/krual.ee\/et\/tootekategooria\/%d1%81atalog\/instrumendid\/tangid\/"},{"label":"\u041a\u0440\u0443\u0433\u043b\u043e\u0433\u0443\u0431\u0446\u044b \u0438\u0437\u043e\u0433\u043d\u0443\u0442\u044b\u0435 12,5\u0441\u043c \u0430\u0440\u0442.HTP-14","link":"https:\/\/krual.ee\/et\/toode\/painutatud-otsaga-universaaltangid-125cm-art-htp-14\/"}],"_links":{"self":[{"href":"https:\/\/krual.ee\/et\/wp-json\/wp\/v2\/product\/797","targetHints":{"allow":["GET"]}}],"collection":[{"href":"https:\/\/krual.ee\/et\/wp-json\/wp\/v2\/product"}],"about":[{"href":"https:\/\/krual.ee\/et\/wp-json\/wp\/v2\/types\/product"}],"version-history":[{"count":0,"href":"https:\/\/krual.ee\/et\/wp-json\/wp\/v2\/product\/797\/revisions"}],"wp:featuredmedia":[{"embeddable":true,"href":"https:\/\/krual.ee\/et\/wp-json\/wp\/v2\/media\/30370"}],"wp:attachment":[{"href":"https:\/\/krual.ee\/et\/wp-json\/wp\/v2\/media?parent=797"}],"wp:term":[{"taxonomy":"product_brand","embeddable":true,"href":"https:\/\/krual.ee\/et\/wp-json\/wp\/v2\/product_brand?post=797"},{"taxonomy":"product_cat","embeddable":true,"href":"https:\/\/krual.ee\/et\/wp-json\/wp\/v2\/product_cat?post=797"},{"taxonomy":"product_tag","embeddable":true,"href":"https:\/\/krual.ee\/et\/wp-json\/wp\/v2\/product_tag?post=797"}],"curies":[{"name":"wp","href":"https:\/\/api.w.org\/{rel}","templated":true}]}}