{"id":59226,"date":"2026-03-11T16:53:36","date_gmt":"2026-03-11T14:53:36","guid":{"rendered":"https:\/\/krual.ee\/?post_type=product&#038;p=59226"},"modified":"2026-03-11T16:58:23","modified_gmt":"2026-03-11T14:58:23","slug":"pitsiline-looritull-art-380741-amblikuvork-valik-50cm-hind","status":"publish","type":"product","link":"https:\/\/krual.ee\/et\/toode\/pitsiline-looritull-art-380741-amblikuvork-valik-50cm-hind\/","title":{"rendered":"Pitsiline loorit\u00fcll art.380741\/\u00c4mblikuv\u00f5rk, valik (50cm hind)"},"content":{"rendered":"<p>Laius: 160cm<\/p>\n<p>Koostis: 100% PES<\/p>\n<p>Kaal: 27 g\/m\u00b2<\/p>\n<p>Hind 50 cm.\"Kui soovite 1 meetrit, siis tellige 2 tk.\"<\/p>\n<p>Peenel t\u00fcllil on \u00e4mblikuv\u00f5rgumuster. See sobib kost\u00fc\u00fcmide, seelikute, halloweenikaunistuste jms valmistamiseks.<br \/>\nKui vaatate kangaid p\u00e4riselt, proovige neid k\u00e4es kr\u00f5bistada: t\u00fcll taastab kohe oma algse kuju.<\/p>","protected":false},"excerpt":{"rendered":"<p>\u0428\u0438\u0440\u0438\u043d\u0430: 160\u0441\u043c \u0421\u043e\u0441\u0442\u0430\u0432: 100% \u043f\u043e\u043b\u0438\u044d\u0441\u0442\u0435\u0440 \u0412\u0435\u0441: 27 \u0433\/\u043c\u00b2 \u0426\u0435\u043d\u0430 \u0437\u0430 50 \u0441\u043c. \u00ab\u0435\u0441\u043b\u0438 \u043d\u0443\u0436\u0435\u043d 1 \u043c\u0435\u0442\u0440, \u0442\u043e \u0437\u0430\u043a\u0430\u0437\u044b\u0432\u0430\u0439\u0442\u0435 2 \u0448\u0442.\u00bb \u0422\u043e\u043d\u043a\u0438\u0439 \u0442\u044e\u043b\u044c \u0438\u043c\u0435\u0435\u0442 \u0443\u0437\u043e\u0440 \u0432 \u0432\u0438\u0434\u0435 \u043f\u0430\u0443\u0442\u0438\u043d\u044b. \u041e\u043d \u043f\u043e\u0434\u0445\u043e\u0434\u0438\u0442 \u0434\u043b\u044f \u043f\u043e\u0448\u0438\u0432\u0430 \u043a\u043e\u0441\u0442\u044e\u043c\u043e\u0432, \u044e\u0431\u043e\u043a, \u0443\u043a\u0440\u0430\u0448\u0435\u043d\u0438\u0439 \u043d\u0430 \u0425\u044d\u043b\u043b\u043e\u0443\u0438\u043d \u0438 \u0442. \u0434. \u0415\u0441\u043b\u0438 \u0432\u044b \u0440\u0430\u0441\u0441\u043c\u0430\u0442\u0440\u0438\u0432\u0430\u0435\u0442\u0435 \u0442\u043a\u0430\u043d\u044c \u0432\u0436\u0438\u0432\u0443\u044e, \u043f\u043e\u043f\u0440\u043e\u0431\u0443\u0439\u0442\u0435 \u0441\u043c\u044f\u0442\u044c \u0435\u0435 \u0432 \u0440\u0443\u043a\u0435: \u0442\u044e\u043b\u044c \u0441\u0440\u0430\u0437\u0443 \u0436\u0435 \u0432\u0435\u0440\u043d\u0435\u0442\u0441\u044f \u043a \u0441\u0432\u043e\u0435\u0439 [&hellip;]<\/p>","protected":false},"featured_media":59227,"template":"","meta":{"_monsterinsights_skip_tracking":false,"_monsterinsights_sitenote_active":false,"_monsterinsights_sitenote_note":"","_monsterinsights_sitenote_category":0,"_uf_show_specific_survey":0,"_uf_disable_surveys":false},"product_brand":[],"product_cat":[1661,1563],"product_tag":[],"class_list":{"0":"post-59226","1":"product","2":"type-product","3":"status-publish","4":"has-post-thumbnail","6":"product_cat-kruzhevnye-tkani","7":"product_cat-fatin","9":"entry","10":"has-media","12":"first","13":"instock","14":"taxable","15":"shipping-taxable","16":"purchasable","17":"product-type-variable","18":"has-product-nav","19":"col","20":"span_1_of_3","21":"owp-content-center","22":"owp-thumbs-layout-horizontal","23":"owp-btn-normal","24":"owp-tabs-layout-horizontal"},"aioseo_notices":[],"aioseo_head":"\n\t\t<!-- All in One SEO Pro 4.8.3.2 - aioseo.com -->\n\t<meta name=\"description\" content=\"Pitsiline loorit\u00fcll art.380741\/\u00c4mblikuv\u00f5rk, valik (50cm hind): valge, oran\u017e, violet, must\" \/>\n\t<meta name=\"robots\" content=\"max-image-preview:large\" \/>\n\t<link rel=\"canonical\" href=\"https:\/\/krual.ee\/et\/toode\/pitsiline-looritull-art-380741-amblikuvork-valik-50cm-hind\/\" \/>\n\t<meta name=\"generator\" content=\"All in One SEO Pro (AIOSEO) 4.8.3.2\" \/>\n\t\t<meta property=\"og:locale\" content=\"et_EE\" \/>\n\t\t<meta property=\"og:site_name\" content=\"krual.ee - K\u00e4sit\u00f6\u00f6maailm, aknakatted\" \/>\n\t\t<meta property=\"og:type\" content=\"article\" \/>\n\t\t<meta property=\"og:title\" content=\"Pitsiline loorit\u00fcll art.380741\/\u00c4mblikuv\u00f5rk, - krual.ee\" \/>\n\t\t<meta property=\"og:description\" content=\"Pitsiline loorit\u00fcll art.380741\/\u00c4mblikuv\u00f5rk, valik (50cm hind): valge, oran\u017e, violet, must\" \/>\n\t\t<meta property=\"og:url\" content=\"https:\/\/krual.ee\/et\/toode\/pitsiline-looritull-art-380741-amblikuvork-valik-50cm-hind\/\" \/>\n\t\t<meta property=\"article:published_time\" content=\"2026-03-11T14:53:36+00:00\" \/>\n\t\t<meta property=\"article:modified_time\" content=\"2026-03-11T14:58:23+00:00\" \/>\n\t\t<meta property=\"article:publisher\" content=\"https:\/\/facebook.com\/krual\" \/>\n\t\t<meta name=\"twitter:card\" content=\"summary_large_image\" \/>\n\t\t<meta name=\"twitter:title\" content=\"Pitsiline loorit\u00fcll art.380741\/\u00c4mblikuv\u00f5rk, - krual.ee\" \/>\n\t\t<meta name=\"twitter:description\" content=\"Pitsiline loorit\u00fcll art.380741\/\u00c4mblikuv\u00f5rk, valik (50cm hind): valge, oran\u017e, violet, must\" \/>\n\t\t<script type=\"application\/ld+json\" class=\"aioseo-schema\">\n\t\t\t{\"@context\":\"https:\\\/\\\/schema.org\",\"@graph\":[{\"@type\":\"BreadcrumbList\",\"@id\":\"https:\\\/\\\/krual.ee\\\/et\\\/toode\\\/pitsiline-looritull-art-380741-amblikuvork-valik-50cm-hind\\\/#breadcrumblist\",\"itemListElement\":[{\"@type\":\"ListItem\",\"@id\":\"https:\\\/\\\/krual.ee\\\/et#listItem\",\"position\":1,\"name\":\"Home\",\"item\":\"https:\\\/\\\/krual.ee\\\/et\",\"nextItem\":{\"@type\":\"ListItem\",\"@id\":\"https:\\\/\\\/krual.ee\\\/et\\\/shop\\\/#listItem\",\"name\":\"Shop\"}},{\"@type\":\"ListItem\",\"@id\":\"https:\\\/\\\/krual.ee\\\/et\\\/shop\\\/#listItem\",\"position\":2,\"name\":\"Shop\",\"item\":\"https:\\\/\\\/krual.ee\\\/et\\\/shop\\\/\",\"nextItem\":{\"@type\":\"ListItem\",\"@id\":\"https:\\\/\\\/krual.ee\\\/et\\\/tootekategooria\\\/%d1%81atalog\\\/#listItem\",\"name\":\"\\u041a\\u0430\\u0442\\u0430\\u043b\\u043e\\u0433 \\u0442\\u043e\\u0432\\u0430\\u0440\\u043e\\u0432\"},\"previousItem\":{\"@type\":\"ListItem\",\"@id\":\"https:\\\/\\\/krual.ee\\\/et#listItem\",\"name\":\"Home\"}},{\"@type\":\"ListItem\",\"@id\":\"https:\\\/\\\/krual.ee\\\/et\\\/tootekategooria\\\/%d1%81atalog\\\/#listItem\",\"position\":3,\"name\":\"\\u041a\\u0430\\u0442\\u0430\\u043b\\u043e\\u0433 \\u0442\\u043e\\u0432\\u0430\\u0440\\u043e\\u0432\",\"item\":\"https:\\\/\\\/krual.ee\\\/et\\\/tootekategooria\\\/%d1%81atalog\\\/\",\"nextItem\":{\"@type\":\"ListItem\",\"@id\":\"https:\\\/\\\/krual.ee\\\/et\\\/tootekategooria\\\/%d1%81atalog\\\/kangad\\\/#listItem\",\"name\":\"\\u0422\\u043a\\u0430\\u043d\\u0438\"},\"previousItem\":{\"@type\":\"ListItem\",\"@id\":\"https:\\\/\\\/krual.ee\\\/et\\\/shop\\\/#listItem\",\"name\":\"Shop\"}},{\"@type\":\"ListItem\",\"@id\":\"https:\\\/\\\/krual.ee\\\/et\\\/tootekategooria\\\/%d1%81atalog\\\/kangad\\\/#listItem\",\"position\":4,\"name\":\"\\u0422\\u043a\\u0430\\u043d\\u0438\",\"item\":\"https:\\\/\\\/krual.ee\\\/et\\\/tootekategooria\\\/%d1%81atalog\\\/kangad\\\/\",\"nextItem\":{\"@type\":\"ListItem\",\"@id\":\"https:\\\/\\\/krual.ee\\\/et\\\/tootekategooria\\\/%d1%81atalog\\\/kangad\\\/fatin\\\/#listItem\",\"name\":\"\\u0424\\u0430\\u0442\\u0438\\u043d\"},\"previousItem\":{\"@type\":\"ListItem\",\"@id\":\"https:\\\/\\\/krual.ee\\\/et\\\/tootekategooria\\\/%d1%81atalog\\\/#listItem\",\"name\":\"\\u041a\\u0430\\u0442\\u0430\\u043b\\u043e\\u0433 \\u0442\\u043e\\u0432\\u0430\\u0440\\u043e\\u0432\"}},{\"@type\":\"ListItem\",\"@id\":\"https:\\\/\\\/krual.ee\\\/et\\\/tootekategooria\\\/%d1%81atalog\\\/kangad\\\/fatin\\\/#listItem\",\"position\":5,\"name\":\"\\u0424\\u0430\\u0442\\u0438\\u043d\",\"item\":\"https:\\\/\\\/krual.ee\\\/et\\\/tootekategooria\\\/%d1%81atalog\\\/kangad\\\/fatin\\\/\",\"nextItem\":{\"@type\":\"ListItem\",\"@id\":\"https:\\\/\\\/krual.ee\\\/et\\\/toode\\\/pitsiline-looritull-art-380741-amblikuvork-valik-50cm-hind\\\/#listItem\",\"name\":\"\\u041a\\u0440\\u0443\\u0436\\u0435\\u0432\\u043d\\u043e\\u0439 \\u0444\\u0430\\u0442\\u0438\\u043d \\u0430\\u0440\\u0442.380741\\\/\\u041f\\u0430\\u0443\\u0442\\u0438\\u043d\\u0430, \\u0432\\u044b\\u0431\\u043e\\u0440 (\\u0446\\u0435\\u043d\\u0430 \\u0437\\u0430 50\\u0441\\u043c)\"},\"previousItem\":{\"@type\":\"ListItem\",\"@id\":\"https:\\\/\\\/krual.ee\\\/et\\\/tootekategooria\\\/%d1%81atalog\\\/kangad\\\/#listItem\",\"name\":\"\\u0422\\u043a\\u0430\\u043d\\u0438\"}},{\"@type\":\"ListItem\",\"@id\":\"https:\\\/\\\/krual.ee\\\/et\\\/toode\\\/pitsiline-looritull-art-380741-amblikuvork-valik-50cm-hind\\\/#listItem\",\"position\":6,\"name\":\"\\u041a\\u0440\\u0443\\u0436\\u0435\\u0432\\u043d\\u043e\\u0439 \\u0444\\u0430\\u0442\\u0438\\u043d \\u0430\\u0440\\u0442.380741\\\/\\u041f\\u0430\\u0443\\u0442\\u0438\\u043d\\u0430, \\u0432\\u044b\\u0431\\u043e\\u0440 (\\u0446\\u0435\\u043d\\u0430 \\u0437\\u0430 50\\u0441\\u043c)\",\"previousItem\":{\"@type\":\"ListItem\",\"@id\":\"https:\\\/\\\/krual.ee\\\/et\\\/tootekategooria\\\/%d1%81atalog\\\/kangad\\\/fatin\\\/#listItem\",\"name\":\"\\u0424\\u0430\\u0442\\u0438\\u043d\"}}]},{\"@type\":\"ItemPage\",\"@id\":\"https:\\\/\\\/krual.ee\\\/et\\\/toode\\\/pitsiline-looritull-art-380741-amblikuvork-valik-50cm-hind\\\/#itempage\",\"url\":\"https:\\\/\\\/krual.ee\\\/et\\\/toode\\\/pitsiline-looritull-art-380741-amblikuvork-valik-50cm-hind\\\/\",\"name\":\"Pitsiline loorit\\u00fcll art.380741\\\/\\u00c4mblikuv\\u00f5rk, - krual.ee\",\"description\":\"Pitsiline loorit\\u00fcll art.380741\\\/\\u00c4mblikuv\\u00f5rk, valik (50cm hind): valge, oran\\u017e, violet, must\",\"inLanguage\":\"et\",\"isPartOf\":{\"@id\":\"https:\\\/\\\/krual.ee\\\/et\\\/#website\"},\"breadcrumb\":{\"@id\":\"https:\\\/\\\/krual.ee\\\/et\\\/toode\\\/pitsiline-looritull-art-380741-amblikuvork-valik-50cm-hind\\\/#breadcrumblist\"},\"image\":{\"@type\":\"ImageObject\",\"url\":\"https:\\\/\\\/krual.ee\\\/wp-content\\\/uploads\\\/2026\\\/03\\\/380741-amblikuvork-l160cm-stoklasa.jpg\",\"@id\":\"https:\\\/\\\/krual.ee\\\/et\\\/toode\\\/pitsiline-looritull-art-380741-amblikuvork-valik-50cm-hind\\\/#mainImage\",\"width\":600,\"height\":600},\"primaryImageOfPage\":{\"@id\":\"https:\\\/\\\/krual.ee\\\/et\\\/toode\\\/pitsiline-looritull-art-380741-amblikuvork-valik-50cm-hind\\\/#mainImage\"},\"datePublished\":\"2026-03-11T16:53:36+02:00\",\"dateModified\":\"2026-03-11T16:58:23+02:00\"},{\"@type\":\"Organization\",\"@id\":\"https:\\\/\\\/krual.ee\\\/et\\\/#organization\",\"name\":\"Krual O\\u00dc\",\"description\":\"K\\u00e4sit\\u00f6\\u00f6maailm, aknakatted\",\"url\":\"https:\\\/\\\/krual.ee\\\/et\\\/\",\"email\":\"info@krual.ee\",\"telephone\":\"+37253457073\",\"logo\":{\"@type\":\"ImageObject\",\"url\":\"https:\\\/\\\/krual.ee\\\/wp-content\\\/uploads\\\/2024\\\/02\\\/cropped-logo512-jpg.webp\",\"@id\":\"https:\\\/\\\/krual.ee\\\/et\\\/toode\\\/pitsiline-looritull-art-380741-amblikuvork-valik-50cm-hind\\\/#organizationLogo\",\"width\":512,\"height\":512},\"image\":{\"@id\":\"https:\\\/\\\/krual.ee\\\/et\\\/toode\\\/pitsiline-looritull-art-380741-amblikuvork-valik-50cm-hind\\\/#organizationLogo\"},\"sameAs\":[\"https:\\\/\\\/facebook.com\\\/krual\",\"https:\\\/\\\/instagram.com\\\/krual2005\"],\"address\":{\"@id\":\"https:\\\/\\\/krual.ee\\\/et\\\/#postaladdress\",\"@type\":\"PostalAddress\",\"streetAddress\":\"Narva mnt.5, Krual O\\u00dc,\",\"postalCode\":\"41531\",\"addressLocality\":\"J\\u00f5hvi\",\"addressCountry\":\"EE\"}},{\"@type\":\"WebPage\",\"@id\":\"https:\\\/\\\/krual.ee\\\/et\\\/toode\\\/pitsiline-looritull-art-380741-amblikuvork-valik-50cm-hind\\\/#webpage\",\"url\":\"https:\\\/\\\/krual.ee\\\/et\\\/toode\\\/pitsiline-looritull-art-380741-amblikuvork-valik-50cm-hind\\\/\",\"name\":\"Pitsiline loorit\\u00fcll art.380741\\\/\\u00c4mblikuv\\u00f5rk, - krual.ee\",\"description\":\"Pitsiline loorit\\u00fcll art.380741\\\/\\u00c4mblikuv\\u00f5rk, valik (50cm hind): valge, oran\\u017e, violet, must\",\"inLanguage\":\"et\",\"isPartOf\":{\"@id\":\"https:\\\/\\\/krual.ee\\\/et\\\/#website\"},\"breadcrumb\":{\"@id\":\"https:\\\/\\\/krual.ee\\\/et\\\/toode\\\/pitsiline-looritull-art-380741-amblikuvork-valik-50cm-hind\\\/#breadcrumblist\"},\"image\":{\"@type\":\"ImageObject\",\"url\":\"https:\\\/\\\/krual.ee\\\/wp-content\\\/uploads\\\/2026\\\/03\\\/380741-amblikuvork-l160cm-stoklasa.jpg\",\"@id\":\"https:\\\/\\\/krual.ee\\\/et\\\/toode\\\/pitsiline-looritull-art-380741-amblikuvork-valik-50cm-hind\\\/#mainImage\",\"width\":600,\"height\":600},\"primaryImageOfPage\":{\"@id\":\"https:\\\/\\\/krual.ee\\\/et\\\/toode\\\/pitsiline-looritull-art-380741-amblikuvork-valik-50cm-hind\\\/#mainImage\"},\"datePublished\":\"2026-03-11T16:53:36+02:00\",\"dateModified\":\"2026-03-11T16:58:23+02:00\"},{\"@type\":\"WebSite\",\"@id\":\"https:\\\/\\\/krual.ee\\\/et\\\/#website\",\"url\":\"https:\\\/\\\/krual.ee\\\/et\\\/\",\"name\":\"Krual\",\"description\":\"K\\u00e4sit\\u00f6\\u00f6maailm, aknakatted\",\"inLanguage\":\"et\",\"publisher\":{\"@id\":\"https:\\\/\\\/krual.ee\\\/et\\\/#organization\"}}]}\n\t\t<\/script>\n\t\t<!-- All in One SEO Pro -->\r\n\t\t<title>Pitsiline loorit\u00fcll art.380741\/\u00c4mblikuv\u00f5rk, - krual.ee<\/title>\n\n","aioseo_head_json":{"title":"Pitsiline loorit\u00fcll art.380741\/\u00c4mblikuv\u00f5rk, - krual.ee","description":"Pitsiline loorit\u00fcll art.380741\/\u00c4mblikuv\u00f5rk, valik (50cm hind): valge, oran\u017e, violet, must","canonical_url":"https:\/\/krual.ee\/et\/toode\/pitsiline-looritull-art-380741-amblikuvork-valik-50cm-hind\/","robots":"max-image-preview:large","keywords":"","webmasterTools":{"miscellaneous":""},"schema":{"@context":"https:\/\/schema.org","@graph":[{"@type":"BreadcrumbList","@id":"https:\/\/krual.ee\/et\/toode\/pitsiline-looritull-art-380741-amblikuvork-valik-50cm-hind\/#breadcrumblist","itemListElement":[{"@type":"ListItem","@id":"https:\/\/krual.ee\/et#listItem","position":1,"name":"Home","item":"https:\/\/krual.ee\/et","nextItem":{"@type":"ListItem","@id":"https:\/\/krual.ee\/et\/shop\/#listItem","name":"Shop"}},{"@type":"ListItem","@id":"https:\/\/krual.ee\/et\/shop\/#listItem","position":2,"name":"Shop","item":"https:\/\/krual.ee\/et\/shop\/","nextItem":{"@type":"ListItem","@id":"https:\/\/krual.ee\/et\/tootekategooria\/%d1%81atalog\/#listItem","name":"\u041a\u0430\u0442\u0430\u043b\u043e\u0433 \u0442\u043e\u0432\u0430\u0440\u043e\u0432"},"previousItem":{"@type":"ListItem","@id":"https:\/\/krual.ee\/et#listItem","name":"Home"}},{"@type":"ListItem","@id":"https:\/\/krual.ee\/et\/tootekategooria\/%d1%81atalog\/#listItem","position":3,"name":"\u041a\u0430\u0442\u0430\u043b\u043e\u0433 \u0442\u043e\u0432\u0430\u0440\u043e\u0432","item":"https:\/\/krual.ee\/et\/tootekategooria\/%d1%81atalog\/","nextItem":{"@type":"ListItem","@id":"https:\/\/krual.ee\/et\/tootekategooria\/%d1%81atalog\/kangad\/#listItem","name":"\u0422\u043a\u0430\u043d\u0438"},"previousItem":{"@type":"ListItem","@id":"https:\/\/krual.ee\/et\/shop\/#listItem","name":"Shop"}},{"@type":"ListItem","@id":"https:\/\/krual.ee\/et\/tootekategooria\/%d1%81atalog\/kangad\/#listItem","position":4,"name":"\u0422\u043a\u0430\u043d\u0438","item":"https:\/\/krual.ee\/et\/tootekategooria\/%d1%81atalog\/kangad\/","nextItem":{"@type":"ListItem","@id":"https:\/\/krual.ee\/et\/tootekategooria\/%d1%81atalog\/kangad\/fatin\/#listItem","name":"\u0424\u0430\u0442\u0438\u043d"},"previousItem":{"@type":"ListItem","@id":"https:\/\/krual.ee\/et\/tootekategooria\/%d1%81atalog\/#listItem","name":"\u041a\u0430\u0442\u0430\u043b\u043e\u0433 \u0442\u043e\u0432\u0430\u0440\u043e\u0432"}},{"@type":"ListItem","@id":"https:\/\/krual.ee\/et\/tootekategooria\/%d1%81atalog\/kangad\/fatin\/#listItem","position":5,"name":"\u0424\u0430\u0442\u0438\u043d","item":"https:\/\/krual.ee\/et\/tootekategooria\/%d1%81atalog\/kangad\/fatin\/","nextItem":{"@type":"ListItem","@id":"https:\/\/krual.ee\/et\/toode\/pitsiline-looritull-art-380741-amblikuvork-valik-50cm-hind\/#listItem","name":"\u041a\u0440\u0443\u0436\u0435\u0432\u043d\u043e\u0439 \u0444\u0430\u0442\u0438\u043d \u0430\u0440\u0442.380741\/\u041f\u0430\u0443\u0442\u0438\u043d\u0430, \u0432\u044b\u0431\u043e\u0440 (\u0446\u0435\u043d\u0430 \u0437\u0430 50\u0441\u043c)"},"previousItem":{"@type":"ListItem","@id":"https:\/\/krual.ee\/et\/tootekategooria\/%d1%81atalog\/kangad\/#listItem","name":"\u0422\u043a\u0430\u043d\u0438"}},{"@type":"ListItem","@id":"https:\/\/krual.ee\/et\/toode\/pitsiline-looritull-art-380741-amblikuvork-valik-50cm-hind\/#listItem","position":6,"name":"\u041a\u0440\u0443\u0436\u0435\u0432\u043d\u043e\u0439 \u0444\u0430\u0442\u0438\u043d \u0430\u0440\u0442.380741\/\u041f\u0430\u0443\u0442\u0438\u043d\u0430, \u0432\u044b\u0431\u043e\u0440 (\u0446\u0435\u043d\u0430 \u0437\u0430 50\u0441\u043c)","previousItem":{"@type":"ListItem","@id":"https:\/\/krual.ee\/et\/tootekategooria\/%d1%81atalog\/kangad\/fatin\/#listItem","name":"\u0424\u0430\u0442\u0438\u043d"}}]},{"@type":"ItemPage","@id":"https:\/\/krual.ee\/et\/toode\/pitsiline-looritull-art-380741-amblikuvork-valik-50cm-hind\/#itempage","url":"https:\/\/krual.ee\/et\/toode\/pitsiline-looritull-art-380741-amblikuvork-valik-50cm-hind\/","name":"Pitsiline loorit\u00fcll art.380741\/\u00c4mblikuv\u00f5rk, - krual.ee","description":"Pitsiline loorit\u00fcll art.380741\/\u00c4mblikuv\u00f5rk, valik (50cm hind): valge, oran\u017e, violet, must","inLanguage":"et","isPartOf":{"@id":"https:\/\/krual.ee\/et\/#website"},"breadcrumb":{"@id":"https:\/\/krual.ee\/et\/toode\/pitsiline-looritull-art-380741-amblikuvork-valik-50cm-hind\/#breadcrumblist"},"image":{"@type":"ImageObject","url":"https:\/\/krual.ee\/wp-content\/uploads\/2026\/03\/380741-amblikuvork-l160cm-stoklasa.jpg","@id":"https:\/\/krual.ee\/et\/toode\/pitsiline-looritull-art-380741-amblikuvork-valik-50cm-hind\/#mainImage","width":600,"height":600},"primaryImageOfPage":{"@id":"https:\/\/krual.ee\/et\/toode\/pitsiline-looritull-art-380741-amblikuvork-valik-50cm-hind\/#mainImage"},"datePublished":"2026-03-11T16:53:36+02:00","dateModified":"2026-03-11T16:58:23+02:00"},{"@type":"Organization","@id":"https:\/\/krual.ee\/et\/#organization","name":"Krual O\u00dc","description":"K\u00e4sit\u00f6\u00f6maailm, aknakatted","url":"https:\/\/krual.ee\/et\/","email":"info@krual.ee","telephone":"+37253457073","logo":{"@type":"ImageObject","url":"https:\/\/krual.ee\/wp-content\/uploads\/2024\/02\/cropped-logo512-jpg.webp","@id":"https:\/\/krual.ee\/et\/toode\/pitsiline-looritull-art-380741-amblikuvork-valik-50cm-hind\/#organizationLogo","width":512,"height":512},"image":{"@id":"https:\/\/krual.ee\/et\/toode\/pitsiline-looritull-art-380741-amblikuvork-valik-50cm-hind\/#organizationLogo"},"sameAs":["https:\/\/facebook.com\/krual","https:\/\/instagram.com\/krual2005"],"address":{"@id":"https:\/\/krual.ee\/et\/#postaladdress","@type":"PostalAddress","streetAddress":"Narva mnt.5, Krual O\u00dc,","postalCode":"41531","addressLocality":"J\u00f5hvi","addressCountry":"EE"}},{"@type":"WebPage","@id":"https:\/\/krual.ee\/et\/toode\/pitsiline-looritull-art-380741-amblikuvork-valik-50cm-hind\/#webpage","url":"https:\/\/krual.ee\/et\/toode\/pitsiline-looritull-art-380741-amblikuvork-valik-50cm-hind\/","name":"Pitsiline loorit\u00fcll art.380741\/\u00c4mblikuv\u00f5rk, - krual.ee","description":"Pitsiline loorit\u00fcll art.380741\/\u00c4mblikuv\u00f5rk, valik (50cm hind): valge, oran\u017e, violet, must","inLanguage":"et","isPartOf":{"@id":"https:\/\/krual.ee\/et\/#website"},"breadcrumb":{"@id":"https:\/\/krual.ee\/et\/toode\/pitsiline-looritull-art-380741-amblikuvork-valik-50cm-hind\/#breadcrumblist"},"image":{"@type":"ImageObject","url":"https:\/\/krual.ee\/wp-content\/uploads\/2026\/03\/380741-amblikuvork-l160cm-stoklasa.jpg","@id":"https:\/\/krual.ee\/et\/toode\/pitsiline-looritull-art-380741-amblikuvork-valik-50cm-hind\/#mainImage","width":600,"height":600},"primaryImageOfPage":{"@id":"https:\/\/krual.ee\/et\/toode\/pitsiline-looritull-art-380741-amblikuvork-valik-50cm-hind\/#mainImage"},"datePublished":"2026-03-11T16:53:36+02:00","dateModified":"2026-03-11T16:58:23+02:00"},{"@type":"WebSite","@id":"https:\/\/krual.ee\/et\/#website","url":"https:\/\/krual.ee\/et\/","name":"Krual","description":"K\u00e4sit\u00f6\u00f6maailm, aknakatted","inLanguage":"et","publisher":{"@id":"https:\/\/krual.ee\/et\/#organization"}}]},"og:locale":"et_EE","og:site_name":"krual.ee - K\u00e4sit\u00f6\u00f6maailm, aknakatted","og:type":"article","og:title":"Pitsiline loorit\u00fcll art.380741\/\u00c4mblikuv\u00f5rk, - krual.ee","og:description":"Pitsiline loorit\u00fcll art.380741\/\u00c4mblikuv\u00f5rk, valik (50cm hind): valge, oran\u017e, violet, must","og:url":"https:\/\/krual.ee\/et\/toode\/pitsiline-looritull-art-380741-amblikuvork-valik-50cm-hind\/","article:published_time":"2026-03-11T14:53:36+00:00","article:modified_time":"2026-03-11T14:58:23+00:00","article:publisher":"https:\/\/facebook.com\/krual","twitter:card":"summary_large_image","twitter:title":"Pitsiline loorit\u00fcll art.380741\/\u00c4mblikuv\u00f5rk, - krual.ee","twitter:description":"Pitsiline loorit\u00fcll art.380741\/\u00c4mblikuv\u00f5rk, valik (50cm hind): valge, oran\u017e, violet, must"},"aioseo_meta_data":{"post_id":"59226","title":"Pitsiline loorit\u00fcll art.380741\/\u00c4mblikuv\u00f5rk, #separator_sa #site_title","description":"Pitsiline loorit\u00fcll art.380741\/\u00c4mblikuv\u00f5rk, valik (50cm hind): valge, oran\u017e, violet, must","keywords":null,"keyphrases":{"focus":{"keyphrase":"Pitsiline loorit\u00fcll","score":70,"analysis":{"keyphraseInTitle":{"score":9,"maxScore":9,"error":0},"keyphraseInDescription":{"score":9,"maxScore":9,"error":0},"keyphraseLength":{"score":9,"maxScore":9,"error":0,"length":3},"keyphraseInURL":{"score":5,"maxScore":5,"error":0},"keyphraseInIntroduction":{"score":3,"maxScore":9,"error":1},"keyphraseInSubHeadings":[],"keyphraseInImageAlt":[],"keywordDensity":{"score":0,"type":"low","maxScore":9,"error":1}}},"additional":[]},"primary_term":null,"canonical_url":null,"og_title":null,"og_description":null,"og_object_type":"default","og_image_type":"default","og_image_url":null,"og_image_width":null,"og_image_height":null,"og_image_custom_url":null,"og_image_custom_fields":null,"og_video":"","og_custom_url":null,"og_article_section":null,"og_article_tags":null,"twitter_use_og":true,"twitter_card":"default","twitter_image_type":"default","twitter_image_url":null,"twitter_image_custom_url":null,"twitter_image_custom_fields":null,"twitter_title":null,"twitter_description":null,"schema":{"blockGraphs":[],"customGraphs":[],"default":{"data":{"Article":[],"Course":[],"Dataset":[],"FAQPage":[],"Movie":[],"Person":[],"Product":[],"ProductReview":[],"Car":[],"Recipe":[],"Service":[],"SoftwareApplication":[],"WebPage":[]},"graphName":"ItemPage","isEnabled":true},"graphs":[]},"schema_type":"default","schema_type_options":null,"pillar_content":false,"robots_default":true,"robots_noindex":false,"robots_noarchive":false,"robots_nosnippet":false,"robots_nofollow":false,"robots_noimageindex":false,"robots_noodp":false,"robots_notranslate":false,"robots_max_snippet":"-1","robots_max_videopreview":"-1","robots_max_imagepreview":"large","priority":null,"frequency":"default","local_seo":null,"limit_modified_date":false,"reviewed_by":null,"created":"2026-03-11 14:48:29","updated":"2026-03-11 15:12:43"},"aioseo_breadcrumb":"<div class=\"aioseo-breadcrumbs\"><span class=\"aioseo-breadcrumb\">\n\t<a href=\"https:\/\/krual.ee\/et\" title=\"Home\">Home<\/a>\n<\/span><span class=\"aioseo-breadcrumb-separator\">\u00bb<\/span><span class=\"aioseo-breadcrumb\">\n\t<a href=\"https:\/\/krual.ee\/et\/shop\/\" title=\"Shop\">Shop<\/a>\n<\/span><span class=\"aioseo-breadcrumb-separator\">\u00bb<\/span><span class=\"aioseo-breadcrumb\">\n\t<a href=\"https:\/\/krual.ee\/et\/tootekategooria\/%d1%81atalog\/\" title=\"\u041a\u0430\u0442\u0430\u043b\u043e\u0433 \u0442\u043e\u0432\u0430\u0440\u043e\u0432\">\u041a\u0430\u0442\u0430\u043b\u043e\u0433 \u0442\u043e\u0432\u0430\u0440\u043e\u0432<\/a>\n<\/span><span class=\"aioseo-breadcrumb-separator\">\u00bb<\/span><span class=\"aioseo-breadcrumb\">\n\t<a href=\"https:\/\/krual.ee\/et\/tootekategooria\/%d1%81atalog\/kangad\/\" title=\"\u0422\u043a\u0430\u043d\u0438\">\u0422\u043a\u0430\u043d\u0438<\/a>\n<\/span><span class=\"aioseo-breadcrumb-separator\">\u00bb<\/span><span class=\"aioseo-breadcrumb\">\n\t<a href=\"https:\/\/krual.ee\/et\/tootekategooria\/%d1%81atalog\/kangad\/fatin\/\" title=\"\u0424\u0430\u0442\u0438\u043d\">\u0424\u0430\u0442\u0438\u043d<\/a>\n<\/span><span class=\"aioseo-breadcrumb-separator\">\u00bb<\/span><span class=\"aioseo-breadcrumb\">\n\t\u041a\u0440\u0443\u0436\u0435\u0432\u043d\u043e\u0439 \u0444\u0430\u0442\u0438\u043d \u0430\u0440\u0442.380741\/\u041f\u0430\u0443\u0442\u0438\u043d\u0430, \u0432\u044b\u0431\u043e\u0440 (\u0446\u0435\u043d\u0430 \u0437\u0430 50\u0441\u043c)\n<\/span><\/div>","aioseo_breadcrumb_json":[{"label":"Home","link":"https:\/\/krual.ee\/et"},{"label":"Shop","link":"https:\/\/krual.ee\/et\/shop\/"},{"label":"\u041a\u0430\u0442\u0430\u043b\u043e\u0433 \u0442\u043e\u0432\u0430\u0440\u043e\u0432","link":"https:\/\/krual.ee\/et\/tootekategooria\/%d1%81atalog\/"},{"label":"\u0422\u043a\u0430\u043d\u0438","link":"https:\/\/krual.ee\/et\/tootekategooria\/%d1%81atalog\/kangad\/"},{"label":"\u0424\u0430\u0442\u0438\u043d","link":"https:\/\/krual.ee\/et\/tootekategooria\/%d1%81atalog\/kangad\/fatin\/"},{"label":"\u041a\u0440\u0443\u0436\u0435\u0432\u043d\u043e\u0439 \u0444\u0430\u0442\u0438\u043d \u0430\u0440\u0442.380741\/\u041f\u0430\u0443\u0442\u0438\u043d\u0430, \u0432\u044b\u0431\u043e\u0440 (\u0446\u0435\u043d\u0430 \u0437\u0430 50\u0441\u043c)","link":"https:\/\/krual.ee\/et\/toode\/pitsiline-looritull-art-380741-amblikuvork-valik-50cm-hind\/"}],"_links":{"self":[{"href":"https:\/\/krual.ee\/et\/wp-json\/wp\/v2\/product\/59226","targetHints":{"allow":["GET"]}}],"collection":[{"href":"https:\/\/krual.ee\/et\/wp-json\/wp\/v2\/product"}],"about":[{"href":"https:\/\/krual.ee\/et\/wp-json\/wp\/v2\/types\/product"}],"version-history":[{"count":0,"href":"https:\/\/krual.ee\/et\/wp-json\/wp\/v2\/product\/59226\/revisions"}],"wp:featuredmedia":[{"embeddable":true,"href":"https:\/\/krual.ee\/et\/wp-json\/wp\/v2\/media\/59227"}],"wp:attachment":[{"href":"https:\/\/krual.ee\/et\/wp-json\/wp\/v2\/media?parent=59226"}],"wp:term":[{"taxonomy":"product_brand","embeddable":true,"href":"https:\/\/krual.ee\/et\/wp-json\/wp\/v2\/product_brand?post=59226"},{"taxonomy":"product_cat","embeddable":true,"href":"https:\/\/krual.ee\/et\/wp-json\/wp\/v2\/product_cat?post=59226"},{"taxonomy":"product_tag","embeddable":true,"href":"https:\/\/krual.ee\/et\/wp-json\/wp\/v2\/product_tag?post=59226"}],"curies":[{"name":"wp","href":"https:\/\/api.w.org\/{rel}","templated":true}]}}