{"id":46936,"date":"2025-01-24T13:56:15","date_gmt":"2025-01-24T11:56:15","guid":{"rendered":"https:\/\/krual.ee\/?post_type=product&#038;p=46936"},"modified":"2026-01-24T17:56:11","modified_gmt":"2026-01-24T15:56:11","slug":"shifoon-art-540752-varvi-valik-50cm","status":"publish","type":"product","link":"https:\/\/krual.ee\/et\/toode\/shifoon-art-540752-varvi-valik-50cm\/","title":{"rendered":"Shifoon art.540752, v\u00e4rvi valik (50cm)"},"content":{"rendered":"<p>Laius: 150cm<\/p>\n<p>Koostis: 100% PES<\/p>\n<p>Kaal: 82 g\/m\u00b2<\/p>\n<p>Holland<\/p>\n<p>Hind 50 cm.\"Kui soovite 1 meetrit, siis tellige 2 tk.\"<\/p>\n<div class=\"washicon washtooltip\" title=\"Maximum washing temperature 30\u00b0C, normal process.\"><img decoding=\"async\" src=\"https:\/\/www.nooteboomtextiles.com\/cdn\/shop\/t\/428\/assets\/Washing_30_60x60.png?v=91164014222077135951737030818\" alt=\"Washing instruction\" \/> <img decoding=\"async\" src=\"https:\/\/www.nooteboomtextiles.com\/cdn\/shop\/t\/428\/assets\/Bleaching_No_60x60.png?v=143457686093603383461737030654\" alt=\"Washing instruction\" \/> <img decoding=\"async\" src=\"https:\/\/www.nooteboomtextiles.com\/cdn\/shop\/t\/428\/assets\/Ironing_1_60x60.png?v=86700048971211324151737030721\" alt=\"Washing instruction\" \/> <img decoding=\"async\" src=\"https:\/\/www.nooteboomtextiles.com\/cdn\/shop\/t\/428\/assets\/Dryclean_P_60x60.png?v=47725600680309583521737030701\" alt=\"Washing instruction\" \/> <img decoding=\"async\" src=\"https:\/\/www.nooteboomtextiles.com\/cdn\/shop\/t\/428\/assets\/TumbleDry_No_60x60.png?v=30366387725703064791737030816\" alt=\"Washing instruction\" \/><\/div>","protected":false},"excerpt":{"rendered":"<p>\u0428\u0438\u0440\u0438\u043d\u0430: 150\u0441\u043c \u0421\u043e\u0441\u0442\u0430\u0432: 100% \u043f\u043e\u043b\u0438\u044d\u0441\u0442\u0435\u0440 \u0412\u0435\u0441: 82 \u0433\/\u043c\u00b2 \u0413\u043e\u043b\u043b\u0430\u043d\u0434\u0438\u044f \u0426\u0435\u043d\u0430 \u0437\u0430 50 \u0441\u043c. \u00ab\u0435\u0441\u043b\u0438 \u043d\u0443\u0436\u0435\u043d 1 \u043c\u0435\u0442\u0440, \u0442\u043e \u0437\u0430\u043a\u0430\u0437\u044b\u0432\u0430\u0439\u0442\u0435 2 \u0448\u0442.\u00bb<\/p>","protected":false},"featured_media":46946,"template":"","meta":{"_monsterinsights_skip_tracking":false,"_monsterinsights_sitenote_active":false,"_monsterinsights_sitenote_note":"","_monsterinsights_sitenote_category":0,"_uf_show_specific_survey":0,"_uf_disable_surveys":false},"product_brand":[],"product_cat":[1333],"product_tag":[],"class_list":{"0":"post-46936","1":"product","2":"type-product","3":"status-publish","4":"has-post-thumbnail","6":"product_cat-siid-sifoon","8":"entry","9":"has-media","11":"first","12":"instock","13":"taxable","14":"shipping-taxable","15":"purchasable","16":"product-type-variable","17":"has-product-nav","18":"col","19":"span_1_of_3","20":"owp-content-center","21":"owp-thumbs-layout-horizontal","22":"owp-btn-normal","23":"owp-tabs-layout-horizontal"},"aioseo_notices":[],"aioseo_head":"\n\t\t<!-- All in One SEO Pro 4.8.3.2 - aioseo.com -->\n\t<meta name=\"description\" content=\"Shifoon, art.540752, 50cm hind, v\u00e4rvi valik: aquamariin, valge, taevasinine, kollane, roheline, punane, lilla, tume aquamariin, must\" \/>\n\t<meta name=\"robots\" content=\"max-image-preview:large\" \/>\n\t<meta name=\"keywords\" content=\"\u0448\u0438\u0444\u043e\u043d,shifoon\" \/>\n\t<link rel=\"canonical\" href=\"https:\/\/krual.ee\/et\/toode\/shifoon-art-540752-varvi-valik-50cm\/\" \/>\n\t<meta name=\"generator\" content=\"All in One SEO Pro (AIOSEO) 4.8.3.2\" \/>\n\t\t<meta property=\"og:locale\" content=\"et_EE\" \/>\n\t\t<meta property=\"og:site_name\" content=\"krual.ee - K\u00e4sit\u00f6\u00f6maailm, aknakatted\" \/>\n\t\t<meta property=\"og:type\" content=\"article\" \/>\n\t\t<meta property=\"og:title\" content=\"Shifoon art.540752, v\u00e4rvi valik - krual.ee\" \/>\n\t\t<meta property=\"og:description\" content=\"Shifoon, art.540752, 50cm hind, v\u00e4rvi valik: aquamariin, valge, taevasinine, kollane, roheline, punane, lilla, tume aquamariin, must\" \/>\n\t\t<meta property=\"og:url\" content=\"https:\/\/krual.ee\/et\/toode\/shifoon-art-540752-varvi-valik-50cm\/\" \/>\n\t\t<meta property=\"og:image\" content=\"https:\/\/krual.ee\/wp-content\/uploads\/2025\/01\/shifoon-82g-m2.jpg\" \/>\n\t\t<meta property=\"og:image:secure_url\" content=\"https:\/\/krual.ee\/wp-content\/uploads\/2025\/01\/shifoon-82g-m2.jpg\" \/>\n\t\t<meta property=\"og:image:width\" content=\"600\" \/>\n\t\t<meta property=\"og:image:height\" content=\"600\" \/>\n\t\t<meta property=\"article:tag\" content=\"\u0448\u0438\u0444\u043e\u043d\" \/>\n\t\t<meta property=\"article:tag\" content=\"shifoon\" \/>\n\t\t<meta property=\"article:published_time\" content=\"2025-01-24T11:56:15+00:00\" \/>\n\t\t<meta property=\"article:modified_time\" content=\"2026-01-24T15:56:11+00:00\" \/>\n\t\t<meta property=\"article:publisher\" content=\"https:\/\/facebook.com\/krual\" \/>\n\t\t<meta name=\"twitter:card\" content=\"summary_large_image\" \/>\n\t\t<meta name=\"twitter:title\" content=\"Shifoon art.540752, v\u00e4rvi valik - krual.ee\" \/>\n\t\t<meta name=\"twitter:description\" content=\"Shifoon, art.540752, 50cm hind, v\u00e4rvi valik: aquamariin, valge, taevasinine, kollane, roheline, punane, lilla, tume aquamariin, must\" \/>\n\t\t<meta name=\"twitter:image\" content=\"https:\/\/krual.ee\/wp-content\/uploads\/2025\/01\/shifoon-82g-m2.jpg\" \/>\n\t\t<script type=\"application\/ld+json\" class=\"aioseo-schema\">\n\t\t\t{\"@context\":\"https:\\\/\\\/schema.org\",\"@graph\":[{\"@type\":\"BreadcrumbList\",\"@id\":\"https:\\\/\\\/krual.ee\\\/et\\\/toode\\\/shifoon-art-540752-varvi-valik-50cm\\\/#breadcrumblist\",\"itemListElement\":[{\"@type\":\"ListItem\",\"@id\":\"https:\\\/\\\/krual.ee\\\/et#listItem\",\"position\":1,\"name\":\"Home\",\"item\":\"https:\\\/\\\/krual.ee\\\/et\",\"nextItem\":{\"@type\":\"ListItem\",\"@id\":\"https:\\\/\\\/krual.ee\\\/et\\\/shop\\\/#listItem\",\"name\":\"Shop\"}},{\"@type\":\"ListItem\",\"@id\":\"https:\\\/\\\/krual.ee\\\/et\\\/shop\\\/#listItem\",\"position\":2,\"name\":\"Shop\",\"item\":\"https:\\\/\\\/krual.ee\\\/et\\\/shop\\\/\",\"nextItem\":{\"@type\":\"ListItem\",\"@id\":\"https:\\\/\\\/krual.ee\\\/et\\\/tootekategooria\\\/%d1%81atalog\\\/#listItem\",\"name\":\"\\u041a\\u0430\\u0442\\u0430\\u043b\\u043e\\u0433 \\u0442\\u043e\\u0432\\u0430\\u0440\\u043e\\u0432\"},\"previousItem\":{\"@type\":\"ListItem\",\"@id\":\"https:\\\/\\\/krual.ee\\\/et#listItem\",\"name\":\"Home\"}},{\"@type\":\"ListItem\",\"@id\":\"https:\\\/\\\/krual.ee\\\/et\\\/tootekategooria\\\/%d1%81atalog\\\/#listItem\",\"position\":3,\"name\":\"\\u041a\\u0430\\u0442\\u0430\\u043b\\u043e\\u0433 \\u0442\\u043e\\u0432\\u0430\\u0440\\u043e\\u0432\",\"item\":\"https:\\\/\\\/krual.ee\\\/et\\\/tootekategooria\\\/%d1%81atalog\\\/\",\"nextItem\":{\"@type\":\"ListItem\",\"@id\":\"https:\\\/\\\/krual.ee\\\/et\\\/tootekategooria\\\/%d1%81atalog\\\/kangad\\\/#listItem\",\"name\":\"\\u0422\\u043a\\u0430\\u043d\\u0438\"},\"previousItem\":{\"@type\":\"ListItem\",\"@id\":\"https:\\\/\\\/krual.ee\\\/et\\\/shop\\\/#listItem\",\"name\":\"Shop\"}},{\"@type\":\"ListItem\",\"@id\":\"https:\\\/\\\/krual.ee\\\/et\\\/tootekategooria\\\/%d1%81atalog\\\/kangad\\\/#listItem\",\"position\":4,\"name\":\"\\u0422\\u043a\\u0430\\u043d\\u0438\",\"item\":\"https:\\\/\\\/krual.ee\\\/et\\\/tootekategooria\\\/%d1%81atalog\\\/kangad\\\/\",\"nextItem\":{\"@type\":\"ListItem\",\"@id\":\"https:\\\/\\\/krual.ee\\\/et\\\/tootekategooria\\\/%d1%81atalog\\\/kangad\\\/siid-sifoon\\\/#listItem\",\"name\":\"\\u0428\\u0451\\u043b\\u043a, \\u0448\\u0438\\u0444\\u043e\\u043d\"},\"previousItem\":{\"@type\":\"ListItem\",\"@id\":\"https:\\\/\\\/krual.ee\\\/et\\\/tootekategooria\\\/%d1%81atalog\\\/#listItem\",\"name\":\"\\u041a\\u0430\\u0442\\u0430\\u043b\\u043e\\u0433 \\u0442\\u043e\\u0432\\u0430\\u0440\\u043e\\u0432\"}},{\"@type\":\"ListItem\",\"@id\":\"https:\\\/\\\/krual.ee\\\/et\\\/tootekategooria\\\/%d1%81atalog\\\/kangad\\\/siid-sifoon\\\/#listItem\",\"position\":5,\"name\":\"\\u0428\\u0451\\u043b\\u043a, \\u0448\\u0438\\u0444\\u043e\\u043d\",\"item\":\"https:\\\/\\\/krual.ee\\\/et\\\/tootekategooria\\\/%d1%81atalog\\\/kangad\\\/siid-sifoon\\\/\",\"nextItem\":{\"@type\":\"ListItem\",\"@id\":\"https:\\\/\\\/krual.ee\\\/et\\\/toode\\\/shifoon-art-540752-varvi-valik-50cm\\\/#listItem\",\"name\":\"\\u0428\\u0438\\u0444\\u043e\\u043d  \\u0430\\u0440\\u0442.540752, \\u0432\\u044b\\u0431\\u043e\\u0440 \\u0446\\u0432\\u0435\\u0442\\u0430 (50\\u0441\\u043c)\"},\"previousItem\":{\"@type\":\"ListItem\",\"@id\":\"https:\\\/\\\/krual.ee\\\/et\\\/tootekategooria\\\/%d1%81atalog\\\/kangad\\\/#listItem\",\"name\":\"\\u0422\\u043a\\u0430\\u043d\\u0438\"}},{\"@type\":\"ListItem\",\"@id\":\"https:\\\/\\\/krual.ee\\\/et\\\/toode\\\/shifoon-art-540752-varvi-valik-50cm\\\/#listItem\",\"position\":6,\"name\":\"\\u0428\\u0438\\u0444\\u043e\\u043d  \\u0430\\u0440\\u0442.540752, \\u0432\\u044b\\u0431\\u043e\\u0440 \\u0446\\u0432\\u0435\\u0442\\u0430 (50\\u0441\\u043c)\",\"previousItem\":{\"@type\":\"ListItem\",\"@id\":\"https:\\\/\\\/krual.ee\\\/et\\\/tootekategooria\\\/%d1%81atalog\\\/kangad\\\/siid-sifoon\\\/#listItem\",\"name\":\"\\u0428\\u0451\\u043b\\u043a, \\u0448\\u0438\\u0444\\u043e\\u043d\"}}]},{\"@type\":\"ItemPage\",\"@id\":\"https:\\\/\\\/krual.ee\\\/et\\\/toode\\\/shifoon-art-540752-varvi-valik-50cm\\\/#itempage\",\"url\":\"https:\\\/\\\/krual.ee\\\/et\\\/toode\\\/shifoon-art-540752-varvi-valik-50cm\\\/\",\"name\":\"Shifoon art.540752, v\\u00e4rvi valik - krual.ee\",\"description\":\"Shifoon, art.540752, 50cm hind, v\\u00e4rvi valik: aquamariin, valge, taevasinine, kollane, roheline, punane, lilla, tume aquamariin, must\",\"inLanguage\":\"et\",\"isPartOf\":{\"@id\":\"https:\\\/\\\/krual.ee\\\/et\\\/#website\"},\"breadcrumb\":{\"@id\":\"https:\\\/\\\/krual.ee\\\/et\\\/toode\\\/shifoon-art-540752-varvi-valik-50cm\\\/#breadcrumblist\"},\"image\":{\"@type\":\"ImageObject\",\"url\":\"https:\\\/\\\/krual.ee\\\/wp-content\\\/uploads\\\/2025\\\/01\\\/shifoon-82g-m2.jpg\",\"@id\":\"https:\\\/\\\/krual.ee\\\/et\\\/toode\\\/shifoon-art-540752-varvi-valik-50cm\\\/#mainImage\",\"width\":600,\"height\":600},\"primaryImageOfPage\":{\"@id\":\"https:\\\/\\\/krual.ee\\\/et\\\/toode\\\/shifoon-art-540752-varvi-valik-50cm\\\/#mainImage\"},\"datePublished\":\"2025-01-24T13:56:15+02:00\",\"dateModified\":\"2026-01-24T17:56:11+02:00\"},{\"@type\":\"Organization\",\"@id\":\"https:\\\/\\\/krual.ee\\\/et\\\/#organization\",\"name\":\"Krual O\\u00dc\",\"description\":\"K\\u00e4sit\\u00f6\\u00f6maailm, aknakatted\",\"url\":\"https:\\\/\\\/krual.ee\\\/et\\\/\",\"email\":\"info@krual.ee\",\"telephone\":\"+37253457073\",\"logo\":{\"@type\":\"ImageObject\",\"url\":\"https:\\\/\\\/krual.ee\\\/wp-content\\\/uploads\\\/2024\\\/02\\\/cropped-logo512-jpg.webp\",\"@id\":\"https:\\\/\\\/krual.ee\\\/et\\\/toode\\\/shifoon-art-540752-varvi-valik-50cm\\\/#organizationLogo\",\"width\":512,\"height\":512},\"image\":{\"@id\":\"https:\\\/\\\/krual.ee\\\/et\\\/toode\\\/shifoon-art-540752-varvi-valik-50cm\\\/#organizationLogo\"},\"sameAs\":[\"https:\\\/\\\/facebook.com\\\/krual\",\"https:\\\/\\\/instagram.com\\\/krual2005\"],\"address\":{\"@id\":\"https:\\\/\\\/krual.ee\\\/et\\\/#postaladdress\",\"@type\":\"PostalAddress\",\"streetAddress\":\"Narva mnt.5, Krual O\\u00dc,\",\"postalCode\":\"41531\",\"addressLocality\":\"J\\u00f5hvi\",\"addressCountry\":\"EE\"}},{\"@type\":\"WebPage\",\"@id\":\"https:\\\/\\\/krual.ee\\\/et\\\/toode\\\/shifoon-art-540752-varvi-valik-50cm\\\/#webpage\",\"url\":\"https:\\\/\\\/krual.ee\\\/et\\\/toode\\\/shifoon-art-540752-varvi-valik-50cm\\\/\",\"name\":\"Shifoon art.540752, v\\u00e4rvi valik - krual.ee\",\"description\":\"Shifoon, art.540752, 50cm hind, v\\u00e4rvi valik: aquamariin, valge, taevasinine, kollane, roheline, punane, lilla, tume aquamariin, must\",\"inLanguage\":\"et\",\"isPartOf\":{\"@id\":\"https:\\\/\\\/krual.ee\\\/et\\\/#website\"},\"breadcrumb\":{\"@id\":\"https:\\\/\\\/krual.ee\\\/et\\\/toode\\\/shifoon-art-540752-varvi-valik-50cm\\\/#breadcrumblist\"},\"image\":{\"@type\":\"ImageObject\",\"url\":\"https:\\\/\\\/krual.ee\\\/wp-content\\\/uploads\\\/2025\\\/01\\\/shifoon-82g-m2.jpg\",\"@id\":\"https:\\\/\\\/krual.ee\\\/et\\\/toode\\\/shifoon-art-540752-varvi-valik-50cm\\\/#mainImage\",\"width\":600,\"height\":600},\"primaryImageOfPage\":{\"@id\":\"https:\\\/\\\/krual.ee\\\/et\\\/toode\\\/shifoon-art-540752-varvi-valik-50cm\\\/#mainImage\"},\"datePublished\":\"2025-01-24T13:56:15+02:00\",\"dateModified\":\"2026-01-24T17:56:11+02:00\"},{\"@type\":\"WebSite\",\"@id\":\"https:\\\/\\\/krual.ee\\\/et\\\/#website\",\"url\":\"https:\\\/\\\/krual.ee\\\/et\\\/\",\"name\":\"Krual\",\"description\":\"K\\u00e4sit\\u00f6\\u00f6maailm, aknakatted\",\"inLanguage\":\"et\",\"publisher\":{\"@id\":\"https:\\\/\\\/krual.ee\\\/et\\\/#organization\"}}]}\n\t\t<\/script>\n\t\t<!-- All in One SEO Pro -->\r\n\t\t<title>Shifoon art.540752, v\u00e4rvi valik - krual.ee<\/title>\n\n","aioseo_head_json":{"title":"Shifoon art.540752, v\u00e4rvi valik - krual.ee","description":"Shifoon, art.540752, 50cm hind, v\u00e4rvi valik: aquamariin, valge, taevasinine, kollane, roheline, punane, lilla, tume aquamariin, must","canonical_url":"https:\/\/krual.ee\/et\/toode\/shifoon-art-540752-varvi-valik-50cm\/","robots":"max-image-preview:large","keywords":"\u0448\u0438\u0444\u043e\u043d,shifoon","webmasterTools":{"miscellaneous":""},"schema":{"@context":"https:\/\/schema.org","@graph":[{"@type":"BreadcrumbList","@id":"https:\/\/krual.ee\/et\/toode\/shifoon-art-540752-varvi-valik-50cm\/#breadcrumblist","itemListElement":[{"@type":"ListItem","@id":"https:\/\/krual.ee\/et#listItem","position":1,"name":"Home","item":"https:\/\/krual.ee\/et","nextItem":{"@type":"ListItem","@id":"https:\/\/krual.ee\/et\/shop\/#listItem","name":"Shop"}},{"@type":"ListItem","@id":"https:\/\/krual.ee\/et\/shop\/#listItem","position":2,"name":"Shop","item":"https:\/\/krual.ee\/et\/shop\/","nextItem":{"@type":"ListItem","@id":"https:\/\/krual.ee\/et\/tootekategooria\/%d1%81atalog\/#listItem","name":"\u041a\u0430\u0442\u0430\u043b\u043e\u0433 \u0442\u043e\u0432\u0430\u0440\u043e\u0432"},"previousItem":{"@type":"ListItem","@id":"https:\/\/krual.ee\/et#listItem","name":"Home"}},{"@type":"ListItem","@id":"https:\/\/krual.ee\/et\/tootekategooria\/%d1%81atalog\/#listItem","position":3,"name":"\u041a\u0430\u0442\u0430\u043b\u043e\u0433 \u0442\u043e\u0432\u0430\u0440\u043e\u0432","item":"https:\/\/krual.ee\/et\/tootekategooria\/%d1%81atalog\/","nextItem":{"@type":"ListItem","@id":"https:\/\/krual.ee\/et\/tootekategooria\/%d1%81atalog\/kangad\/#listItem","name":"\u0422\u043a\u0430\u043d\u0438"},"previousItem":{"@type":"ListItem","@id":"https:\/\/krual.ee\/et\/shop\/#listItem","name":"Shop"}},{"@type":"ListItem","@id":"https:\/\/krual.ee\/et\/tootekategooria\/%d1%81atalog\/kangad\/#listItem","position":4,"name":"\u0422\u043a\u0430\u043d\u0438","item":"https:\/\/krual.ee\/et\/tootekategooria\/%d1%81atalog\/kangad\/","nextItem":{"@type":"ListItem","@id":"https:\/\/krual.ee\/et\/tootekategooria\/%d1%81atalog\/kangad\/siid-sifoon\/#listItem","name":"\u0428\u0451\u043b\u043a, \u0448\u0438\u0444\u043e\u043d"},"previousItem":{"@type":"ListItem","@id":"https:\/\/krual.ee\/et\/tootekategooria\/%d1%81atalog\/#listItem","name":"\u041a\u0430\u0442\u0430\u043b\u043e\u0433 \u0442\u043e\u0432\u0430\u0440\u043e\u0432"}},{"@type":"ListItem","@id":"https:\/\/krual.ee\/et\/tootekategooria\/%d1%81atalog\/kangad\/siid-sifoon\/#listItem","position":5,"name":"\u0428\u0451\u043b\u043a, \u0448\u0438\u0444\u043e\u043d","item":"https:\/\/krual.ee\/et\/tootekategooria\/%d1%81atalog\/kangad\/siid-sifoon\/","nextItem":{"@type":"ListItem","@id":"https:\/\/krual.ee\/et\/toode\/shifoon-art-540752-varvi-valik-50cm\/#listItem","name":"\u0428\u0438\u0444\u043e\u043d  \u0430\u0440\u0442.540752, \u0432\u044b\u0431\u043e\u0440 \u0446\u0432\u0435\u0442\u0430 (50\u0441\u043c)"},"previousItem":{"@type":"ListItem","@id":"https:\/\/krual.ee\/et\/tootekategooria\/%d1%81atalog\/kangad\/#listItem","name":"\u0422\u043a\u0430\u043d\u0438"}},{"@type":"ListItem","@id":"https:\/\/krual.ee\/et\/toode\/shifoon-art-540752-varvi-valik-50cm\/#listItem","position":6,"name":"\u0428\u0438\u0444\u043e\u043d  \u0430\u0440\u0442.540752, \u0432\u044b\u0431\u043e\u0440 \u0446\u0432\u0435\u0442\u0430 (50\u0441\u043c)","previousItem":{"@type":"ListItem","@id":"https:\/\/krual.ee\/et\/tootekategooria\/%d1%81atalog\/kangad\/siid-sifoon\/#listItem","name":"\u0428\u0451\u043b\u043a, \u0448\u0438\u0444\u043e\u043d"}}]},{"@type":"ItemPage","@id":"https:\/\/krual.ee\/et\/toode\/shifoon-art-540752-varvi-valik-50cm\/#itempage","url":"https:\/\/krual.ee\/et\/toode\/shifoon-art-540752-varvi-valik-50cm\/","name":"Shifoon art.540752, v\u00e4rvi valik - krual.ee","description":"Shifoon, art.540752, 50cm hind, v\u00e4rvi valik: aquamariin, valge, taevasinine, kollane, roheline, punane, lilla, tume aquamariin, must","inLanguage":"et","isPartOf":{"@id":"https:\/\/krual.ee\/et\/#website"},"breadcrumb":{"@id":"https:\/\/krual.ee\/et\/toode\/shifoon-art-540752-varvi-valik-50cm\/#breadcrumblist"},"image":{"@type":"ImageObject","url":"https:\/\/krual.ee\/wp-content\/uploads\/2025\/01\/shifoon-82g-m2.jpg","@id":"https:\/\/krual.ee\/et\/toode\/shifoon-art-540752-varvi-valik-50cm\/#mainImage","width":600,"height":600},"primaryImageOfPage":{"@id":"https:\/\/krual.ee\/et\/toode\/shifoon-art-540752-varvi-valik-50cm\/#mainImage"},"datePublished":"2025-01-24T13:56:15+02:00","dateModified":"2026-01-24T17:56:11+02:00"},{"@type":"Organization","@id":"https:\/\/krual.ee\/et\/#organization","name":"Krual O\u00dc","description":"K\u00e4sit\u00f6\u00f6maailm, aknakatted","url":"https:\/\/krual.ee\/et\/","email":"info@krual.ee","telephone":"+37253457073","logo":{"@type":"ImageObject","url":"https:\/\/krual.ee\/wp-content\/uploads\/2024\/02\/cropped-logo512-jpg.webp","@id":"https:\/\/krual.ee\/et\/toode\/shifoon-art-540752-varvi-valik-50cm\/#organizationLogo","width":512,"height":512},"image":{"@id":"https:\/\/krual.ee\/et\/toode\/shifoon-art-540752-varvi-valik-50cm\/#organizationLogo"},"sameAs":["https:\/\/facebook.com\/krual","https:\/\/instagram.com\/krual2005"],"address":{"@id":"https:\/\/krual.ee\/et\/#postaladdress","@type":"PostalAddress","streetAddress":"Narva mnt.5, Krual O\u00dc,","postalCode":"41531","addressLocality":"J\u00f5hvi","addressCountry":"EE"}},{"@type":"WebPage","@id":"https:\/\/krual.ee\/et\/toode\/shifoon-art-540752-varvi-valik-50cm\/#webpage","url":"https:\/\/krual.ee\/et\/toode\/shifoon-art-540752-varvi-valik-50cm\/","name":"Shifoon art.540752, v\u00e4rvi valik - krual.ee","description":"Shifoon, art.540752, 50cm hind, v\u00e4rvi valik: aquamariin, valge, taevasinine, kollane, roheline, punane, lilla, tume aquamariin, must","inLanguage":"et","isPartOf":{"@id":"https:\/\/krual.ee\/et\/#website"},"breadcrumb":{"@id":"https:\/\/krual.ee\/et\/toode\/shifoon-art-540752-varvi-valik-50cm\/#breadcrumblist"},"image":{"@type":"ImageObject","url":"https:\/\/krual.ee\/wp-content\/uploads\/2025\/01\/shifoon-82g-m2.jpg","@id":"https:\/\/krual.ee\/et\/toode\/shifoon-art-540752-varvi-valik-50cm\/#mainImage","width":600,"height":600},"primaryImageOfPage":{"@id":"https:\/\/krual.ee\/et\/toode\/shifoon-art-540752-varvi-valik-50cm\/#mainImage"},"datePublished":"2025-01-24T13:56:15+02:00","dateModified":"2026-01-24T17:56:11+02:00"},{"@type":"WebSite","@id":"https:\/\/krual.ee\/et\/#website","url":"https:\/\/krual.ee\/et\/","name":"Krual","description":"K\u00e4sit\u00f6\u00f6maailm, aknakatted","inLanguage":"et","publisher":{"@id":"https:\/\/krual.ee\/et\/#organization"}}]},"og:locale":"et_EE","og:site_name":"krual.ee - K\u00e4sit\u00f6\u00f6maailm, aknakatted","og:type":"article","og:title":"Shifoon art.540752, v\u00e4rvi valik - krual.ee","og:description":"Shifoon, art.540752, 50cm hind, v\u00e4rvi valik: aquamariin, valge, taevasinine, kollane, roheline, punane, lilla, tume aquamariin, must","og:url":"https:\/\/krual.ee\/et\/toode\/shifoon-art-540752-varvi-valik-50cm\/","og:image":"https:\/\/krual.ee\/wp-content\/uploads\/2025\/01\/shifoon-82g-m2.jpg","og:image:secure_url":"https:\/\/krual.ee\/wp-content\/uploads\/2025\/01\/shifoon-82g-m2.jpg","og:image:width":"600","og:image:height":"600","article:tag":["\u0448\u0438\u0444\u043e\u043d","shifoon"],"article:published_time":"2025-01-24T11:56:15+00:00","article:modified_time":"2026-01-24T15:56:11+00:00","article:publisher":"https:\/\/facebook.com\/krual","twitter:card":"summary_large_image","twitter:title":"Shifoon art.540752, v\u00e4rvi valik - krual.ee","twitter:description":"Shifoon, art.540752, 50cm hind, v\u00e4rvi valik: aquamariin, valge, taevasinine, kollane, roheline, punane, lilla, tume aquamariin, must","twitter:image":"https:\/\/krual.ee\/wp-content\/uploads\/2025\/01\/shifoon-82g-m2.jpg"},"aioseo_meta_data":{"post_id":"46936","title":"Shifoon art.540752, v\u00e4rvi valik #separator_sa #site_title","description":"Shifoon, art.540752, 50cm hind, v\u00e4rvi valik: aquamariin, valge, taevasinine, kollane, roheline, punane, lilla, tume aquamariin, must","keywords":[{"label":"\u0428\u0438\u0444\u043e\u043d","value":"\u0428\u0438\u0444\u043e\u043d"},{"label":"Shifoon","value":"Shifoon"}],"keyphrases":{"focus":{"keyphrase":"Shifoon","score":64,"analysis":{"keyphraseInTitle":{"score":9,"maxScore":9,"error":0},"keyphraseInDescription":{"score":9,"maxScore":9,"error":0},"keyphraseLength":{"score":9,"maxScore":9,"error":0,"length":1},"keyphraseInURL":{"score":5,"maxScore":5,"error":0},"keyphraseInIntroduction":{"score":3,"maxScore":9,"error":1},"keyphraseInSubHeadings":[],"keyphraseInImageAlt":{"score":3,"maxScore":9,"error":1},"keywordDensity":{"score":0,"type":"low","maxScore":9,"error":1}}},"additional":[]},"primary_term":null,"canonical_url":null,"og_title":null,"og_description":null,"og_object_type":"default","og_image_type":"featured","og_image_url":"https:\/\/krual.ee\/wp-content\/uploads\/2025\/01\/shifoon-82g-m2.jpg","og_image_width":"600","og_image_height":"600","og_image_custom_url":null,"og_image_custom_fields":null,"og_video":"","og_custom_url":null,"og_article_section":null,"og_article_tags":[{"label":"\u0428\u0438\u0444\u043e\u043d","value":"\u0428\u0438\u0444\u043e\u043d"},{"label":"Shifoon","value":"Shifoon"}],"twitter_use_og":true,"twitter_card":"default","twitter_image_type":"default","twitter_image_url":null,"twitter_image_custom_url":null,"twitter_image_custom_fields":null,"twitter_title":null,"twitter_description":null,"schema":{"blockGraphs":[],"customGraphs":[],"default":{"data":{"Article":[],"Course":[],"Dataset":[],"FAQPage":[],"Movie":[],"Person":[],"Product":[],"ProductReview":[],"Car":[],"Recipe":[],"Service":[],"SoftwareApplication":[],"WebPage":[]},"graphName":"ItemPage","isEnabled":true},"graphs":[]},"schema_type":"default","schema_type_options":null,"pillar_content":false,"robots_default":true,"robots_noindex":false,"robots_noarchive":false,"robots_nosnippet":false,"robots_nofollow":false,"robots_noimageindex":false,"robots_noodp":false,"robots_notranslate":false,"robots_max_snippet":"-1","robots_max_videopreview":"-1","robots_max_imagepreview":"large","priority":null,"frequency":"default","local_seo":null,"limit_modified_date":false,"reviewed_by":null,"created":"2025-01-24 11:46:39","updated":"2026-01-24 15:59:12"},"aioseo_breadcrumb":"<div class=\"aioseo-breadcrumbs\"><span class=\"aioseo-breadcrumb\">\n\t<a href=\"https:\/\/krual.ee\/et\" title=\"Home\">Home<\/a>\n<\/span><span class=\"aioseo-breadcrumb-separator\">\u00bb<\/span><span class=\"aioseo-breadcrumb\">\n\t<a href=\"https:\/\/krual.ee\/et\/shop\/\" title=\"Shop\">Shop<\/a>\n<\/span><span class=\"aioseo-breadcrumb-separator\">\u00bb<\/span><span class=\"aioseo-breadcrumb\">\n\t<a href=\"https:\/\/krual.ee\/et\/tootekategooria\/%d1%81atalog\/\" title=\"\u041a\u0430\u0442\u0430\u043b\u043e\u0433 \u0442\u043e\u0432\u0430\u0440\u043e\u0432\">\u041a\u0430\u0442\u0430\u043b\u043e\u0433 \u0442\u043e\u0432\u0430\u0440\u043e\u0432<\/a>\n<\/span><span class=\"aioseo-breadcrumb-separator\">\u00bb<\/span><span class=\"aioseo-breadcrumb\">\n\t<a href=\"https:\/\/krual.ee\/et\/tootekategooria\/%d1%81atalog\/kangad\/\" title=\"\u0422\u043a\u0430\u043d\u0438\">\u0422\u043a\u0430\u043d\u0438<\/a>\n<\/span><span class=\"aioseo-breadcrumb-separator\">\u00bb<\/span><span class=\"aioseo-breadcrumb\">\n\t<a href=\"https:\/\/krual.ee\/et\/tootekategooria\/%d1%81atalog\/kangad\/siid-sifoon\/\" title=\"\u0428\u0451\u043b\u043a, \u0448\u0438\u0444\u043e\u043d\">\u0428\u0451\u043b\u043a, \u0448\u0438\u0444\u043e\u043d<\/a>\n<\/span><span class=\"aioseo-breadcrumb-separator\">\u00bb<\/span><span class=\"aioseo-breadcrumb\">\n\t\u0428\u0438\u0444\u043e\u043d  \u0430\u0440\u0442.540752, \u0432\u044b\u0431\u043e\u0440 \u0446\u0432\u0435\u0442\u0430 (50\u0441\u043c)\n<\/span><\/div>","aioseo_breadcrumb_json":[{"label":"Home","link":"https:\/\/krual.ee\/et"},{"label":"Shop","link":"https:\/\/krual.ee\/et\/shop\/"},{"label":"\u041a\u0430\u0442\u0430\u043b\u043e\u0433 \u0442\u043e\u0432\u0430\u0440\u043e\u0432","link":"https:\/\/krual.ee\/et\/tootekategooria\/%d1%81atalog\/"},{"label":"\u0422\u043a\u0430\u043d\u0438","link":"https:\/\/krual.ee\/et\/tootekategooria\/%d1%81atalog\/kangad\/"},{"label":"\u0428\u0451\u043b\u043a, \u0448\u0438\u0444\u043e\u043d","link":"https:\/\/krual.ee\/et\/tootekategooria\/%d1%81atalog\/kangad\/siid-sifoon\/"},{"label":"\u0428\u0438\u0444\u043e\u043d  \u0430\u0440\u0442.540752, \u0432\u044b\u0431\u043e\u0440 \u0446\u0432\u0435\u0442\u0430 (50\u0441\u043c)","link":"https:\/\/krual.ee\/et\/toode\/shifoon-art-540752-varvi-valik-50cm\/"}],"_links":{"self":[{"href":"https:\/\/krual.ee\/et\/wp-json\/wp\/v2\/product\/46936","targetHints":{"allow":["GET"]}}],"collection":[{"href":"https:\/\/krual.ee\/et\/wp-json\/wp\/v2\/product"}],"about":[{"href":"https:\/\/krual.ee\/et\/wp-json\/wp\/v2\/types\/product"}],"version-history":[{"count":0,"href":"https:\/\/krual.ee\/et\/wp-json\/wp\/v2\/product\/46936\/revisions"}],"wp:featuredmedia":[{"embeddable":true,"href":"https:\/\/krual.ee\/et\/wp-json\/wp\/v2\/media\/46946"}],"wp:attachment":[{"href":"https:\/\/krual.ee\/et\/wp-json\/wp\/v2\/media?parent=46936"}],"wp:term":[{"taxonomy":"product_brand","embeddable":true,"href":"https:\/\/krual.ee\/et\/wp-json\/wp\/v2\/product_brand?post=46936"},{"taxonomy":"product_cat","embeddable":true,"href":"https:\/\/krual.ee\/et\/wp-json\/wp\/v2\/product_cat?post=46936"},{"taxonomy":"product_tag","embeddable":true,"href":"https:\/\/krual.ee\/et\/wp-json\/wp\/v2\/product_tag?post=46936"}],"curies":[{"name":"wp","href":"https:\/\/api.w.org\/{rel}","templated":true}]}}