{"id":44609,"date":"2024-10-03T14:51:24","date_gmt":"2024-10-03T12:51:24","guid":{"rendered":"https:\/\/krual.ee\/?post_type=product&#038;p=44609"},"modified":"2024-10-10T08:49:34","modified_gmt":"2024-10-10T06:49:34","slug":"ratsepa-lekaalid-060586-plastik-3tk-305sm-32sm-425sm","status":"publish","type":"product","link":"https:\/\/krual.ee\/et\/toode\/ratsepa-lekaalid-060586-plastik-3tk-305sm-32sm-425sm\/","title":{"rendered":"R\u00e4tsepa lekaalid 060586 plastik 3tk\/30,5\u0441m-32\u0441m-42,5\u0441m"},"content":{"rendered":"","protected":false},"excerpt":{"rendered":"","protected":false},"featured_media":44610,"template":"","meta":{"_monsterinsights_skip_tracking":false,"_monsterinsights_sitenote_active":false,"_monsterinsights_sitenote_note":"","_monsterinsights_sitenote_category":0,"_uf_show_specific_survey":0,"_uf_disable_surveys":false},"product_brand":[],"product_cat":[1359],"product_tag":[],"class_list":{"0":"post-44609","1":"product","2":"type-product","3":"status-publish","4":"has-post-thumbnail","6":"product_cat-mootevahendid-lekaalid","8":"entry","9":"has-media","11":"first","12":"instock","13":"taxable","14":"shipping-taxable","15":"purchasable","16":"product-type-simple","17":"has-product-nav","18":"col","19":"span_1_of_3","20":"owp-content-center","21":"owp-thumbs-layout-horizontal","22":"owp-btn-normal","23":"owp-tabs-layout-horizontal","24":"has-no-thumbnails"},"aioseo_notices":[],"aioseo_head":"\n\t\t<!-- All in One SEO Pro 4.8.3.2 - aioseo.com -->\n\t<meta name=\"description\" content=\"R\u00e4tsepa lekaalid 060586 plastik 3tk\/30,5\u0441m-32\u0441m-42,5\u0441m\" \/>\n\t<meta name=\"robots\" content=\"max-image-preview:large\" \/>\n\t<meta name=\"keywords\" content=\"lekaalid,\u043b\u0435\u043a\u0430\u043b\u0430\" \/>\n\t<link rel=\"canonical\" href=\"https:\/\/krual.ee\/et\/toode\/ratsepa-lekaalid-060586-plastik-3tk-305sm-32sm-425sm\/\" \/>\n\t<meta name=\"generator\" content=\"All in One SEO Pro (AIOSEO) 4.8.3.2\" \/>\n\t\t<meta property=\"og:locale\" content=\"et_EE\" \/>\n\t\t<meta property=\"og:site_name\" content=\"krual.ee - K\u00e4sit\u00f6\u00f6maailm, aknakatted\" \/>\n\t\t<meta property=\"og:type\" content=\"article\" \/>\n\t\t<meta property=\"og:title\" content=\"R\u00e4tsepa lekaalid 060586 plastik 3tk - krual.ee\" \/>\n\t\t<meta property=\"og:description\" content=\"R\u00e4tsepa lekaalid 060586 plastik 3tk\/30,5\u0441m-32\u0441m-42,5\u0441m\" \/>\n\t\t<meta property=\"og:url\" content=\"https:\/\/krual.ee\/et\/toode\/ratsepa-lekaalid-060586-plastik-3tk-305sm-32sm-425sm\/\" \/>\n\t\t<meta property=\"og:image\" content=\"https:\/\/krual.ee\/wp-content\/uploads\/2024\/10\/plastikust-lekaalid-3tk-060568-kood-238120608kl.jpg\" \/>\n\t\t<meta property=\"og:image:secure_url\" content=\"https:\/\/krual.ee\/wp-content\/uploads\/2024\/10\/plastikust-lekaalid-3tk-060568-kood-238120608kl.jpg\" \/>\n\t\t<meta property=\"og:image:width\" content=\"600\" \/>\n\t\t<meta property=\"og:image:height\" content=\"600\" \/>\n\t\t<meta property=\"article:tag\" content=\"lekaalid\" \/>\n\t\t<meta property=\"article:tag\" content=\"\u043b\u0435\u043a\u0430\u043b\u0430\" \/>\n\t\t<meta property=\"article:published_time\" content=\"2024-10-03T12:51:24+00:00\" \/>\n\t\t<meta property=\"article:modified_time\" content=\"2024-10-10T06:49:34+00:00\" \/>\n\t\t<meta property=\"article:publisher\" content=\"https:\/\/facebook.com\/krual\" \/>\n\t\t<meta name=\"twitter:card\" content=\"summary_large_image\" \/>\n\t\t<meta name=\"twitter:title\" content=\"R\u00e4tsepa lekaalid 060586 plastik 3tk - krual.ee\" \/>\n\t\t<meta name=\"twitter:description\" content=\"R\u00e4tsepa lekaalid 060586 plastik 3tk\/30,5\u0441m-32\u0441m-42,5\u0441m\" \/>\n\t\t<meta name=\"twitter:image\" content=\"https:\/\/krual.ee\/wp-content\/uploads\/2024\/10\/plastikust-lekaalid-3tk-060568-kood-238120608kl.jpg\" \/>\n\t\t<script type=\"application\/ld+json\" class=\"aioseo-schema\">\n\t\t\t{\"@context\":\"https:\\\/\\\/schema.org\",\"@graph\":[{\"@type\":\"BreadcrumbList\",\"@id\":\"https:\\\/\\\/krual.ee\\\/et\\\/toode\\\/ratsepa-lekaalid-060586-plastik-3tk-305sm-32sm-425sm\\\/#breadcrumblist\",\"itemListElement\":[{\"@type\":\"ListItem\",\"@id\":\"https:\\\/\\\/krual.ee\\\/et#listItem\",\"position\":1,\"name\":\"Home\",\"item\":\"https:\\\/\\\/krual.ee\\\/et\",\"nextItem\":{\"@type\":\"ListItem\",\"@id\":\"https:\\\/\\\/krual.ee\\\/et\\\/shop\\\/#listItem\",\"name\":\"Shop\"}},{\"@type\":\"ListItem\",\"@id\":\"https:\\\/\\\/krual.ee\\\/et\\\/shop\\\/#listItem\",\"position\":2,\"name\":\"Shop\",\"item\":\"https:\\\/\\\/krual.ee\\\/et\\\/shop\\\/\",\"nextItem\":{\"@type\":\"ListItem\",\"@id\":\"https:\\\/\\\/krual.ee\\\/et\\\/tootekategooria\\\/%d1%81atalog\\\/#listItem\",\"name\":\"\\u041a\\u0430\\u0442\\u0430\\u043b\\u043e\\u0433 \\u0442\\u043e\\u0432\\u0430\\u0440\\u043e\\u0432\"},\"previousItem\":{\"@type\":\"ListItem\",\"@id\":\"https:\\\/\\\/krual.ee\\\/et#listItem\",\"name\":\"Home\"}},{\"@type\":\"ListItem\",\"@id\":\"https:\\\/\\\/krual.ee\\\/et\\\/tootekategooria\\\/%d1%81atalog\\\/#listItem\",\"position\":3,\"name\":\"\\u041a\\u0430\\u0442\\u0430\\u043b\\u043e\\u0433 \\u0442\\u043e\\u0432\\u0430\\u0440\\u043e\\u0432\",\"item\":\"https:\\\/\\\/krual.ee\\\/et\\\/tootekategooria\\\/%d1%81atalog\\\/\",\"nextItem\":{\"@type\":\"ListItem\",\"@id\":\"https:\\\/\\\/krual.ee\\\/et\\\/tootekategooria\\\/%d1%81atalog\\\/instrumendid\\\/#listItem\",\"name\":\"\\u0418\\u043d\\u0441\\u0442\\u0440\\u0443\\u043c\\u0435\\u043d\\u0442\\u044b\"},\"previousItem\":{\"@type\":\"ListItem\",\"@id\":\"https:\\\/\\\/krual.ee\\\/et\\\/shop\\\/#listItem\",\"name\":\"Shop\"}},{\"@type\":\"ListItem\",\"@id\":\"https:\\\/\\\/krual.ee\\\/et\\\/tootekategooria\\\/%d1%81atalog\\\/instrumendid\\\/#listItem\",\"position\":4,\"name\":\"\\u0418\\u043d\\u0441\\u0442\\u0440\\u0443\\u043c\\u0435\\u043d\\u0442\\u044b\",\"item\":\"https:\\\/\\\/krual.ee\\\/et\\\/tootekategooria\\\/%d1%81atalog\\\/instrumendid\\\/\",\"nextItem\":{\"@type\":\"ListItem\",\"@id\":\"https:\\\/\\\/krual.ee\\\/et\\\/tootekategooria\\\/%d1%81atalog\\\/instrumendid\\\/mootevahendid-lekaalid\\\/#listItem\",\"name\":\"\\u041b\\u0438\\u043d\\u0435\\u0439\\u043a\\u0438, \\u043b\\u0435\\u043a\\u0430\\u043b\\u0430\"},\"previousItem\":{\"@type\":\"ListItem\",\"@id\":\"https:\\\/\\\/krual.ee\\\/et\\\/tootekategooria\\\/%d1%81atalog\\\/#listItem\",\"name\":\"\\u041a\\u0430\\u0442\\u0430\\u043b\\u043e\\u0433 \\u0442\\u043e\\u0432\\u0430\\u0440\\u043e\\u0432\"}},{\"@type\":\"ListItem\",\"@id\":\"https:\\\/\\\/krual.ee\\\/et\\\/tootekategooria\\\/%d1%81atalog\\\/instrumendid\\\/mootevahendid-lekaalid\\\/#listItem\",\"position\":5,\"name\":\"\\u041b\\u0438\\u043d\\u0435\\u0439\\u043a\\u0438, \\u043b\\u0435\\u043a\\u0430\\u043b\\u0430\",\"item\":\"https:\\\/\\\/krual.ee\\\/et\\\/tootekategooria\\\/%d1%81atalog\\\/instrumendid\\\/mootevahendid-lekaalid\\\/\",\"nextItem\":{\"@type\":\"ListItem\",\"@id\":\"https:\\\/\\\/krual.ee\\\/et\\\/toode\\\/ratsepa-lekaalid-060586-plastik-3tk-305sm-32sm-425sm\\\/#listItem\",\"name\":\"\\u041b\\u0435\\u043a\\u0430\\u043b\\u0430 \\u043f\\u043e\\u0440\\u0442\\u043d\\u043e\\u0432\\u0441\\u043a\\u0438\\u0435 060586 \\u043f\\u043b\\u0430\\u0441\\u0442\\u0438\\u043a 3\\u0448\\u0442\\\/30,5\\u0441\\u043c-32\\u0441\\u043c-42,5\\u0441\\u043c\"},\"previousItem\":{\"@type\":\"ListItem\",\"@id\":\"https:\\\/\\\/krual.ee\\\/et\\\/tootekategooria\\\/%d1%81atalog\\\/instrumendid\\\/#listItem\",\"name\":\"\\u0418\\u043d\\u0441\\u0442\\u0440\\u0443\\u043c\\u0435\\u043d\\u0442\\u044b\"}},{\"@type\":\"ListItem\",\"@id\":\"https:\\\/\\\/krual.ee\\\/et\\\/toode\\\/ratsepa-lekaalid-060586-plastik-3tk-305sm-32sm-425sm\\\/#listItem\",\"position\":6,\"name\":\"\\u041b\\u0435\\u043a\\u0430\\u043b\\u0430 \\u043f\\u043e\\u0440\\u0442\\u043d\\u043e\\u0432\\u0441\\u043a\\u0438\\u0435 060586 \\u043f\\u043b\\u0430\\u0441\\u0442\\u0438\\u043a 3\\u0448\\u0442\\\/30,5\\u0441\\u043c-32\\u0441\\u043c-42,5\\u0441\\u043c\",\"previousItem\":{\"@type\":\"ListItem\",\"@id\":\"https:\\\/\\\/krual.ee\\\/et\\\/tootekategooria\\\/%d1%81atalog\\\/instrumendid\\\/mootevahendid-lekaalid\\\/#listItem\",\"name\":\"\\u041b\\u0438\\u043d\\u0435\\u0439\\u043a\\u0438, \\u043b\\u0435\\u043a\\u0430\\u043b\\u0430\"}}]},{\"@type\":\"ItemPage\",\"@id\":\"https:\\\/\\\/krual.ee\\\/et\\\/toode\\\/ratsepa-lekaalid-060586-plastik-3tk-305sm-32sm-425sm\\\/#itempage\",\"url\":\"https:\\\/\\\/krual.ee\\\/et\\\/toode\\\/ratsepa-lekaalid-060586-plastik-3tk-305sm-32sm-425sm\\\/\",\"name\":\"R\\u00e4tsepa lekaalid 060586 plastik 3tk - krual.ee\",\"description\":\"R\\u00e4tsepa lekaalid 060586 plastik 3tk\\\/30,5\\u0441m-32\\u0441m-42,5\\u0441m\",\"inLanguage\":\"et\",\"isPartOf\":{\"@id\":\"https:\\\/\\\/krual.ee\\\/et\\\/#website\"},\"breadcrumb\":{\"@id\":\"https:\\\/\\\/krual.ee\\\/et\\\/toode\\\/ratsepa-lekaalid-060586-plastik-3tk-305sm-32sm-425sm\\\/#breadcrumblist\"},\"image\":{\"@type\":\"ImageObject\",\"url\":\"https:\\\/\\\/krual.ee\\\/wp-content\\\/uploads\\\/2024\\\/10\\\/plastikust-lekaalid-3tk-060568-kood-238120608kl.jpg\",\"@id\":\"https:\\\/\\\/krual.ee\\\/et\\\/toode\\\/ratsepa-lekaalid-060586-plastik-3tk-305sm-32sm-425sm\\\/#mainImage\",\"width\":600,\"height\":600},\"primaryImageOfPage\":{\"@id\":\"https:\\\/\\\/krual.ee\\\/et\\\/toode\\\/ratsepa-lekaalid-060586-plastik-3tk-305sm-32sm-425sm\\\/#mainImage\"},\"datePublished\":\"2024-10-03T14:51:24+02:00\",\"dateModified\":\"2024-10-10T08:49:34+02:00\"},{\"@type\":\"Organization\",\"@id\":\"https:\\\/\\\/krual.ee\\\/et\\\/#organization\",\"name\":\"Krual O\\u00dc\",\"description\":\"K\\u00e4sit\\u00f6\\u00f6maailm, aknakatted\",\"url\":\"https:\\\/\\\/krual.ee\\\/et\\\/\",\"email\":\"info@krual.ee\",\"telephone\":\"+37253457073\",\"logo\":{\"@type\":\"ImageObject\",\"url\":\"https:\\\/\\\/krual.ee\\\/wp-content\\\/uploads\\\/2024\\\/02\\\/cropped-logo512-jpg.webp\",\"@id\":\"https:\\\/\\\/krual.ee\\\/et\\\/toode\\\/ratsepa-lekaalid-060586-plastik-3tk-305sm-32sm-425sm\\\/#organizationLogo\",\"width\":512,\"height\":512},\"image\":{\"@id\":\"https:\\\/\\\/krual.ee\\\/et\\\/toode\\\/ratsepa-lekaalid-060586-plastik-3tk-305sm-32sm-425sm\\\/#organizationLogo\"},\"sameAs\":[\"https:\\\/\\\/facebook.com\\\/krual\",\"https:\\\/\\\/instagram.com\\\/krual2005\"],\"address\":{\"@id\":\"https:\\\/\\\/krual.ee\\\/et\\\/#postaladdress\",\"@type\":\"PostalAddress\",\"streetAddress\":\"Narva mnt.5, Krual O\\u00dc,\",\"postalCode\":\"41531\",\"addressLocality\":\"J\\u00f5hvi\",\"addressCountry\":\"EE\"}},{\"@type\":\"WebPage\",\"@id\":\"https:\\\/\\\/krual.ee\\\/et\\\/toode\\\/ratsepa-lekaalid-060586-plastik-3tk-305sm-32sm-425sm\\\/#webpage\",\"url\":\"https:\\\/\\\/krual.ee\\\/et\\\/toode\\\/ratsepa-lekaalid-060586-plastik-3tk-305sm-32sm-425sm\\\/\",\"name\":\"R\\u00e4tsepa lekaalid 060586 plastik 3tk - krual.ee\",\"description\":\"R\\u00e4tsepa lekaalid 060586 plastik 3tk\\\/30,5\\u0441m-32\\u0441m-42,5\\u0441m\",\"inLanguage\":\"et\",\"isPartOf\":{\"@id\":\"https:\\\/\\\/krual.ee\\\/et\\\/#website\"},\"breadcrumb\":{\"@id\":\"https:\\\/\\\/krual.ee\\\/et\\\/toode\\\/ratsepa-lekaalid-060586-plastik-3tk-305sm-32sm-425sm\\\/#breadcrumblist\"},\"image\":{\"@type\":\"ImageObject\",\"url\":\"https:\\\/\\\/krual.ee\\\/wp-content\\\/uploads\\\/2024\\\/10\\\/plastikust-lekaalid-3tk-060568-kood-238120608kl.jpg\",\"@id\":\"https:\\\/\\\/krual.ee\\\/et\\\/toode\\\/ratsepa-lekaalid-060586-plastik-3tk-305sm-32sm-425sm\\\/#mainImage\",\"width\":600,\"height\":600},\"primaryImageOfPage\":{\"@id\":\"https:\\\/\\\/krual.ee\\\/et\\\/toode\\\/ratsepa-lekaalid-060586-plastik-3tk-305sm-32sm-425sm\\\/#mainImage\"},\"datePublished\":\"2024-10-03T14:51:24+02:00\",\"dateModified\":\"2024-10-10T08:49:34+02:00\"},{\"@type\":\"WebSite\",\"@id\":\"https:\\\/\\\/krual.ee\\\/et\\\/#website\",\"url\":\"https:\\\/\\\/krual.ee\\\/et\\\/\",\"name\":\"Krual\",\"description\":\"K\\u00e4sit\\u00f6\\u00f6maailm, aknakatted\",\"inLanguage\":\"et\",\"publisher\":{\"@id\":\"https:\\\/\\\/krual.ee\\\/et\\\/#organization\"}}]}\n\t\t<\/script>\n\t\t<!-- All in One SEO Pro -->\r\n\t\t<title>R\u00e4tsepa lekaalid 060586 plastik 3tk - krual.ee<\/title>\n\n","aioseo_head_json":{"title":"R\u00e4tsepa lekaalid 060586 plastik 3tk - krual.ee","description":"R\u00e4tsepa lekaalid 060586 plastik 3tk\/30,5\u0441m-32\u0441m-42,5\u0441m","canonical_url":"https:\/\/krual.ee\/et\/toode\/ratsepa-lekaalid-060586-plastik-3tk-305sm-32sm-425sm\/","robots":"max-image-preview:large","keywords":"lekaalid,\u043b\u0435\u043a\u0430\u043b\u0430","webmasterTools":{"miscellaneous":""},"schema":{"@context":"https:\/\/schema.org","@graph":[{"@type":"BreadcrumbList","@id":"https:\/\/krual.ee\/et\/toode\/ratsepa-lekaalid-060586-plastik-3tk-305sm-32sm-425sm\/#breadcrumblist","itemListElement":[{"@type":"ListItem","@id":"https:\/\/krual.ee\/et#listItem","position":1,"name":"Home","item":"https:\/\/krual.ee\/et","nextItem":{"@type":"ListItem","@id":"https:\/\/krual.ee\/et\/shop\/#listItem","name":"Shop"}},{"@type":"ListItem","@id":"https:\/\/krual.ee\/et\/shop\/#listItem","position":2,"name":"Shop","item":"https:\/\/krual.ee\/et\/shop\/","nextItem":{"@type":"ListItem","@id":"https:\/\/krual.ee\/et\/tootekategooria\/%d1%81atalog\/#listItem","name":"\u041a\u0430\u0442\u0430\u043b\u043e\u0433 \u0442\u043e\u0432\u0430\u0440\u043e\u0432"},"previousItem":{"@type":"ListItem","@id":"https:\/\/krual.ee\/et#listItem","name":"Home"}},{"@type":"ListItem","@id":"https:\/\/krual.ee\/et\/tootekategooria\/%d1%81atalog\/#listItem","position":3,"name":"\u041a\u0430\u0442\u0430\u043b\u043e\u0433 \u0442\u043e\u0432\u0430\u0440\u043e\u0432","item":"https:\/\/krual.ee\/et\/tootekategooria\/%d1%81atalog\/","nextItem":{"@type":"ListItem","@id":"https:\/\/krual.ee\/et\/tootekategooria\/%d1%81atalog\/instrumendid\/#listItem","name":"\u0418\u043d\u0441\u0442\u0440\u0443\u043c\u0435\u043d\u0442\u044b"},"previousItem":{"@type":"ListItem","@id":"https:\/\/krual.ee\/et\/shop\/#listItem","name":"Shop"}},{"@type":"ListItem","@id":"https:\/\/krual.ee\/et\/tootekategooria\/%d1%81atalog\/instrumendid\/#listItem","position":4,"name":"\u0418\u043d\u0441\u0442\u0440\u0443\u043c\u0435\u043d\u0442\u044b","item":"https:\/\/krual.ee\/et\/tootekategooria\/%d1%81atalog\/instrumendid\/","nextItem":{"@type":"ListItem","@id":"https:\/\/krual.ee\/et\/tootekategooria\/%d1%81atalog\/instrumendid\/mootevahendid-lekaalid\/#listItem","name":"\u041b\u0438\u043d\u0435\u0439\u043a\u0438, \u043b\u0435\u043a\u0430\u043b\u0430"},"previousItem":{"@type":"ListItem","@id":"https:\/\/krual.ee\/et\/tootekategooria\/%d1%81atalog\/#listItem","name":"\u041a\u0430\u0442\u0430\u043b\u043e\u0433 \u0442\u043e\u0432\u0430\u0440\u043e\u0432"}},{"@type":"ListItem","@id":"https:\/\/krual.ee\/et\/tootekategooria\/%d1%81atalog\/instrumendid\/mootevahendid-lekaalid\/#listItem","position":5,"name":"\u041b\u0438\u043d\u0435\u0439\u043a\u0438, \u043b\u0435\u043a\u0430\u043b\u0430","item":"https:\/\/krual.ee\/et\/tootekategooria\/%d1%81atalog\/instrumendid\/mootevahendid-lekaalid\/","nextItem":{"@type":"ListItem","@id":"https:\/\/krual.ee\/et\/toode\/ratsepa-lekaalid-060586-plastik-3tk-305sm-32sm-425sm\/#listItem","name":"\u041b\u0435\u043a\u0430\u043b\u0430 \u043f\u043e\u0440\u0442\u043d\u043e\u0432\u0441\u043a\u0438\u0435 060586 \u043f\u043b\u0430\u0441\u0442\u0438\u043a 3\u0448\u0442\/30,5\u0441\u043c-32\u0441\u043c-42,5\u0441\u043c"},"previousItem":{"@type":"ListItem","@id":"https:\/\/krual.ee\/et\/tootekategooria\/%d1%81atalog\/instrumendid\/#listItem","name":"\u0418\u043d\u0441\u0442\u0440\u0443\u043c\u0435\u043d\u0442\u044b"}},{"@type":"ListItem","@id":"https:\/\/krual.ee\/et\/toode\/ratsepa-lekaalid-060586-plastik-3tk-305sm-32sm-425sm\/#listItem","position":6,"name":"\u041b\u0435\u043a\u0430\u043b\u0430 \u043f\u043e\u0440\u0442\u043d\u043e\u0432\u0441\u043a\u0438\u0435 060586 \u043f\u043b\u0430\u0441\u0442\u0438\u043a 3\u0448\u0442\/30,5\u0441\u043c-32\u0441\u043c-42,5\u0441\u043c","previousItem":{"@type":"ListItem","@id":"https:\/\/krual.ee\/et\/tootekategooria\/%d1%81atalog\/instrumendid\/mootevahendid-lekaalid\/#listItem","name":"\u041b\u0438\u043d\u0435\u0439\u043a\u0438, \u043b\u0435\u043a\u0430\u043b\u0430"}}]},{"@type":"ItemPage","@id":"https:\/\/krual.ee\/et\/toode\/ratsepa-lekaalid-060586-plastik-3tk-305sm-32sm-425sm\/#itempage","url":"https:\/\/krual.ee\/et\/toode\/ratsepa-lekaalid-060586-plastik-3tk-305sm-32sm-425sm\/","name":"R\u00e4tsepa lekaalid 060586 plastik 3tk - krual.ee","description":"R\u00e4tsepa lekaalid 060586 plastik 3tk\/30,5\u0441m-32\u0441m-42,5\u0441m","inLanguage":"et","isPartOf":{"@id":"https:\/\/krual.ee\/et\/#website"},"breadcrumb":{"@id":"https:\/\/krual.ee\/et\/toode\/ratsepa-lekaalid-060586-plastik-3tk-305sm-32sm-425sm\/#breadcrumblist"},"image":{"@type":"ImageObject","url":"https:\/\/krual.ee\/wp-content\/uploads\/2024\/10\/plastikust-lekaalid-3tk-060568-kood-238120608kl.jpg","@id":"https:\/\/krual.ee\/et\/toode\/ratsepa-lekaalid-060586-plastik-3tk-305sm-32sm-425sm\/#mainImage","width":600,"height":600},"primaryImageOfPage":{"@id":"https:\/\/krual.ee\/et\/toode\/ratsepa-lekaalid-060586-plastik-3tk-305sm-32sm-425sm\/#mainImage"},"datePublished":"2024-10-03T14:51:24+02:00","dateModified":"2024-10-10T08:49:34+02:00"},{"@type":"Organization","@id":"https:\/\/krual.ee\/et\/#organization","name":"Krual O\u00dc","description":"K\u00e4sit\u00f6\u00f6maailm, aknakatted","url":"https:\/\/krual.ee\/et\/","email":"info@krual.ee","telephone":"+37253457073","logo":{"@type":"ImageObject","url":"https:\/\/krual.ee\/wp-content\/uploads\/2024\/02\/cropped-logo512-jpg.webp","@id":"https:\/\/krual.ee\/et\/toode\/ratsepa-lekaalid-060586-plastik-3tk-305sm-32sm-425sm\/#organizationLogo","width":512,"height":512},"image":{"@id":"https:\/\/krual.ee\/et\/toode\/ratsepa-lekaalid-060586-plastik-3tk-305sm-32sm-425sm\/#organizationLogo"},"sameAs":["https:\/\/facebook.com\/krual","https:\/\/instagram.com\/krual2005"],"address":{"@id":"https:\/\/krual.ee\/et\/#postaladdress","@type":"PostalAddress","streetAddress":"Narva mnt.5, Krual O\u00dc,","postalCode":"41531","addressLocality":"J\u00f5hvi","addressCountry":"EE"}},{"@type":"WebPage","@id":"https:\/\/krual.ee\/et\/toode\/ratsepa-lekaalid-060586-plastik-3tk-305sm-32sm-425sm\/#webpage","url":"https:\/\/krual.ee\/et\/toode\/ratsepa-lekaalid-060586-plastik-3tk-305sm-32sm-425sm\/","name":"R\u00e4tsepa lekaalid 060586 plastik 3tk - krual.ee","description":"R\u00e4tsepa lekaalid 060586 plastik 3tk\/30,5\u0441m-32\u0441m-42,5\u0441m","inLanguage":"et","isPartOf":{"@id":"https:\/\/krual.ee\/et\/#website"},"breadcrumb":{"@id":"https:\/\/krual.ee\/et\/toode\/ratsepa-lekaalid-060586-plastik-3tk-305sm-32sm-425sm\/#breadcrumblist"},"image":{"@type":"ImageObject","url":"https:\/\/krual.ee\/wp-content\/uploads\/2024\/10\/plastikust-lekaalid-3tk-060568-kood-238120608kl.jpg","@id":"https:\/\/krual.ee\/et\/toode\/ratsepa-lekaalid-060586-plastik-3tk-305sm-32sm-425sm\/#mainImage","width":600,"height":600},"primaryImageOfPage":{"@id":"https:\/\/krual.ee\/et\/toode\/ratsepa-lekaalid-060586-plastik-3tk-305sm-32sm-425sm\/#mainImage"},"datePublished":"2024-10-03T14:51:24+02:00","dateModified":"2024-10-10T08:49:34+02:00"},{"@type":"WebSite","@id":"https:\/\/krual.ee\/et\/#website","url":"https:\/\/krual.ee\/et\/","name":"Krual","description":"K\u00e4sit\u00f6\u00f6maailm, aknakatted","inLanguage":"et","publisher":{"@id":"https:\/\/krual.ee\/et\/#organization"}}]},"og:locale":"et_EE","og:site_name":"krual.ee - K\u00e4sit\u00f6\u00f6maailm, aknakatted","og:type":"article","og:title":"R\u00e4tsepa lekaalid 060586 plastik 3tk - krual.ee","og:description":"R\u00e4tsepa lekaalid 060586 plastik 3tk\/30,5\u0441m-32\u0441m-42,5\u0441m","og:url":"https:\/\/krual.ee\/et\/toode\/ratsepa-lekaalid-060586-plastik-3tk-305sm-32sm-425sm\/","og:image":"https:\/\/krual.ee\/wp-content\/uploads\/2024\/10\/plastikust-lekaalid-3tk-060568-kood-238120608kl.jpg","og:image:secure_url":"https:\/\/krual.ee\/wp-content\/uploads\/2024\/10\/plastikust-lekaalid-3tk-060568-kood-238120608kl.jpg","og:image:width":"600","og:image:height":"600","article:tag":["lekaalid","\u043b\u0435\u043a\u0430\u043b\u0430"],"article:published_time":"2024-10-03T12:51:24+00:00","article:modified_time":"2024-10-10T06:49:34+00:00","article:publisher":"https:\/\/facebook.com\/krual","twitter:card":"summary_large_image","twitter:title":"R\u00e4tsepa lekaalid 060586 plastik 3tk - krual.ee","twitter:description":"R\u00e4tsepa lekaalid 060586 plastik 3tk\/30,5\u0441m-32\u0441m-42,5\u0441m","twitter:image":"https:\/\/krual.ee\/wp-content\/uploads\/2024\/10\/plastikust-lekaalid-3tk-060568-kood-238120608kl.jpg"},"aioseo_meta_data":{"post_id":"44609","title":"R\u00e4tsepa lekaalid 060586 plastik 3tk #separator_sa #site_title","description":"R\u00e4tsepa lekaalid 060586 plastik 3tk\/30,5\u0441m-32\u0441m-42,5\u0441m","keywords":[{"label":"lekaalid","value":"lekaalid"},{"label":"\u041b\u0435\u043a\u0430\u043b\u0430","value":"\u041b\u0435\u043a\u0430\u043b\u0430"}],"keyphrases":{"focus":{"keyphrase":"lekaalid","score":100,"analysis":{"keyphraseInTitle":{"score":9,"maxScore":9,"error":0},"keyphraseInDescription":{"score":9,"maxScore":9,"error":0},"keyphraseLength":{"score":9,"maxScore":9,"error":0,"length":1},"keyphraseInURL":{"score":5,"maxScore":5,"error":0}}},"additional":[]},"primary_term":null,"canonical_url":null,"og_title":null,"og_description":null,"og_object_type":"default","og_image_type":"featured","og_image_url":"https:\/\/krual.ee\/wp-content\/uploads\/2024\/10\/plastikust-lekaalid-3tk-060568-kood-238120608kl.jpg","og_image_width":"600","og_image_height":"600","og_image_custom_url":null,"og_image_custom_fields":null,"og_video":"","og_custom_url":null,"og_article_section":null,"og_article_tags":[{"label":"lekaalid","value":"lekaalid"},{"label":"\u041b\u0435\u043a\u0430\u043b\u0430","value":"\u041b\u0435\u043a\u0430\u043b\u0430"}],"twitter_use_og":true,"twitter_card":"default","twitter_image_type":"default","twitter_image_url":null,"twitter_image_custom_url":null,"twitter_image_custom_fields":null,"twitter_title":null,"twitter_description":null,"schema":{"blockGraphs":[],"customGraphs":[],"default":{"data":{"Article":[],"Course":[],"Dataset":[],"FAQPage":[],"Movie":[],"Person":[],"Product":[],"ProductReview":[],"Car":[],"Recipe":[],"Service":[],"SoftwareApplication":[],"WebPage":[]},"graphName":"ItemPage","isEnabled":true},"graphs":[]},"schema_type":"default","schema_type_options":null,"pillar_content":false,"robots_default":true,"robots_noindex":false,"robots_noarchive":false,"robots_nosnippet":false,"robots_nofollow":false,"robots_noimageindex":false,"robots_noodp":false,"robots_notranslate":false,"robots_max_snippet":"-1","robots_max_videopreview":"-1","robots_max_imagepreview":"large","priority":null,"frequency":"default","local_seo":null,"limit_modified_date":false,"reviewed_by":null,"created":"2024-10-03 12:51:24","updated":"2024-10-10 07:02:43"},"aioseo_breadcrumb":"<div class=\"aioseo-breadcrumbs\"><span class=\"aioseo-breadcrumb\">\n\t<a href=\"https:\/\/krual.ee\/et\" title=\"Home\">Home<\/a>\n<\/span><span class=\"aioseo-breadcrumb-separator\">\u00bb<\/span><span class=\"aioseo-breadcrumb\">\n\t<a href=\"https:\/\/krual.ee\/et\/shop\/\" title=\"Shop\">Shop<\/a>\n<\/span><span class=\"aioseo-breadcrumb-separator\">\u00bb<\/span><span class=\"aioseo-breadcrumb\">\n\t<a href=\"https:\/\/krual.ee\/et\/tootekategooria\/%d1%81atalog\/\" title=\"\u041a\u0430\u0442\u0430\u043b\u043e\u0433 \u0442\u043e\u0432\u0430\u0440\u043e\u0432\">\u041a\u0430\u0442\u0430\u043b\u043e\u0433 \u0442\u043e\u0432\u0430\u0440\u043e\u0432<\/a>\n<\/span><span class=\"aioseo-breadcrumb-separator\">\u00bb<\/span><span class=\"aioseo-breadcrumb\">\n\t<a href=\"https:\/\/krual.ee\/et\/tootekategooria\/%d1%81atalog\/instrumendid\/\" title=\"\u0418\u043d\u0441\u0442\u0440\u0443\u043c\u0435\u043d\u0442\u044b\">\u0418\u043d\u0441\u0442\u0440\u0443\u043c\u0435\u043d\u0442\u044b<\/a>\n<\/span><span class=\"aioseo-breadcrumb-separator\">\u00bb<\/span><span class=\"aioseo-breadcrumb\">\n\t<a href=\"https:\/\/krual.ee\/et\/tootekategooria\/%d1%81atalog\/instrumendid\/mootevahendid-lekaalid\/\" title=\"\u041b\u0438\u043d\u0435\u0439\u043a\u0438, \u043b\u0435\u043a\u0430\u043b\u0430\">\u041b\u0438\u043d\u0435\u0439\u043a\u0438, \u043b\u0435\u043a\u0430\u043b\u0430<\/a>\n<\/span><span class=\"aioseo-breadcrumb-separator\">\u00bb<\/span><span class=\"aioseo-breadcrumb\">\n\t\u041b\u0435\u043a\u0430\u043b\u0430 \u043f\u043e\u0440\u0442\u043d\u043e\u0432\u0441\u043a\u0438\u0435 060586 \u043f\u043b\u0430\u0441\u0442\u0438\u043a 3\u0448\u0442\/30,5\u0441\u043c-32\u0441\u043c-42,5\u0441\u043c\n<\/span><\/div>","aioseo_breadcrumb_json":[{"label":"Home","link":"https:\/\/krual.ee\/et"},{"label":"Shop","link":"https:\/\/krual.ee\/et\/shop\/"},{"label":"\u041a\u0430\u0442\u0430\u043b\u043e\u0433 \u0442\u043e\u0432\u0430\u0440\u043e\u0432","link":"https:\/\/krual.ee\/et\/tootekategooria\/%d1%81atalog\/"},{"label":"\u0418\u043d\u0441\u0442\u0440\u0443\u043c\u0435\u043d\u0442\u044b","link":"https:\/\/krual.ee\/et\/tootekategooria\/%d1%81atalog\/instrumendid\/"},{"label":"\u041b\u0438\u043d\u0435\u0439\u043a\u0438, \u043b\u0435\u043a\u0430\u043b\u0430","link":"https:\/\/krual.ee\/et\/tootekategooria\/%d1%81atalog\/instrumendid\/mootevahendid-lekaalid\/"},{"label":"\u041b\u0435\u043a\u0430\u043b\u0430 \u043f\u043e\u0440\u0442\u043d\u043e\u0432\u0441\u043a\u0438\u0435 060586 \u043f\u043b\u0430\u0441\u0442\u0438\u043a 3\u0448\u0442\/30,5\u0441\u043c-32\u0441\u043c-42,5\u0441\u043c","link":"https:\/\/krual.ee\/et\/toode\/ratsepa-lekaalid-060586-plastik-3tk-305sm-32sm-425sm\/"}],"_links":{"self":[{"href":"https:\/\/krual.ee\/et\/wp-json\/wp\/v2\/product\/44609","targetHints":{"allow":["GET"]}}],"collection":[{"href":"https:\/\/krual.ee\/et\/wp-json\/wp\/v2\/product"}],"about":[{"href":"https:\/\/krual.ee\/et\/wp-json\/wp\/v2\/types\/product"}],"version-history":[{"count":0,"href":"https:\/\/krual.ee\/et\/wp-json\/wp\/v2\/product\/44609\/revisions"}],"wp:featuredmedia":[{"embeddable":true,"href":"https:\/\/krual.ee\/et\/wp-json\/wp\/v2\/media\/44610"}],"wp:attachment":[{"href":"https:\/\/krual.ee\/et\/wp-json\/wp\/v2\/media?parent=44609"}],"wp:term":[{"taxonomy":"product_brand","embeddable":true,"href":"https:\/\/krual.ee\/et\/wp-json\/wp\/v2\/product_brand?post=44609"},{"taxonomy":"product_cat","embeddable":true,"href":"https:\/\/krual.ee\/et\/wp-json\/wp\/v2\/product_cat?post=44609"},{"taxonomy":"product_tag","embeddable":true,"href":"https:\/\/krual.ee\/et\/wp-json\/wp\/v2\/product_tag?post=44609"}],"curies":[{"name":"wp","href":"https:\/\/api.w.org\/{rel}","templated":true}]}}