{"id":43992,"date":"2024-08-24T11:52:06","date_gmt":"2024-08-24T09:52:06","guid":{"rendered":"https:\/\/krual.ee\/?post_type=product&#038;p=43992"},"modified":"2024-12-04T16:24:22","modified_gmt":"2024-12-04T14:24:22","slug":"ratsepa-kaarid-31cm-art-990-12","status":"publish","type":"product","link":"https:\/\/krual.ee\/et\/toode\/ratsepa-kaarid-31cm-art-990-12\/","title":{"rendered":"R\u00e4tsepa k\u00e4\u00e4rid 31cm art.990-12"},"content":{"rendered":"","protected":false},"excerpt":{"rendered":"","protected":false},"featured_media":43993,"template":"","meta":{"_monsterinsights_skip_tracking":false,"_monsterinsights_sitenote_active":false,"_monsterinsights_sitenote_note":"","_monsterinsights_sitenote_category":0,"_uf_show_specific_survey":0,"_uf_disable_surveys":false},"product_brand":[],"product_cat":[71],"product_tag":[],"class_list":{"0":"post-43992","1":"product","2":"type-product","3":"status-publish","4":"has-post-thumbnail","6":"product_cat-kaarid-ja-noad","8":"entry","9":"has-media","11":"first","12":"instock","13":"taxable","14":"shipping-taxable","15":"purchasable","16":"product-type-simple","17":"has-product-nav","18":"col","19":"span_1_of_3","20":"owp-content-center","21":"owp-thumbs-layout-horizontal","22":"owp-btn-normal","23":"owp-tabs-layout-horizontal","24":"has-no-thumbnails"},"aioseo_notices":[],"aioseo_head":"\n\t\t<!-- All in One SEO Pro 4.8.3.2 - aioseo.com -->\n\t<meta name=\"description\" content=\"R\u00e4tsepa k\u00e4\u00e4rid, pikkus: 31cm, art.990-12\" \/>\n\t<meta name=\"robots\" content=\"max-image-preview:large\" \/>\n\t<meta name=\"keywords\" content=\"k\u00e4\u00e4rid,\u043d\u043e\u0436\u043d\u0438\u0446\u044b\" \/>\n\t<link rel=\"canonical\" href=\"https:\/\/krual.ee\/et\/toode\/ratsepa-kaarid-31cm-art-990-12\/\" \/>\n\t<meta name=\"generator\" content=\"All in One SEO Pro (AIOSEO) 4.8.3.2\" \/>\n\t\t<meta property=\"og:locale\" content=\"et_EE\" \/>\n\t\t<meta property=\"og:site_name\" content=\"krual.ee - K\u00e4sit\u00f6\u00f6maailm, aknakatted\" \/>\n\t\t<meta property=\"og:type\" content=\"article\" \/>\n\t\t<meta property=\"og:title\" content=\"R\u00e4tsepa k\u00e4\u00e4rid 31cm art.990-12 - krual.ee\" \/>\n\t\t<meta property=\"og:description\" content=\"R\u00e4tsepa k\u00e4\u00e4rid, pikkus: 31cm, art.990-12\" \/>\n\t\t<meta property=\"og:url\" content=\"https:\/\/krual.ee\/et\/toode\/ratsepa-kaarid-31cm-art-990-12\/\" \/>\n\t\t<meta property=\"og:image\" content=\"https:\/\/krual.ee\/wp-content\/uploads\/2024\/08\/ratsepa-kaarid-31cm-990-12-kl.jpg\" \/>\n\t\t<meta property=\"og:image:secure_url\" content=\"https:\/\/krual.ee\/wp-content\/uploads\/2024\/08\/ratsepa-kaarid-31cm-990-12-kl.jpg\" \/>\n\t\t<meta property=\"og:image:width\" content=\"700\" \/>\n\t\t<meta property=\"og:image:height\" content=\"700\" \/>\n\t\t<meta property=\"article:tag\" content=\"k\u00e4\u00e4rid\" \/>\n\t\t<meta property=\"article:tag\" content=\"\u043d\u043e\u0436\u043d\u0438\u0446\u044b\" \/>\n\t\t<meta property=\"article:published_time\" content=\"2024-08-24T09:52:06+00:00\" \/>\n\t\t<meta property=\"article:modified_time\" content=\"2024-12-04T14:24:22+00:00\" \/>\n\t\t<meta property=\"article:publisher\" content=\"https:\/\/facebook.com\/krual\" \/>\n\t\t<meta name=\"twitter:card\" content=\"summary_large_image\" \/>\n\t\t<meta name=\"twitter:title\" content=\"R\u00e4tsepa k\u00e4\u00e4rid 31cm art.990-12 - krual.ee\" \/>\n\t\t<meta name=\"twitter:description\" content=\"R\u00e4tsepa k\u00e4\u00e4rid, pikkus: 31cm, art.990-12\" \/>\n\t\t<meta name=\"twitter:image\" content=\"https:\/\/krual.ee\/wp-content\/uploads\/2024\/08\/ratsepa-kaarid-31cm-990-12-kl.jpg\" \/>\n\t\t<script type=\"application\/ld+json\" class=\"aioseo-schema\">\n\t\t\t{\"@context\":\"https:\\\/\\\/schema.org\",\"@graph\":[{\"@type\":\"BreadcrumbList\",\"@id\":\"https:\\\/\\\/krual.ee\\\/et\\\/toode\\\/ratsepa-kaarid-31cm-art-990-12\\\/#breadcrumblist\",\"itemListElement\":[{\"@type\":\"ListItem\",\"@id\":\"https:\\\/\\\/krual.ee\\\/et#listItem\",\"position\":1,\"name\":\"Home\",\"item\":\"https:\\\/\\\/krual.ee\\\/et\",\"nextItem\":{\"@type\":\"ListItem\",\"@id\":\"https:\\\/\\\/krual.ee\\\/et\\\/shop\\\/#listItem\",\"name\":\"Shop\"}},{\"@type\":\"ListItem\",\"@id\":\"https:\\\/\\\/krual.ee\\\/et\\\/shop\\\/#listItem\",\"position\":2,\"name\":\"Shop\",\"item\":\"https:\\\/\\\/krual.ee\\\/et\\\/shop\\\/\",\"nextItem\":{\"@type\":\"ListItem\",\"@id\":\"https:\\\/\\\/krual.ee\\\/et\\\/tootekategooria\\\/%d1%81atalog\\\/#listItem\",\"name\":\"\\u041a\\u0430\\u0442\\u0430\\u043b\\u043e\\u0433 \\u0442\\u043e\\u0432\\u0430\\u0440\\u043e\\u0432\"},\"previousItem\":{\"@type\":\"ListItem\",\"@id\":\"https:\\\/\\\/krual.ee\\\/et#listItem\",\"name\":\"Home\"}},{\"@type\":\"ListItem\",\"@id\":\"https:\\\/\\\/krual.ee\\\/et\\\/tootekategooria\\\/%d1%81atalog\\\/#listItem\",\"position\":3,\"name\":\"\\u041a\\u0430\\u0442\\u0430\\u043b\\u043e\\u0433 \\u0442\\u043e\\u0432\\u0430\\u0440\\u043e\\u0432\",\"item\":\"https:\\\/\\\/krual.ee\\\/et\\\/tootekategooria\\\/%d1%81atalog\\\/\",\"nextItem\":{\"@type\":\"ListItem\",\"@id\":\"https:\\\/\\\/krual.ee\\\/et\\\/tootekategooria\\\/%d1%81atalog\\\/kaarid-ja-noad\\\/#listItem\",\"name\":\"\\u041d\\u043e\\u0436\\u043d\\u0438\\u0446\\u044b \\u0438 \\u043d\\u043e\\u0436\\u0438\"},\"previousItem\":{\"@type\":\"ListItem\",\"@id\":\"https:\\\/\\\/krual.ee\\\/et\\\/shop\\\/#listItem\",\"name\":\"Shop\"}},{\"@type\":\"ListItem\",\"@id\":\"https:\\\/\\\/krual.ee\\\/et\\\/tootekategooria\\\/%d1%81atalog\\\/kaarid-ja-noad\\\/#listItem\",\"position\":4,\"name\":\"\\u041d\\u043e\\u0436\\u043d\\u0438\\u0446\\u044b \\u0438 \\u043d\\u043e\\u0436\\u0438\",\"item\":\"https:\\\/\\\/krual.ee\\\/et\\\/tootekategooria\\\/%d1%81atalog\\\/kaarid-ja-noad\\\/\",\"nextItem\":{\"@type\":\"ListItem\",\"@id\":\"https:\\\/\\\/krual.ee\\\/et\\\/toode\\\/ratsepa-kaarid-31cm-art-990-12\\\/#listItem\",\"name\":\"\\u041d\\u043e\\u0436\\u043d\\u0438\\u0446\\u044b \\u043f\\u043e\\u0440\\u0442\\u043d\\u043e\\u0432\\u0441\\u043a\\u0438\\u0435 31\\u0441\\u043c \\u0430\\u0440\\u0442.990-12\"},\"previousItem\":{\"@type\":\"ListItem\",\"@id\":\"https:\\\/\\\/krual.ee\\\/et\\\/tootekategooria\\\/%d1%81atalog\\\/#listItem\",\"name\":\"\\u041a\\u0430\\u0442\\u0430\\u043b\\u043e\\u0433 \\u0442\\u043e\\u0432\\u0430\\u0440\\u043e\\u0432\"}},{\"@type\":\"ListItem\",\"@id\":\"https:\\\/\\\/krual.ee\\\/et\\\/toode\\\/ratsepa-kaarid-31cm-art-990-12\\\/#listItem\",\"position\":5,\"name\":\"\\u041d\\u043e\\u0436\\u043d\\u0438\\u0446\\u044b \\u043f\\u043e\\u0440\\u0442\\u043d\\u043e\\u0432\\u0441\\u043a\\u0438\\u0435 31\\u0441\\u043c \\u0430\\u0440\\u0442.990-12\",\"previousItem\":{\"@type\":\"ListItem\",\"@id\":\"https:\\\/\\\/krual.ee\\\/et\\\/tootekategooria\\\/%d1%81atalog\\\/kaarid-ja-noad\\\/#listItem\",\"name\":\"\\u041d\\u043e\\u0436\\u043d\\u0438\\u0446\\u044b \\u0438 \\u043d\\u043e\\u0436\\u0438\"}}]},{\"@type\":\"ItemPage\",\"@id\":\"https:\\\/\\\/krual.ee\\\/et\\\/toode\\\/ratsepa-kaarid-31cm-art-990-12\\\/#itempage\",\"url\":\"https:\\\/\\\/krual.ee\\\/et\\\/toode\\\/ratsepa-kaarid-31cm-art-990-12\\\/\",\"name\":\"R\\u00e4tsepa k\\u00e4\\u00e4rid 31cm art.990-12 - krual.ee\",\"description\":\"R\\u00e4tsepa k\\u00e4\\u00e4rid, pikkus: 31cm, art.990-12\",\"inLanguage\":\"et\",\"isPartOf\":{\"@id\":\"https:\\\/\\\/krual.ee\\\/et\\\/#website\"},\"breadcrumb\":{\"@id\":\"https:\\\/\\\/krual.ee\\\/et\\\/toode\\\/ratsepa-kaarid-31cm-art-990-12\\\/#breadcrumblist\"},\"image\":{\"@type\":\"ImageObject\",\"url\":\"https:\\\/\\\/krual.ee\\\/wp-content\\\/uploads\\\/2024\\\/08\\\/ratsepa-kaarid-31cm-990-12-kl.jpg\",\"@id\":\"https:\\\/\\\/krual.ee\\\/et\\\/toode\\\/ratsepa-kaarid-31cm-art-990-12\\\/#mainImage\",\"width\":700,\"height\":700},\"primaryImageOfPage\":{\"@id\":\"https:\\\/\\\/krual.ee\\\/et\\\/toode\\\/ratsepa-kaarid-31cm-art-990-12\\\/#mainImage\"},\"datePublished\":\"2024-08-24T11:52:06+02:00\",\"dateModified\":\"2024-12-04T16:24:22+02:00\"},{\"@type\":\"Organization\",\"@id\":\"https:\\\/\\\/krual.ee\\\/et\\\/#organization\",\"name\":\"Krual O\\u00dc\",\"description\":\"K\\u00e4sit\\u00f6\\u00f6maailm, aknakatted\",\"url\":\"https:\\\/\\\/krual.ee\\\/et\\\/\",\"email\":\"info@krual.ee\",\"telephone\":\"+37253457073\",\"logo\":{\"@type\":\"ImageObject\",\"url\":\"https:\\\/\\\/krual.ee\\\/wp-content\\\/uploads\\\/2024\\\/02\\\/cropped-logo512-jpg.webp\",\"@id\":\"https:\\\/\\\/krual.ee\\\/et\\\/toode\\\/ratsepa-kaarid-31cm-art-990-12\\\/#organizationLogo\",\"width\":512,\"height\":512},\"image\":{\"@id\":\"https:\\\/\\\/krual.ee\\\/et\\\/toode\\\/ratsepa-kaarid-31cm-art-990-12\\\/#organizationLogo\"},\"sameAs\":[\"https:\\\/\\\/facebook.com\\\/krual\",\"https:\\\/\\\/instagram.com\\\/krual2005\"],\"address\":{\"@id\":\"https:\\\/\\\/krual.ee\\\/et\\\/#postaladdress\",\"@type\":\"PostalAddress\",\"streetAddress\":\"Narva mnt.5, Krual O\\u00dc,\",\"postalCode\":\"41531\",\"addressLocality\":\"J\\u00f5hvi\",\"addressCountry\":\"EE\"}},{\"@type\":\"WebPage\",\"@id\":\"https:\\\/\\\/krual.ee\\\/et\\\/toode\\\/ratsepa-kaarid-31cm-art-990-12\\\/#webpage\",\"url\":\"https:\\\/\\\/krual.ee\\\/et\\\/toode\\\/ratsepa-kaarid-31cm-art-990-12\\\/\",\"name\":\"R\\u00e4tsepa k\\u00e4\\u00e4rid 31cm art.990-12 - krual.ee\",\"description\":\"R\\u00e4tsepa k\\u00e4\\u00e4rid, pikkus: 31cm, art.990-12\",\"inLanguage\":\"et\",\"isPartOf\":{\"@id\":\"https:\\\/\\\/krual.ee\\\/et\\\/#website\"},\"breadcrumb\":{\"@id\":\"https:\\\/\\\/krual.ee\\\/et\\\/toode\\\/ratsepa-kaarid-31cm-art-990-12\\\/#breadcrumblist\"},\"image\":{\"@type\":\"ImageObject\",\"url\":\"https:\\\/\\\/krual.ee\\\/wp-content\\\/uploads\\\/2024\\\/08\\\/ratsepa-kaarid-31cm-990-12-kl.jpg\",\"@id\":\"https:\\\/\\\/krual.ee\\\/et\\\/toode\\\/ratsepa-kaarid-31cm-art-990-12\\\/#mainImage\",\"width\":700,\"height\":700},\"primaryImageOfPage\":{\"@id\":\"https:\\\/\\\/krual.ee\\\/et\\\/toode\\\/ratsepa-kaarid-31cm-art-990-12\\\/#mainImage\"},\"datePublished\":\"2024-08-24T11:52:06+02:00\",\"dateModified\":\"2024-12-04T16:24:22+02:00\"},{\"@type\":\"WebSite\",\"@id\":\"https:\\\/\\\/krual.ee\\\/et\\\/#website\",\"url\":\"https:\\\/\\\/krual.ee\\\/et\\\/\",\"name\":\"Krual\",\"description\":\"K\\u00e4sit\\u00f6\\u00f6maailm, aknakatted\",\"inLanguage\":\"et\",\"publisher\":{\"@id\":\"https:\\\/\\\/krual.ee\\\/et\\\/#organization\"}}]}\n\t\t<\/script>\n\t\t<!-- All in One SEO Pro -->\r\n\t\t<title>R\u00e4tsepa k\u00e4\u00e4rid 31cm art.990-12 - krual.ee<\/title>\n\n","aioseo_head_json":{"title":"R\u00e4tsepa k\u00e4\u00e4rid 31cm art.990-12 - krual.ee","description":"R\u00e4tsepa k\u00e4\u00e4rid, pikkus: 31cm, art.990-12","canonical_url":"https:\/\/krual.ee\/et\/toode\/ratsepa-kaarid-31cm-art-990-12\/","robots":"max-image-preview:large","keywords":"k\u00e4\u00e4rid,\u043d\u043e\u0436\u043d\u0438\u0446\u044b","webmasterTools":{"miscellaneous":""},"schema":{"@context":"https:\/\/schema.org","@graph":[{"@type":"BreadcrumbList","@id":"https:\/\/krual.ee\/et\/toode\/ratsepa-kaarid-31cm-art-990-12\/#breadcrumblist","itemListElement":[{"@type":"ListItem","@id":"https:\/\/krual.ee\/et#listItem","position":1,"name":"Home","item":"https:\/\/krual.ee\/et","nextItem":{"@type":"ListItem","@id":"https:\/\/krual.ee\/et\/shop\/#listItem","name":"Shop"}},{"@type":"ListItem","@id":"https:\/\/krual.ee\/et\/shop\/#listItem","position":2,"name":"Shop","item":"https:\/\/krual.ee\/et\/shop\/","nextItem":{"@type":"ListItem","@id":"https:\/\/krual.ee\/et\/tootekategooria\/%d1%81atalog\/#listItem","name":"\u041a\u0430\u0442\u0430\u043b\u043e\u0433 \u0442\u043e\u0432\u0430\u0440\u043e\u0432"},"previousItem":{"@type":"ListItem","@id":"https:\/\/krual.ee\/et#listItem","name":"Home"}},{"@type":"ListItem","@id":"https:\/\/krual.ee\/et\/tootekategooria\/%d1%81atalog\/#listItem","position":3,"name":"\u041a\u0430\u0442\u0430\u043b\u043e\u0433 \u0442\u043e\u0432\u0430\u0440\u043e\u0432","item":"https:\/\/krual.ee\/et\/tootekategooria\/%d1%81atalog\/","nextItem":{"@type":"ListItem","@id":"https:\/\/krual.ee\/et\/tootekategooria\/%d1%81atalog\/kaarid-ja-noad\/#listItem","name":"\u041d\u043e\u0436\u043d\u0438\u0446\u044b \u0438 \u043d\u043e\u0436\u0438"},"previousItem":{"@type":"ListItem","@id":"https:\/\/krual.ee\/et\/shop\/#listItem","name":"Shop"}},{"@type":"ListItem","@id":"https:\/\/krual.ee\/et\/tootekategooria\/%d1%81atalog\/kaarid-ja-noad\/#listItem","position":4,"name":"\u041d\u043e\u0436\u043d\u0438\u0446\u044b \u0438 \u043d\u043e\u0436\u0438","item":"https:\/\/krual.ee\/et\/tootekategooria\/%d1%81atalog\/kaarid-ja-noad\/","nextItem":{"@type":"ListItem","@id":"https:\/\/krual.ee\/et\/toode\/ratsepa-kaarid-31cm-art-990-12\/#listItem","name":"\u041d\u043e\u0436\u043d\u0438\u0446\u044b \u043f\u043e\u0440\u0442\u043d\u043e\u0432\u0441\u043a\u0438\u0435 31\u0441\u043c \u0430\u0440\u0442.990-12"},"previousItem":{"@type":"ListItem","@id":"https:\/\/krual.ee\/et\/tootekategooria\/%d1%81atalog\/#listItem","name":"\u041a\u0430\u0442\u0430\u043b\u043e\u0433 \u0442\u043e\u0432\u0430\u0440\u043e\u0432"}},{"@type":"ListItem","@id":"https:\/\/krual.ee\/et\/toode\/ratsepa-kaarid-31cm-art-990-12\/#listItem","position":5,"name":"\u041d\u043e\u0436\u043d\u0438\u0446\u044b \u043f\u043e\u0440\u0442\u043d\u043e\u0432\u0441\u043a\u0438\u0435 31\u0441\u043c \u0430\u0440\u0442.990-12","previousItem":{"@type":"ListItem","@id":"https:\/\/krual.ee\/et\/tootekategooria\/%d1%81atalog\/kaarid-ja-noad\/#listItem","name":"\u041d\u043e\u0436\u043d\u0438\u0446\u044b \u0438 \u043d\u043e\u0436\u0438"}}]},{"@type":"ItemPage","@id":"https:\/\/krual.ee\/et\/toode\/ratsepa-kaarid-31cm-art-990-12\/#itempage","url":"https:\/\/krual.ee\/et\/toode\/ratsepa-kaarid-31cm-art-990-12\/","name":"R\u00e4tsepa k\u00e4\u00e4rid 31cm art.990-12 - krual.ee","description":"R\u00e4tsepa k\u00e4\u00e4rid, pikkus: 31cm, art.990-12","inLanguage":"et","isPartOf":{"@id":"https:\/\/krual.ee\/et\/#website"},"breadcrumb":{"@id":"https:\/\/krual.ee\/et\/toode\/ratsepa-kaarid-31cm-art-990-12\/#breadcrumblist"},"image":{"@type":"ImageObject","url":"https:\/\/krual.ee\/wp-content\/uploads\/2024\/08\/ratsepa-kaarid-31cm-990-12-kl.jpg","@id":"https:\/\/krual.ee\/et\/toode\/ratsepa-kaarid-31cm-art-990-12\/#mainImage","width":700,"height":700},"primaryImageOfPage":{"@id":"https:\/\/krual.ee\/et\/toode\/ratsepa-kaarid-31cm-art-990-12\/#mainImage"},"datePublished":"2024-08-24T11:52:06+02:00","dateModified":"2024-12-04T16:24:22+02:00"},{"@type":"Organization","@id":"https:\/\/krual.ee\/et\/#organization","name":"Krual O\u00dc","description":"K\u00e4sit\u00f6\u00f6maailm, aknakatted","url":"https:\/\/krual.ee\/et\/","email":"info@krual.ee","telephone":"+37253457073","logo":{"@type":"ImageObject","url":"https:\/\/krual.ee\/wp-content\/uploads\/2024\/02\/cropped-logo512-jpg.webp","@id":"https:\/\/krual.ee\/et\/toode\/ratsepa-kaarid-31cm-art-990-12\/#organizationLogo","width":512,"height":512},"image":{"@id":"https:\/\/krual.ee\/et\/toode\/ratsepa-kaarid-31cm-art-990-12\/#organizationLogo"},"sameAs":["https:\/\/facebook.com\/krual","https:\/\/instagram.com\/krual2005"],"address":{"@id":"https:\/\/krual.ee\/et\/#postaladdress","@type":"PostalAddress","streetAddress":"Narva mnt.5, Krual O\u00dc,","postalCode":"41531","addressLocality":"J\u00f5hvi","addressCountry":"EE"}},{"@type":"WebPage","@id":"https:\/\/krual.ee\/et\/toode\/ratsepa-kaarid-31cm-art-990-12\/#webpage","url":"https:\/\/krual.ee\/et\/toode\/ratsepa-kaarid-31cm-art-990-12\/","name":"R\u00e4tsepa k\u00e4\u00e4rid 31cm art.990-12 - krual.ee","description":"R\u00e4tsepa k\u00e4\u00e4rid, pikkus: 31cm, art.990-12","inLanguage":"et","isPartOf":{"@id":"https:\/\/krual.ee\/et\/#website"},"breadcrumb":{"@id":"https:\/\/krual.ee\/et\/toode\/ratsepa-kaarid-31cm-art-990-12\/#breadcrumblist"},"image":{"@type":"ImageObject","url":"https:\/\/krual.ee\/wp-content\/uploads\/2024\/08\/ratsepa-kaarid-31cm-990-12-kl.jpg","@id":"https:\/\/krual.ee\/et\/toode\/ratsepa-kaarid-31cm-art-990-12\/#mainImage","width":700,"height":700},"primaryImageOfPage":{"@id":"https:\/\/krual.ee\/et\/toode\/ratsepa-kaarid-31cm-art-990-12\/#mainImage"},"datePublished":"2024-08-24T11:52:06+02:00","dateModified":"2024-12-04T16:24:22+02:00"},{"@type":"WebSite","@id":"https:\/\/krual.ee\/et\/#website","url":"https:\/\/krual.ee\/et\/","name":"Krual","description":"K\u00e4sit\u00f6\u00f6maailm, aknakatted","inLanguage":"et","publisher":{"@id":"https:\/\/krual.ee\/et\/#organization"}}]},"og:locale":"et_EE","og:site_name":"krual.ee - K\u00e4sit\u00f6\u00f6maailm, aknakatted","og:type":"article","og:title":"R\u00e4tsepa k\u00e4\u00e4rid 31cm art.990-12 - krual.ee","og:description":"R\u00e4tsepa k\u00e4\u00e4rid, pikkus: 31cm, art.990-12","og:url":"https:\/\/krual.ee\/et\/toode\/ratsepa-kaarid-31cm-art-990-12\/","og:image":"https:\/\/krual.ee\/wp-content\/uploads\/2024\/08\/ratsepa-kaarid-31cm-990-12-kl.jpg","og:image:secure_url":"https:\/\/krual.ee\/wp-content\/uploads\/2024\/08\/ratsepa-kaarid-31cm-990-12-kl.jpg","og:image:width":"700","og:image:height":"700","article:tag":["k\u00e4\u00e4rid","\u043d\u043e\u0436\u043d\u0438\u0446\u044b"],"article:published_time":"2024-08-24T09:52:06+00:00","article:modified_time":"2024-12-04T14:24:22+00:00","article:publisher":"https:\/\/facebook.com\/krual","twitter:card":"summary_large_image","twitter:title":"R\u00e4tsepa k\u00e4\u00e4rid 31cm art.990-12 - krual.ee","twitter:description":"R\u00e4tsepa k\u00e4\u00e4rid, pikkus: 31cm, art.990-12","twitter:image":"https:\/\/krual.ee\/wp-content\/uploads\/2024\/08\/ratsepa-kaarid-31cm-990-12-kl.jpg"},"aioseo_meta_data":{"post_id":"43992","title":"R\u00e4tsepa k\u00e4\u00e4rid 31cm art.990-12 #separator_sa #site_title","description":"R\u00e4tsepa k\u00e4\u00e4rid, pikkus: 31cm, art.990-12","keywords":[{"label":"k\u00e4\u00e4rid","value":"k\u00e4\u00e4rid"},{"label":"\u043d\u043e\u0436\u043d\u0438\u0446\u044b","value":"\u043d\u043e\u0436\u043d\u0438\u0446\u044b"}],"keyphrases":{"focus":{"keyphrase":"R\u00e4tsepa k\u00e4\u00e4rid","score":100,"analysis":{"keyphraseInTitle":{"score":9,"maxScore":9,"error":0},"keyphraseInDescription":{"score":9,"maxScore":9,"error":0},"keyphraseLength":{"score":9,"maxScore":9,"error":0,"length":4},"keyphraseInURL":{"score":5,"maxScore":5,"error":0}}},"additional":[]},"primary_term":null,"canonical_url":null,"og_title":null,"og_description":null,"og_object_type":"default","og_image_type":"featured","og_image_url":"https:\/\/krual.ee\/wp-content\/uploads\/2024\/08\/ratsepa-kaarid-31cm-990-12-kl.jpg","og_image_width":"700","og_image_height":"700","og_image_custom_url":null,"og_image_custom_fields":null,"og_video":"","og_custom_url":null,"og_article_section":null,"og_article_tags":[{"label":"k\u00e4\u00e4rid","value":"k\u00e4\u00e4rid"},{"label":"\u043d\u043e\u0436\u043d\u0438\u0446\u044b","value":"\u043d\u043e\u0436\u043d\u0438\u0446\u044b"}],"twitter_use_og":true,"twitter_card":"default","twitter_image_type":"default","twitter_image_url":null,"twitter_image_custom_url":null,"twitter_image_custom_fields":null,"twitter_title":null,"twitter_description":null,"schema":{"blockGraphs":[],"customGraphs":[],"default":{"data":{"Article":[],"Course":[],"Dataset":[],"FAQPage":[],"Movie":[],"Person":[],"Product":[],"ProductReview":[],"Car":[],"Recipe":[],"Service":[],"SoftwareApplication":[],"WebPage":[]},"graphName":"ItemPage","isEnabled":true},"graphs":[]},"schema_type":"default","schema_type_options":null,"pillar_content":false,"robots_default":true,"robots_noindex":false,"robots_noarchive":false,"robots_nosnippet":false,"robots_nofollow":false,"robots_noimageindex":false,"robots_noodp":false,"robots_notranslate":false,"robots_max_snippet":"-1","robots_max_videopreview":"-1","robots_max_imagepreview":"large","priority":null,"frequency":"default","local_seo":null,"limit_modified_date":false,"reviewed_by":null,"created":"2024-08-24 09:49:33","updated":"2024-12-04 14:25:31"},"aioseo_breadcrumb":"<div class=\"aioseo-breadcrumbs\"><span class=\"aioseo-breadcrumb\">\n\t<a href=\"https:\/\/krual.ee\/et\" title=\"Home\">Home<\/a>\n<\/span><span class=\"aioseo-breadcrumb-separator\">\u00bb<\/span><span class=\"aioseo-breadcrumb\">\n\t<a href=\"https:\/\/krual.ee\/et\/shop\/\" title=\"Shop\">Shop<\/a>\n<\/span><span class=\"aioseo-breadcrumb-separator\">\u00bb<\/span><span class=\"aioseo-breadcrumb\">\n\t<a href=\"https:\/\/krual.ee\/et\/tootekategooria\/%d1%81atalog\/\" title=\"\u041a\u0430\u0442\u0430\u043b\u043e\u0433 \u0442\u043e\u0432\u0430\u0440\u043e\u0432\">\u041a\u0430\u0442\u0430\u043b\u043e\u0433 \u0442\u043e\u0432\u0430\u0440\u043e\u0432<\/a>\n<\/span><span class=\"aioseo-breadcrumb-separator\">\u00bb<\/span><span class=\"aioseo-breadcrumb\">\n\t<a href=\"https:\/\/krual.ee\/et\/tootekategooria\/%d1%81atalog\/kaarid-ja-noad\/\" title=\"\u041d\u043e\u0436\u043d\u0438\u0446\u044b \u0438 \u043d\u043e\u0436\u0438\">\u041d\u043e\u0436\u043d\u0438\u0446\u044b \u0438 \u043d\u043e\u0436\u0438<\/a>\n<\/span><span class=\"aioseo-breadcrumb-separator\">\u00bb<\/span><span class=\"aioseo-breadcrumb\">\n\t\u041d\u043e\u0436\u043d\u0438\u0446\u044b \u043f\u043e\u0440\u0442\u043d\u043e\u0432\u0441\u043a\u0438\u0435 31\u0441\u043c \u0430\u0440\u0442.990-12\n<\/span><\/div>","aioseo_breadcrumb_json":[{"label":"Home","link":"https:\/\/krual.ee\/et"},{"label":"Shop","link":"https:\/\/krual.ee\/et\/shop\/"},{"label":"\u041a\u0430\u0442\u0430\u043b\u043e\u0433 \u0442\u043e\u0432\u0430\u0440\u043e\u0432","link":"https:\/\/krual.ee\/et\/tootekategooria\/%d1%81atalog\/"},{"label":"\u041d\u043e\u0436\u043d\u0438\u0446\u044b \u0438 \u043d\u043e\u0436\u0438","link":"https:\/\/krual.ee\/et\/tootekategooria\/%d1%81atalog\/kaarid-ja-noad\/"},{"label":"\u041d\u043e\u0436\u043d\u0438\u0446\u044b \u043f\u043e\u0440\u0442\u043d\u043e\u0432\u0441\u043a\u0438\u0435 31\u0441\u043c \u0430\u0440\u0442.990-12","link":"https:\/\/krual.ee\/et\/toode\/ratsepa-kaarid-31cm-art-990-12\/"}],"_links":{"self":[{"href":"https:\/\/krual.ee\/et\/wp-json\/wp\/v2\/product\/43992","targetHints":{"allow":["GET"]}}],"collection":[{"href":"https:\/\/krual.ee\/et\/wp-json\/wp\/v2\/product"}],"about":[{"href":"https:\/\/krual.ee\/et\/wp-json\/wp\/v2\/types\/product"}],"version-history":[{"count":0,"href":"https:\/\/krual.ee\/et\/wp-json\/wp\/v2\/product\/43992\/revisions"}],"wp:featuredmedia":[{"embeddable":true,"href":"https:\/\/krual.ee\/et\/wp-json\/wp\/v2\/media\/43993"}],"wp:attachment":[{"href":"https:\/\/krual.ee\/et\/wp-json\/wp\/v2\/media?parent=43992"}],"wp:term":[{"taxonomy":"product_brand","embeddable":true,"href":"https:\/\/krual.ee\/et\/wp-json\/wp\/v2\/product_brand?post=43992"},{"taxonomy":"product_cat","embeddable":true,"href":"https:\/\/krual.ee\/et\/wp-json\/wp\/v2\/product_cat?post=43992"},{"taxonomy":"product_tag","embeddable":true,"href":"https:\/\/krual.ee\/et\/wp-json\/wp\/v2\/product_tag?post=43992"}],"curies":[{"name":"wp","href":"https:\/\/api.w.org\/{rel}","templated":true}]}}