{"id":42518,"date":"2024-06-17T10:56:10","date_gmt":"2024-06-17T08:56:10","guid":{"rendered":"https:\/\/krual.ee\/?post_type=product&#038;p=42518"},"modified":"2024-06-28T12:14:08","modified_gmt":"2024-06-28T10:14:08","slug":"lukulint-spiraal-3-4mm-varv-d919-tume-sinine-50cm","status":"publish","type":"product","link":"https:\/\/krual.ee\/et\/toode\/lukulint-spiraal-3-4mm-varv-d919-tume-sinine-50cm\/","title":{"rendered":"Lukulint spiraal\/3-4mm v\u00e4rv: D919-tume sinine, 50cm"},"content":{"rendered":"<p>Lukulint spiraal<\/p>","protected":false},"excerpt":{"rendered":"<p>Lukulint spiraal<\/p>","protected":false},"featured_media":42519,"template":"","meta":{"_monsterinsights_skip_tracking":false,"_monsterinsights_sitenote_active":false,"_monsterinsights_sitenote_note":"","_monsterinsights_sitenote_category":0,"_uf_show_specific_survey":0,"_uf_disable_surveys":false},"product_brand":[],"product_cat":[1413],"product_tag":[],"class_list":{"0":"post-42518","1":"product","2":"type-product","3":"status-publish","4":"has-post-thumbnail","6":"product_cat-lukulint-meetrilukud","8":"entry","9":"has-media","11":"first","12":"instock","13":"taxable","14":"shipping-taxable","15":"purchasable","16":"product-type-simple","17":"has-product-nav","18":"col","19":"span_1_of_3","20":"owp-content-center","21":"owp-thumbs-layout-horizontal","22":"owp-btn-normal","23":"owp-tabs-layout-horizontal","24":"has-no-thumbnails"},"aioseo_notices":[],"aioseo_head":"\n\t\t<!-- All in One SEO Pro 4.8.3.2 - aioseo.com -->\n\t<meta name=\"description\" content=\"Lukulint spiraal\/3-4mm, v\u00e4rv: D919-tume sinine, 50cm hind\" \/>\n\t<meta name=\"robots\" content=\"max-image-preview:large\" \/>\n\t<meta name=\"keywords\" content=\"lukulint,\u043c\u043e\u043b\u043d\u0438\u044f \u0440\u0443\u043b\u043e\u043d\u043d\u0430\u044f\" \/>\n\t<link rel=\"canonical\" href=\"https:\/\/krual.ee\/et\/toode\/lukulint-spiraal-3-4mm-varv-d919-tume-sinine-50cm\/\" \/>\n\t<meta name=\"generator\" content=\"All in One SEO Pro (AIOSEO) 4.8.3.2\" \/>\n\t\t<meta property=\"og:locale\" content=\"et_EE\" \/>\n\t\t<meta property=\"og:site_name\" content=\"krual.ee - K\u00e4sit\u00f6\u00f6maailm, aknakatted\" \/>\n\t\t<meta property=\"og:type\" content=\"article\" \/>\n\t\t<meta property=\"og:title\" content=\"Lukulint spiraal\/3-4mm v\u00e4rv: D919-tume sinine - krual.ee\" \/>\n\t\t<meta property=\"og:description\" content=\"Lukulint spiraal\/3-4mm, v\u00e4rv: D919-tume sinine, 50cm hind\" \/>\n\t\t<meta property=\"og:url\" content=\"https:\/\/krual.ee\/et\/toode\/lukulint-spiraal-3-4mm-varv-d919-tume-sinine-50cm\/\" \/>\n\t\t<meta property=\"og:image\" content=\"https:\/\/krual.ee\/wp-content\/uploads\/2024\/06\/lukulint-spiraal-d919-tume-sinine-kood-2883.jpg\" \/>\n\t\t<meta property=\"og:image:secure_url\" content=\"https:\/\/krual.ee\/wp-content\/uploads\/2024\/06\/lukulint-spiraal-d919-tume-sinine-kood-2883.jpg\" \/>\n\t\t<meta property=\"og:image:width\" content=\"600\" \/>\n\t\t<meta property=\"og:image:height\" content=\"600\" \/>\n\t\t<meta property=\"article:tag\" content=\"lukulint\" \/>\n\t\t<meta property=\"article:tag\" content=\"\u043c\u043e\u043b\u043d\u0438\u044f \u0440\u0443\u043b\u043e\u043d\u043d\u0430\u044f\" \/>\n\t\t<meta property=\"article:published_time\" content=\"2024-06-17T08:56:10+00:00\" \/>\n\t\t<meta property=\"article:modified_time\" content=\"2024-06-28T10:14:08+00:00\" \/>\n\t\t<meta property=\"article:publisher\" content=\"https:\/\/facebook.com\/krual\" \/>\n\t\t<meta name=\"twitter:card\" content=\"summary_large_image\" \/>\n\t\t<meta name=\"twitter:title\" content=\"Lukulint spiraal\/3-4mm v\u00e4rv: D919-tume sinine - krual.ee\" \/>\n\t\t<meta name=\"twitter:description\" content=\"Lukulint spiraal\/3-4mm, v\u00e4rv: D919-tume sinine, 50cm hind\" \/>\n\t\t<meta name=\"twitter:image\" content=\"https:\/\/krual.ee\/wp-content\/uploads\/2024\/06\/lukulint-spiraal-d919-tume-sinine-kood-2883.jpg\" \/>\n\t\t<script type=\"application\/ld+json\" class=\"aioseo-schema\">\n\t\t\t{\"@context\":\"https:\\\/\\\/schema.org\",\"@graph\":[{\"@type\":\"BreadcrumbList\",\"@id\":\"https:\\\/\\\/krual.ee\\\/et\\\/toode\\\/lukulint-spiraal-3-4mm-varv-d919-tume-sinine-50cm\\\/#breadcrumblist\",\"itemListElement\":[{\"@type\":\"ListItem\",\"@id\":\"https:\\\/\\\/krual.ee\\\/et#listItem\",\"position\":1,\"name\":\"Home\",\"item\":\"https:\\\/\\\/krual.ee\\\/et\",\"nextItem\":{\"@type\":\"ListItem\",\"@id\":\"https:\\\/\\\/krual.ee\\\/et\\\/shop\\\/#listItem\",\"name\":\"Shop\"}},{\"@type\":\"ListItem\",\"@id\":\"https:\\\/\\\/krual.ee\\\/et\\\/shop\\\/#listItem\",\"position\":2,\"name\":\"Shop\",\"item\":\"https:\\\/\\\/krual.ee\\\/et\\\/shop\\\/\",\"nextItem\":{\"@type\":\"ListItem\",\"@id\":\"https:\\\/\\\/krual.ee\\\/et\\\/tootekategooria\\\/%d1%81atalog\\\/#listItem\",\"name\":\"\\u041a\\u0430\\u0442\\u0430\\u043b\\u043e\\u0433 \\u0442\\u043e\\u0432\\u0430\\u0440\\u043e\\u0432\"},\"previousItem\":{\"@type\":\"ListItem\",\"@id\":\"https:\\\/\\\/krual.ee\\\/et#listItem\",\"name\":\"Home\"}},{\"@type\":\"ListItem\",\"@id\":\"https:\\\/\\\/krual.ee\\\/et\\\/tootekategooria\\\/%d1%81atalog\\\/#listItem\",\"position\":3,\"name\":\"\\u041a\\u0430\\u0442\\u0430\\u043b\\u043e\\u0433 \\u0442\\u043e\\u0432\\u0430\\u0440\\u043e\\u0432\",\"item\":\"https:\\\/\\\/krual.ee\\\/et\\\/tootekategooria\\\/%d1%81atalog\\\/\",\"nextItem\":{\"@type\":\"ListItem\",\"@id\":\"https:\\\/\\\/krual.ee\\\/et\\\/tootekategooria\\\/%d1%81atalog\\\/tomblukud\\\/#listItem\",\"name\":\"\\u041c\\u043e\\u043b\\u043d\\u0438\\u0438\"},\"previousItem\":{\"@type\":\"ListItem\",\"@id\":\"https:\\\/\\\/krual.ee\\\/et\\\/shop\\\/#listItem\",\"name\":\"Shop\"}},{\"@type\":\"ListItem\",\"@id\":\"https:\\\/\\\/krual.ee\\\/et\\\/tootekategooria\\\/%d1%81atalog\\\/tomblukud\\\/#listItem\",\"position\":4,\"name\":\"\\u041c\\u043e\\u043b\\u043d\\u0438\\u0438\",\"item\":\"https:\\\/\\\/krual.ee\\\/et\\\/tootekategooria\\\/%d1%81atalog\\\/tomblukud\\\/\",\"nextItem\":{\"@type\":\"ListItem\",\"@id\":\"https:\\\/\\\/krual.ee\\\/et\\\/tootekategooria\\\/%d1%81atalog\\\/tomblukud\\\/lukulint-meetrilukud\\\/#listItem\",\"name\":\"\\u041c\\u043e\\u043b\\u043d\\u0438\\u044f \\u0440\\u0443\\u043b\\u043e\\u043d\\u043d\\u0430\\u044f (\\u043e\\u0442\\u0440\\u0435\\u0437\\u043d\\u0430\\u044f)\"},\"previousItem\":{\"@type\":\"ListItem\",\"@id\":\"https:\\\/\\\/krual.ee\\\/et\\\/tootekategooria\\\/%d1%81atalog\\\/#listItem\",\"name\":\"\\u041a\\u0430\\u0442\\u0430\\u043b\\u043e\\u0433 \\u0442\\u043e\\u0432\\u0430\\u0440\\u043e\\u0432\"}},{\"@type\":\"ListItem\",\"@id\":\"https:\\\/\\\/krual.ee\\\/et\\\/tootekategooria\\\/%d1%81atalog\\\/tomblukud\\\/lukulint-meetrilukud\\\/#listItem\",\"position\":5,\"name\":\"\\u041c\\u043e\\u043b\\u043d\\u0438\\u044f \\u0440\\u0443\\u043b\\u043e\\u043d\\u043d\\u0430\\u044f (\\u043e\\u0442\\u0440\\u0435\\u0437\\u043d\\u0430\\u044f)\",\"item\":\"https:\\\/\\\/krual.ee\\\/et\\\/tootekategooria\\\/%d1%81atalog\\\/tomblukud\\\/lukulint-meetrilukud\\\/\",\"nextItem\":{\"@type\":\"ListItem\",\"@id\":\"https:\\\/\\\/krual.ee\\\/et\\\/toode\\\/lukulint-spiraal-3-4mm-varv-d919-tume-sinine-50cm\\\/#listItem\",\"name\":\"\\u041c\\u043e\\u043b\\u043d\\u0438\\u044f \\u0440\\u0443\\u043b\\u043e\\u043d\\u043d\\u0430\\u044f \\u0441\\u043f\\u0438\\u0440\\u0430\\u043b\\u044c\\\/3-4\\u043c\\u043c \\u0446\\u0432\\u0435\\u0442: D919-\\u0442.\\u0441\\u0438\\u043d\\u0438\\u0439, 50\\u0441\\u043c\"},\"previousItem\":{\"@type\":\"ListItem\",\"@id\":\"https:\\\/\\\/krual.ee\\\/et\\\/tootekategooria\\\/%d1%81atalog\\\/tomblukud\\\/#listItem\",\"name\":\"\\u041c\\u043e\\u043b\\u043d\\u0438\\u0438\"}},{\"@type\":\"ListItem\",\"@id\":\"https:\\\/\\\/krual.ee\\\/et\\\/toode\\\/lukulint-spiraal-3-4mm-varv-d919-tume-sinine-50cm\\\/#listItem\",\"position\":6,\"name\":\"\\u041c\\u043e\\u043b\\u043d\\u0438\\u044f \\u0440\\u0443\\u043b\\u043e\\u043d\\u043d\\u0430\\u044f \\u0441\\u043f\\u0438\\u0440\\u0430\\u043b\\u044c\\\/3-4\\u043c\\u043c \\u0446\\u0432\\u0435\\u0442: D919-\\u0442.\\u0441\\u0438\\u043d\\u0438\\u0439, 50\\u0441\\u043c\",\"previousItem\":{\"@type\":\"ListItem\",\"@id\":\"https:\\\/\\\/krual.ee\\\/et\\\/tootekategooria\\\/%d1%81atalog\\\/tomblukud\\\/lukulint-meetrilukud\\\/#listItem\",\"name\":\"\\u041c\\u043e\\u043b\\u043d\\u0438\\u044f \\u0440\\u0443\\u043b\\u043e\\u043d\\u043d\\u0430\\u044f (\\u043e\\u0442\\u0440\\u0435\\u0437\\u043d\\u0430\\u044f)\"}}]},{\"@type\":\"ItemPage\",\"@id\":\"https:\\\/\\\/krual.ee\\\/et\\\/toode\\\/lukulint-spiraal-3-4mm-varv-d919-tume-sinine-50cm\\\/#itempage\",\"url\":\"https:\\\/\\\/krual.ee\\\/et\\\/toode\\\/lukulint-spiraal-3-4mm-varv-d919-tume-sinine-50cm\\\/\",\"name\":\"Lukulint spiraal\\\/3-4mm v\\u00e4rv: D919-tume sinine - krual.ee\",\"description\":\"Lukulint spiraal\\\/3-4mm, v\\u00e4rv: D919-tume sinine, 50cm hind\",\"inLanguage\":\"et\",\"isPartOf\":{\"@id\":\"https:\\\/\\\/krual.ee\\\/et\\\/#website\"},\"breadcrumb\":{\"@id\":\"https:\\\/\\\/krual.ee\\\/et\\\/toode\\\/lukulint-spiraal-3-4mm-varv-d919-tume-sinine-50cm\\\/#breadcrumblist\"},\"image\":{\"@type\":\"ImageObject\",\"url\":\"https:\\\/\\\/krual.ee\\\/wp-content\\\/uploads\\\/2024\\\/06\\\/lukulint-spiraal-d919-tume-sinine-kood-2883.jpg\",\"@id\":\"https:\\\/\\\/krual.ee\\\/et\\\/toode\\\/lukulint-spiraal-3-4mm-varv-d919-tume-sinine-50cm\\\/#mainImage\",\"width\":600,\"height\":600},\"primaryImageOfPage\":{\"@id\":\"https:\\\/\\\/krual.ee\\\/et\\\/toode\\\/lukulint-spiraal-3-4mm-varv-d919-tume-sinine-50cm\\\/#mainImage\"},\"datePublished\":\"2024-06-17T10:56:10+02:00\",\"dateModified\":\"2024-06-28T12:14:08+02:00\"},{\"@type\":\"Organization\",\"@id\":\"https:\\\/\\\/krual.ee\\\/et\\\/#organization\",\"name\":\"Krual O\\u00dc\",\"description\":\"K\\u00e4sit\\u00f6\\u00f6maailm, aknakatted\",\"url\":\"https:\\\/\\\/krual.ee\\\/et\\\/\",\"email\":\"info@krual.ee\",\"telephone\":\"+37253457073\",\"logo\":{\"@type\":\"ImageObject\",\"url\":\"https:\\\/\\\/krual.ee\\\/wp-content\\\/uploads\\\/2024\\\/02\\\/cropped-logo512-jpg.webp\",\"@id\":\"https:\\\/\\\/krual.ee\\\/et\\\/toode\\\/lukulint-spiraal-3-4mm-varv-d919-tume-sinine-50cm\\\/#organizationLogo\",\"width\":512,\"height\":512},\"image\":{\"@id\":\"https:\\\/\\\/krual.ee\\\/et\\\/toode\\\/lukulint-spiraal-3-4mm-varv-d919-tume-sinine-50cm\\\/#organizationLogo\"},\"sameAs\":[\"https:\\\/\\\/facebook.com\\\/krual\",\"https:\\\/\\\/instagram.com\\\/krual2005\"],\"address\":{\"@id\":\"https:\\\/\\\/krual.ee\\\/et\\\/#postaladdress\",\"@type\":\"PostalAddress\",\"streetAddress\":\"Narva mnt.5, Krual O\\u00dc,\",\"postalCode\":\"41531\",\"addressLocality\":\"J\\u00f5hvi\",\"addressCountry\":\"EE\"}},{\"@type\":\"WebPage\",\"@id\":\"https:\\\/\\\/krual.ee\\\/et\\\/toode\\\/lukulint-spiraal-3-4mm-varv-d919-tume-sinine-50cm\\\/#webpage\",\"url\":\"https:\\\/\\\/krual.ee\\\/et\\\/toode\\\/lukulint-spiraal-3-4mm-varv-d919-tume-sinine-50cm\\\/\",\"name\":\"Lukulint spiraal\\\/3-4mm v\\u00e4rv: D919-tume sinine - krual.ee\",\"description\":\"Lukulint spiraal\\\/3-4mm, v\\u00e4rv: D919-tume sinine, 50cm hind\",\"inLanguage\":\"et\",\"isPartOf\":{\"@id\":\"https:\\\/\\\/krual.ee\\\/et\\\/#website\"},\"breadcrumb\":{\"@id\":\"https:\\\/\\\/krual.ee\\\/et\\\/toode\\\/lukulint-spiraal-3-4mm-varv-d919-tume-sinine-50cm\\\/#breadcrumblist\"},\"image\":{\"@type\":\"ImageObject\",\"url\":\"https:\\\/\\\/krual.ee\\\/wp-content\\\/uploads\\\/2024\\\/06\\\/lukulint-spiraal-d919-tume-sinine-kood-2883.jpg\",\"@id\":\"https:\\\/\\\/krual.ee\\\/et\\\/toode\\\/lukulint-spiraal-3-4mm-varv-d919-tume-sinine-50cm\\\/#mainImage\",\"width\":600,\"height\":600},\"primaryImageOfPage\":{\"@id\":\"https:\\\/\\\/krual.ee\\\/et\\\/toode\\\/lukulint-spiraal-3-4mm-varv-d919-tume-sinine-50cm\\\/#mainImage\"},\"datePublished\":\"2024-06-17T10:56:10+02:00\",\"dateModified\":\"2024-06-28T12:14:08+02:00\"},{\"@type\":\"WebSite\",\"@id\":\"https:\\\/\\\/krual.ee\\\/et\\\/#website\",\"url\":\"https:\\\/\\\/krual.ee\\\/et\\\/\",\"name\":\"Krual\",\"description\":\"K\\u00e4sit\\u00f6\\u00f6maailm, aknakatted\",\"inLanguage\":\"et\",\"publisher\":{\"@id\":\"https:\\\/\\\/krual.ee\\\/et\\\/#organization\"}}]}\n\t\t<\/script>\n\t\t<!-- All in One SEO Pro -->\r\n\t\t<title>Lukulint spiraal\/3-4mm v\u00e4rv: D919-tume sinine - krual.ee<\/title>\n\n","aioseo_head_json":{"title":"Lukulint spiraal\/3-4mm v\u00e4rv: D919-tume sinine - krual.ee","description":"Lukulint spiraal\/3-4mm, v\u00e4rv: D919-tume sinine, 50cm hind","canonical_url":"https:\/\/krual.ee\/et\/toode\/lukulint-spiraal-3-4mm-varv-d919-tume-sinine-50cm\/","robots":"max-image-preview:large","keywords":"lukulint,\u043c\u043e\u043b\u043d\u0438\u044f \u0440\u0443\u043b\u043e\u043d\u043d\u0430\u044f","webmasterTools":{"miscellaneous":""},"schema":{"@context":"https:\/\/schema.org","@graph":[{"@type":"BreadcrumbList","@id":"https:\/\/krual.ee\/et\/toode\/lukulint-spiraal-3-4mm-varv-d919-tume-sinine-50cm\/#breadcrumblist","itemListElement":[{"@type":"ListItem","@id":"https:\/\/krual.ee\/et#listItem","position":1,"name":"Home","item":"https:\/\/krual.ee\/et","nextItem":{"@type":"ListItem","@id":"https:\/\/krual.ee\/et\/shop\/#listItem","name":"Shop"}},{"@type":"ListItem","@id":"https:\/\/krual.ee\/et\/shop\/#listItem","position":2,"name":"Shop","item":"https:\/\/krual.ee\/et\/shop\/","nextItem":{"@type":"ListItem","@id":"https:\/\/krual.ee\/et\/tootekategooria\/%d1%81atalog\/#listItem","name":"\u041a\u0430\u0442\u0430\u043b\u043e\u0433 \u0442\u043e\u0432\u0430\u0440\u043e\u0432"},"previousItem":{"@type":"ListItem","@id":"https:\/\/krual.ee\/et#listItem","name":"Home"}},{"@type":"ListItem","@id":"https:\/\/krual.ee\/et\/tootekategooria\/%d1%81atalog\/#listItem","position":3,"name":"\u041a\u0430\u0442\u0430\u043b\u043e\u0433 \u0442\u043e\u0432\u0430\u0440\u043e\u0432","item":"https:\/\/krual.ee\/et\/tootekategooria\/%d1%81atalog\/","nextItem":{"@type":"ListItem","@id":"https:\/\/krual.ee\/et\/tootekategooria\/%d1%81atalog\/tomblukud\/#listItem","name":"\u041c\u043e\u043b\u043d\u0438\u0438"},"previousItem":{"@type":"ListItem","@id":"https:\/\/krual.ee\/et\/shop\/#listItem","name":"Shop"}},{"@type":"ListItem","@id":"https:\/\/krual.ee\/et\/tootekategooria\/%d1%81atalog\/tomblukud\/#listItem","position":4,"name":"\u041c\u043e\u043b\u043d\u0438\u0438","item":"https:\/\/krual.ee\/et\/tootekategooria\/%d1%81atalog\/tomblukud\/","nextItem":{"@type":"ListItem","@id":"https:\/\/krual.ee\/et\/tootekategooria\/%d1%81atalog\/tomblukud\/lukulint-meetrilukud\/#listItem","name":"\u041c\u043e\u043b\u043d\u0438\u044f \u0440\u0443\u043b\u043e\u043d\u043d\u0430\u044f (\u043e\u0442\u0440\u0435\u0437\u043d\u0430\u044f)"},"previousItem":{"@type":"ListItem","@id":"https:\/\/krual.ee\/et\/tootekategooria\/%d1%81atalog\/#listItem","name":"\u041a\u0430\u0442\u0430\u043b\u043e\u0433 \u0442\u043e\u0432\u0430\u0440\u043e\u0432"}},{"@type":"ListItem","@id":"https:\/\/krual.ee\/et\/tootekategooria\/%d1%81atalog\/tomblukud\/lukulint-meetrilukud\/#listItem","position":5,"name":"\u041c\u043e\u043b\u043d\u0438\u044f \u0440\u0443\u043b\u043e\u043d\u043d\u0430\u044f (\u043e\u0442\u0440\u0435\u0437\u043d\u0430\u044f)","item":"https:\/\/krual.ee\/et\/tootekategooria\/%d1%81atalog\/tomblukud\/lukulint-meetrilukud\/","nextItem":{"@type":"ListItem","@id":"https:\/\/krual.ee\/et\/toode\/lukulint-spiraal-3-4mm-varv-d919-tume-sinine-50cm\/#listItem","name":"\u041c\u043e\u043b\u043d\u0438\u044f \u0440\u0443\u043b\u043e\u043d\u043d\u0430\u044f \u0441\u043f\u0438\u0440\u0430\u043b\u044c\/3-4\u043c\u043c \u0446\u0432\u0435\u0442: D919-\u0442.\u0441\u0438\u043d\u0438\u0439, 50\u0441\u043c"},"previousItem":{"@type":"ListItem","@id":"https:\/\/krual.ee\/et\/tootekategooria\/%d1%81atalog\/tomblukud\/#listItem","name":"\u041c\u043e\u043b\u043d\u0438\u0438"}},{"@type":"ListItem","@id":"https:\/\/krual.ee\/et\/toode\/lukulint-spiraal-3-4mm-varv-d919-tume-sinine-50cm\/#listItem","position":6,"name":"\u041c\u043e\u043b\u043d\u0438\u044f \u0440\u0443\u043b\u043e\u043d\u043d\u0430\u044f \u0441\u043f\u0438\u0440\u0430\u043b\u044c\/3-4\u043c\u043c \u0446\u0432\u0435\u0442: D919-\u0442.\u0441\u0438\u043d\u0438\u0439, 50\u0441\u043c","previousItem":{"@type":"ListItem","@id":"https:\/\/krual.ee\/et\/tootekategooria\/%d1%81atalog\/tomblukud\/lukulint-meetrilukud\/#listItem","name":"\u041c\u043e\u043b\u043d\u0438\u044f \u0440\u0443\u043b\u043e\u043d\u043d\u0430\u044f (\u043e\u0442\u0440\u0435\u0437\u043d\u0430\u044f)"}}]},{"@type":"ItemPage","@id":"https:\/\/krual.ee\/et\/toode\/lukulint-spiraal-3-4mm-varv-d919-tume-sinine-50cm\/#itempage","url":"https:\/\/krual.ee\/et\/toode\/lukulint-spiraal-3-4mm-varv-d919-tume-sinine-50cm\/","name":"Lukulint spiraal\/3-4mm v\u00e4rv: D919-tume sinine - krual.ee","description":"Lukulint spiraal\/3-4mm, v\u00e4rv: D919-tume sinine, 50cm hind","inLanguage":"et","isPartOf":{"@id":"https:\/\/krual.ee\/et\/#website"},"breadcrumb":{"@id":"https:\/\/krual.ee\/et\/toode\/lukulint-spiraal-3-4mm-varv-d919-tume-sinine-50cm\/#breadcrumblist"},"image":{"@type":"ImageObject","url":"https:\/\/krual.ee\/wp-content\/uploads\/2024\/06\/lukulint-spiraal-d919-tume-sinine-kood-2883.jpg","@id":"https:\/\/krual.ee\/et\/toode\/lukulint-spiraal-3-4mm-varv-d919-tume-sinine-50cm\/#mainImage","width":600,"height":600},"primaryImageOfPage":{"@id":"https:\/\/krual.ee\/et\/toode\/lukulint-spiraal-3-4mm-varv-d919-tume-sinine-50cm\/#mainImage"},"datePublished":"2024-06-17T10:56:10+02:00","dateModified":"2024-06-28T12:14:08+02:00"},{"@type":"Organization","@id":"https:\/\/krual.ee\/et\/#organization","name":"Krual O\u00dc","description":"K\u00e4sit\u00f6\u00f6maailm, aknakatted","url":"https:\/\/krual.ee\/et\/","email":"info@krual.ee","telephone":"+37253457073","logo":{"@type":"ImageObject","url":"https:\/\/krual.ee\/wp-content\/uploads\/2024\/02\/cropped-logo512-jpg.webp","@id":"https:\/\/krual.ee\/et\/toode\/lukulint-spiraal-3-4mm-varv-d919-tume-sinine-50cm\/#organizationLogo","width":512,"height":512},"image":{"@id":"https:\/\/krual.ee\/et\/toode\/lukulint-spiraal-3-4mm-varv-d919-tume-sinine-50cm\/#organizationLogo"},"sameAs":["https:\/\/facebook.com\/krual","https:\/\/instagram.com\/krual2005"],"address":{"@id":"https:\/\/krual.ee\/et\/#postaladdress","@type":"PostalAddress","streetAddress":"Narva mnt.5, Krual O\u00dc,","postalCode":"41531","addressLocality":"J\u00f5hvi","addressCountry":"EE"}},{"@type":"WebPage","@id":"https:\/\/krual.ee\/et\/toode\/lukulint-spiraal-3-4mm-varv-d919-tume-sinine-50cm\/#webpage","url":"https:\/\/krual.ee\/et\/toode\/lukulint-spiraal-3-4mm-varv-d919-tume-sinine-50cm\/","name":"Lukulint spiraal\/3-4mm v\u00e4rv: D919-tume sinine - krual.ee","description":"Lukulint spiraal\/3-4mm, v\u00e4rv: D919-tume sinine, 50cm hind","inLanguage":"et","isPartOf":{"@id":"https:\/\/krual.ee\/et\/#website"},"breadcrumb":{"@id":"https:\/\/krual.ee\/et\/toode\/lukulint-spiraal-3-4mm-varv-d919-tume-sinine-50cm\/#breadcrumblist"},"image":{"@type":"ImageObject","url":"https:\/\/krual.ee\/wp-content\/uploads\/2024\/06\/lukulint-spiraal-d919-tume-sinine-kood-2883.jpg","@id":"https:\/\/krual.ee\/et\/toode\/lukulint-spiraal-3-4mm-varv-d919-tume-sinine-50cm\/#mainImage","width":600,"height":600},"primaryImageOfPage":{"@id":"https:\/\/krual.ee\/et\/toode\/lukulint-spiraal-3-4mm-varv-d919-tume-sinine-50cm\/#mainImage"},"datePublished":"2024-06-17T10:56:10+02:00","dateModified":"2024-06-28T12:14:08+02:00"},{"@type":"WebSite","@id":"https:\/\/krual.ee\/et\/#website","url":"https:\/\/krual.ee\/et\/","name":"Krual","description":"K\u00e4sit\u00f6\u00f6maailm, aknakatted","inLanguage":"et","publisher":{"@id":"https:\/\/krual.ee\/et\/#organization"}}]},"og:locale":"et_EE","og:site_name":"krual.ee - K\u00e4sit\u00f6\u00f6maailm, aknakatted","og:type":"article","og:title":"Lukulint spiraal\/3-4mm v\u00e4rv: D919-tume sinine - krual.ee","og:description":"Lukulint spiraal\/3-4mm, v\u00e4rv: D919-tume sinine, 50cm hind","og:url":"https:\/\/krual.ee\/et\/toode\/lukulint-spiraal-3-4mm-varv-d919-tume-sinine-50cm\/","og:image":"https:\/\/krual.ee\/wp-content\/uploads\/2024\/06\/lukulint-spiraal-d919-tume-sinine-kood-2883.jpg","og:image:secure_url":"https:\/\/krual.ee\/wp-content\/uploads\/2024\/06\/lukulint-spiraal-d919-tume-sinine-kood-2883.jpg","og:image:width":"600","og:image:height":"600","article:tag":["lukulint","\u043c\u043e\u043b\u043d\u0438\u044f \u0440\u0443\u043b\u043e\u043d\u043d\u0430\u044f"],"article:published_time":"2024-06-17T08:56:10+00:00","article:modified_time":"2024-06-28T10:14:08+00:00","article:publisher":"https:\/\/facebook.com\/krual","twitter:card":"summary_large_image","twitter:title":"Lukulint spiraal\/3-4mm v\u00e4rv: D919-tume sinine - krual.ee","twitter:description":"Lukulint spiraal\/3-4mm, v\u00e4rv: D919-tume sinine, 50cm hind","twitter:image":"https:\/\/krual.ee\/wp-content\/uploads\/2024\/06\/lukulint-spiraal-d919-tume-sinine-kood-2883.jpg"},"aioseo_meta_data":{"post_id":"42518","title":"Lukulint spiraal\/3-4mm v\u00e4rv: D919-tume sinine #separator_sa #site_title","description":"Lukulint spiraal\/3-4mm, v\u00e4rv: D919-tume sinine, 50cm hind","keywords":[{"label":"Lukulint","value":"Lukulint"},{"label":"\u041c\u043e\u043b\u043d\u0438\u044f \u0440\u0443\u043b\u043e\u043d\u043d\u0430\u044f","value":"\u041c\u043e\u043b\u043d\u0438\u044f \u0440\u0443\u043b\u043e\u043d\u043d\u0430\u044f"}],"keyphrases":{"focus":{"keyphrase":"Lukulint spiraal","score":82,"analysis":{"keyphraseInTitle":{"score":9,"maxScore":9,"error":0},"keyphraseInDescription":{"score":9,"maxScore":9,"error":0},"keyphraseLength":{"score":9,"maxScore":9,"error":0,"length":2},"keyphraseInURL":{"score":5,"maxScore":5,"error":0},"keyphraseInIntroduction":{"score":9,"maxScore":9,"error":0},"keyphraseInSubHeadings":[],"keyphraseInImageAlt":[],"keywordDensity":{"type":"high","score":0,"maxScore":9,"error":1}}},"additional":[]},"primary_term":null,"canonical_url":null,"og_title":null,"og_description":null,"og_object_type":"default","og_image_type":"featured","og_image_url":"https:\/\/krual.ee\/wp-content\/uploads\/2024\/06\/lukulint-spiraal-d919-tume-sinine-kood-2883.jpg","og_image_width":"600","og_image_height":"600","og_image_custom_url":null,"og_image_custom_fields":null,"og_video":"","og_custom_url":null,"og_article_section":null,"og_article_tags":[{"label":"Lukulint","value":"Lukulint"},{"label":"\u041c\u043e\u043b\u043d\u0438\u044f \u0440\u0443\u043b\u043e\u043d\u043d\u0430\u044f","value":"\u041c\u043e\u043b\u043d\u0438\u044f \u0440\u0443\u043b\u043e\u043d\u043d\u0430\u044f"}],"twitter_use_og":true,"twitter_card":"default","twitter_image_type":"default","twitter_image_url":null,"twitter_image_custom_url":null,"twitter_image_custom_fields":null,"twitter_title":null,"twitter_description":null,"schema":{"blockGraphs":[],"customGraphs":[],"default":{"data":{"Article":[],"Course":[],"Dataset":[],"FAQPage":[],"Movie":[],"Person":[],"Product":[],"ProductReview":[],"Car":[],"Recipe":[],"Service":[],"SoftwareApplication":[],"WebPage":[]},"graphName":"ItemPage","isEnabled":true},"graphs":[]},"schema_type":"default","schema_type_options":null,"pillar_content":false,"robots_default":true,"robots_noindex":false,"robots_noarchive":false,"robots_nosnippet":false,"robots_nofollow":false,"robots_noimageindex":false,"robots_noodp":false,"robots_notranslate":false,"robots_max_snippet":"-1","robots_max_videopreview":"-1","robots_max_imagepreview":"large","priority":null,"frequency":"default","local_seo":null,"limit_modified_date":false,"reviewed_by":null,"created":"2024-06-17 08:56:10","updated":"2024-06-28 10:22:25"},"aioseo_breadcrumb":"<div class=\"aioseo-breadcrumbs\"><span class=\"aioseo-breadcrumb\">\n\t<a href=\"https:\/\/krual.ee\/et\" title=\"Home\">Home<\/a>\n<\/span><span class=\"aioseo-breadcrumb-separator\">\u00bb<\/span><span class=\"aioseo-breadcrumb\">\n\t<a href=\"https:\/\/krual.ee\/et\/shop\/\" title=\"Shop\">Shop<\/a>\n<\/span><span class=\"aioseo-breadcrumb-separator\">\u00bb<\/span><span class=\"aioseo-breadcrumb\">\n\t<a href=\"https:\/\/krual.ee\/et\/tootekategooria\/%d1%81atalog\/\" title=\"\u041a\u0430\u0442\u0430\u043b\u043e\u0433 \u0442\u043e\u0432\u0430\u0440\u043e\u0432\">\u041a\u0430\u0442\u0430\u043b\u043e\u0433 \u0442\u043e\u0432\u0430\u0440\u043e\u0432<\/a>\n<\/span><span class=\"aioseo-breadcrumb-separator\">\u00bb<\/span><span class=\"aioseo-breadcrumb\">\n\t<a href=\"https:\/\/krual.ee\/et\/tootekategooria\/%d1%81atalog\/tomblukud\/\" title=\"\u041c\u043e\u043b\u043d\u0438\u0438\">\u041c\u043e\u043b\u043d\u0438\u0438<\/a>\n<\/span><span class=\"aioseo-breadcrumb-separator\">\u00bb<\/span><span class=\"aioseo-breadcrumb\">\n\t<a href=\"https:\/\/krual.ee\/et\/tootekategooria\/%d1%81atalog\/tomblukud\/lukulint-meetrilukud\/\" title=\"\u041c\u043e\u043b\u043d\u0438\u044f \u0440\u0443\u043b\u043e\u043d\u043d\u0430\u044f (\u043e\u0442\u0440\u0435\u0437\u043d\u0430\u044f)\">\u041c\u043e\u043b\u043d\u0438\u044f \u0440\u0443\u043b\u043e\u043d\u043d\u0430\u044f (\u043e\u0442\u0440\u0435\u0437\u043d\u0430\u044f)<\/a>\n<\/span><span class=\"aioseo-breadcrumb-separator\">\u00bb<\/span><span class=\"aioseo-breadcrumb\">\n\t\u041c\u043e\u043b\u043d\u0438\u044f \u0440\u0443\u043b\u043e\u043d\u043d\u0430\u044f \u0441\u043f\u0438\u0440\u0430\u043b\u044c\/3-4\u043c\u043c \u0446\u0432\u0435\u0442: D919-\u0442.\u0441\u0438\u043d\u0438\u0439, 50\u0441\u043c\n<\/span><\/div>","aioseo_breadcrumb_json":[{"label":"Home","link":"https:\/\/krual.ee\/et"},{"label":"Shop","link":"https:\/\/krual.ee\/et\/shop\/"},{"label":"\u041a\u0430\u0442\u0430\u043b\u043e\u0433 \u0442\u043e\u0432\u0430\u0440\u043e\u0432","link":"https:\/\/krual.ee\/et\/tootekategooria\/%d1%81atalog\/"},{"label":"\u041c\u043e\u043b\u043d\u0438\u0438","link":"https:\/\/krual.ee\/et\/tootekategooria\/%d1%81atalog\/tomblukud\/"},{"label":"\u041c\u043e\u043b\u043d\u0438\u044f \u0440\u0443\u043b\u043e\u043d\u043d\u0430\u044f (\u043e\u0442\u0440\u0435\u0437\u043d\u0430\u044f)","link":"https:\/\/krual.ee\/et\/tootekategooria\/%d1%81atalog\/tomblukud\/lukulint-meetrilukud\/"},{"label":"\u041c\u043e\u043b\u043d\u0438\u044f \u0440\u0443\u043b\u043e\u043d\u043d\u0430\u044f \u0441\u043f\u0438\u0440\u0430\u043b\u044c\/3-4\u043c\u043c \u0446\u0432\u0435\u0442: D919-\u0442.\u0441\u0438\u043d\u0438\u0439, 50\u0441\u043c","link":"https:\/\/krual.ee\/et\/toode\/lukulint-spiraal-3-4mm-varv-d919-tume-sinine-50cm\/"}],"_links":{"self":[{"href":"https:\/\/krual.ee\/et\/wp-json\/wp\/v2\/product\/42518","targetHints":{"allow":["GET"]}}],"collection":[{"href":"https:\/\/krual.ee\/et\/wp-json\/wp\/v2\/product"}],"about":[{"href":"https:\/\/krual.ee\/et\/wp-json\/wp\/v2\/types\/product"}],"version-history":[{"count":0,"href":"https:\/\/krual.ee\/et\/wp-json\/wp\/v2\/product\/42518\/revisions"}],"wp:featuredmedia":[{"embeddable":true,"href":"https:\/\/krual.ee\/et\/wp-json\/wp\/v2\/media\/42519"}],"wp:attachment":[{"href":"https:\/\/krual.ee\/et\/wp-json\/wp\/v2\/media?parent=42518"}],"wp:term":[{"taxonomy":"product_brand","embeddable":true,"href":"https:\/\/krual.ee\/et\/wp-json\/wp\/v2\/product_brand?post=42518"},{"taxonomy":"product_cat","embeddable":true,"href":"https:\/\/krual.ee\/et\/wp-json\/wp\/v2\/product_cat?post=42518"},{"taxonomy":"product_tag","embeddable":true,"href":"https:\/\/krual.ee\/et\/wp-json\/wp\/v2\/product_tag?post=42518"}],"curies":[{"name":"wp","href":"https:\/\/api.w.org\/{rel}","templated":true}]}}