{"id":31984,"date":"2023-12-30T13:36:10","date_gmt":"2023-12-30T11:36:10","guid":{"rendered":"https:\/\/krual.ee\/?post_type=product&#038;p=31984"},"modified":"2024-05-27T10:35:57","modified_gmt":"2024-05-27T08:35:57","slug":"kamee-1825mm-must-alus-ja-valged-lilled-1tk","status":"publish","type":"product","link":"https:\/\/krual.ee\/et\/toode\/kamee-1825mm-must-alus-ja-valged-lilled-1tk\/","title":{"rendered":"Kamee 18*25mm must alus ja valged lilled, 1tk"},"content":{"rendered":"","protected":false},"excerpt":{"rendered":"","protected":false},"featured_media":31985,"template":"","meta":{"_monsterinsights_skip_tracking":false,"_monsterinsights_sitenote_active":false,"_monsterinsights_sitenote_note":"","_monsterinsights_sitenote_category":0,"_uf_show_specific_survey":0,"_uf_disable_surveys":false},"product_brand":[],"product_cat":[1259],"product_tag":[],"class_list":{"0":"post-31984","1":"product","2":"type-product","3":"status-publish","4":"has-post-thumbnail","6":"product_cat-kamee","8":"entry","9":"has-media","11":"first","12":"instock","13":"taxable","14":"shipping-taxable","15":"purchasable","16":"product-type-simple","17":"has-product-nav","18":"col","19":"span_1_of_3","20":"owp-content-center","21":"owp-thumbs-layout-horizontal","22":"owp-btn-normal","23":"owp-tabs-layout-horizontal","24":"has-no-thumbnails"},"aioseo_notices":[],"aioseo_head":"\n\t\t<!-- All in One SEO Pro 4.8.3.2 - aioseo.com -->\n\t<meta name=\"description\" content=\"Kamee, 18*25mm, must alus ja valged lilled, 1tk\" \/>\n\t<meta name=\"robots\" content=\"max-image-preview:large\" \/>\n\t<meta name=\"keywords\" content=\"kamee,\u043a\u0430\u043c\u0435\u044f\" \/>\n\t<link rel=\"canonical\" href=\"https:\/\/krual.ee\/et\/toode\/kamee-1825mm-must-alus-ja-valged-lilled-1tk\/\" \/>\n\t<meta name=\"generator\" content=\"All in One SEO Pro (AIOSEO) 4.8.3.2\" \/>\n\t\t<meta property=\"og:locale\" content=\"et_EE\" \/>\n\t\t<meta property=\"og:site_name\" content=\"krual.ee - K\u00e4sit\u00f6\u00f6maailm, aknakatted\" \/>\n\t\t<meta property=\"og:type\" content=\"article\" \/>\n\t\t<meta property=\"og:title\" content=\"Kamee 18*25mm must alus ja valged lilled - krual.ee\" \/>\n\t\t<meta property=\"og:description\" content=\"Kamee, 18*25mm, must alus ja valged lilled, 1tk\" \/>\n\t\t<meta property=\"og:url\" content=\"https:\/\/krual.ee\/et\/toode\/kamee-1825mm-must-alus-ja-valged-lilled-1tk\/\" \/>\n\t\t<meta property=\"og:image\" content=\"https:\/\/krual.ee\/wp-content\/uploads\/2023\/12\/kamee-18x25mm-must-ja-valge-jpg.webp\" \/>\n\t\t<meta property=\"og:image:secure_url\" content=\"https:\/\/krual.ee\/wp-content\/uploads\/2023\/12\/kamee-18x25mm-must-ja-valge-jpg.webp\" \/>\n\t\t<meta property=\"og:image:width\" content=\"600\" \/>\n\t\t<meta property=\"og:image:height\" content=\"600\" \/>\n\t\t<meta property=\"article:tag\" content=\"kamee\" \/>\n\t\t<meta property=\"article:tag\" content=\"\u043a\u0430\u043c\u0435\u044f\" \/>\n\t\t<meta property=\"article:published_time\" content=\"2023-12-30T11:36:10+00:00\" \/>\n\t\t<meta property=\"article:modified_time\" content=\"2024-05-27T08:35:57+00:00\" \/>\n\t\t<meta property=\"article:publisher\" content=\"https:\/\/facebook.com\/krual\" \/>\n\t\t<meta name=\"twitter:card\" content=\"summary_large_image\" \/>\n\t\t<meta name=\"twitter:title\" content=\"Kamee 18*25mm must alus ja valged lilled - krual.ee\" \/>\n\t\t<meta name=\"twitter:description\" content=\"Kamee, 18*25mm, must alus ja valged lilled, 1tk\" \/>\n\t\t<meta name=\"twitter:image\" content=\"https:\/\/krual.ee\/wp-content\/uploads\/2023\/12\/kamee-18x25mm-must-ja-valge-jpg.webp\" \/>\n\t\t<script type=\"application\/ld+json\" class=\"aioseo-schema\">\n\t\t\t{\"@context\":\"https:\\\/\\\/schema.org\",\"@graph\":[{\"@type\":\"BreadcrumbList\",\"@id\":\"https:\\\/\\\/krual.ee\\\/et\\\/toode\\\/kamee-1825mm-must-alus-ja-valged-lilled-1tk\\\/#breadcrumblist\",\"itemListElement\":[{\"@type\":\"ListItem\",\"@id\":\"https:\\\/\\\/krual.ee\\\/et#listItem\",\"position\":1,\"name\":\"Home\",\"item\":\"https:\\\/\\\/krual.ee\\\/et\",\"nextItem\":{\"@type\":\"ListItem\",\"@id\":\"https:\\\/\\\/krual.ee\\\/et\\\/shop\\\/#listItem\",\"name\":\"Shop\"}},{\"@type\":\"ListItem\",\"@id\":\"https:\\\/\\\/krual.ee\\\/et\\\/shop\\\/#listItem\",\"position\":2,\"name\":\"Shop\",\"item\":\"https:\\\/\\\/krual.ee\\\/et\\\/shop\\\/\",\"nextItem\":{\"@type\":\"ListItem\",\"@id\":\"https:\\\/\\\/krual.ee\\\/et\\\/tootekategooria\\\/%d1%81atalog\\\/#listItem\",\"name\":\"\\u041a\\u0430\\u0442\\u0430\\u043b\\u043e\\u0433 \\u0442\\u043e\\u0432\\u0430\\u0440\\u043e\\u0432\"},\"previousItem\":{\"@type\":\"ListItem\",\"@id\":\"https:\\\/\\\/krual.ee\\\/et#listItem\",\"name\":\"Home\"}},{\"@type\":\"ListItem\",\"@id\":\"https:\\\/\\\/krual.ee\\\/et\\\/tootekategooria\\\/%d1%81atalog\\\/#listItem\",\"position\":3,\"name\":\"\\u041a\\u0430\\u0442\\u0430\\u043b\\u043e\\u0433 \\u0442\\u043e\\u0432\\u0430\\u0440\\u043e\\u0432\",\"item\":\"https:\\\/\\\/krual.ee\\\/et\\\/tootekategooria\\\/%d1%81atalog\\\/\",\"nextItem\":{\"@type\":\"ListItem\",\"@id\":\"https:\\\/\\\/krual.ee\\\/et\\\/tootekategooria\\\/%d1%81atalog\\\/helmed-litrid-kristallid\\\/#listItem\",\"name\":\"\\u0411\\u0443\\u0441\\u0438\\u043d\\u044b, \\u043f\\u0430\\u0439\\u0435\\u0442\\u043a\\u0438, \\u043a\\u0440\\u0438\\u0441\\u0442\\u0430\\u043b\\u043b\\u044b\"},\"previousItem\":{\"@type\":\"ListItem\",\"@id\":\"https:\\\/\\\/krual.ee\\\/et\\\/shop\\\/#listItem\",\"name\":\"Shop\"}},{\"@type\":\"ListItem\",\"@id\":\"https:\\\/\\\/krual.ee\\\/et\\\/tootekategooria\\\/%d1%81atalog\\\/helmed-litrid-kristallid\\\/#listItem\",\"position\":4,\"name\":\"\\u0411\\u0443\\u0441\\u0438\\u043d\\u044b, \\u043f\\u0430\\u0439\\u0435\\u0442\\u043a\\u0438, \\u043a\\u0440\\u0438\\u0441\\u0442\\u0430\\u043b\\u043b\\u044b\",\"item\":\"https:\\\/\\\/krual.ee\\\/et\\\/tootekategooria\\\/%d1%81atalog\\\/helmed-litrid-kristallid\\\/\",\"nextItem\":{\"@type\":\"ListItem\",\"@id\":\"https:\\\/\\\/krual.ee\\\/et\\\/tootekategooria\\\/%d1%81atalog\\\/helmed-litrid-kristallid\\\/kamee\\\/#listItem\",\"name\":\"\\u042d\\u043b\\u0435\\u043c\\u0435\\u043d\\u0442\\u044b \\u0441 \\u043f\\u043b\\u043e\\u0441\\u043a\\u043e\\u0439 \\u043e\\u0441\\u043d\\u043e\\u0432\\u043e\\u0439\"},\"previousItem\":{\"@type\":\"ListItem\",\"@id\":\"https:\\\/\\\/krual.ee\\\/et\\\/tootekategooria\\\/%d1%81atalog\\\/#listItem\",\"name\":\"\\u041a\\u0430\\u0442\\u0430\\u043b\\u043e\\u0433 \\u0442\\u043e\\u0432\\u0430\\u0440\\u043e\\u0432\"}},{\"@type\":\"ListItem\",\"@id\":\"https:\\\/\\\/krual.ee\\\/et\\\/tootekategooria\\\/%d1%81atalog\\\/helmed-litrid-kristallid\\\/kamee\\\/#listItem\",\"position\":5,\"name\":\"\\u042d\\u043b\\u0435\\u043c\\u0435\\u043d\\u0442\\u044b \\u0441 \\u043f\\u043b\\u043e\\u0441\\u043a\\u043e\\u0439 \\u043e\\u0441\\u043d\\u043e\\u0432\\u043e\\u0439\",\"item\":\"https:\\\/\\\/krual.ee\\\/et\\\/tootekategooria\\\/%d1%81atalog\\\/helmed-litrid-kristallid\\\/kamee\\\/\",\"nextItem\":{\"@type\":\"ListItem\",\"@id\":\"https:\\\/\\\/krual.ee\\\/et\\\/toode\\\/kamee-1825mm-must-alus-ja-valged-lilled-1tk\\\/#listItem\",\"name\":\"\\u041a\\u0430\\u043c\\u0435\\u044f 18*25\\u043c\\u043c \\u0447\\u0435\\u0440\\u043d\\u0430\\u044f \\u043e\\u0441\\u043d\\u043e\\u0432\\u0430 \\u0438 \\u0431\\u0435\\u043b\\u044b\\u0435 \\u0446\\u0432\\u0435\\u0442\\u044b, 1\\u0448\\u0442\"},\"previousItem\":{\"@type\":\"ListItem\",\"@id\":\"https:\\\/\\\/krual.ee\\\/et\\\/tootekategooria\\\/%d1%81atalog\\\/helmed-litrid-kristallid\\\/#listItem\",\"name\":\"\\u0411\\u0443\\u0441\\u0438\\u043d\\u044b, \\u043f\\u0430\\u0439\\u0435\\u0442\\u043a\\u0438, \\u043a\\u0440\\u0438\\u0441\\u0442\\u0430\\u043b\\u043b\\u044b\"}},{\"@type\":\"ListItem\",\"@id\":\"https:\\\/\\\/krual.ee\\\/et\\\/toode\\\/kamee-1825mm-must-alus-ja-valged-lilled-1tk\\\/#listItem\",\"position\":6,\"name\":\"\\u041a\\u0430\\u043c\\u0435\\u044f 18*25\\u043c\\u043c \\u0447\\u0435\\u0440\\u043d\\u0430\\u044f \\u043e\\u0441\\u043d\\u043e\\u0432\\u0430 \\u0438 \\u0431\\u0435\\u043b\\u044b\\u0435 \\u0446\\u0432\\u0435\\u0442\\u044b, 1\\u0448\\u0442\",\"previousItem\":{\"@type\":\"ListItem\",\"@id\":\"https:\\\/\\\/krual.ee\\\/et\\\/tootekategooria\\\/%d1%81atalog\\\/helmed-litrid-kristallid\\\/kamee\\\/#listItem\",\"name\":\"\\u042d\\u043b\\u0435\\u043c\\u0435\\u043d\\u0442\\u044b \\u0441 \\u043f\\u043b\\u043e\\u0441\\u043a\\u043e\\u0439 \\u043e\\u0441\\u043d\\u043e\\u0432\\u043e\\u0439\"}}]},{\"@type\":\"ItemPage\",\"@id\":\"https:\\\/\\\/krual.ee\\\/et\\\/toode\\\/kamee-1825mm-must-alus-ja-valged-lilled-1tk\\\/#itempage\",\"url\":\"https:\\\/\\\/krual.ee\\\/et\\\/toode\\\/kamee-1825mm-must-alus-ja-valged-lilled-1tk\\\/\",\"name\":\"Kamee 18*25mm must alus ja valged lilled - krual.ee\",\"description\":\"Kamee, 18*25mm, must alus ja valged lilled, 1tk\",\"inLanguage\":\"et\",\"isPartOf\":{\"@id\":\"https:\\\/\\\/krual.ee\\\/et\\\/#website\"},\"breadcrumb\":{\"@id\":\"https:\\\/\\\/krual.ee\\\/et\\\/toode\\\/kamee-1825mm-must-alus-ja-valged-lilled-1tk\\\/#breadcrumblist\"},\"image\":{\"@type\":\"ImageObject\",\"url\":\"https:\\\/\\\/krual.ee\\\/wp-content\\\/uploads\\\/2023\\\/12\\\/kamee-18x25mm-must-ja-valge-jpg.webp\",\"@id\":\"https:\\\/\\\/krual.ee\\\/et\\\/toode\\\/kamee-1825mm-must-alus-ja-valged-lilled-1tk\\\/#mainImage\",\"width\":600,\"height\":600},\"primaryImageOfPage\":{\"@id\":\"https:\\\/\\\/krual.ee\\\/et\\\/toode\\\/kamee-1825mm-must-alus-ja-valged-lilled-1tk\\\/#mainImage\"},\"datePublished\":\"2023-12-30T13:36:10+02:00\",\"dateModified\":\"2024-05-27T10:35:57+02:00\"},{\"@type\":\"Organization\",\"@id\":\"https:\\\/\\\/krual.ee\\\/et\\\/#organization\",\"name\":\"Krual O\\u00dc\",\"description\":\"K\\u00e4sit\\u00f6\\u00f6maailm, aknakatted\",\"url\":\"https:\\\/\\\/krual.ee\\\/et\\\/\",\"email\":\"info@krual.ee\",\"telephone\":\"+37253457073\",\"logo\":{\"@type\":\"ImageObject\",\"url\":\"https:\\\/\\\/krual.ee\\\/wp-content\\\/uploads\\\/2024\\\/02\\\/cropped-logo512-jpg.webp\",\"@id\":\"https:\\\/\\\/krual.ee\\\/et\\\/toode\\\/kamee-1825mm-must-alus-ja-valged-lilled-1tk\\\/#organizationLogo\",\"width\":512,\"height\":512},\"image\":{\"@id\":\"https:\\\/\\\/krual.ee\\\/et\\\/toode\\\/kamee-1825mm-must-alus-ja-valged-lilled-1tk\\\/#organizationLogo\"},\"sameAs\":[\"https:\\\/\\\/facebook.com\\\/krual\",\"https:\\\/\\\/instagram.com\\\/krual2005\"],\"address\":{\"@id\":\"https:\\\/\\\/krual.ee\\\/et\\\/#postaladdress\",\"@type\":\"PostalAddress\",\"streetAddress\":\"Narva mnt.5, Krual O\\u00dc,\",\"postalCode\":\"41531\",\"addressLocality\":\"J\\u00f5hvi\",\"addressCountry\":\"EE\"}},{\"@type\":\"WebPage\",\"@id\":\"https:\\\/\\\/krual.ee\\\/et\\\/toode\\\/kamee-1825mm-must-alus-ja-valged-lilled-1tk\\\/#webpage\",\"url\":\"https:\\\/\\\/krual.ee\\\/et\\\/toode\\\/kamee-1825mm-must-alus-ja-valged-lilled-1tk\\\/\",\"name\":\"Kamee 18*25mm must alus ja valged lilled - krual.ee\",\"description\":\"Kamee, 18*25mm, must alus ja valged lilled, 1tk\",\"inLanguage\":\"et\",\"isPartOf\":{\"@id\":\"https:\\\/\\\/krual.ee\\\/et\\\/#website\"},\"breadcrumb\":{\"@id\":\"https:\\\/\\\/krual.ee\\\/et\\\/toode\\\/kamee-1825mm-must-alus-ja-valged-lilled-1tk\\\/#breadcrumblist\"},\"image\":{\"@type\":\"ImageObject\",\"url\":\"https:\\\/\\\/krual.ee\\\/wp-content\\\/uploads\\\/2023\\\/12\\\/kamee-18x25mm-must-ja-valge-jpg.webp\",\"@id\":\"https:\\\/\\\/krual.ee\\\/et\\\/toode\\\/kamee-1825mm-must-alus-ja-valged-lilled-1tk\\\/#mainImage\",\"width\":600,\"height\":600},\"primaryImageOfPage\":{\"@id\":\"https:\\\/\\\/krual.ee\\\/et\\\/toode\\\/kamee-1825mm-must-alus-ja-valged-lilled-1tk\\\/#mainImage\"},\"datePublished\":\"2023-12-30T13:36:10+02:00\",\"dateModified\":\"2024-05-27T10:35:57+02:00\"},{\"@type\":\"WebSite\",\"@id\":\"https:\\\/\\\/krual.ee\\\/et\\\/#website\",\"url\":\"https:\\\/\\\/krual.ee\\\/et\\\/\",\"name\":\"Krual\",\"description\":\"K\\u00e4sit\\u00f6\\u00f6maailm, aknakatted\",\"inLanguage\":\"et\",\"publisher\":{\"@id\":\"https:\\\/\\\/krual.ee\\\/et\\\/#organization\"}}]}\n\t\t<\/script>\n\t\t<!-- All in One SEO Pro -->\r\n\t\t<title>Kamee 18*25mm must alus ja valged lilled - krual.ee<\/title>\n\n","aioseo_head_json":{"title":"Kamee 18*25mm must alus ja valged lilled - krual.ee","description":"Kamee, 18*25mm, must alus ja valged lilled, 1tk","canonical_url":"https:\/\/krual.ee\/et\/toode\/kamee-1825mm-must-alus-ja-valged-lilled-1tk\/","robots":"max-image-preview:large","keywords":"kamee,\u043a\u0430\u043c\u0435\u044f","webmasterTools":{"miscellaneous":""},"schema":{"@context":"https:\/\/schema.org","@graph":[{"@type":"BreadcrumbList","@id":"https:\/\/krual.ee\/et\/toode\/kamee-1825mm-must-alus-ja-valged-lilled-1tk\/#breadcrumblist","itemListElement":[{"@type":"ListItem","@id":"https:\/\/krual.ee\/et#listItem","position":1,"name":"Home","item":"https:\/\/krual.ee\/et","nextItem":{"@type":"ListItem","@id":"https:\/\/krual.ee\/et\/shop\/#listItem","name":"Shop"}},{"@type":"ListItem","@id":"https:\/\/krual.ee\/et\/shop\/#listItem","position":2,"name":"Shop","item":"https:\/\/krual.ee\/et\/shop\/","nextItem":{"@type":"ListItem","@id":"https:\/\/krual.ee\/et\/tootekategooria\/%d1%81atalog\/#listItem","name":"\u041a\u0430\u0442\u0430\u043b\u043e\u0433 \u0442\u043e\u0432\u0430\u0440\u043e\u0432"},"previousItem":{"@type":"ListItem","@id":"https:\/\/krual.ee\/et#listItem","name":"Home"}},{"@type":"ListItem","@id":"https:\/\/krual.ee\/et\/tootekategooria\/%d1%81atalog\/#listItem","position":3,"name":"\u041a\u0430\u0442\u0430\u043b\u043e\u0433 \u0442\u043e\u0432\u0430\u0440\u043e\u0432","item":"https:\/\/krual.ee\/et\/tootekategooria\/%d1%81atalog\/","nextItem":{"@type":"ListItem","@id":"https:\/\/krual.ee\/et\/tootekategooria\/%d1%81atalog\/helmed-litrid-kristallid\/#listItem","name":"\u0411\u0443\u0441\u0438\u043d\u044b, \u043f\u0430\u0439\u0435\u0442\u043a\u0438, \u043a\u0440\u0438\u0441\u0442\u0430\u043b\u043b\u044b"},"previousItem":{"@type":"ListItem","@id":"https:\/\/krual.ee\/et\/shop\/#listItem","name":"Shop"}},{"@type":"ListItem","@id":"https:\/\/krual.ee\/et\/tootekategooria\/%d1%81atalog\/helmed-litrid-kristallid\/#listItem","position":4,"name":"\u0411\u0443\u0441\u0438\u043d\u044b, \u043f\u0430\u0439\u0435\u0442\u043a\u0438, \u043a\u0440\u0438\u0441\u0442\u0430\u043b\u043b\u044b","item":"https:\/\/krual.ee\/et\/tootekategooria\/%d1%81atalog\/helmed-litrid-kristallid\/","nextItem":{"@type":"ListItem","@id":"https:\/\/krual.ee\/et\/tootekategooria\/%d1%81atalog\/helmed-litrid-kristallid\/kamee\/#listItem","name":"\u042d\u043b\u0435\u043c\u0435\u043d\u0442\u044b \u0441 \u043f\u043b\u043e\u0441\u043a\u043e\u0439 \u043e\u0441\u043d\u043e\u0432\u043e\u0439"},"previousItem":{"@type":"ListItem","@id":"https:\/\/krual.ee\/et\/tootekategooria\/%d1%81atalog\/#listItem","name":"\u041a\u0430\u0442\u0430\u043b\u043e\u0433 \u0442\u043e\u0432\u0430\u0440\u043e\u0432"}},{"@type":"ListItem","@id":"https:\/\/krual.ee\/et\/tootekategooria\/%d1%81atalog\/helmed-litrid-kristallid\/kamee\/#listItem","position":5,"name":"\u042d\u043b\u0435\u043c\u0435\u043d\u0442\u044b \u0441 \u043f\u043b\u043e\u0441\u043a\u043e\u0439 \u043e\u0441\u043d\u043e\u0432\u043e\u0439","item":"https:\/\/krual.ee\/et\/tootekategooria\/%d1%81atalog\/helmed-litrid-kristallid\/kamee\/","nextItem":{"@type":"ListItem","@id":"https:\/\/krual.ee\/et\/toode\/kamee-1825mm-must-alus-ja-valged-lilled-1tk\/#listItem","name":"\u041a\u0430\u043c\u0435\u044f 18*25\u043c\u043c \u0447\u0435\u0440\u043d\u0430\u044f \u043e\u0441\u043d\u043e\u0432\u0430 \u0438 \u0431\u0435\u043b\u044b\u0435 \u0446\u0432\u0435\u0442\u044b, 1\u0448\u0442"},"previousItem":{"@type":"ListItem","@id":"https:\/\/krual.ee\/et\/tootekategooria\/%d1%81atalog\/helmed-litrid-kristallid\/#listItem","name":"\u0411\u0443\u0441\u0438\u043d\u044b, \u043f\u0430\u0439\u0435\u0442\u043a\u0438, \u043a\u0440\u0438\u0441\u0442\u0430\u043b\u043b\u044b"}},{"@type":"ListItem","@id":"https:\/\/krual.ee\/et\/toode\/kamee-1825mm-must-alus-ja-valged-lilled-1tk\/#listItem","position":6,"name":"\u041a\u0430\u043c\u0435\u044f 18*25\u043c\u043c \u0447\u0435\u0440\u043d\u0430\u044f \u043e\u0441\u043d\u043e\u0432\u0430 \u0438 \u0431\u0435\u043b\u044b\u0435 \u0446\u0432\u0435\u0442\u044b, 1\u0448\u0442","previousItem":{"@type":"ListItem","@id":"https:\/\/krual.ee\/et\/tootekategooria\/%d1%81atalog\/helmed-litrid-kristallid\/kamee\/#listItem","name":"\u042d\u043b\u0435\u043c\u0435\u043d\u0442\u044b \u0441 \u043f\u043b\u043e\u0441\u043a\u043e\u0439 \u043e\u0441\u043d\u043e\u0432\u043e\u0439"}}]},{"@type":"ItemPage","@id":"https:\/\/krual.ee\/et\/toode\/kamee-1825mm-must-alus-ja-valged-lilled-1tk\/#itempage","url":"https:\/\/krual.ee\/et\/toode\/kamee-1825mm-must-alus-ja-valged-lilled-1tk\/","name":"Kamee 18*25mm must alus ja valged lilled - krual.ee","description":"Kamee, 18*25mm, must alus ja valged lilled, 1tk","inLanguage":"et","isPartOf":{"@id":"https:\/\/krual.ee\/et\/#website"},"breadcrumb":{"@id":"https:\/\/krual.ee\/et\/toode\/kamee-1825mm-must-alus-ja-valged-lilled-1tk\/#breadcrumblist"},"image":{"@type":"ImageObject","url":"https:\/\/krual.ee\/wp-content\/uploads\/2023\/12\/kamee-18x25mm-must-ja-valge-jpg.webp","@id":"https:\/\/krual.ee\/et\/toode\/kamee-1825mm-must-alus-ja-valged-lilled-1tk\/#mainImage","width":600,"height":600},"primaryImageOfPage":{"@id":"https:\/\/krual.ee\/et\/toode\/kamee-1825mm-must-alus-ja-valged-lilled-1tk\/#mainImage"},"datePublished":"2023-12-30T13:36:10+02:00","dateModified":"2024-05-27T10:35:57+02:00"},{"@type":"Organization","@id":"https:\/\/krual.ee\/et\/#organization","name":"Krual O\u00dc","description":"K\u00e4sit\u00f6\u00f6maailm, aknakatted","url":"https:\/\/krual.ee\/et\/","email":"info@krual.ee","telephone":"+37253457073","logo":{"@type":"ImageObject","url":"https:\/\/krual.ee\/wp-content\/uploads\/2024\/02\/cropped-logo512-jpg.webp","@id":"https:\/\/krual.ee\/et\/toode\/kamee-1825mm-must-alus-ja-valged-lilled-1tk\/#organizationLogo","width":512,"height":512},"image":{"@id":"https:\/\/krual.ee\/et\/toode\/kamee-1825mm-must-alus-ja-valged-lilled-1tk\/#organizationLogo"},"sameAs":["https:\/\/facebook.com\/krual","https:\/\/instagram.com\/krual2005"],"address":{"@id":"https:\/\/krual.ee\/et\/#postaladdress","@type":"PostalAddress","streetAddress":"Narva mnt.5, Krual O\u00dc,","postalCode":"41531","addressLocality":"J\u00f5hvi","addressCountry":"EE"}},{"@type":"WebPage","@id":"https:\/\/krual.ee\/et\/toode\/kamee-1825mm-must-alus-ja-valged-lilled-1tk\/#webpage","url":"https:\/\/krual.ee\/et\/toode\/kamee-1825mm-must-alus-ja-valged-lilled-1tk\/","name":"Kamee 18*25mm must alus ja valged lilled - krual.ee","description":"Kamee, 18*25mm, must alus ja valged lilled, 1tk","inLanguage":"et","isPartOf":{"@id":"https:\/\/krual.ee\/et\/#website"},"breadcrumb":{"@id":"https:\/\/krual.ee\/et\/toode\/kamee-1825mm-must-alus-ja-valged-lilled-1tk\/#breadcrumblist"},"image":{"@type":"ImageObject","url":"https:\/\/krual.ee\/wp-content\/uploads\/2023\/12\/kamee-18x25mm-must-ja-valge-jpg.webp","@id":"https:\/\/krual.ee\/et\/toode\/kamee-1825mm-must-alus-ja-valged-lilled-1tk\/#mainImage","width":600,"height":600},"primaryImageOfPage":{"@id":"https:\/\/krual.ee\/et\/toode\/kamee-1825mm-must-alus-ja-valged-lilled-1tk\/#mainImage"},"datePublished":"2023-12-30T13:36:10+02:00","dateModified":"2024-05-27T10:35:57+02:00"},{"@type":"WebSite","@id":"https:\/\/krual.ee\/et\/#website","url":"https:\/\/krual.ee\/et\/","name":"Krual","description":"K\u00e4sit\u00f6\u00f6maailm, aknakatted","inLanguage":"et","publisher":{"@id":"https:\/\/krual.ee\/et\/#organization"}}]},"og:locale":"et_EE","og:site_name":"krual.ee - K\u00e4sit\u00f6\u00f6maailm, aknakatted","og:type":"article","og:title":"Kamee 18*25mm must alus ja valged lilled - krual.ee","og:description":"Kamee, 18*25mm, must alus ja valged lilled, 1tk","og:url":"https:\/\/krual.ee\/et\/toode\/kamee-1825mm-must-alus-ja-valged-lilled-1tk\/","og:image":"https:\/\/krual.ee\/wp-content\/uploads\/2023\/12\/kamee-18x25mm-must-ja-valge-jpg.webp","og:image:secure_url":"https:\/\/krual.ee\/wp-content\/uploads\/2023\/12\/kamee-18x25mm-must-ja-valge-jpg.webp","og:image:width":"600","og:image:height":"600","article:tag":["kamee","\u043a\u0430\u043c\u0435\u044f"],"article:published_time":"2023-12-30T11:36:10+00:00","article:modified_time":"2024-05-27T08:35:57+00:00","article:publisher":"https:\/\/facebook.com\/krual","twitter:card":"summary_large_image","twitter:title":"Kamee 18*25mm must alus ja valged lilled - krual.ee","twitter:description":"Kamee, 18*25mm, must alus ja valged lilled, 1tk","twitter:image":"https:\/\/krual.ee\/wp-content\/uploads\/2023\/12\/kamee-18x25mm-must-ja-valge-jpg.webp"},"aioseo_meta_data":{"post_id":"31984","title":"Kamee 18*25mm must alus ja valged lilled #separator_sa #site_title","description":"Kamee, 18*25mm, must alus ja valged lilled, 1tk","keywords":[{"label":"Kamee","value":"Kamee"},{"label":"\u043a\u0430\u043c\u0435\u044f","value":"\u043a\u0430\u043c\u0435\u044f"}],"keyphrases":{"focus":{"keyphrase":"Kamee","score":100,"analysis":{"keyphraseInTitle":{"score":9,"maxScore":9,"error":0},"keyphraseInDescription":{"score":9,"maxScore":9,"error":0},"keyphraseLength":{"score":9,"maxScore":9,"error":0,"length":1},"keyphraseInURL":{"score":5,"maxScore":5,"error":0}}},"additional":[]},"primary_term":null,"canonical_url":null,"og_title":null,"og_description":null,"og_object_type":"default","og_image_type":"featured","og_image_url":"https:\/\/krual.ee\/wp-content\/uploads\/2023\/12\/kamee-18x25mm-must-ja-valge-jpg.webp","og_image_width":"600","og_image_height":"600","og_image_custom_url":null,"og_image_custom_fields":null,"og_video":"","og_custom_url":null,"og_article_section":null,"og_article_tags":[{"label":"Kamee","value":"Kamee"},{"label":"\u043a\u0430\u043c\u0435\u044f","value":"\u043a\u0430\u043c\u0435\u044f"}],"twitter_use_og":true,"twitter_card":"default","twitter_image_type":"default","twitter_image_url":null,"twitter_image_custom_url":null,"twitter_image_custom_fields":null,"twitter_title":null,"twitter_description":null,"schema":{"blockGraphs":[],"customGraphs":[],"default":{"data":{"Article":[],"Course":[],"Dataset":[],"FAQPage":[],"Movie":[],"Person":[],"Product":[],"ProductReview":[],"Car":[],"Recipe":[],"Service":[],"SoftwareApplication":[],"WebPage":[]},"graphName":"ItemPage","isEnabled":true},"graphs":[]},"schema_type":"default","schema_type_options":null,"pillar_content":false,"robots_default":true,"robots_noindex":false,"robots_noarchive":false,"robots_nosnippet":false,"robots_nofollow":false,"robots_noimageindex":false,"robots_noodp":false,"robots_notranslate":false,"robots_max_snippet":"-1","robots_max_videopreview":"-1","robots_max_imagepreview":"large","priority":null,"frequency":"default","local_seo":null,"limit_modified_date":false,"reviewed_by":null,"created":"2023-12-30 11:36:10","updated":"2024-05-27 08:51:23"},"aioseo_breadcrumb":"<div class=\"aioseo-breadcrumbs\"><span class=\"aioseo-breadcrumb\">\n\t<a href=\"https:\/\/krual.ee\/et\" title=\"Home\">Home<\/a>\n<\/span><span class=\"aioseo-breadcrumb-separator\">\u00bb<\/span><span class=\"aioseo-breadcrumb\">\n\t<a href=\"https:\/\/krual.ee\/et\/shop\/\" title=\"Shop\">Shop<\/a>\n<\/span><span class=\"aioseo-breadcrumb-separator\">\u00bb<\/span><span class=\"aioseo-breadcrumb\">\n\t<a href=\"https:\/\/krual.ee\/et\/tootekategooria\/%d1%81atalog\/\" title=\"\u041a\u0430\u0442\u0430\u043b\u043e\u0433 \u0442\u043e\u0432\u0430\u0440\u043e\u0432\">\u041a\u0430\u0442\u0430\u043b\u043e\u0433 \u0442\u043e\u0432\u0430\u0440\u043e\u0432<\/a>\n<\/span><span class=\"aioseo-breadcrumb-separator\">\u00bb<\/span><span class=\"aioseo-breadcrumb\">\n\t<a href=\"https:\/\/krual.ee\/et\/tootekategooria\/%d1%81atalog\/helmed-litrid-kristallid\/\" title=\"\u0411\u0443\u0441\u0438\u043d\u044b, \u043f\u0430\u0439\u0435\u0442\u043a\u0438, \u043a\u0440\u0438\u0441\u0442\u0430\u043b\u043b\u044b\">\u0411\u0443\u0441\u0438\u043d\u044b, \u043f\u0430\u0439\u0435\u0442\u043a\u0438, \u043a\u0440\u0438\u0441\u0442\u0430\u043b\u043b\u044b<\/a>\n<\/span><span class=\"aioseo-breadcrumb-separator\">\u00bb<\/span><span class=\"aioseo-breadcrumb\">\n\t<a href=\"https:\/\/krual.ee\/et\/tootekategooria\/%d1%81atalog\/helmed-litrid-kristallid\/kamee\/\" title=\"\u042d\u043b\u0435\u043c\u0435\u043d\u0442\u044b \u0441 \u043f\u043b\u043e\u0441\u043a\u043e\u0439 \u043e\u0441\u043d\u043e\u0432\u043e\u0439\">\u042d\u043b\u0435\u043c\u0435\u043d\u0442\u044b \u0441 \u043f\u043b\u043e\u0441\u043a\u043e\u0439 \u043e\u0441\u043d\u043e\u0432\u043e\u0439<\/a>\n<\/span><span class=\"aioseo-breadcrumb-separator\">\u00bb<\/span><span class=\"aioseo-breadcrumb\">\n\t\u041a\u0430\u043c\u0435\u044f 18*25\u043c\u043c \u0447\u0435\u0440\u043d\u0430\u044f \u043e\u0441\u043d\u043e\u0432\u0430 \u0438 \u0431\u0435\u043b\u044b\u0435 \u0446\u0432\u0435\u0442\u044b, 1\u0448\u0442\n<\/span><\/div>","aioseo_breadcrumb_json":[{"label":"Home","link":"https:\/\/krual.ee\/et"},{"label":"Shop","link":"https:\/\/krual.ee\/et\/shop\/"},{"label":"\u041a\u0430\u0442\u0430\u043b\u043e\u0433 \u0442\u043e\u0432\u0430\u0440\u043e\u0432","link":"https:\/\/krual.ee\/et\/tootekategooria\/%d1%81atalog\/"},{"label":"\u0411\u0443\u0441\u0438\u043d\u044b, \u043f\u0430\u0439\u0435\u0442\u043a\u0438, \u043a\u0440\u0438\u0441\u0442\u0430\u043b\u043b\u044b","link":"https:\/\/krual.ee\/et\/tootekategooria\/%d1%81atalog\/helmed-litrid-kristallid\/"},{"label":"\u042d\u043b\u0435\u043c\u0435\u043d\u0442\u044b \u0441 \u043f\u043b\u043e\u0441\u043a\u043e\u0439 \u043e\u0441\u043d\u043e\u0432\u043e\u0439","link":"https:\/\/krual.ee\/et\/tootekategooria\/%d1%81atalog\/helmed-litrid-kristallid\/kamee\/"},{"label":"\u041a\u0430\u043c\u0435\u044f 18*25\u043c\u043c \u0447\u0435\u0440\u043d\u0430\u044f \u043e\u0441\u043d\u043e\u0432\u0430 \u0438 \u0431\u0435\u043b\u044b\u0435 \u0446\u0432\u0435\u0442\u044b, 1\u0448\u0442","link":"https:\/\/krual.ee\/et\/toode\/kamee-1825mm-must-alus-ja-valged-lilled-1tk\/"}],"_links":{"self":[{"href":"https:\/\/krual.ee\/et\/wp-json\/wp\/v2\/product\/31984","targetHints":{"allow":["GET"]}}],"collection":[{"href":"https:\/\/krual.ee\/et\/wp-json\/wp\/v2\/product"}],"about":[{"href":"https:\/\/krual.ee\/et\/wp-json\/wp\/v2\/types\/product"}],"version-history":[{"count":0,"href":"https:\/\/krual.ee\/et\/wp-json\/wp\/v2\/product\/31984\/revisions"}],"wp:featuredmedia":[{"embeddable":true,"href":"https:\/\/krual.ee\/et\/wp-json\/wp\/v2\/media\/31985"}],"wp:attachment":[{"href":"https:\/\/krual.ee\/et\/wp-json\/wp\/v2\/media?parent=31984"}],"wp:term":[{"taxonomy":"product_brand","embeddable":true,"href":"https:\/\/krual.ee\/et\/wp-json\/wp\/v2\/product_brand?post=31984"},{"taxonomy":"product_cat","embeddable":true,"href":"https:\/\/krual.ee\/et\/wp-json\/wp\/v2\/product_cat?post=31984"},{"taxonomy":"product_tag","embeddable":true,"href":"https:\/\/krual.ee\/et\/wp-json\/wp\/v2\/product_tag?post=31984"}],"curies":[{"name":"wp","href":"https:\/\/api.w.org\/{rel}","templated":true}]}}