{"id":27583,"date":"2023-10-24T10:27:34","date_gmt":"2023-10-24T08:27:34","guid":{"rendered":"https:\/\/krual.ee\/?post_type=product&#038;p=27583"},"modified":"2024-12-29T13:12:56","modified_gmt":"2024-12-29T11:12:56","slug":"gipuuripits-venetsia-80mm-varv-hele-roheline-50cm","status":"publish","type":"product","link":"https:\/\/krual.ee\/et\/toode\/gipuuripits-venetsia-80mm-varv-hele-roheline-50cm\/","title":{"rendered":"Gip\u00fc\u00fcripits \u00abVenetsia\u00bb 80mm, v\u00e4rv: hele roheline, 50cm"},"content":{"rendered":"<p>Hind 50 cm.\"Kui soovite 1 meetrit, siis tellige 2 tk.\"<\/p>","protected":false},"excerpt":{"rendered":"<p>Hind 50 cm.\"Kui soovite 1 meetrit, siis tellige 2 tk.\"<\/p>","protected":false},"featured_media":27584,"template":"","meta":{"_monsterinsights_skip_tracking":false,"_monsterinsights_sitenote_active":false,"_monsterinsights_sitenote_note":"","_monsterinsights_sitenote_category":0,"_uf_show_specific_survey":0,"_uf_disable_surveys":false},"product_brand":[],"product_cat":[973],"product_tag":[],"class_list":{"0":"post-27583","1":"product","2":"type-product","3":"status-publish","4":"has-post-thumbnail","6":"product_cat-pitsid-rohelised-toonid","8":"entry","9":"has-media","11":"first","12":"instock","13":"taxable","14":"shipping-taxable","15":"purchasable","16":"product-type-simple","17":"has-product-nav","18":"col","19":"span_1_of_3","20":"owp-content-center","21":"owp-thumbs-layout-horizontal","22":"owp-btn-normal","23":"owp-tabs-layout-horizontal","24":"has-no-thumbnails"},"aioseo_notices":[],"aioseo_head":"\n\t\t<!-- All in One SEO Pro 4.8.3.2 - aioseo.com -->\n\t<meta name=\"description\" content=\"\u0426\u0435\u043d\u0430 \u0437\u0430 50 \u0441\u043c. \u00ab\u0435\u0441\u043b\u0438 \u043d\u0443\u0436\u0435\u043d 1 \u043c\u0435\u0442\u0440, \u0442\u043e \u0437\u0430\u043a\u0430\u0437\u044b\u0432\u0430\u0439\u0442\u0435 2 \u0448\u0442.\u00bb\" \/>\n\t<meta name=\"robots\" content=\"max-image-preview:large\" \/>\n\t<link rel=\"canonical\" href=\"https:\/\/krual.ee\/et\/toode\/gipuuripits-venetsia-80mm-varv-hele-roheline-50cm\/\" \/>\n\t<meta name=\"generator\" content=\"All in One SEO Pro (AIOSEO) 4.8.3.2\" \/>\n\t\t<meta property=\"og:locale\" content=\"et_EE\" \/>\n\t\t<meta property=\"og:site_name\" content=\"krual.ee - K\u00e4sit\u00f6\u00f6maailm, aknakatted\" \/>\n\t\t<meta property=\"og:type\" content=\"article\" \/>\n\t\t<meta property=\"og:title\" content=\"\u041a\u0440\u0443\u0436\u0435\u0432\u043e \u0433\u0438\u043f\u044e\u0440 \u00abVenetsia\u00bb 80\u043c\u043c, \u0446\u0432\u0435\u0442: \u0441\u0432.\u0437\u0435\u043b\u0435\u043d\u044b\u0439, 50c\u043c - krual.ee\" \/>\n\t\t<meta property=\"og:description\" content=\"\u0426\u0435\u043d\u0430 \u0437\u0430 50 \u0441\u043c. \u00ab\u0435\u0441\u043b\u0438 \u043d\u0443\u0436\u0435\u043d 1 \u043c\u0435\u0442\u0440, \u0442\u043e \u0437\u0430\u043a\u0430\u0437\u044b\u0432\u0430\u0439\u0442\u0435 2 \u0448\u0442.\u00bb\" \/>\n\t\t<meta property=\"og:url\" content=\"https:\/\/krual.ee\/et\/toode\/gipuuripits-venetsia-80mm-varv-hele-roheline-50cm\/\" \/>\n\t\t<meta property=\"article:published_time\" content=\"2023-10-24T08:27:34+00:00\" \/>\n\t\t<meta property=\"article:modified_time\" content=\"2024-12-29T11:12:56+00:00\" \/>\n\t\t<meta property=\"article:publisher\" content=\"https:\/\/facebook.com\/krual\" \/>\n\t\t<meta name=\"twitter:card\" content=\"summary_large_image\" \/>\n\t\t<meta name=\"twitter:title\" content=\"\u041a\u0440\u0443\u0436\u0435\u0432\u043e \u0433\u0438\u043f\u044e\u0440 \u00abVenetsia\u00bb 80\u043c\u043c, \u0446\u0432\u0435\u0442: \u0441\u0432.\u0437\u0435\u043b\u0435\u043d\u044b\u0439, 50c\u043c - krual.ee\" \/>\n\t\t<meta name=\"twitter:description\" content=\"\u0426\u0435\u043d\u0430 \u0437\u0430 50 \u0441\u043c. \u00ab\u0435\u0441\u043b\u0438 \u043d\u0443\u0436\u0435\u043d 1 \u043c\u0435\u0442\u0440, \u0442\u043e \u0437\u0430\u043a\u0430\u0437\u044b\u0432\u0430\u0439\u0442\u0435 2 \u0448\u0442.\u00bb\" \/>\n\t\t<script type=\"application\/ld+json\" class=\"aioseo-schema\">\n\t\t\t{\"@context\":\"https:\\\/\\\/schema.org\",\"@graph\":[{\"@type\":\"BreadcrumbList\",\"@id\":\"https:\\\/\\\/krual.ee\\\/et\\\/toode\\\/gipuuripits-venetsia-80mm-varv-hele-roheline-50cm\\\/#breadcrumblist\",\"itemListElement\":[{\"@type\":\"ListItem\",\"@id\":\"https:\\\/\\\/krual.ee\\\/et#listItem\",\"position\":1,\"name\":\"Home\",\"item\":\"https:\\\/\\\/krual.ee\\\/et\",\"nextItem\":{\"@type\":\"ListItem\",\"@id\":\"https:\\\/\\\/krual.ee\\\/et\\\/shop\\\/#listItem\",\"name\":\"Shop\"}},{\"@type\":\"ListItem\",\"@id\":\"https:\\\/\\\/krual.ee\\\/et\\\/shop\\\/#listItem\",\"position\":2,\"name\":\"Shop\",\"item\":\"https:\\\/\\\/krual.ee\\\/et\\\/shop\\\/\",\"nextItem\":{\"@type\":\"ListItem\",\"@id\":\"https:\\\/\\\/krual.ee\\\/et\\\/tootekategooria\\\/%d1%81atalog\\\/#listItem\",\"name\":\"\\u041a\\u0430\\u0442\\u0430\\u043b\\u043e\\u0433 \\u0442\\u043e\\u0432\\u0430\\u0440\\u043e\\u0432\"},\"previousItem\":{\"@type\":\"ListItem\",\"@id\":\"https:\\\/\\\/krual.ee\\\/et#listItem\",\"name\":\"Home\"}},{\"@type\":\"ListItem\",\"@id\":\"https:\\\/\\\/krual.ee\\\/et\\\/tootekategooria\\\/%d1%81atalog\\\/#listItem\",\"position\":3,\"name\":\"\\u041a\\u0430\\u0442\\u0430\\u043b\\u043e\\u0433 \\u0442\\u043e\\u0432\\u0430\\u0440\\u043e\\u0432\",\"item\":\"https:\\\/\\\/krual.ee\\\/et\\\/tootekategooria\\\/%d1%81atalog\\\/\",\"nextItem\":{\"@type\":\"ListItem\",\"@id\":\"https:\\\/\\\/krual.ee\\\/et\\\/tootekategooria\\\/%d1%81atalog\\\/pitsid\\\/#listItem\",\"name\":\"\\u041a\\u0440\\u0443\\u0436\\u0435\\u0432o\"},\"previousItem\":{\"@type\":\"ListItem\",\"@id\":\"https:\\\/\\\/krual.ee\\\/et\\\/shop\\\/#listItem\",\"name\":\"Shop\"}},{\"@type\":\"ListItem\",\"@id\":\"https:\\\/\\\/krual.ee\\\/et\\\/tootekategooria\\\/%d1%81atalog\\\/pitsid\\\/#listItem\",\"position\":4,\"name\":\"\\u041a\\u0440\\u0443\\u0436\\u0435\\u0432o\",\"item\":\"https:\\\/\\\/krual.ee\\\/et\\\/tootekategooria\\\/%d1%81atalog\\\/pitsid\\\/\",\"nextItem\":{\"@type\":\"ListItem\",\"@id\":\"https:\\\/\\\/krual.ee\\\/et\\\/tootekategooria\\\/%d1%81atalog\\\/pitsid\\\/pitsid-rohelised-toonid\\\/#listItem\",\"name\":\"\\u041a\\u0440\\u0443\\u0436\\u0435\\u0432\\u0430, \\u0437\\u0435\\u043b\\u0435\\u043d\\u044b\\u0435 \\u0442\\u043e\\u043d\\u0430\"},\"previousItem\":{\"@type\":\"ListItem\",\"@id\":\"https:\\\/\\\/krual.ee\\\/et\\\/tootekategooria\\\/%d1%81atalog\\\/#listItem\",\"name\":\"\\u041a\\u0430\\u0442\\u0430\\u043b\\u043e\\u0433 \\u0442\\u043e\\u0432\\u0430\\u0440\\u043e\\u0432\"}},{\"@type\":\"ListItem\",\"@id\":\"https:\\\/\\\/krual.ee\\\/et\\\/tootekategooria\\\/%d1%81atalog\\\/pitsid\\\/pitsid-rohelised-toonid\\\/#listItem\",\"position\":5,\"name\":\"\\u041a\\u0440\\u0443\\u0436\\u0435\\u0432\\u0430, \\u0437\\u0435\\u043b\\u0435\\u043d\\u044b\\u0435 \\u0442\\u043e\\u043d\\u0430\",\"item\":\"https:\\\/\\\/krual.ee\\\/et\\\/tootekategooria\\\/%d1%81atalog\\\/pitsid\\\/pitsid-rohelised-toonid\\\/\",\"nextItem\":{\"@type\":\"ListItem\",\"@id\":\"https:\\\/\\\/krual.ee\\\/et\\\/toode\\\/gipuuripits-venetsia-80mm-varv-hele-roheline-50cm\\\/#listItem\",\"name\":\"\\u041a\\u0440\\u0443\\u0436\\u0435\\u0432\\u043e \\u0433\\u0438\\u043f\\u044e\\u0440 \\u00abVenetsia\\u00bb 80\\u043c\\u043c, \\u0446\\u0432\\u0435\\u0442: \\u0441\\u0432.\\u0437\\u0435\\u043b\\u0435\\u043d\\u044b\\u0439, 50c\\u043c\"},\"previousItem\":{\"@type\":\"ListItem\",\"@id\":\"https:\\\/\\\/krual.ee\\\/et\\\/tootekategooria\\\/%d1%81atalog\\\/pitsid\\\/#listItem\",\"name\":\"\\u041a\\u0440\\u0443\\u0436\\u0435\\u0432o\"}},{\"@type\":\"ListItem\",\"@id\":\"https:\\\/\\\/krual.ee\\\/et\\\/toode\\\/gipuuripits-venetsia-80mm-varv-hele-roheline-50cm\\\/#listItem\",\"position\":6,\"name\":\"\\u041a\\u0440\\u0443\\u0436\\u0435\\u0432\\u043e \\u0433\\u0438\\u043f\\u044e\\u0440 \\u00abVenetsia\\u00bb 80\\u043c\\u043c, \\u0446\\u0432\\u0435\\u0442: \\u0441\\u0432.\\u0437\\u0435\\u043b\\u0435\\u043d\\u044b\\u0439, 50c\\u043c\",\"previousItem\":{\"@type\":\"ListItem\",\"@id\":\"https:\\\/\\\/krual.ee\\\/et\\\/tootekategooria\\\/%d1%81atalog\\\/pitsid\\\/pitsid-rohelised-toonid\\\/#listItem\",\"name\":\"\\u041a\\u0440\\u0443\\u0436\\u0435\\u0432\\u0430, \\u0437\\u0435\\u043b\\u0435\\u043d\\u044b\\u0435 \\u0442\\u043e\\u043d\\u0430\"}}]},{\"@type\":\"ItemPage\",\"@id\":\"https:\\\/\\\/krual.ee\\\/et\\\/toode\\\/gipuuripits-venetsia-80mm-varv-hele-roheline-50cm\\\/#itempage\",\"url\":\"https:\\\/\\\/krual.ee\\\/et\\\/toode\\\/gipuuripits-venetsia-80mm-varv-hele-roheline-50cm\\\/\",\"name\":\"\\u041a\\u0440\\u0443\\u0436\\u0435\\u0432\\u043e \\u0433\\u0438\\u043f\\u044e\\u0440 \\u00abVenetsia\\u00bb 80\\u043c\\u043c, \\u0446\\u0432\\u0435\\u0442: \\u0441\\u0432.\\u0437\\u0435\\u043b\\u0435\\u043d\\u044b\\u0439, 50c\\u043c - krual.ee\",\"description\":\"\\u0426\\u0435\\u043d\\u0430 \\u0437\\u0430 50 \\u0441\\u043c. \\u00ab\\u0435\\u0441\\u043b\\u0438 \\u043d\\u0443\\u0436\\u0435\\u043d 1 \\u043c\\u0435\\u0442\\u0440, \\u0442\\u043e \\u0437\\u0430\\u043a\\u0430\\u0437\\u044b\\u0432\\u0430\\u0439\\u0442\\u0435 2 \\u0448\\u0442.\\u00bb\",\"inLanguage\":\"et\",\"isPartOf\":{\"@id\":\"https:\\\/\\\/krual.ee\\\/et\\\/#website\"},\"breadcrumb\":{\"@id\":\"https:\\\/\\\/krual.ee\\\/et\\\/toode\\\/gipuuripits-venetsia-80mm-varv-hele-roheline-50cm\\\/#breadcrumblist\"},\"image\":{\"@type\":\"ImageObject\",\"url\":\"https:\\\/\\\/krual.ee\\\/wp-content\\\/uploads\\\/2023\\\/10\\\/10582-jpg.webp\",\"@id\":\"https:\\\/\\\/krual.ee\\\/et\\\/toode\\\/gipuuripits-venetsia-80mm-varv-hele-roheline-50cm\\\/#mainImage\",\"width\":600,\"height\":586},\"primaryImageOfPage\":{\"@id\":\"https:\\\/\\\/krual.ee\\\/et\\\/toode\\\/gipuuripits-venetsia-80mm-varv-hele-roheline-50cm\\\/#mainImage\"},\"datePublished\":\"2023-10-24T10:27:34+02:00\",\"dateModified\":\"2024-12-29T13:12:56+02:00\"},{\"@type\":\"Organization\",\"@id\":\"https:\\\/\\\/krual.ee\\\/et\\\/#organization\",\"name\":\"Krual O\\u00dc\",\"description\":\"K\\u00e4sit\\u00f6\\u00f6maailm, aknakatted\",\"url\":\"https:\\\/\\\/krual.ee\\\/et\\\/\",\"email\":\"info@krual.ee\",\"telephone\":\"+37253457073\",\"logo\":{\"@type\":\"ImageObject\",\"url\":\"https:\\\/\\\/krual.ee\\\/wp-content\\\/uploads\\\/2024\\\/02\\\/cropped-logo512-jpg.webp\",\"@id\":\"https:\\\/\\\/krual.ee\\\/et\\\/toode\\\/gipuuripits-venetsia-80mm-varv-hele-roheline-50cm\\\/#organizationLogo\",\"width\":512,\"height\":512},\"image\":{\"@id\":\"https:\\\/\\\/krual.ee\\\/et\\\/toode\\\/gipuuripits-venetsia-80mm-varv-hele-roheline-50cm\\\/#organizationLogo\"},\"sameAs\":[\"https:\\\/\\\/facebook.com\\\/krual\",\"https:\\\/\\\/instagram.com\\\/krual2005\"],\"address\":{\"@id\":\"https:\\\/\\\/krual.ee\\\/et\\\/#postaladdress\",\"@type\":\"PostalAddress\",\"streetAddress\":\"Narva mnt.5, Krual O\\u00dc,\",\"postalCode\":\"41531\",\"addressLocality\":\"J\\u00f5hvi\",\"addressCountry\":\"EE\"}},{\"@type\":\"WebPage\",\"@id\":\"https:\\\/\\\/krual.ee\\\/et\\\/toode\\\/gipuuripits-venetsia-80mm-varv-hele-roheline-50cm\\\/#webpage\",\"url\":\"https:\\\/\\\/krual.ee\\\/et\\\/toode\\\/gipuuripits-venetsia-80mm-varv-hele-roheline-50cm\\\/\",\"name\":\"\\u041a\\u0440\\u0443\\u0436\\u0435\\u0432\\u043e \\u0433\\u0438\\u043f\\u044e\\u0440 \\u00abVenetsia\\u00bb 80\\u043c\\u043c, \\u0446\\u0432\\u0435\\u0442: \\u0441\\u0432.\\u0437\\u0435\\u043b\\u0435\\u043d\\u044b\\u0439, 50c\\u043c - krual.ee\",\"description\":\"\\u0426\\u0435\\u043d\\u0430 \\u0437\\u0430 50 \\u0441\\u043c. \\u00ab\\u0435\\u0441\\u043b\\u0438 \\u043d\\u0443\\u0436\\u0435\\u043d 1 \\u043c\\u0435\\u0442\\u0440, \\u0442\\u043e \\u0437\\u0430\\u043a\\u0430\\u0437\\u044b\\u0432\\u0430\\u0439\\u0442\\u0435 2 \\u0448\\u0442.\\u00bb\",\"inLanguage\":\"et\",\"isPartOf\":{\"@id\":\"https:\\\/\\\/krual.ee\\\/et\\\/#website\"},\"breadcrumb\":{\"@id\":\"https:\\\/\\\/krual.ee\\\/et\\\/toode\\\/gipuuripits-venetsia-80mm-varv-hele-roheline-50cm\\\/#breadcrumblist\"},\"image\":{\"@type\":\"ImageObject\",\"url\":\"https:\\\/\\\/krual.ee\\\/wp-content\\\/uploads\\\/2023\\\/10\\\/10582-jpg.webp\",\"@id\":\"https:\\\/\\\/krual.ee\\\/et\\\/toode\\\/gipuuripits-venetsia-80mm-varv-hele-roheline-50cm\\\/#mainImage\",\"width\":600,\"height\":586},\"primaryImageOfPage\":{\"@id\":\"https:\\\/\\\/krual.ee\\\/et\\\/toode\\\/gipuuripits-venetsia-80mm-varv-hele-roheline-50cm\\\/#mainImage\"},\"datePublished\":\"2023-10-24T10:27:34+02:00\",\"dateModified\":\"2024-12-29T13:12:56+02:00\"},{\"@type\":\"WebSite\",\"@id\":\"https:\\\/\\\/krual.ee\\\/et\\\/#website\",\"url\":\"https:\\\/\\\/krual.ee\\\/et\\\/\",\"name\":\"Krual\",\"description\":\"K\\u00e4sit\\u00f6\\u00f6maailm, aknakatted\",\"inLanguage\":\"et\",\"publisher\":{\"@id\":\"https:\\\/\\\/krual.ee\\\/et\\\/#organization\"}}]}\n\t\t<\/script>\n\t\t<!-- All in One SEO Pro -->\r\n\t\t<title>\u041a\u0440\u0443\u0436\u0435\u0432\u043e \u0433\u0438\u043f\u044e\u0440 \u00abVenetsia\u00bb 80\u043c\u043c, \u0446\u0432\u0435\u0442: \u0441\u0432.\u0437\u0435\u043b\u0435\u043d\u044b\u0439, 50c\u043c - krual.ee<\/title>\n\n","aioseo_head_json":{"title":"\u041a\u0440\u0443\u0436\u0435\u0432\u043e \u0433\u0438\u043f\u044e\u0440 \u00abVenetsia\u00bb 80\u043c\u043c, \u0446\u0432\u0435\u0442: \u0441\u0432.\u0437\u0435\u043b\u0435\u043d\u044b\u0439, 50c\u043c - krual.ee","description":"Hind 50 cm.\"Kui soovite 1 meetrit, siis tellige 2 tk.\"","canonical_url":"https:\/\/krual.ee\/et\/toode\/gipuuripits-venetsia-80mm-varv-hele-roheline-50cm\/","robots":"max-image-preview:large","keywords":"","webmasterTools":{"miscellaneous":""},"schema":{"@context":"https:\/\/schema.org","@graph":[{"@type":"BreadcrumbList","@id":"https:\/\/krual.ee\/et\/toode\/gipuuripits-venetsia-80mm-varv-hele-roheline-50cm\/#breadcrumblist","itemListElement":[{"@type":"ListItem","@id":"https:\/\/krual.ee\/et#listItem","position":1,"name":"Home","item":"https:\/\/krual.ee\/et","nextItem":{"@type":"ListItem","@id":"https:\/\/krual.ee\/et\/shop\/#listItem","name":"Shop"}},{"@type":"ListItem","@id":"https:\/\/krual.ee\/et\/shop\/#listItem","position":2,"name":"Shop","item":"https:\/\/krual.ee\/et\/shop\/","nextItem":{"@type":"ListItem","@id":"https:\/\/krual.ee\/et\/tootekategooria\/%d1%81atalog\/#listItem","name":"\u041a\u0430\u0442\u0430\u043b\u043e\u0433 \u0442\u043e\u0432\u0430\u0440\u043e\u0432"},"previousItem":{"@type":"ListItem","@id":"https:\/\/krual.ee\/et#listItem","name":"Home"}},{"@type":"ListItem","@id":"https:\/\/krual.ee\/et\/tootekategooria\/%d1%81atalog\/#listItem","position":3,"name":"\u041a\u0430\u0442\u0430\u043b\u043e\u0433 \u0442\u043e\u0432\u0430\u0440\u043e\u0432","item":"https:\/\/krual.ee\/et\/tootekategooria\/%d1%81atalog\/","nextItem":{"@type":"ListItem","@id":"https:\/\/krual.ee\/et\/tootekategooria\/%d1%81atalog\/pitsid\/#listItem","name":"\u041a\u0440\u0443\u0436\u0435\u0432o"},"previousItem":{"@type":"ListItem","@id":"https:\/\/krual.ee\/et\/shop\/#listItem","name":"Shop"}},{"@type":"ListItem","@id":"https:\/\/krual.ee\/et\/tootekategooria\/%d1%81atalog\/pitsid\/#listItem","position":4,"name":"\u041a\u0440\u0443\u0436\u0435\u0432o","item":"https:\/\/krual.ee\/et\/tootekategooria\/%d1%81atalog\/pitsid\/","nextItem":{"@type":"ListItem","@id":"https:\/\/krual.ee\/et\/tootekategooria\/%d1%81atalog\/pitsid\/pitsid-rohelised-toonid\/#listItem","name":"\u041a\u0440\u0443\u0436\u0435\u0432\u0430, \u0437\u0435\u043b\u0435\u043d\u044b\u0435 \u0442\u043e\u043d\u0430"},"previousItem":{"@type":"ListItem","@id":"https:\/\/krual.ee\/et\/tootekategooria\/%d1%81atalog\/#listItem","name":"\u041a\u0430\u0442\u0430\u043b\u043e\u0433 \u0442\u043e\u0432\u0430\u0440\u043e\u0432"}},{"@type":"ListItem","@id":"https:\/\/krual.ee\/et\/tootekategooria\/%d1%81atalog\/pitsid\/pitsid-rohelised-toonid\/#listItem","position":5,"name":"\u041a\u0440\u0443\u0436\u0435\u0432\u0430, \u0437\u0435\u043b\u0435\u043d\u044b\u0435 \u0442\u043e\u043d\u0430","item":"https:\/\/krual.ee\/et\/tootekategooria\/%d1%81atalog\/pitsid\/pitsid-rohelised-toonid\/","nextItem":{"@type":"ListItem","@id":"https:\/\/krual.ee\/et\/toode\/gipuuripits-venetsia-80mm-varv-hele-roheline-50cm\/#listItem","name":"\u041a\u0440\u0443\u0436\u0435\u0432\u043e \u0433\u0438\u043f\u044e\u0440 \u00abVenetsia\u00bb 80\u043c\u043c, \u0446\u0432\u0435\u0442: \u0441\u0432.\u0437\u0435\u043b\u0435\u043d\u044b\u0439, 50c\u043c"},"previousItem":{"@type":"ListItem","@id":"https:\/\/krual.ee\/et\/tootekategooria\/%d1%81atalog\/pitsid\/#listItem","name":"\u041a\u0440\u0443\u0436\u0435\u0432o"}},{"@type":"ListItem","@id":"https:\/\/krual.ee\/et\/toode\/gipuuripits-venetsia-80mm-varv-hele-roheline-50cm\/#listItem","position":6,"name":"\u041a\u0440\u0443\u0436\u0435\u0432\u043e \u0433\u0438\u043f\u044e\u0440 \u00abVenetsia\u00bb 80\u043c\u043c, \u0446\u0432\u0435\u0442: \u0441\u0432.\u0437\u0435\u043b\u0435\u043d\u044b\u0439, 50c\u043c","previousItem":{"@type":"ListItem","@id":"https:\/\/krual.ee\/et\/tootekategooria\/%d1%81atalog\/pitsid\/pitsid-rohelised-toonid\/#listItem","name":"\u041a\u0440\u0443\u0436\u0435\u0432\u0430, \u0437\u0435\u043b\u0435\u043d\u044b\u0435 \u0442\u043e\u043d\u0430"}}]},{"@type":"ItemPage","@id":"https:\/\/krual.ee\/et\/toode\/gipuuripits-venetsia-80mm-varv-hele-roheline-50cm\/#itempage","url":"https:\/\/krual.ee\/et\/toode\/gipuuripits-venetsia-80mm-varv-hele-roheline-50cm\/","name":"\u041a\u0440\u0443\u0436\u0435\u0432\u043e \u0433\u0438\u043f\u044e\u0440 \u00abVenetsia\u00bb 80\u043c\u043c, \u0446\u0432\u0435\u0442: \u0441\u0432.\u0437\u0435\u043b\u0435\u043d\u044b\u0439, 50c\u043c - krual.ee","description":"\u0426\u0435\u043d\u0430 \u0437\u0430 50 \u0441\u043c. \u00ab\u0435\u0441\u043b\u0438 \u043d\u0443\u0436\u0435\u043d 1 \u043c\u0435\u0442\u0440, \u0442\u043e \u0437\u0430\u043a\u0430\u0437\u044b\u0432\u0430\u0439\u0442\u0435 2 \u0448\u0442.\u00bb","inLanguage":"et","isPartOf":{"@id":"https:\/\/krual.ee\/et\/#website"},"breadcrumb":{"@id":"https:\/\/krual.ee\/et\/toode\/gipuuripits-venetsia-80mm-varv-hele-roheline-50cm\/#breadcrumblist"},"image":{"@type":"ImageObject","url":"https:\/\/krual.ee\/wp-content\/uploads\/2023\/10\/10582-jpg.webp","@id":"https:\/\/krual.ee\/et\/toode\/gipuuripits-venetsia-80mm-varv-hele-roheline-50cm\/#mainImage","width":600,"height":586},"primaryImageOfPage":{"@id":"https:\/\/krual.ee\/et\/toode\/gipuuripits-venetsia-80mm-varv-hele-roheline-50cm\/#mainImage"},"datePublished":"2023-10-24T10:27:34+02:00","dateModified":"2024-12-29T13:12:56+02:00"},{"@type":"Organization","@id":"https:\/\/krual.ee\/et\/#organization","name":"Krual O\u00dc","description":"K\u00e4sit\u00f6\u00f6maailm, aknakatted","url":"https:\/\/krual.ee\/et\/","email":"info@krual.ee","telephone":"+37253457073","logo":{"@type":"ImageObject","url":"https:\/\/krual.ee\/wp-content\/uploads\/2024\/02\/cropped-logo512-jpg.webp","@id":"https:\/\/krual.ee\/et\/toode\/gipuuripits-venetsia-80mm-varv-hele-roheline-50cm\/#organizationLogo","width":512,"height":512},"image":{"@id":"https:\/\/krual.ee\/et\/toode\/gipuuripits-venetsia-80mm-varv-hele-roheline-50cm\/#organizationLogo"},"sameAs":["https:\/\/facebook.com\/krual","https:\/\/instagram.com\/krual2005"],"address":{"@id":"https:\/\/krual.ee\/et\/#postaladdress","@type":"PostalAddress","streetAddress":"Narva mnt.5, Krual O\u00dc,","postalCode":"41531","addressLocality":"J\u00f5hvi","addressCountry":"EE"}},{"@type":"WebPage","@id":"https:\/\/krual.ee\/et\/toode\/gipuuripits-venetsia-80mm-varv-hele-roheline-50cm\/#webpage","url":"https:\/\/krual.ee\/et\/toode\/gipuuripits-venetsia-80mm-varv-hele-roheline-50cm\/","name":"\u041a\u0440\u0443\u0436\u0435\u0432\u043e \u0433\u0438\u043f\u044e\u0440 \u00abVenetsia\u00bb 80\u043c\u043c, \u0446\u0432\u0435\u0442: \u0441\u0432.\u0437\u0435\u043b\u0435\u043d\u044b\u0439, 50c\u043c - krual.ee","description":"\u0426\u0435\u043d\u0430 \u0437\u0430 50 \u0441\u043c. \u00ab\u0435\u0441\u043b\u0438 \u043d\u0443\u0436\u0435\u043d 1 \u043c\u0435\u0442\u0440, \u0442\u043e \u0437\u0430\u043a\u0430\u0437\u044b\u0432\u0430\u0439\u0442\u0435 2 \u0448\u0442.\u00bb","inLanguage":"et","isPartOf":{"@id":"https:\/\/krual.ee\/et\/#website"},"breadcrumb":{"@id":"https:\/\/krual.ee\/et\/toode\/gipuuripits-venetsia-80mm-varv-hele-roheline-50cm\/#breadcrumblist"},"image":{"@type":"ImageObject","url":"https:\/\/krual.ee\/wp-content\/uploads\/2023\/10\/10582-jpg.webp","@id":"https:\/\/krual.ee\/et\/toode\/gipuuripits-venetsia-80mm-varv-hele-roheline-50cm\/#mainImage","width":600,"height":586},"primaryImageOfPage":{"@id":"https:\/\/krual.ee\/et\/toode\/gipuuripits-venetsia-80mm-varv-hele-roheline-50cm\/#mainImage"},"datePublished":"2023-10-24T10:27:34+02:00","dateModified":"2024-12-29T13:12:56+02:00"},{"@type":"WebSite","@id":"https:\/\/krual.ee\/et\/#website","url":"https:\/\/krual.ee\/et\/","name":"Krual","description":"K\u00e4sit\u00f6\u00f6maailm, aknakatted","inLanguage":"et","publisher":{"@id":"https:\/\/krual.ee\/et\/#organization"}}]},"og:locale":"et_EE","og:site_name":"krual.ee - K\u00e4sit\u00f6\u00f6maailm, aknakatted","og:type":"article","og:title":"\u041a\u0440\u0443\u0436\u0435\u0432\u043e \u0433\u0438\u043f\u044e\u0440 \u00abVenetsia\u00bb 80\u043c\u043c, \u0446\u0432\u0435\u0442: \u0441\u0432.\u0437\u0435\u043b\u0435\u043d\u044b\u0439, 50c\u043c - krual.ee","og:description":"\u0426\u0435\u043d\u0430 \u0437\u0430 50 \u0441\u043c. \u00ab\u0435\u0441\u043b\u0438 \u043d\u0443\u0436\u0435\u043d 1 \u043c\u0435\u0442\u0440, \u0442\u043e \u0437\u0430\u043a\u0430\u0437\u044b\u0432\u0430\u0439\u0442\u0435 2 \u0448\u0442.\u00bb","og:url":"https:\/\/krual.ee\/et\/toode\/gipuuripits-venetsia-80mm-varv-hele-roheline-50cm\/","article:published_time":"2023-10-24T08:27:34+00:00","article:modified_time":"2024-12-29T11:12:56+00:00","article:publisher":"https:\/\/facebook.com\/krual","twitter:card":"summary_large_image","twitter:title":"\u041a\u0440\u0443\u0436\u0435\u0432\u043e \u0433\u0438\u043f\u044e\u0440 \u00abVenetsia\u00bb 80\u043c\u043c, \u0446\u0432\u0435\u0442: \u0441\u0432.\u0437\u0435\u043b\u0435\u043d\u044b\u0439, 50c\u043c - krual.ee","twitter:description":"\u0426\u0435\u043d\u0430 \u0437\u0430 50 \u0441\u043c. \u00ab\u0435\u0441\u043b\u0438 \u043d\u0443\u0436\u0435\u043d 1 \u043c\u0435\u0442\u0440, \u0442\u043e \u0437\u0430\u043a\u0430\u0437\u044b\u0432\u0430\u0439\u0442\u0435 2 \u0448\u0442.\u00bb"},"aioseo_meta_data":{"post_id":"27583","title":null,"description":null,"keywords":null,"keyphrases":{"focus":{"keyphrase":"","score":0,"analysis":{"keyphraseInTitle":{"score":0,"maxScore":9,"error":1}}},"additional":[]},"primary_term":null,"canonical_url":null,"og_title":null,"og_description":null,"og_object_type":"default","og_image_type":"default","og_image_url":null,"og_image_width":null,"og_image_height":null,"og_image_custom_url":null,"og_image_custom_fields":null,"og_video":"","og_custom_url":null,"og_article_section":null,"og_article_tags":null,"twitter_use_og":false,"twitter_card":"default","twitter_image_type":"default","twitter_image_url":null,"twitter_image_custom_url":null,"twitter_image_custom_fields":null,"twitter_title":null,"twitter_description":null,"schema":{"blockGraphs":[],"customGraphs":[],"default":{"data":{"Article":[],"Course":[],"Dataset":[],"FAQPage":[],"Movie":[],"Person":[],"Product":[],"ProductReview":[],"Car":[],"Recipe":[],"Service":[],"SoftwareApplication":[],"WebPage":[]},"graphName":"ItemPage","isEnabled":true},"graphs":[]},"schema_type":"default","schema_type_options":null,"pillar_content":false,"robots_default":true,"robots_noindex":false,"robots_noarchive":false,"robots_nosnippet":false,"robots_nofollow":false,"robots_noimageindex":false,"robots_noodp":false,"robots_notranslate":false,"robots_max_snippet":"-1","robots_max_videopreview":"-1","robots_max_imagepreview":"large","priority":null,"frequency":"default","local_seo":null,"limit_modified_date":false,"reviewed_by":null,"created":"2023-12-01 11:42:56","updated":"2024-12-29 11:13:17"},"aioseo_breadcrumb":"<div class=\"aioseo-breadcrumbs\"><span class=\"aioseo-breadcrumb\">\n\t<a href=\"https:\/\/krual.ee\/et\" title=\"Home\">Home<\/a>\n<\/span><span class=\"aioseo-breadcrumb-separator\">\u00bb<\/span><span class=\"aioseo-breadcrumb\">\n\t<a href=\"https:\/\/krual.ee\/et\/shop\/\" title=\"Shop\">Shop<\/a>\n<\/span><span class=\"aioseo-breadcrumb-separator\">\u00bb<\/span><span class=\"aioseo-breadcrumb\">\n\t<a href=\"https:\/\/krual.ee\/et\/tootekategooria\/%d1%81atalog\/\" title=\"\u041a\u0430\u0442\u0430\u043b\u043e\u0433 \u0442\u043e\u0432\u0430\u0440\u043e\u0432\">\u041a\u0430\u0442\u0430\u043b\u043e\u0433 \u0442\u043e\u0432\u0430\u0440\u043e\u0432<\/a>\n<\/span><span class=\"aioseo-breadcrumb-separator\">\u00bb<\/span><span class=\"aioseo-breadcrumb\">\n\t<a href=\"https:\/\/krual.ee\/et\/tootekategooria\/%d1%81atalog\/pitsid\/\" title=\"\u041a\u0440\u0443\u0436\u0435\u0432o\">\u041a\u0440\u0443\u0436\u0435\u0432o<\/a>\n<\/span><span class=\"aioseo-breadcrumb-separator\">\u00bb<\/span><span class=\"aioseo-breadcrumb\">\n\t<a href=\"https:\/\/krual.ee\/et\/tootekategooria\/%d1%81atalog\/pitsid\/pitsid-rohelised-toonid\/\" title=\"\u041a\u0440\u0443\u0436\u0435\u0432\u0430, \u0437\u0435\u043b\u0435\u043d\u044b\u0435 \u0442\u043e\u043d\u0430\">\u041a\u0440\u0443\u0436\u0435\u0432\u0430, \u0437\u0435\u043b\u0435\u043d\u044b\u0435 \u0442\u043e\u043d\u0430<\/a>\n<\/span><span class=\"aioseo-breadcrumb-separator\">\u00bb<\/span><span class=\"aioseo-breadcrumb\">\n\t\u041a\u0440\u0443\u0436\u0435\u0432\u043e \u0433\u0438\u043f\u044e\u0440 \u00abVenetsia\u00bb 80\u043c\u043c, \u0446\u0432\u0435\u0442: \u0441\u0432.\u0437\u0435\u043b\u0435\u043d\u044b\u0439, 50c\u043c\n<\/span><\/div>","aioseo_breadcrumb_json":[{"label":"Home","link":"https:\/\/krual.ee\/et"},{"label":"Shop","link":"https:\/\/krual.ee\/et\/shop\/"},{"label":"\u041a\u0430\u0442\u0430\u043b\u043e\u0433 \u0442\u043e\u0432\u0430\u0440\u043e\u0432","link":"https:\/\/krual.ee\/et\/tootekategooria\/%d1%81atalog\/"},{"label":"\u041a\u0440\u0443\u0436\u0435\u0432o","link":"https:\/\/krual.ee\/et\/tootekategooria\/%d1%81atalog\/pitsid\/"},{"label":"\u041a\u0440\u0443\u0436\u0435\u0432\u0430, \u0437\u0435\u043b\u0435\u043d\u044b\u0435 \u0442\u043e\u043d\u0430","link":"https:\/\/krual.ee\/et\/tootekategooria\/%d1%81atalog\/pitsid\/pitsid-rohelised-toonid\/"},{"label":"\u041a\u0440\u0443\u0436\u0435\u0432\u043e \u0433\u0438\u043f\u044e\u0440 \u00abVenetsia\u00bb 80\u043c\u043c, \u0446\u0432\u0435\u0442: \u0441\u0432.\u0437\u0435\u043b\u0435\u043d\u044b\u0439, 50c\u043c","link":"https:\/\/krual.ee\/et\/toode\/gipuuripits-venetsia-80mm-varv-hele-roheline-50cm\/"}],"_links":{"self":[{"href":"https:\/\/krual.ee\/et\/wp-json\/wp\/v2\/product\/27583","targetHints":{"allow":["GET"]}}],"collection":[{"href":"https:\/\/krual.ee\/et\/wp-json\/wp\/v2\/product"}],"about":[{"href":"https:\/\/krual.ee\/et\/wp-json\/wp\/v2\/types\/product"}],"version-history":[{"count":0,"href":"https:\/\/krual.ee\/et\/wp-json\/wp\/v2\/product\/27583\/revisions"}],"wp:featuredmedia":[{"embeddable":true,"href":"https:\/\/krual.ee\/et\/wp-json\/wp\/v2\/media\/27584"}],"wp:attachment":[{"href":"https:\/\/krual.ee\/et\/wp-json\/wp\/v2\/media?parent=27583"}],"wp:term":[{"taxonomy":"product_brand","embeddable":true,"href":"https:\/\/krual.ee\/et\/wp-json\/wp\/v2\/product_brand?post=27583"},{"taxonomy":"product_cat","embeddable":true,"href":"https:\/\/krual.ee\/et\/wp-json\/wp\/v2\/product_cat?post=27583"},{"taxonomy":"product_tag","embeddable":true,"href":"https:\/\/krual.ee\/et\/wp-json\/wp\/v2\/product_tag?post=27583"}],"curies":[{"name":"wp","href":"https:\/\/api.w.org\/{rel}","templated":true}]}}