{"id":25522,"date":"2023-10-03T15:51:47","date_gmt":"2023-10-03T13:51:47","guid":{"rendered":"https:\/\/krual.ee\/?post_type=product&#038;p=25522"},"modified":"2024-01-17T17:14:23","modified_gmt":"2024-01-17T15:14:23","slug":"tesma-zig-zag-shirina-5mm-czvet-008-zheltovato-svetlo-persikovyj","status":"publish","type":"product","link":"https:\/\/krual.ee\/et\/toode\/tesma-zig-zag-shirina-5mm-czvet-008-zheltovato-svetlo-persikovyj\/","title":{"rendered":"Pael \"sik-sak\", laius 5mm, v\u00e4rv: 008 (kollakas hele virsik)"},"content":{"rendered":"","protected":false},"excerpt":{"rendered":"","protected":false},"featured_media":25524,"template":"","meta":{"_monsterinsights_skip_tracking":false,"_monsterinsights_sitenote_active":false,"_monsterinsights_sitenote_note":"","_monsterinsights_sitenote_category":0,"_uf_show_specific_survey":0,"_uf_disable_surveys":false},"product_brand":[],"product_cat":[962],"product_tag":[],"class_list":{"0":"post-25522","1":"product","2":"type-product","3":"status-publish","4":"has-post-thumbnail","6":"product_cat-pael-sig-sag","8":"entry","9":"has-media","11":"first","12":"instock","13":"sale","14":"taxable","15":"shipping-taxable","16":"purchasable","17":"product-type-variable","18":"has-product-nav","19":"col","20":"span_1_of_3","21":"owp-content-center","22":"owp-thumbs-layout-horizontal","23":"owp-btn-normal","24":"owp-tabs-layout-horizontal","25":"has-no-thumbnails"},"aioseo_notices":[],"aioseo_head":"\n\t\t<!-- All in One SEO Pro 4.8.3.2 - aioseo.com -->\n\t<meta name=\"robots\" content=\"max-image-preview:large\" \/>\n\t<link rel=\"canonical\" href=\"https:\/\/krual.ee\/et\/toode\/tesma-zig-zag-shirina-5mm-czvet-008-zheltovato-svetlo-persikovyj\/\" \/>\n\t<meta name=\"generator\" content=\"All in One SEO Pro (AIOSEO) 4.8.3.2\" \/>\n\t\t<meta property=\"og:locale\" content=\"et_EE\" \/>\n\t\t<meta property=\"og:site_name\" content=\"krual.ee - K\u00e4sit\u00f6\u00f6maailm, aknakatted\" \/>\n\t\t<meta property=\"og:type\" content=\"article\" \/>\n\t\t<meta property=\"og:title\" content=\"\u0422\u0435\u0441\u044c\u043c\u0430 \u00ab\u0437\u0438\u0433-\u0437\u0430\u0433\u00bb, \u0448\u0438\u0440\u0438\u043d\u0430 5\u043c\u043c, \u0446\u0432\u0435\u0442: 008 (\u0436\u0435\u043b\u0442\u043e\u0432\u0430\u0442\u043e-\u0441\u0432\u0435\u0442\u043b\u043e-\u043f\u0435\u0440\u0441\u0438\u043a\u043e\u0432\u044b\u0439) - krual.ee\" \/>\n\t\t<meta property=\"og:url\" content=\"https:\/\/krual.ee\/et\/toode\/tesma-zig-zag-shirina-5mm-czvet-008-zheltovato-svetlo-persikovyj\/\" \/>\n\t\t<meta property=\"article:published_time\" content=\"2023-10-03T13:51:47+00:00\" \/>\n\t\t<meta property=\"article:modified_time\" content=\"2024-01-17T15:14:23+00:00\" \/>\n\t\t<meta property=\"article:publisher\" content=\"https:\/\/facebook.com\/krual\" \/>\n\t\t<meta name=\"twitter:card\" content=\"summary_large_image\" \/>\n\t\t<meta name=\"twitter:title\" content=\"\u0422\u0435\u0441\u044c\u043c\u0430 \u00ab\u0437\u0438\u0433-\u0437\u0430\u0433\u00bb, \u0448\u0438\u0440\u0438\u043d\u0430 5\u043c\u043c, \u0446\u0432\u0435\u0442: 008 (\u0436\u0435\u043b\u0442\u043e\u0432\u0430\u0442\u043e-\u0441\u0432\u0435\u0442\u043b\u043e-\u043f\u0435\u0440\u0441\u0438\u043a\u043e\u0432\u044b\u0439) - krual.ee\" \/>\n\t\t<script type=\"application\/ld+json\" class=\"aioseo-schema\">\n\t\t\t{\"@context\":\"https:\\\/\\\/schema.org\",\"@graph\":[{\"@type\":\"BreadcrumbList\",\"@id\":\"https:\\\/\\\/krual.ee\\\/et\\\/toode\\\/tesma-zig-zag-shirina-5mm-czvet-008-zheltovato-svetlo-persikovyj\\\/#breadcrumblist\",\"itemListElement\":[{\"@type\":\"ListItem\",\"@id\":\"https:\\\/\\\/krual.ee\\\/et#listItem\",\"position\":1,\"name\":\"Home\",\"item\":\"https:\\\/\\\/krual.ee\\\/et\",\"nextItem\":{\"@type\":\"ListItem\",\"@id\":\"https:\\\/\\\/krual.ee\\\/et\\\/shop\\\/#listItem\",\"name\":\"Shop\"}},{\"@type\":\"ListItem\",\"@id\":\"https:\\\/\\\/krual.ee\\\/et\\\/shop\\\/#listItem\",\"position\":2,\"name\":\"Shop\",\"item\":\"https:\\\/\\\/krual.ee\\\/et\\\/shop\\\/\",\"nextItem\":{\"@type\":\"ListItem\",\"@id\":\"https:\\\/\\\/krual.ee\\\/et\\\/tootekategooria\\\/%d1%81atalog\\\/#listItem\",\"name\":\"\\u041a\\u0430\\u0442\\u0430\\u043b\\u043e\\u0433 \\u0442\\u043e\\u0432\\u0430\\u0440\\u043e\\u0432\"},\"previousItem\":{\"@type\":\"ListItem\",\"@id\":\"https:\\\/\\\/krual.ee\\\/et#listItem\",\"name\":\"Home\"}},{\"@type\":\"ListItem\",\"@id\":\"https:\\\/\\\/krual.ee\\\/et\\\/tootekategooria\\\/%d1%81atalog\\\/#listItem\",\"position\":3,\"name\":\"\\u041a\\u0430\\u0442\\u0430\\u043b\\u043e\\u0433 \\u0442\\u043e\\u0432\\u0430\\u0440\\u043e\\u0432\",\"item\":\"https:\\\/\\\/krual.ee\\\/et\\\/tootekategooria\\\/%d1%81atalog\\\/\",\"nextItem\":{\"@type\":\"ListItem\",\"@id\":\"https:\\\/\\\/krual.ee\\\/et\\\/tootekategooria\\\/%d1%81atalog\\\/paelad-pitsid-noorid\\\/#listItem\",\"name\":\"\\u041b\\u0435\\u043d\\u0442\\u044b, \\u0442\\u0435\\u0441\\u044c\\u043c\\u0430\"},\"previousItem\":{\"@type\":\"ListItem\",\"@id\":\"https:\\\/\\\/krual.ee\\\/et\\\/shop\\\/#listItem\",\"name\":\"Shop\"}},{\"@type\":\"ListItem\",\"@id\":\"https:\\\/\\\/krual.ee\\\/et\\\/tootekategooria\\\/%d1%81atalog\\\/paelad-pitsid-noorid\\\/#listItem\",\"position\":4,\"name\":\"\\u041b\\u0435\\u043d\\u0442\\u044b, \\u0442\\u0435\\u0441\\u044c\\u043c\\u0430\",\"item\":\"https:\\\/\\\/krual.ee\\\/et\\\/tootekategooria\\\/%d1%81atalog\\\/paelad-pitsid-noorid\\\/\",\"nextItem\":{\"@type\":\"ListItem\",\"@id\":\"https:\\\/\\\/krual.ee\\\/et\\\/tootekategooria\\\/%d1%81atalog\\\/paelad-pitsid-noorid\\\/pael-sig-sag\\\/#listItem\",\"name\":\"\\u0422\\u0435\\u0441\\u044c\\u043c\\u0430 \\u0437\\u0438\\u0433-\\u0437\\u0430\\u0433\"},\"previousItem\":{\"@type\":\"ListItem\",\"@id\":\"https:\\\/\\\/krual.ee\\\/et\\\/tootekategooria\\\/%d1%81atalog\\\/#listItem\",\"name\":\"\\u041a\\u0430\\u0442\\u0430\\u043b\\u043e\\u0433 \\u0442\\u043e\\u0432\\u0430\\u0440\\u043e\\u0432\"}},{\"@type\":\"ListItem\",\"@id\":\"https:\\\/\\\/krual.ee\\\/et\\\/tootekategooria\\\/%d1%81atalog\\\/paelad-pitsid-noorid\\\/pael-sig-sag\\\/#listItem\",\"position\":5,\"name\":\"\\u0422\\u0435\\u0441\\u044c\\u043c\\u0430 \\u0437\\u0438\\u0433-\\u0437\\u0430\\u0433\",\"item\":\"https:\\\/\\\/krual.ee\\\/et\\\/tootekategooria\\\/%d1%81atalog\\\/paelad-pitsid-noorid\\\/pael-sig-sag\\\/\",\"nextItem\":{\"@type\":\"ListItem\",\"@id\":\"https:\\\/\\\/krual.ee\\\/et\\\/toode\\\/tesma-zig-zag-shirina-5mm-czvet-008-zheltovato-svetlo-persikovyj\\\/#listItem\",\"name\":\"\\u0422\\u0435\\u0441\\u044c\\u043c\\u0430 \\u00ab\\u0437\\u0438\\u0433-\\u0437\\u0430\\u0433\\u00bb, \\u0448\\u0438\\u0440\\u0438\\u043d\\u0430 5\\u043c\\u043c, \\u0446\\u0432\\u0435\\u0442: 008 (\\u0436\\u0435\\u043b\\u0442\\u043e\\u0432\\u0430\\u0442\\u043e-\\u0441\\u0432\\u0435\\u0442\\u043b\\u043e-\\u043f\\u0435\\u0440\\u0441\\u0438\\u043a\\u043e\\u0432\\u044b\\u0439)\"},\"previousItem\":{\"@type\":\"ListItem\",\"@id\":\"https:\\\/\\\/krual.ee\\\/et\\\/tootekategooria\\\/%d1%81atalog\\\/paelad-pitsid-noorid\\\/#listItem\",\"name\":\"\\u041b\\u0435\\u043d\\u0442\\u044b, \\u0442\\u0435\\u0441\\u044c\\u043c\\u0430\"}},{\"@type\":\"ListItem\",\"@id\":\"https:\\\/\\\/krual.ee\\\/et\\\/toode\\\/tesma-zig-zag-shirina-5mm-czvet-008-zheltovato-svetlo-persikovyj\\\/#listItem\",\"position\":6,\"name\":\"\\u0422\\u0435\\u0441\\u044c\\u043c\\u0430 \\u00ab\\u0437\\u0438\\u0433-\\u0437\\u0430\\u0433\\u00bb, \\u0448\\u0438\\u0440\\u0438\\u043d\\u0430 5\\u043c\\u043c, \\u0446\\u0432\\u0435\\u0442: 008 (\\u0436\\u0435\\u043b\\u0442\\u043e\\u0432\\u0430\\u0442\\u043e-\\u0441\\u0432\\u0435\\u0442\\u043b\\u043e-\\u043f\\u0435\\u0440\\u0441\\u0438\\u043a\\u043e\\u0432\\u044b\\u0439)\",\"previousItem\":{\"@type\":\"ListItem\",\"@id\":\"https:\\\/\\\/krual.ee\\\/et\\\/tootekategooria\\\/%d1%81atalog\\\/paelad-pitsid-noorid\\\/pael-sig-sag\\\/#listItem\",\"name\":\"\\u0422\\u0435\\u0441\\u044c\\u043c\\u0430 \\u0437\\u0438\\u0433-\\u0437\\u0430\\u0433\"}}]},{\"@type\":\"ItemPage\",\"@id\":\"https:\\\/\\\/krual.ee\\\/et\\\/toode\\\/tesma-zig-zag-shirina-5mm-czvet-008-zheltovato-svetlo-persikovyj\\\/#itempage\",\"url\":\"https:\\\/\\\/krual.ee\\\/et\\\/toode\\\/tesma-zig-zag-shirina-5mm-czvet-008-zheltovato-svetlo-persikovyj\\\/\",\"name\":\"\\u0422\\u0435\\u0441\\u044c\\u043c\\u0430 \\u00ab\\u0437\\u0438\\u0433-\\u0437\\u0430\\u0433\\u00bb, \\u0448\\u0438\\u0440\\u0438\\u043d\\u0430 5\\u043c\\u043c, \\u0446\\u0432\\u0435\\u0442: 008 (\\u0436\\u0435\\u043b\\u0442\\u043e\\u0432\\u0430\\u0442\\u043e-\\u0441\\u0432\\u0435\\u0442\\u043b\\u043e-\\u043f\\u0435\\u0440\\u0441\\u0438\\u043a\\u043e\\u0432\\u044b\\u0439) - krual.ee\",\"inLanguage\":\"et\",\"isPartOf\":{\"@id\":\"https:\\\/\\\/krual.ee\\\/et\\\/#website\"},\"breadcrumb\":{\"@id\":\"https:\\\/\\\/krual.ee\\\/et\\\/toode\\\/tesma-zig-zag-shirina-5mm-czvet-008-zheltovato-svetlo-persikovyj\\\/#breadcrumblist\"},\"image\":{\"@type\":\"ImageObject\",\"url\":\"https:\\\/\\\/krual.ee\\\/wp-content\\\/uploads\\\/2023\\\/10\\\/6074-jpg.webp\",\"@id\":\"https:\\\/\\\/krual.ee\\\/et\\\/toode\\\/tesma-zig-zag-shirina-5mm-czvet-008-zheltovato-svetlo-persikovyj\\\/#mainImage\",\"width\":595,\"height\":600},\"primaryImageOfPage\":{\"@id\":\"https:\\\/\\\/krual.ee\\\/et\\\/toode\\\/tesma-zig-zag-shirina-5mm-czvet-008-zheltovato-svetlo-persikovyj\\\/#mainImage\"},\"datePublished\":\"2023-10-03T15:51:47+02:00\",\"dateModified\":\"2024-01-17T17:14:23+02:00\"},{\"@type\":\"Organization\",\"@id\":\"https:\\\/\\\/krual.ee\\\/et\\\/#organization\",\"name\":\"Krual O\\u00dc\",\"description\":\"K\\u00e4sit\\u00f6\\u00f6maailm, aknakatted\",\"url\":\"https:\\\/\\\/krual.ee\\\/et\\\/\",\"email\":\"info@krual.ee\",\"telephone\":\"+37253457073\",\"logo\":{\"@type\":\"ImageObject\",\"url\":\"https:\\\/\\\/krual.ee\\\/wp-content\\\/uploads\\\/2024\\\/02\\\/cropped-logo512-jpg.webp\",\"@id\":\"https:\\\/\\\/krual.ee\\\/et\\\/toode\\\/tesma-zig-zag-shirina-5mm-czvet-008-zheltovato-svetlo-persikovyj\\\/#organizationLogo\",\"width\":512,\"height\":512},\"image\":{\"@id\":\"https:\\\/\\\/krual.ee\\\/et\\\/toode\\\/tesma-zig-zag-shirina-5mm-czvet-008-zheltovato-svetlo-persikovyj\\\/#organizationLogo\"},\"sameAs\":[\"https:\\\/\\\/facebook.com\\\/krual\",\"https:\\\/\\\/instagram.com\\\/krual2005\"],\"address\":{\"@id\":\"https:\\\/\\\/krual.ee\\\/et\\\/#postaladdress\",\"@type\":\"PostalAddress\",\"streetAddress\":\"Narva mnt.5, Krual O\\u00dc,\",\"postalCode\":\"41531\",\"addressLocality\":\"J\\u00f5hvi\",\"addressCountry\":\"EE\"}},{\"@type\":\"WebPage\",\"@id\":\"https:\\\/\\\/krual.ee\\\/et\\\/toode\\\/tesma-zig-zag-shirina-5mm-czvet-008-zheltovato-svetlo-persikovyj\\\/#webpage\",\"url\":\"https:\\\/\\\/krual.ee\\\/et\\\/toode\\\/tesma-zig-zag-shirina-5mm-czvet-008-zheltovato-svetlo-persikovyj\\\/\",\"name\":\"\\u0422\\u0435\\u0441\\u044c\\u043c\\u0430 \\u00ab\\u0437\\u0438\\u0433-\\u0437\\u0430\\u0433\\u00bb, \\u0448\\u0438\\u0440\\u0438\\u043d\\u0430 5\\u043c\\u043c, \\u0446\\u0432\\u0435\\u0442: 008 (\\u0436\\u0435\\u043b\\u0442\\u043e\\u0432\\u0430\\u0442\\u043e-\\u0441\\u0432\\u0435\\u0442\\u043b\\u043e-\\u043f\\u0435\\u0440\\u0441\\u0438\\u043a\\u043e\\u0432\\u044b\\u0439) - krual.ee\",\"inLanguage\":\"et\",\"isPartOf\":{\"@id\":\"https:\\\/\\\/krual.ee\\\/et\\\/#website\"},\"breadcrumb\":{\"@id\":\"https:\\\/\\\/krual.ee\\\/et\\\/toode\\\/tesma-zig-zag-shirina-5mm-czvet-008-zheltovato-svetlo-persikovyj\\\/#breadcrumblist\"},\"image\":{\"@type\":\"ImageObject\",\"url\":\"https:\\\/\\\/krual.ee\\\/wp-content\\\/uploads\\\/2023\\\/10\\\/6074-jpg.webp\",\"@id\":\"https:\\\/\\\/krual.ee\\\/et\\\/toode\\\/tesma-zig-zag-shirina-5mm-czvet-008-zheltovato-svetlo-persikovyj\\\/#mainImage\",\"width\":595,\"height\":600},\"primaryImageOfPage\":{\"@id\":\"https:\\\/\\\/krual.ee\\\/et\\\/toode\\\/tesma-zig-zag-shirina-5mm-czvet-008-zheltovato-svetlo-persikovyj\\\/#mainImage\"},\"datePublished\":\"2023-10-03T15:51:47+02:00\",\"dateModified\":\"2024-01-17T17:14:23+02:00\"},{\"@type\":\"WebSite\",\"@id\":\"https:\\\/\\\/krual.ee\\\/et\\\/#website\",\"url\":\"https:\\\/\\\/krual.ee\\\/et\\\/\",\"name\":\"Krual\",\"description\":\"K\\u00e4sit\\u00f6\\u00f6maailm, aknakatted\",\"inLanguage\":\"et\",\"publisher\":{\"@id\":\"https:\\\/\\\/krual.ee\\\/et\\\/#organization\"}}]}\n\t\t<\/script>\n\t\t<!-- All in One SEO Pro -->\r\n\t\t<title>\u0422\u0435\u0441\u044c\u043c\u0430 \u00ab\u0437\u0438\u0433-\u0437\u0430\u0433\u00bb, \u0448\u0438\u0440\u0438\u043d\u0430 5\u043c\u043c, \u0446\u0432\u0435\u0442: 008 (\u0436\u0435\u043b\u0442\u043e\u0432\u0430\u0442\u043e-\u0441\u0432\u0435\u0442\u043b\u043e-\u043f\u0435\u0440\u0441\u0438\u043a\u043e\u0432\u044b\u0439) - krual.ee<\/title>\n\n","aioseo_head_json":{"title":"\u0422\u0435\u0441\u044c\u043c\u0430 \u00ab\u0437\u0438\u0433-\u0437\u0430\u0433\u00bb, \u0448\u0438\u0440\u0438\u043d\u0430 5\u043c\u043c, \u0446\u0432\u0435\u0442: 008 (\u0436\u0435\u043b\u0442\u043e\u0432\u0430\u0442\u043e-\u0441\u0432\u0435\u0442\u043b\u043e-\u043f\u0435\u0440\u0441\u0438\u043a\u043e\u0432\u044b\u0439) - krual.ee","description":"","canonical_url":"https:\/\/krual.ee\/et\/toode\/tesma-zig-zag-shirina-5mm-czvet-008-zheltovato-svetlo-persikovyj\/","robots":"max-image-preview:large","keywords":"","webmasterTools":{"miscellaneous":""},"schema":{"@context":"https:\/\/schema.org","@graph":[{"@type":"BreadcrumbList","@id":"https:\/\/krual.ee\/et\/toode\/tesma-zig-zag-shirina-5mm-czvet-008-zheltovato-svetlo-persikovyj\/#breadcrumblist","itemListElement":[{"@type":"ListItem","@id":"https:\/\/krual.ee\/et#listItem","position":1,"name":"Home","item":"https:\/\/krual.ee\/et","nextItem":{"@type":"ListItem","@id":"https:\/\/krual.ee\/et\/shop\/#listItem","name":"Shop"}},{"@type":"ListItem","@id":"https:\/\/krual.ee\/et\/shop\/#listItem","position":2,"name":"Shop","item":"https:\/\/krual.ee\/et\/shop\/","nextItem":{"@type":"ListItem","@id":"https:\/\/krual.ee\/et\/tootekategooria\/%d1%81atalog\/#listItem","name":"\u041a\u0430\u0442\u0430\u043b\u043e\u0433 \u0442\u043e\u0432\u0430\u0440\u043e\u0432"},"previousItem":{"@type":"ListItem","@id":"https:\/\/krual.ee\/et#listItem","name":"Home"}},{"@type":"ListItem","@id":"https:\/\/krual.ee\/et\/tootekategooria\/%d1%81atalog\/#listItem","position":3,"name":"\u041a\u0430\u0442\u0430\u043b\u043e\u0433 \u0442\u043e\u0432\u0430\u0440\u043e\u0432","item":"https:\/\/krual.ee\/et\/tootekategooria\/%d1%81atalog\/","nextItem":{"@type":"ListItem","@id":"https:\/\/krual.ee\/et\/tootekategooria\/%d1%81atalog\/paelad-pitsid-noorid\/#listItem","name":"\u041b\u0435\u043d\u0442\u044b, \u0442\u0435\u0441\u044c\u043c\u0430"},"previousItem":{"@type":"ListItem","@id":"https:\/\/krual.ee\/et\/shop\/#listItem","name":"Shop"}},{"@type":"ListItem","@id":"https:\/\/krual.ee\/et\/tootekategooria\/%d1%81atalog\/paelad-pitsid-noorid\/#listItem","position":4,"name":"\u041b\u0435\u043d\u0442\u044b, \u0442\u0435\u0441\u044c\u043c\u0430","item":"https:\/\/krual.ee\/et\/tootekategooria\/%d1%81atalog\/paelad-pitsid-noorid\/","nextItem":{"@type":"ListItem","@id":"https:\/\/krual.ee\/et\/tootekategooria\/%d1%81atalog\/paelad-pitsid-noorid\/pael-sig-sag\/#listItem","name":"\u0422\u0435\u0441\u044c\u043c\u0430 \u0437\u0438\u0433-\u0437\u0430\u0433"},"previousItem":{"@type":"ListItem","@id":"https:\/\/krual.ee\/et\/tootekategooria\/%d1%81atalog\/#listItem","name":"\u041a\u0430\u0442\u0430\u043b\u043e\u0433 \u0442\u043e\u0432\u0430\u0440\u043e\u0432"}},{"@type":"ListItem","@id":"https:\/\/krual.ee\/et\/tootekategooria\/%d1%81atalog\/paelad-pitsid-noorid\/pael-sig-sag\/#listItem","position":5,"name":"\u0422\u0435\u0441\u044c\u043c\u0430 \u0437\u0438\u0433-\u0437\u0430\u0433","item":"https:\/\/krual.ee\/et\/tootekategooria\/%d1%81atalog\/paelad-pitsid-noorid\/pael-sig-sag\/","nextItem":{"@type":"ListItem","@id":"https:\/\/krual.ee\/et\/toode\/tesma-zig-zag-shirina-5mm-czvet-008-zheltovato-svetlo-persikovyj\/#listItem","name":"\u0422\u0435\u0441\u044c\u043c\u0430 \u00ab\u0437\u0438\u0433-\u0437\u0430\u0433\u00bb, \u0448\u0438\u0440\u0438\u043d\u0430 5\u043c\u043c, \u0446\u0432\u0435\u0442: 008 (\u0436\u0435\u043b\u0442\u043e\u0432\u0430\u0442\u043e-\u0441\u0432\u0435\u0442\u043b\u043e-\u043f\u0435\u0440\u0441\u0438\u043a\u043e\u0432\u044b\u0439)"},"previousItem":{"@type":"ListItem","@id":"https:\/\/krual.ee\/et\/tootekategooria\/%d1%81atalog\/paelad-pitsid-noorid\/#listItem","name":"\u041b\u0435\u043d\u0442\u044b, \u0442\u0435\u0441\u044c\u043c\u0430"}},{"@type":"ListItem","@id":"https:\/\/krual.ee\/et\/toode\/tesma-zig-zag-shirina-5mm-czvet-008-zheltovato-svetlo-persikovyj\/#listItem","position":6,"name":"\u0422\u0435\u0441\u044c\u043c\u0430 \u00ab\u0437\u0438\u0433-\u0437\u0430\u0433\u00bb, \u0448\u0438\u0440\u0438\u043d\u0430 5\u043c\u043c, \u0446\u0432\u0435\u0442: 008 (\u0436\u0435\u043b\u0442\u043e\u0432\u0430\u0442\u043e-\u0441\u0432\u0435\u0442\u043b\u043e-\u043f\u0435\u0440\u0441\u0438\u043a\u043e\u0432\u044b\u0439)","previousItem":{"@type":"ListItem","@id":"https:\/\/krual.ee\/et\/tootekategooria\/%d1%81atalog\/paelad-pitsid-noorid\/pael-sig-sag\/#listItem","name":"\u0422\u0435\u0441\u044c\u043c\u0430 \u0437\u0438\u0433-\u0437\u0430\u0433"}}]},{"@type":"ItemPage","@id":"https:\/\/krual.ee\/et\/toode\/tesma-zig-zag-shirina-5mm-czvet-008-zheltovato-svetlo-persikovyj\/#itempage","url":"https:\/\/krual.ee\/et\/toode\/tesma-zig-zag-shirina-5mm-czvet-008-zheltovato-svetlo-persikovyj\/","name":"\u0422\u0435\u0441\u044c\u043c\u0430 \u00ab\u0437\u0438\u0433-\u0437\u0430\u0433\u00bb, \u0448\u0438\u0440\u0438\u043d\u0430 5\u043c\u043c, \u0446\u0432\u0435\u0442: 008 (\u0436\u0435\u043b\u0442\u043e\u0432\u0430\u0442\u043e-\u0441\u0432\u0435\u0442\u043b\u043e-\u043f\u0435\u0440\u0441\u0438\u043a\u043e\u0432\u044b\u0439) - krual.ee","inLanguage":"et","isPartOf":{"@id":"https:\/\/krual.ee\/et\/#website"},"breadcrumb":{"@id":"https:\/\/krual.ee\/et\/toode\/tesma-zig-zag-shirina-5mm-czvet-008-zheltovato-svetlo-persikovyj\/#breadcrumblist"},"image":{"@type":"ImageObject","url":"https:\/\/krual.ee\/wp-content\/uploads\/2023\/10\/6074-jpg.webp","@id":"https:\/\/krual.ee\/et\/toode\/tesma-zig-zag-shirina-5mm-czvet-008-zheltovato-svetlo-persikovyj\/#mainImage","width":595,"height":600},"primaryImageOfPage":{"@id":"https:\/\/krual.ee\/et\/toode\/tesma-zig-zag-shirina-5mm-czvet-008-zheltovato-svetlo-persikovyj\/#mainImage"},"datePublished":"2023-10-03T15:51:47+02:00","dateModified":"2024-01-17T17:14:23+02:00"},{"@type":"Organization","@id":"https:\/\/krual.ee\/et\/#organization","name":"Krual O\u00dc","description":"K\u00e4sit\u00f6\u00f6maailm, aknakatted","url":"https:\/\/krual.ee\/et\/","email":"info@krual.ee","telephone":"+37253457073","logo":{"@type":"ImageObject","url":"https:\/\/krual.ee\/wp-content\/uploads\/2024\/02\/cropped-logo512-jpg.webp","@id":"https:\/\/krual.ee\/et\/toode\/tesma-zig-zag-shirina-5mm-czvet-008-zheltovato-svetlo-persikovyj\/#organizationLogo","width":512,"height":512},"image":{"@id":"https:\/\/krual.ee\/et\/toode\/tesma-zig-zag-shirina-5mm-czvet-008-zheltovato-svetlo-persikovyj\/#organizationLogo"},"sameAs":["https:\/\/facebook.com\/krual","https:\/\/instagram.com\/krual2005"],"address":{"@id":"https:\/\/krual.ee\/et\/#postaladdress","@type":"PostalAddress","streetAddress":"Narva mnt.5, Krual O\u00dc,","postalCode":"41531","addressLocality":"J\u00f5hvi","addressCountry":"EE"}},{"@type":"WebPage","@id":"https:\/\/krual.ee\/et\/toode\/tesma-zig-zag-shirina-5mm-czvet-008-zheltovato-svetlo-persikovyj\/#webpage","url":"https:\/\/krual.ee\/et\/toode\/tesma-zig-zag-shirina-5mm-czvet-008-zheltovato-svetlo-persikovyj\/","name":"\u0422\u0435\u0441\u044c\u043c\u0430 \u00ab\u0437\u0438\u0433-\u0437\u0430\u0433\u00bb, \u0448\u0438\u0440\u0438\u043d\u0430 5\u043c\u043c, \u0446\u0432\u0435\u0442: 008 (\u0436\u0435\u043b\u0442\u043e\u0432\u0430\u0442\u043e-\u0441\u0432\u0435\u0442\u043b\u043e-\u043f\u0435\u0440\u0441\u0438\u043a\u043e\u0432\u044b\u0439) - krual.ee","inLanguage":"et","isPartOf":{"@id":"https:\/\/krual.ee\/et\/#website"},"breadcrumb":{"@id":"https:\/\/krual.ee\/et\/toode\/tesma-zig-zag-shirina-5mm-czvet-008-zheltovato-svetlo-persikovyj\/#breadcrumblist"},"image":{"@type":"ImageObject","url":"https:\/\/krual.ee\/wp-content\/uploads\/2023\/10\/6074-jpg.webp","@id":"https:\/\/krual.ee\/et\/toode\/tesma-zig-zag-shirina-5mm-czvet-008-zheltovato-svetlo-persikovyj\/#mainImage","width":595,"height":600},"primaryImageOfPage":{"@id":"https:\/\/krual.ee\/et\/toode\/tesma-zig-zag-shirina-5mm-czvet-008-zheltovato-svetlo-persikovyj\/#mainImage"},"datePublished":"2023-10-03T15:51:47+02:00","dateModified":"2024-01-17T17:14:23+02:00"},{"@type":"WebSite","@id":"https:\/\/krual.ee\/et\/#website","url":"https:\/\/krual.ee\/et\/","name":"Krual","description":"K\u00e4sit\u00f6\u00f6maailm, aknakatted","inLanguage":"et","publisher":{"@id":"https:\/\/krual.ee\/et\/#organization"}}]},"og:locale":"et_EE","og:site_name":"krual.ee - K\u00e4sit\u00f6\u00f6maailm, aknakatted","og:type":"article","og:title":"\u0422\u0435\u0441\u044c\u043c\u0430 \u00ab\u0437\u0438\u0433-\u0437\u0430\u0433\u00bb, \u0448\u0438\u0440\u0438\u043d\u0430 5\u043c\u043c, \u0446\u0432\u0435\u0442: 008 (\u0436\u0435\u043b\u0442\u043e\u0432\u0430\u0442\u043e-\u0441\u0432\u0435\u0442\u043b\u043e-\u043f\u0435\u0440\u0441\u0438\u043a\u043e\u0432\u044b\u0439) - krual.ee","og:url":"https:\/\/krual.ee\/et\/toode\/tesma-zig-zag-shirina-5mm-czvet-008-zheltovato-svetlo-persikovyj\/","article:published_time":"2023-10-03T13:51:47+00:00","article:modified_time":"2024-01-17T15:14:23+00:00","article:publisher":"https:\/\/facebook.com\/krual","twitter:card":"summary_large_image","twitter:title":"\u0422\u0435\u0441\u044c\u043c\u0430 \u00ab\u0437\u0438\u0433-\u0437\u0430\u0433\u00bb, \u0448\u0438\u0440\u0438\u043d\u0430 5\u043c\u043c, \u0446\u0432\u0435\u0442: 008 (\u0436\u0435\u043b\u0442\u043e\u0432\u0430\u0442\u043e-\u0441\u0432\u0435\u0442\u043b\u043e-\u043f\u0435\u0440\u0441\u0438\u043a\u043e\u0432\u044b\u0439) - krual.ee"},"aioseo_meta_data":{"post_id":"25522","title":null,"description":null,"keywords":null,"keyphrases":null,"primary_term":null,"canonical_url":null,"og_title":null,"og_description":null,"og_object_type":"default","og_image_type":"default","og_image_url":null,"og_image_width":null,"og_image_height":null,"og_image_custom_url":null,"og_image_custom_fields":null,"og_video":null,"og_custom_url":null,"og_article_section":null,"og_article_tags":null,"twitter_use_og":false,"twitter_card":"default","twitter_image_type":"default","twitter_image_url":null,"twitter_image_custom_url":null,"twitter_image_custom_fields":null,"twitter_title":null,"twitter_description":null,"schema":{"blockGraphs":[],"customGraphs":[],"default":{"data":{"Article":[],"Course":[],"Dataset":[],"FAQPage":[],"Movie":[],"Person":[],"Product":[],"ProductReview":[],"Car":[],"Recipe":[],"Service":[],"SoftwareApplication":[],"WebPage":[]},"graphName":"","isEnabled":true},"graphs":[]},"schema_type":"default","schema_type_options":null,"pillar_content":false,"robots_default":true,"robots_noindex":false,"robots_noarchive":false,"robots_nosnippet":false,"robots_nofollow":false,"robots_noimageindex":false,"robots_noodp":false,"robots_notranslate":false,"robots_max_snippet":null,"robots_max_videopreview":null,"robots_max_imagepreview":"large","priority":null,"frequency":null,"local_seo":null,"limit_modified_date":false,"reviewed_by":null,"created":"2023-12-01 09:37:22","updated":"2024-03-21 13:24:08"},"aioseo_breadcrumb":"<div class=\"aioseo-breadcrumbs\"><span class=\"aioseo-breadcrumb\">\n\t<a href=\"https:\/\/krual.ee\/et\" title=\"Home\">Home<\/a>\n<\/span><span class=\"aioseo-breadcrumb-separator\">\u00bb<\/span><span class=\"aioseo-breadcrumb\">\n\t<a href=\"https:\/\/krual.ee\/et\/shop\/\" title=\"Shop\">Shop<\/a>\n<\/span><span class=\"aioseo-breadcrumb-separator\">\u00bb<\/span><span class=\"aioseo-breadcrumb\">\n\t<a href=\"https:\/\/krual.ee\/et\/tootekategooria\/%d1%81atalog\/\" title=\"\u041a\u0430\u0442\u0430\u043b\u043e\u0433 \u0442\u043e\u0432\u0430\u0440\u043e\u0432\">\u041a\u0430\u0442\u0430\u043b\u043e\u0433 \u0442\u043e\u0432\u0430\u0440\u043e\u0432<\/a>\n<\/span><span class=\"aioseo-breadcrumb-separator\">\u00bb<\/span><span class=\"aioseo-breadcrumb\">\n\t<a href=\"https:\/\/krual.ee\/et\/tootekategooria\/%d1%81atalog\/paelad-pitsid-noorid\/\" title=\"\u041b\u0435\u043d\u0442\u044b, \u0442\u0435\u0441\u044c\u043c\u0430\">\u041b\u0435\u043d\u0442\u044b, \u0442\u0435\u0441\u044c\u043c\u0430<\/a>\n<\/span><span class=\"aioseo-breadcrumb-separator\">\u00bb<\/span><span class=\"aioseo-breadcrumb\">\n\t<a href=\"https:\/\/krual.ee\/et\/tootekategooria\/%d1%81atalog\/paelad-pitsid-noorid\/pael-sig-sag\/\" title=\"\u0422\u0435\u0441\u044c\u043c\u0430 \u0437\u0438\u0433-\u0437\u0430\u0433\">\u0422\u0435\u0441\u044c\u043c\u0430 \u0437\u0438\u0433-\u0437\u0430\u0433<\/a>\n<\/span><span class=\"aioseo-breadcrumb-separator\">\u00bb<\/span><span class=\"aioseo-breadcrumb\">\n\t\u0422\u0435\u0441\u044c\u043c\u0430 \u00ab\u0437\u0438\u0433-\u0437\u0430\u0433\u00bb, \u0448\u0438\u0440\u0438\u043d\u0430 5\u043c\u043c, \u0446\u0432\u0435\u0442: 008 (\u0436\u0435\u043b\u0442\u043e\u0432\u0430\u0442\u043e-\u0441\u0432\u0435\u0442\u043b\u043e-\u043f\u0435\u0440\u0441\u0438\u043a\u043e\u0432\u044b\u0439)\n<\/span><\/div>","aioseo_breadcrumb_json":[{"label":"Home","link":"https:\/\/krual.ee\/et"},{"label":"Shop","link":"https:\/\/krual.ee\/et\/shop\/"},{"label":"\u041a\u0430\u0442\u0430\u043b\u043e\u0433 \u0442\u043e\u0432\u0430\u0440\u043e\u0432","link":"https:\/\/krual.ee\/et\/tootekategooria\/%d1%81atalog\/"},{"label":"\u041b\u0435\u043d\u0442\u044b, \u0442\u0435\u0441\u044c\u043c\u0430","link":"https:\/\/krual.ee\/et\/tootekategooria\/%d1%81atalog\/paelad-pitsid-noorid\/"},{"label":"\u0422\u0435\u0441\u044c\u043c\u0430 \u0437\u0438\u0433-\u0437\u0430\u0433","link":"https:\/\/krual.ee\/et\/tootekategooria\/%d1%81atalog\/paelad-pitsid-noorid\/pael-sig-sag\/"},{"label":"\u0422\u0435\u0441\u044c\u043c\u0430 \u00ab\u0437\u0438\u0433-\u0437\u0430\u0433\u00bb, \u0448\u0438\u0440\u0438\u043d\u0430 5\u043c\u043c, \u0446\u0432\u0435\u0442: 008 (\u0436\u0435\u043b\u0442\u043e\u0432\u0430\u0442\u043e-\u0441\u0432\u0435\u0442\u043b\u043e-\u043f\u0435\u0440\u0441\u0438\u043a\u043e\u0432\u044b\u0439)","link":"https:\/\/krual.ee\/et\/toode\/tesma-zig-zag-shirina-5mm-czvet-008-zheltovato-svetlo-persikovyj\/"}],"_links":{"self":[{"href":"https:\/\/krual.ee\/et\/wp-json\/wp\/v2\/product\/25522","targetHints":{"allow":["GET"]}}],"collection":[{"href":"https:\/\/krual.ee\/et\/wp-json\/wp\/v2\/product"}],"about":[{"href":"https:\/\/krual.ee\/et\/wp-json\/wp\/v2\/types\/product"}],"version-history":[{"count":0,"href":"https:\/\/krual.ee\/et\/wp-json\/wp\/v2\/product\/25522\/revisions"}],"wp:featuredmedia":[{"embeddable":true,"href":"https:\/\/krual.ee\/et\/wp-json\/wp\/v2\/media\/25524"}],"wp:attachment":[{"href":"https:\/\/krual.ee\/et\/wp-json\/wp\/v2\/media?parent=25522"}],"wp:term":[{"taxonomy":"product_brand","embeddable":true,"href":"https:\/\/krual.ee\/et\/wp-json\/wp\/v2\/product_brand?post=25522"},{"taxonomy":"product_cat","embeddable":true,"href":"https:\/\/krual.ee\/et\/wp-json\/wp\/v2\/product_cat?post=25522"},{"taxonomy":"product_tag","embeddable":true,"href":"https:\/\/krual.ee\/et\/wp-json\/wp\/v2\/product_tag?post=25522"}],"curies":[{"name":"wp","href":"https:\/\/api.w.org\/{rel}","templated":true}]}}