{"id":23235,"date":"2023-09-12T13:20:53","date_gmt":"2023-09-12T11:20:53","guid":{"rendered":"https:\/\/krual.ee\/?post_type=product&#038;p=23235"},"modified":"2025-10-10T15:10:51","modified_gmt":"2025-10-10T13:10:51","slug":"noop-art-tyb-1210-kannaga-varv-violet-ab-kuldne-alus-11mm","status":"publish","type":"product","link":"https:\/\/krual.ee\/et\/toode\/noop-art-tyb-1210-kannaga-varv-violet-ab-kuldne-alus-11mm\/","title":{"rendered":"N\u00f6\u00f6p art.TYB-1210\/kannaga v\u00e4rv: violet AB\/kuldne alus 11mm"},"content":{"rendered":"","protected":false},"excerpt":{"rendered":"","protected":false},"featured_media":23236,"template":"","meta":{"_monsterinsights_skip_tracking":false,"_monsterinsights_sitenote_active":false,"_monsterinsights_sitenote_note":"","_monsterinsights_sitenote_category":0,"_uf_show_specific_survey":0,"_uf_disable_surveys":false},"product_brand":[],"product_cat":[54,47,43],"product_tag":[],"class_list":{"0":"post-23235","1":"product","2":"type-product","3":"status-publish","4":"has-post-thumbnail","6":"product_cat-noobid-kollased-ja-oranzid-toonid","7":"product_cat-noobid-sireli-ja-violetsed-toonid","8":"product_cat-ilunoobid-kividega-ja-parlidega","10":"entry","11":"has-media","13":"first","14":"instock","15":"taxable","16":"shipping-taxable","17":"purchasable","18":"product-type-simple","19":"has-product-nav","20":"col","21":"span_1_of_3","22":"owp-content-center","23":"owp-thumbs-layout-horizontal","24":"owp-btn-normal","25":"owp-tabs-layout-horizontal","26":"has-no-thumbnails"},"aioseo_notices":[],"aioseo_head":"\n\t\t<!-- All in One SEO Pro 4.8.3.2 - aioseo.com -->\n\t<meta name=\"description\" content=\"N\u00f6\u00f6p art.TYB-1210\/kannaga v\u00e4rv: violet AB\/kuldne alus 11mm\" \/>\n\t<meta name=\"robots\" content=\"max-image-preview:large\" \/>\n\t<link rel=\"canonical\" href=\"https:\/\/krual.ee\/et\/toode\/noop-art-tyb-1210-kannaga-varv-violet-ab-kuldne-alus-11mm\/\" \/>\n\t<meta name=\"generator\" content=\"All in One SEO Pro (AIOSEO) 4.8.3.2\" \/>\n\t\t<meta property=\"og:locale\" content=\"et_EE\" \/>\n\t\t<meta property=\"og:site_name\" content=\"krual.ee - K\u00e4sit\u00f6\u00f6maailm, aknakatted\" \/>\n\t\t<meta property=\"og:type\" content=\"article\" \/>\n\t\t<meta property=\"og:title\" content=\"N\u00f6\u00f6p art.TYB-1210\/kannaga v\u00e4rv: violet AB\/kuldne - krual.ee\" \/>\n\t\t<meta property=\"og:description\" content=\"N\u00f6\u00f6p art.TYB-1210\/kannaga v\u00e4rv: violet AB\/kuldne alus 11mm\" \/>\n\t\t<meta property=\"og:url\" content=\"https:\/\/krual.ee\/et\/toode\/noop-art-tyb-1210-kannaga-varv-violet-ab-kuldne-alus-11mm\/\" \/>\n\t\t<meta property=\"article:published_time\" content=\"2023-09-12T11:20:53+00:00\" \/>\n\t\t<meta property=\"article:modified_time\" content=\"2025-10-10T13:10:51+00:00\" \/>\n\t\t<meta property=\"article:publisher\" content=\"https:\/\/facebook.com\/krual\" \/>\n\t\t<meta name=\"twitter:card\" content=\"summary_large_image\" \/>\n\t\t<meta name=\"twitter:title\" content=\"N\u00f6\u00f6p art.TYB-1210\/kannaga v\u00e4rv: violet AB\/kuldne - krual.ee\" \/>\n\t\t<meta name=\"twitter:description\" content=\"N\u00f6\u00f6p art.TYB-1210\/kannaga v\u00e4rv: violet AB\/kuldne alus 11mm\" \/>\n\t\t<script type=\"application\/ld+json\" class=\"aioseo-schema\">\n\t\t\t{\"@context\":\"https:\\\/\\\/schema.org\",\"@graph\":[{\"@type\":\"BreadcrumbList\",\"@id\":\"https:\\\/\\\/krual.ee\\\/et\\\/toode\\\/noop-art-tyb-1210-kannaga-varv-violet-ab-kuldne-alus-11mm\\\/#breadcrumblist\",\"itemListElement\":[{\"@type\":\"ListItem\",\"@id\":\"https:\\\/\\\/krual.ee\\\/et#listItem\",\"position\":1,\"name\":\"Home\",\"item\":\"https:\\\/\\\/krual.ee\\\/et\",\"nextItem\":{\"@type\":\"ListItem\",\"@id\":\"https:\\\/\\\/krual.ee\\\/et\\\/shop\\\/#listItem\",\"name\":\"Shop\"}},{\"@type\":\"ListItem\",\"@id\":\"https:\\\/\\\/krual.ee\\\/et\\\/shop\\\/#listItem\",\"position\":2,\"name\":\"Shop\",\"item\":\"https:\\\/\\\/krual.ee\\\/et\\\/shop\\\/\",\"nextItem\":{\"@type\":\"ListItem\",\"@id\":\"https:\\\/\\\/krual.ee\\\/et\\\/tootekategooria\\\/%d1%81atalog\\\/#listItem\",\"name\":\"\\u041a\\u0430\\u0442\\u0430\\u043b\\u043e\\u0433 \\u0442\\u043e\\u0432\\u0430\\u0440\\u043e\\u0432\"},\"previousItem\":{\"@type\":\"ListItem\",\"@id\":\"https:\\\/\\\/krual.ee\\\/et#listItem\",\"name\":\"Home\"}},{\"@type\":\"ListItem\",\"@id\":\"https:\\\/\\\/krual.ee\\\/et\\\/tootekategooria\\\/%d1%81atalog\\\/#listItem\",\"position\":3,\"name\":\"\\u041a\\u0430\\u0442\\u0430\\u043b\\u043e\\u0433 \\u0442\\u043e\\u0432\\u0430\\u0440\\u043e\\u0432\",\"item\":\"https:\\\/\\\/krual.ee\\\/et\\\/tootekategooria\\\/%d1%81atalog\\\/\",\"nextItem\":{\"@type\":\"ListItem\",\"@id\":\"https:\\\/\\\/krual.ee\\\/et\\\/tootekategooria\\\/%d1%81atalog\\\/noobid\\\/#listItem\",\"name\":\"\\u041f\\u0443\\u0433\\u043e\\u0432\\u0438\\u0446\\u044b\"},\"previousItem\":{\"@type\":\"ListItem\",\"@id\":\"https:\\\/\\\/krual.ee\\\/et\\\/shop\\\/#listItem\",\"name\":\"Shop\"}},{\"@type\":\"ListItem\",\"@id\":\"https:\\\/\\\/krual.ee\\\/et\\\/tootekategooria\\\/%d1%81atalog\\\/noobid\\\/#listItem\",\"position\":4,\"name\":\"\\u041f\\u0443\\u0433\\u043e\\u0432\\u0438\\u0446\\u044b\",\"item\":\"https:\\\/\\\/krual.ee\\\/et\\\/tootekategooria\\\/%d1%81atalog\\\/noobid\\\/\",\"nextItem\":{\"@type\":\"ListItem\",\"@id\":\"https:\\\/\\\/krual.ee\\\/et\\\/tootekategooria\\\/%d1%81atalog\\\/noobid\\\/ilunoobid-kividega-ja-parlidega\\\/#listItem\",\"name\":\"\\u041f\\u0443\\u0433\\u043e\\u0432\\u0438\\u0446\\u044b \\u0441 \\u043a\\u0440\\u0438\\u0441\\u0442\\u0430\\u043b\\u043b\\u0430\\u043c\\u0438 \\u0438 \\u0431\\u0443\\u0441\\u0438\\u043d\\u0430\\u043c\\u0438\"},\"previousItem\":{\"@type\":\"ListItem\",\"@id\":\"https:\\\/\\\/krual.ee\\\/et\\\/tootekategooria\\\/%d1%81atalog\\\/#listItem\",\"name\":\"\\u041a\\u0430\\u0442\\u0430\\u043b\\u043e\\u0433 \\u0442\\u043e\\u0432\\u0430\\u0440\\u043e\\u0432\"}},{\"@type\":\"ListItem\",\"@id\":\"https:\\\/\\\/krual.ee\\\/et\\\/tootekategooria\\\/%d1%81atalog\\\/noobid\\\/ilunoobid-kividega-ja-parlidega\\\/#listItem\",\"position\":5,\"name\":\"\\u041f\\u0443\\u0433\\u043e\\u0432\\u0438\\u0446\\u044b \\u0441 \\u043a\\u0440\\u0438\\u0441\\u0442\\u0430\\u043b\\u043b\\u0430\\u043c\\u0438 \\u0438 \\u0431\\u0443\\u0441\\u0438\\u043d\\u0430\\u043c\\u0438\",\"item\":\"https:\\\/\\\/krual.ee\\\/et\\\/tootekategooria\\\/%d1%81atalog\\\/noobid\\\/ilunoobid-kividega-ja-parlidega\\\/\",\"nextItem\":{\"@type\":\"ListItem\",\"@id\":\"https:\\\/\\\/krual.ee\\\/et\\\/toode\\\/noop-art-tyb-1210-kannaga-varv-violet-ab-kuldne-alus-11mm\\\/#listItem\",\"name\":\"\\u041f\\u0443\\u0433\\u043e\\u0432\\u0438\\u0446\\u0430 \\u0430\\u0440\\u0442.TYB-1210\\\/\\u043d\\u0430 \\u043d\\u043e\\u0436\\u043a\\u0435 \\u0446\\u0432\\u0435\\u0442: \\u0444\\u0438\\u043e\\u043b\\u0435\\u0442\\u043e\\u0432\\u044b\\u0439 AB\\\/\\u0437\\u043e\\u043b\\u043e\\u0442\\u0430\\u044f \\u043e\\u0441\\u043d\\u043e\\u0432\\u0430 11\\u043c\\u043c\"},\"previousItem\":{\"@type\":\"ListItem\",\"@id\":\"https:\\\/\\\/krual.ee\\\/et\\\/tootekategooria\\\/%d1%81atalog\\\/noobid\\\/#listItem\",\"name\":\"\\u041f\\u0443\\u0433\\u043e\\u0432\\u0438\\u0446\\u044b\"}},{\"@type\":\"ListItem\",\"@id\":\"https:\\\/\\\/krual.ee\\\/et\\\/toode\\\/noop-art-tyb-1210-kannaga-varv-violet-ab-kuldne-alus-11mm\\\/#listItem\",\"position\":6,\"name\":\"\\u041f\\u0443\\u0433\\u043e\\u0432\\u0438\\u0446\\u0430 \\u0430\\u0440\\u0442.TYB-1210\\\/\\u043d\\u0430 \\u043d\\u043e\\u0436\\u043a\\u0435 \\u0446\\u0432\\u0435\\u0442: \\u0444\\u0438\\u043e\\u043b\\u0435\\u0442\\u043e\\u0432\\u044b\\u0439 AB\\\/\\u0437\\u043e\\u043b\\u043e\\u0442\\u0430\\u044f \\u043e\\u0441\\u043d\\u043e\\u0432\\u0430 11\\u043c\\u043c\",\"previousItem\":{\"@type\":\"ListItem\",\"@id\":\"https:\\\/\\\/krual.ee\\\/et\\\/tootekategooria\\\/%d1%81atalog\\\/noobid\\\/ilunoobid-kividega-ja-parlidega\\\/#listItem\",\"name\":\"\\u041f\\u0443\\u0433\\u043e\\u0432\\u0438\\u0446\\u044b \\u0441 \\u043a\\u0440\\u0438\\u0441\\u0442\\u0430\\u043b\\u043b\\u0430\\u043c\\u0438 \\u0438 \\u0431\\u0443\\u0441\\u0438\\u043d\\u0430\\u043c\\u0438\"}}]},{\"@type\":\"ItemPage\",\"@id\":\"https:\\\/\\\/krual.ee\\\/et\\\/toode\\\/noop-art-tyb-1210-kannaga-varv-violet-ab-kuldne-alus-11mm\\\/#itempage\",\"url\":\"https:\\\/\\\/krual.ee\\\/et\\\/toode\\\/noop-art-tyb-1210-kannaga-varv-violet-ab-kuldne-alus-11mm\\\/\",\"name\":\"N\\u00f6\\u00f6p art.TYB-1210\\\/kannaga v\\u00e4rv: violet AB\\\/kuldne - krual.ee\",\"description\":\"N\\u00f6\\u00f6p art.TYB-1210\\\/kannaga v\\u00e4rv: violet AB\\\/kuldne alus 11mm\",\"inLanguage\":\"et\",\"isPartOf\":{\"@id\":\"https:\\\/\\\/krual.ee\\\/et\\\/#website\"},\"breadcrumb\":{\"@id\":\"https:\\\/\\\/krual.ee\\\/et\\\/toode\\\/noop-art-tyb-1210-kannaga-varv-violet-ab-kuldne-alus-11mm\\\/#breadcrumblist\"},\"image\":{\"@type\":\"ImageObject\",\"url\":\"https:\\\/\\\/krual.ee\\\/wp-content\\\/uploads\\\/2023\\\/09\\\/tyb-1210-hiina-jpg.webp\",\"@id\":\"https:\\\/\\\/krual.ee\\\/et\\\/toode\\\/noop-art-tyb-1210-kannaga-varv-violet-ab-kuldne-alus-11mm\\\/#mainImage\",\"width\":600,\"height\":600},\"primaryImageOfPage\":{\"@id\":\"https:\\\/\\\/krual.ee\\\/et\\\/toode\\\/noop-art-tyb-1210-kannaga-varv-violet-ab-kuldne-alus-11mm\\\/#mainImage\"},\"datePublished\":\"2023-09-12T13:20:53+02:00\",\"dateModified\":\"2025-10-10T15:10:51+02:00\"},{\"@type\":\"Organization\",\"@id\":\"https:\\\/\\\/krual.ee\\\/et\\\/#organization\",\"name\":\"Krual O\\u00dc\",\"description\":\"K\\u00e4sit\\u00f6\\u00f6maailm, aknakatted\",\"url\":\"https:\\\/\\\/krual.ee\\\/et\\\/\",\"email\":\"info@krual.ee\",\"telephone\":\"+37253457073\",\"logo\":{\"@type\":\"ImageObject\",\"url\":\"https:\\\/\\\/krual.ee\\\/wp-content\\\/uploads\\\/2024\\\/02\\\/cropped-logo512-jpg.webp\",\"@id\":\"https:\\\/\\\/krual.ee\\\/et\\\/toode\\\/noop-art-tyb-1210-kannaga-varv-violet-ab-kuldne-alus-11mm\\\/#organizationLogo\",\"width\":512,\"height\":512},\"image\":{\"@id\":\"https:\\\/\\\/krual.ee\\\/et\\\/toode\\\/noop-art-tyb-1210-kannaga-varv-violet-ab-kuldne-alus-11mm\\\/#organizationLogo\"},\"sameAs\":[\"https:\\\/\\\/facebook.com\\\/krual\",\"https:\\\/\\\/instagram.com\\\/krual2005\"],\"address\":{\"@id\":\"https:\\\/\\\/krual.ee\\\/et\\\/#postaladdress\",\"@type\":\"PostalAddress\",\"streetAddress\":\"Narva mnt.5, Krual O\\u00dc,\",\"postalCode\":\"41531\",\"addressLocality\":\"J\\u00f5hvi\",\"addressCountry\":\"EE\"}},{\"@type\":\"WebPage\",\"@id\":\"https:\\\/\\\/krual.ee\\\/et\\\/toode\\\/noop-art-tyb-1210-kannaga-varv-violet-ab-kuldne-alus-11mm\\\/#webpage\",\"url\":\"https:\\\/\\\/krual.ee\\\/et\\\/toode\\\/noop-art-tyb-1210-kannaga-varv-violet-ab-kuldne-alus-11mm\\\/\",\"name\":\"N\\u00f6\\u00f6p art.TYB-1210\\\/kannaga v\\u00e4rv: violet AB\\\/kuldne - krual.ee\",\"description\":\"N\\u00f6\\u00f6p art.TYB-1210\\\/kannaga v\\u00e4rv: violet AB\\\/kuldne alus 11mm\",\"inLanguage\":\"et\",\"isPartOf\":{\"@id\":\"https:\\\/\\\/krual.ee\\\/et\\\/#website\"},\"breadcrumb\":{\"@id\":\"https:\\\/\\\/krual.ee\\\/et\\\/toode\\\/noop-art-tyb-1210-kannaga-varv-violet-ab-kuldne-alus-11mm\\\/#breadcrumblist\"},\"image\":{\"@type\":\"ImageObject\",\"url\":\"https:\\\/\\\/krual.ee\\\/wp-content\\\/uploads\\\/2023\\\/09\\\/tyb-1210-hiina-jpg.webp\",\"@id\":\"https:\\\/\\\/krual.ee\\\/et\\\/toode\\\/noop-art-tyb-1210-kannaga-varv-violet-ab-kuldne-alus-11mm\\\/#mainImage\",\"width\":600,\"height\":600},\"primaryImageOfPage\":{\"@id\":\"https:\\\/\\\/krual.ee\\\/et\\\/toode\\\/noop-art-tyb-1210-kannaga-varv-violet-ab-kuldne-alus-11mm\\\/#mainImage\"},\"datePublished\":\"2023-09-12T13:20:53+02:00\",\"dateModified\":\"2025-10-10T15:10:51+02:00\"},{\"@type\":\"WebSite\",\"@id\":\"https:\\\/\\\/krual.ee\\\/et\\\/#website\",\"url\":\"https:\\\/\\\/krual.ee\\\/et\\\/\",\"name\":\"Krual\",\"description\":\"K\\u00e4sit\\u00f6\\u00f6maailm, aknakatted\",\"inLanguage\":\"et\",\"publisher\":{\"@id\":\"https:\\\/\\\/krual.ee\\\/et\\\/#organization\"}}]}\n\t\t<\/script>\n\t\t<!-- All in One SEO Pro -->\r\n\t\t<title>N\u00f6\u00f6p art.TYB-1210\/kannaga v\u00e4rv: violet AB\/kuldne - krual.ee<\/title>\n\n","aioseo_head_json":{"title":"N\u00f6\u00f6p art.TYB-1210\/kannaga v\u00e4rv: violet AB\/kuldne - krual.ee","description":"N\u00f6\u00f6p art.TYB-1210\/kannaga v\u00e4rv: violet AB\/kuldne alus 11mm","canonical_url":"https:\/\/krual.ee\/et\/toode\/noop-art-tyb-1210-kannaga-varv-violet-ab-kuldne-alus-11mm\/","robots":"max-image-preview:large","keywords":"","webmasterTools":{"miscellaneous":""},"schema":{"@context":"https:\/\/schema.org","@graph":[{"@type":"BreadcrumbList","@id":"https:\/\/krual.ee\/et\/toode\/noop-art-tyb-1210-kannaga-varv-violet-ab-kuldne-alus-11mm\/#breadcrumblist","itemListElement":[{"@type":"ListItem","@id":"https:\/\/krual.ee\/et#listItem","position":1,"name":"Home","item":"https:\/\/krual.ee\/et","nextItem":{"@type":"ListItem","@id":"https:\/\/krual.ee\/et\/shop\/#listItem","name":"Shop"}},{"@type":"ListItem","@id":"https:\/\/krual.ee\/et\/shop\/#listItem","position":2,"name":"Shop","item":"https:\/\/krual.ee\/et\/shop\/","nextItem":{"@type":"ListItem","@id":"https:\/\/krual.ee\/et\/tootekategooria\/%d1%81atalog\/#listItem","name":"\u041a\u0430\u0442\u0430\u043b\u043e\u0433 \u0442\u043e\u0432\u0430\u0440\u043e\u0432"},"previousItem":{"@type":"ListItem","@id":"https:\/\/krual.ee\/et#listItem","name":"Home"}},{"@type":"ListItem","@id":"https:\/\/krual.ee\/et\/tootekategooria\/%d1%81atalog\/#listItem","position":3,"name":"\u041a\u0430\u0442\u0430\u043b\u043e\u0433 \u0442\u043e\u0432\u0430\u0440\u043e\u0432","item":"https:\/\/krual.ee\/et\/tootekategooria\/%d1%81atalog\/","nextItem":{"@type":"ListItem","@id":"https:\/\/krual.ee\/et\/tootekategooria\/%d1%81atalog\/noobid\/#listItem","name":"\u041f\u0443\u0433\u043e\u0432\u0438\u0446\u044b"},"previousItem":{"@type":"ListItem","@id":"https:\/\/krual.ee\/et\/shop\/#listItem","name":"Shop"}},{"@type":"ListItem","@id":"https:\/\/krual.ee\/et\/tootekategooria\/%d1%81atalog\/noobid\/#listItem","position":4,"name":"\u041f\u0443\u0433\u043e\u0432\u0438\u0446\u044b","item":"https:\/\/krual.ee\/et\/tootekategooria\/%d1%81atalog\/noobid\/","nextItem":{"@type":"ListItem","@id":"https:\/\/krual.ee\/et\/tootekategooria\/%d1%81atalog\/noobid\/ilunoobid-kividega-ja-parlidega\/#listItem","name":"\u041f\u0443\u0433\u043e\u0432\u0438\u0446\u044b \u0441 \u043a\u0440\u0438\u0441\u0442\u0430\u043b\u043b\u0430\u043c\u0438 \u0438 \u0431\u0443\u0441\u0438\u043d\u0430\u043c\u0438"},"previousItem":{"@type":"ListItem","@id":"https:\/\/krual.ee\/et\/tootekategooria\/%d1%81atalog\/#listItem","name":"\u041a\u0430\u0442\u0430\u043b\u043e\u0433 \u0442\u043e\u0432\u0430\u0440\u043e\u0432"}},{"@type":"ListItem","@id":"https:\/\/krual.ee\/et\/tootekategooria\/%d1%81atalog\/noobid\/ilunoobid-kividega-ja-parlidega\/#listItem","position":5,"name":"\u041f\u0443\u0433\u043e\u0432\u0438\u0446\u044b \u0441 \u043a\u0440\u0438\u0441\u0442\u0430\u043b\u043b\u0430\u043c\u0438 \u0438 \u0431\u0443\u0441\u0438\u043d\u0430\u043c\u0438","item":"https:\/\/krual.ee\/et\/tootekategooria\/%d1%81atalog\/noobid\/ilunoobid-kividega-ja-parlidega\/","nextItem":{"@type":"ListItem","@id":"https:\/\/krual.ee\/et\/toode\/noop-art-tyb-1210-kannaga-varv-violet-ab-kuldne-alus-11mm\/#listItem","name":"\u041f\u0443\u0433\u043e\u0432\u0438\u0446\u0430 \u0430\u0440\u0442.TYB-1210\/\u043d\u0430 \u043d\u043e\u0436\u043a\u0435 \u0446\u0432\u0435\u0442: \u0444\u0438\u043e\u043b\u0435\u0442\u043e\u0432\u044b\u0439 AB\/\u0437\u043e\u043b\u043e\u0442\u0430\u044f \u043e\u0441\u043d\u043e\u0432\u0430 11\u043c\u043c"},"previousItem":{"@type":"ListItem","@id":"https:\/\/krual.ee\/et\/tootekategooria\/%d1%81atalog\/noobid\/#listItem","name":"\u041f\u0443\u0433\u043e\u0432\u0438\u0446\u044b"}},{"@type":"ListItem","@id":"https:\/\/krual.ee\/et\/toode\/noop-art-tyb-1210-kannaga-varv-violet-ab-kuldne-alus-11mm\/#listItem","position":6,"name":"\u041f\u0443\u0433\u043e\u0432\u0438\u0446\u0430 \u0430\u0440\u0442.TYB-1210\/\u043d\u0430 \u043d\u043e\u0436\u043a\u0435 \u0446\u0432\u0435\u0442: \u0444\u0438\u043e\u043b\u0435\u0442\u043e\u0432\u044b\u0439 AB\/\u0437\u043e\u043b\u043e\u0442\u0430\u044f \u043e\u0441\u043d\u043e\u0432\u0430 11\u043c\u043c","previousItem":{"@type":"ListItem","@id":"https:\/\/krual.ee\/et\/tootekategooria\/%d1%81atalog\/noobid\/ilunoobid-kividega-ja-parlidega\/#listItem","name":"\u041f\u0443\u0433\u043e\u0432\u0438\u0446\u044b \u0441 \u043a\u0440\u0438\u0441\u0442\u0430\u043b\u043b\u0430\u043c\u0438 \u0438 \u0431\u0443\u0441\u0438\u043d\u0430\u043c\u0438"}}]},{"@type":"ItemPage","@id":"https:\/\/krual.ee\/et\/toode\/noop-art-tyb-1210-kannaga-varv-violet-ab-kuldne-alus-11mm\/#itempage","url":"https:\/\/krual.ee\/et\/toode\/noop-art-tyb-1210-kannaga-varv-violet-ab-kuldne-alus-11mm\/","name":"N\u00f6\u00f6p art.TYB-1210\/kannaga v\u00e4rv: violet AB\/kuldne - krual.ee","description":"N\u00f6\u00f6p art.TYB-1210\/kannaga v\u00e4rv: violet AB\/kuldne alus 11mm","inLanguage":"et","isPartOf":{"@id":"https:\/\/krual.ee\/et\/#website"},"breadcrumb":{"@id":"https:\/\/krual.ee\/et\/toode\/noop-art-tyb-1210-kannaga-varv-violet-ab-kuldne-alus-11mm\/#breadcrumblist"},"image":{"@type":"ImageObject","url":"https:\/\/krual.ee\/wp-content\/uploads\/2023\/09\/tyb-1210-hiina-jpg.webp","@id":"https:\/\/krual.ee\/et\/toode\/noop-art-tyb-1210-kannaga-varv-violet-ab-kuldne-alus-11mm\/#mainImage","width":600,"height":600},"primaryImageOfPage":{"@id":"https:\/\/krual.ee\/et\/toode\/noop-art-tyb-1210-kannaga-varv-violet-ab-kuldne-alus-11mm\/#mainImage"},"datePublished":"2023-09-12T13:20:53+02:00","dateModified":"2025-10-10T15:10:51+02:00"},{"@type":"Organization","@id":"https:\/\/krual.ee\/et\/#organization","name":"Krual O\u00dc","description":"K\u00e4sit\u00f6\u00f6maailm, aknakatted","url":"https:\/\/krual.ee\/et\/","email":"info@krual.ee","telephone":"+37253457073","logo":{"@type":"ImageObject","url":"https:\/\/krual.ee\/wp-content\/uploads\/2024\/02\/cropped-logo512-jpg.webp","@id":"https:\/\/krual.ee\/et\/toode\/noop-art-tyb-1210-kannaga-varv-violet-ab-kuldne-alus-11mm\/#organizationLogo","width":512,"height":512},"image":{"@id":"https:\/\/krual.ee\/et\/toode\/noop-art-tyb-1210-kannaga-varv-violet-ab-kuldne-alus-11mm\/#organizationLogo"},"sameAs":["https:\/\/facebook.com\/krual","https:\/\/instagram.com\/krual2005"],"address":{"@id":"https:\/\/krual.ee\/et\/#postaladdress","@type":"PostalAddress","streetAddress":"Narva mnt.5, Krual O\u00dc,","postalCode":"41531","addressLocality":"J\u00f5hvi","addressCountry":"EE"}},{"@type":"WebPage","@id":"https:\/\/krual.ee\/et\/toode\/noop-art-tyb-1210-kannaga-varv-violet-ab-kuldne-alus-11mm\/#webpage","url":"https:\/\/krual.ee\/et\/toode\/noop-art-tyb-1210-kannaga-varv-violet-ab-kuldne-alus-11mm\/","name":"N\u00f6\u00f6p art.TYB-1210\/kannaga v\u00e4rv: violet AB\/kuldne - krual.ee","description":"N\u00f6\u00f6p art.TYB-1210\/kannaga v\u00e4rv: violet AB\/kuldne alus 11mm","inLanguage":"et","isPartOf":{"@id":"https:\/\/krual.ee\/et\/#website"},"breadcrumb":{"@id":"https:\/\/krual.ee\/et\/toode\/noop-art-tyb-1210-kannaga-varv-violet-ab-kuldne-alus-11mm\/#breadcrumblist"},"image":{"@type":"ImageObject","url":"https:\/\/krual.ee\/wp-content\/uploads\/2023\/09\/tyb-1210-hiina-jpg.webp","@id":"https:\/\/krual.ee\/et\/toode\/noop-art-tyb-1210-kannaga-varv-violet-ab-kuldne-alus-11mm\/#mainImage","width":600,"height":600},"primaryImageOfPage":{"@id":"https:\/\/krual.ee\/et\/toode\/noop-art-tyb-1210-kannaga-varv-violet-ab-kuldne-alus-11mm\/#mainImage"},"datePublished":"2023-09-12T13:20:53+02:00","dateModified":"2025-10-10T15:10:51+02:00"},{"@type":"WebSite","@id":"https:\/\/krual.ee\/et\/#website","url":"https:\/\/krual.ee\/et\/","name":"Krual","description":"K\u00e4sit\u00f6\u00f6maailm, aknakatted","inLanguage":"et","publisher":{"@id":"https:\/\/krual.ee\/et\/#organization"}}]},"og:locale":"et_EE","og:site_name":"krual.ee - K\u00e4sit\u00f6\u00f6maailm, aknakatted","og:type":"article","og:title":"N\u00f6\u00f6p art.TYB-1210\/kannaga v\u00e4rv: violet AB\/kuldne - krual.ee","og:description":"N\u00f6\u00f6p art.TYB-1210\/kannaga v\u00e4rv: violet AB\/kuldne alus 11mm","og:url":"https:\/\/krual.ee\/et\/toode\/noop-art-tyb-1210-kannaga-varv-violet-ab-kuldne-alus-11mm\/","article:published_time":"2023-09-12T11:20:53+00:00","article:modified_time":"2025-10-10T13:10:51+00:00","article:publisher":"https:\/\/facebook.com\/krual","twitter:card":"summary_large_image","twitter:title":"N\u00f6\u00f6p art.TYB-1210\/kannaga v\u00e4rv: violet AB\/kuldne - krual.ee","twitter:description":"N\u00f6\u00f6p art.TYB-1210\/kannaga v\u00e4rv: violet AB\/kuldne alus 11mm"},"aioseo_meta_data":{"post_id":"23235","title":"N\u00f6\u00f6p art.TYB-1210\/kannaga v\u00e4rv: violet AB\/kuldne #separator_sa #site_title","description":"N\u00f6\u00f6p art.TYB-1210\/kannaga v\u00e4rv: violet AB\/kuldne alus 11mm","keywords":null,"keyphrases":{"focus":{"keyphrase":"","score":0,"analysis":{"keyphraseInTitle":{"score":0,"maxScore":9,"error":1}}},"additional":[]},"primary_term":null,"canonical_url":null,"og_title":null,"og_description":null,"og_object_type":"default","og_image_type":"default","og_image_url":null,"og_image_width":null,"og_image_height":null,"og_image_custom_url":null,"og_image_custom_fields":null,"og_video":"","og_custom_url":null,"og_article_section":null,"og_article_tags":null,"twitter_use_og":false,"twitter_card":"default","twitter_image_type":"default","twitter_image_url":null,"twitter_image_custom_url":null,"twitter_image_custom_fields":null,"twitter_title":null,"twitter_description":null,"schema":{"blockGraphs":[],"customGraphs":[],"default":{"data":{"Article":[],"Course":[],"Dataset":[],"FAQPage":[],"Movie":[],"Person":[],"Product":[],"ProductReview":[],"Car":[],"Recipe":[],"Service":[],"SoftwareApplication":[],"WebPage":[]},"graphName":"ItemPage","isEnabled":true},"graphs":[]},"schema_type":"default","schema_type_options":null,"pillar_content":false,"robots_default":true,"robots_noindex":false,"robots_noarchive":false,"robots_nosnippet":false,"robots_nofollow":false,"robots_noimageindex":false,"robots_noodp":false,"robots_notranslate":false,"robots_max_snippet":"-1","robots_max_videopreview":"-1","robots_max_imagepreview":"large","priority":null,"frequency":"default","local_seo":null,"limit_modified_date":false,"reviewed_by":null,"created":"2023-11-30 15:00:49","updated":"2025-10-10 13:13:52"},"aioseo_breadcrumb":"<div class=\"aioseo-breadcrumbs\"><span class=\"aioseo-breadcrumb\">\n\t<a href=\"https:\/\/krual.ee\/et\" title=\"Home\">Home<\/a>\n<\/span><span class=\"aioseo-breadcrumb-separator\">\u00bb<\/span><span class=\"aioseo-breadcrumb\">\n\t<a href=\"https:\/\/krual.ee\/et\/shop\/\" title=\"Shop\">Shop<\/a>\n<\/span><span class=\"aioseo-breadcrumb-separator\">\u00bb<\/span><span class=\"aioseo-breadcrumb\">\n\t<a href=\"https:\/\/krual.ee\/et\/tootekategooria\/%d1%81atalog\/\" title=\"\u041a\u0430\u0442\u0430\u043b\u043e\u0433 \u0442\u043e\u0432\u0430\u0440\u043e\u0432\">\u041a\u0430\u0442\u0430\u043b\u043e\u0433 \u0442\u043e\u0432\u0430\u0440\u043e\u0432<\/a>\n<\/span><span class=\"aioseo-breadcrumb-separator\">\u00bb<\/span><span class=\"aioseo-breadcrumb\">\n\t<a href=\"https:\/\/krual.ee\/et\/tootekategooria\/%d1%81atalog\/noobid\/\" title=\"\u041f\u0443\u0433\u043e\u0432\u0438\u0446\u044b\">\u041f\u0443\u0433\u043e\u0432\u0438\u0446\u044b<\/a>\n<\/span><span class=\"aioseo-breadcrumb-separator\">\u00bb<\/span><span class=\"aioseo-breadcrumb\">\n\t<a href=\"https:\/\/krual.ee\/et\/tootekategooria\/%d1%81atalog\/noobid\/ilunoobid-kividega-ja-parlidega\/\" title=\"\u041f\u0443\u0433\u043e\u0432\u0438\u0446\u044b \u0441 \u043a\u0440\u0438\u0441\u0442\u0430\u043b\u043b\u0430\u043c\u0438 \u0438 \u0431\u0443\u0441\u0438\u043d\u0430\u043c\u0438\">\u041f\u0443\u0433\u043e\u0432\u0438\u0446\u044b \u0441 \u043a\u0440\u0438\u0441\u0442\u0430\u043b\u043b\u0430\u043c\u0438 \u0438 \u0431\u0443\u0441\u0438\u043d\u0430\u043c\u0438<\/a>\n<\/span><span class=\"aioseo-breadcrumb-separator\">\u00bb<\/span><span class=\"aioseo-breadcrumb\">\n\t\u041f\u0443\u0433\u043e\u0432\u0438\u0446\u0430 \u0430\u0440\u0442.TYB-1210\/\u043d\u0430 \u043d\u043e\u0436\u043a\u0435 \u0446\u0432\u0435\u0442: \u0444\u0438\u043e\u043b\u0435\u0442\u043e\u0432\u044b\u0439 AB\/\u0437\u043e\u043b\u043e\u0442\u0430\u044f \u043e\u0441\u043d\u043e\u0432\u0430 11\u043c\u043c\n<\/span><\/div>","aioseo_breadcrumb_json":[{"label":"Home","link":"https:\/\/krual.ee\/et"},{"label":"Shop","link":"https:\/\/krual.ee\/et\/shop\/"},{"label":"\u041a\u0430\u0442\u0430\u043b\u043e\u0433 \u0442\u043e\u0432\u0430\u0440\u043e\u0432","link":"https:\/\/krual.ee\/et\/tootekategooria\/%d1%81atalog\/"},{"label":"\u041f\u0443\u0433\u043e\u0432\u0438\u0446\u044b","link":"https:\/\/krual.ee\/et\/tootekategooria\/%d1%81atalog\/noobid\/"},{"label":"\u041f\u0443\u0433\u043e\u0432\u0438\u0446\u044b \u0441 \u043a\u0440\u0438\u0441\u0442\u0430\u043b\u043b\u0430\u043c\u0438 \u0438 \u0431\u0443\u0441\u0438\u043d\u0430\u043c\u0438","link":"https:\/\/krual.ee\/et\/tootekategooria\/%d1%81atalog\/noobid\/ilunoobid-kividega-ja-parlidega\/"},{"label":"\u041f\u0443\u0433\u043e\u0432\u0438\u0446\u0430 \u0430\u0440\u0442.TYB-1210\/\u043d\u0430 \u043d\u043e\u0436\u043a\u0435 \u0446\u0432\u0435\u0442: \u0444\u0438\u043e\u043b\u0435\u0442\u043e\u0432\u044b\u0439 AB\/\u0437\u043e\u043b\u043e\u0442\u0430\u044f \u043e\u0441\u043d\u043e\u0432\u0430 11\u043c\u043c","link":"https:\/\/krual.ee\/et\/toode\/noop-art-tyb-1210-kannaga-varv-violet-ab-kuldne-alus-11mm\/"}],"_links":{"self":[{"href":"https:\/\/krual.ee\/et\/wp-json\/wp\/v2\/product\/23235","targetHints":{"allow":["GET"]}}],"collection":[{"href":"https:\/\/krual.ee\/et\/wp-json\/wp\/v2\/product"}],"about":[{"href":"https:\/\/krual.ee\/et\/wp-json\/wp\/v2\/types\/product"}],"version-history":[{"count":0,"href":"https:\/\/krual.ee\/et\/wp-json\/wp\/v2\/product\/23235\/revisions"}],"wp:featuredmedia":[{"embeddable":true,"href":"https:\/\/krual.ee\/et\/wp-json\/wp\/v2\/media\/23236"}],"wp:attachment":[{"href":"https:\/\/krual.ee\/et\/wp-json\/wp\/v2\/media?parent=23235"}],"wp:term":[{"taxonomy":"product_brand","embeddable":true,"href":"https:\/\/krual.ee\/et\/wp-json\/wp\/v2\/product_brand?post=23235"},{"taxonomy":"product_cat","embeddable":true,"href":"https:\/\/krual.ee\/et\/wp-json\/wp\/v2\/product_cat?post=23235"},{"taxonomy":"product_tag","embeddable":true,"href":"https:\/\/krual.ee\/et\/wp-json\/wp\/v2\/product_tag?post=23235"}],"curies":[{"name":"wp","href":"https:\/\/api.w.org\/{rel}","templated":true}]}}