{"id":14333,"date":"2023-05-20T12:19:11","date_gmt":"2023-05-20T10:19:11","guid":{"rendered":"https:\/\/krual.ee\/?post_type=product&#038;p=14333"},"modified":"2024-03-22T16:39:17","modified_gmt":"2024-03-22T14:39:17","slug":"pugovicza-s-4-otverstiyami-13100-rozovato-lilovyj-15mm","status":"publish","type":"product","link":"https:\/\/krual.ee\/et\/toode\/pugovicza-s-4-otverstiyami-13100-rozovato-lilovyj-15mm\/","title":{"rendered":"N\u00f6\u00f6p 4-auguga 13100 roosakas lilla 15mm"},"content":{"rendered":"","protected":false},"excerpt":{"rendered":"","protected":false},"featured_media":14334,"template":"","meta":{"_monsterinsights_skip_tracking":false,"_monsterinsights_sitenote_active":false,"_monsterinsights_sitenote_note":"","_monsterinsights_sitenote_category":0,"_uf_show_specific_survey":0,"_uf_disable_surveys":false},"product_brand":[],"product_cat":[51,47],"product_tag":[],"class_list":{"0":"post-14333","1":"product","2":"type-product","3":"status-publish","4":"has-post-thumbnail","6":"product_cat-noobid-punased-ja-roosad-toonid","7":"product_cat-noobid-sireli-ja-violetsed-toonid","9":"entry","10":"has-media","12":"first","13":"instock","14":"taxable","15":"shipping-taxable","16":"purchasable","17":"product-type-simple","18":"has-product-nav","19":"col","20":"span_1_of_3","21":"owp-content-center","22":"owp-thumbs-layout-horizontal","23":"owp-btn-normal","24":"owp-tabs-layout-horizontal","25":"has-no-thumbnails"},"aioseo_notices":[],"aioseo_head":"\n\t\t<!-- All in One SEO Pro 4.8.3.2 - aioseo.com -->\n\t<meta name=\"description\" content=\"N\u00f6\u00f6p15mm\" \/>\n\t<meta name=\"robots\" content=\"max-image-preview:large\" \/>\n\t<meta name=\"keywords\" content=\"n\u00f6\u00f6p,\u043f\u0443\u0433\u043e\u0432\u0438\u0446\u044b\" \/>\n\t<link rel=\"canonical\" href=\"https:\/\/krual.ee\/et\/toode\/pugovicza-s-4-otverstiyami-13100-rozovato-lilovyj-15mm\/\" \/>\n\t<meta name=\"generator\" content=\"All in One SEO Pro (AIOSEO) 4.8.3.2\" \/>\n\t\t<meta property=\"og:locale\" content=\"et_EE\" \/>\n\t\t<meta property=\"og:site_name\" content=\"krual.ee - K\u00e4sit\u00f6\u00f6maailm, aknakatted\" \/>\n\t\t<meta property=\"og:type\" content=\"article\" \/>\n\t\t<meta property=\"og:title\" content=\"N\u00f6\u00f6p 4-auguga 13100 roosakas lilla 15mm - krual.ee\" \/>\n\t\t<meta property=\"og:description\" content=\"N\u00f6\u00f6p15mm\" \/>\n\t\t<meta property=\"og:url\" content=\"https:\/\/krual.ee\/et\/toode\/pugovicza-s-4-otverstiyami-13100-rozovato-lilovyj-15mm\/\" \/>\n\t\t<meta property=\"og:image\" content=\"https:\/\/krual.ee\/wp-content\/uploads\/2023\/05\/13100-lillakas-tex-jpg.webp\" \/>\n\t\t<meta property=\"og:image:secure_url\" content=\"https:\/\/krual.ee\/wp-content\/uploads\/2023\/05\/13100-lillakas-tex-jpg.webp\" \/>\n\t\t<meta property=\"og:image:width\" content=\"600\" \/>\n\t\t<meta property=\"og:image:height\" content=\"600\" \/>\n\t\t<meta property=\"article:tag\" content=\"n\u00f6\u00f6p\" \/>\n\t\t<meta property=\"article:tag\" content=\"\u043f\u0443\u0433\u043e\u0432\u0438\u0446\u044b\" \/>\n\t\t<meta property=\"article:published_time\" content=\"2023-05-20T10:19:11+00:00\" \/>\n\t\t<meta property=\"article:modified_time\" content=\"2024-03-22T14:39:17+00:00\" \/>\n\t\t<meta property=\"article:publisher\" content=\"https:\/\/facebook.com\/krual\" \/>\n\t\t<meta name=\"twitter:card\" content=\"summary_large_image\" \/>\n\t\t<meta name=\"twitter:title\" content=\"N\u00f6\u00f6p 4-auguga 13100 roosakas lilla 15mm - krual.ee\" \/>\n\t\t<meta name=\"twitter:description\" content=\"N\u00f6\u00f6p15mm\" \/>\n\t\t<meta name=\"twitter:image\" content=\"https:\/\/krual.ee\/wp-content\/uploads\/2023\/05\/13100-lillakas-tex-jpg.webp\" \/>\n\t\t<script type=\"application\/ld+json\" class=\"aioseo-schema\">\n\t\t\t{\"@context\":\"https:\\\/\\\/schema.org\",\"@graph\":[{\"@type\":\"BreadcrumbList\",\"@id\":\"https:\\\/\\\/krual.ee\\\/et\\\/toode\\\/pugovicza-s-4-otverstiyami-13100-rozovato-lilovyj-15mm\\\/#breadcrumblist\",\"itemListElement\":[{\"@type\":\"ListItem\",\"@id\":\"https:\\\/\\\/krual.ee\\\/et#listItem\",\"position\":1,\"name\":\"Home\",\"item\":\"https:\\\/\\\/krual.ee\\\/et\",\"nextItem\":{\"@type\":\"ListItem\",\"@id\":\"https:\\\/\\\/krual.ee\\\/et\\\/shop\\\/#listItem\",\"name\":\"Shop\"}},{\"@type\":\"ListItem\",\"@id\":\"https:\\\/\\\/krual.ee\\\/et\\\/shop\\\/#listItem\",\"position\":2,\"name\":\"Shop\",\"item\":\"https:\\\/\\\/krual.ee\\\/et\\\/shop\\\/\",\"nextItem\":{\"@type\":\"ListItem\",\"@id\":\"https:\\\/\\\/krual.ee\\\/et\\\/tootekategooria\\\/%d1%81atalog\\\/#listItem\",\"name\":\"\\u041a\\u0430\\u0442\\u0430\\u043b\\u043e\\u0433 \\u0442\\u043e\\u0432\\u0430\\u0440\\u043e\\u0432\"},\"previousItem\":{\"@type\":\"ListItem\",\"@id\":\"https:\\\/\\\/krual.ee\\\/et#listItem\",\"name\":\"Home\"}},{\"@type\":\"ListItem\",\"@id\":\"https:\\\/\\\/krual.ee\\\/et\\\/tootekategooria\\\/%d1%81atalog\\\/#listItem\",\"position\":3,\"name\":\"\\u041a\\u0430\\u0442\\u0430\\u043b\\u043e\\u0433 \\u0442\\u043e\\u0432\\u0430\\u0440\\u043e\\u0432\",\"item\":\"https:\\\/\\\/krual.ee\\\/et\\\/tootekategooria\\\/%d1%81atalog\\\/\",\"nextItem\":{\"@type\":\"ListItem\",\"@id\":\"https:\\\/\\\/krual.ee\\\/et\\\/tootekategooria\\\/%d1%81atalog\\\/noobid\\\/#listItem\",\"name\":\"\\u041f\\u0443\\u0433\\u043e\\u0432\\u0438\\u0446\\u044b\"},\"previousItem\":{\"@type\":\"ListItem\",\"@id\":\"https:\\\/\\\/krual.ee\\\/et\\\/shop\\\/#listItem\",\"name\":\"Shop\"}},{\"@type\":\"ListItem\",\"@id\":\"https:\\\/\\\/krual.ee\\\/et\\\/tootekategooria\\\/%d1%81atalog\\\/noobid\\\/#listItem\",\"position\":4,\"name\":\"\\u041f\\u0443\\u0433\\u043e\\u0432\\u0438\\u0446\\u044b\",\"item\":\"https:\\\/\\\/krual.ee\\\/et\\\/tootekategooria\\\/%d1%81atalog\\\/noobid\\\/\",\"nextItem\":{\"@type\":\"ListItem\",\"@id\":\"https:\\\/\\\/krual.ee\\\/et\\\/tootekategooria\\\/%d1%81atalog\\\/noobid\\\/noobid-sireli-ja-violetsed-toonid\\\/#listItem\",\"name\":\"\\u041f\\u0443\\u0433\\u043e\\u0432\\u0438\\u0446\\u044b \\u0432 \\u0441\\u0438\\u0440\\u0435\\u043d\\u0435\\u0432\\u044b\\u0445 \\u0438 \\u0444\\u0438\\u043e\\u043b\\u0435\\u0442\\u043e\\u0432\\u044b\\u0445 \\u0442\\u043e\\u043d\\u0430\\u0445\"},\"previousItem\":{\"@type\":\"ListItem\",\"@id\":\"https:\\\/\\\/krual.ee\\\/et\\\/tootekategooria\\\/%d1%81atalog\\\/#listItem\",\"name\":\"\\u041a\\u0430\\u0442\\u0430\\u043b\\u043e\\u0433 \\u0442\\u043e\\u0432\\u0430\\u0440\\u043e\\u0432\"}},{\"@type\":\"ListItem\",\"@id\":\"https:\\\/\\\/krual.ee\\\/et\\\/tootekategooria\\\/%d1%81atalog\\\/noobid\\\/noobid-sireli-ja-violetsed-toonid\\\/#listItem\",\"position\":5,\"name\":\"\\u041f\\u0443\\u0433\\u043e\\u0432\\u0438\\u0446\\u044b \\u0432 \\u0441\\u0438\\u0440\\u0435\\u043d\\u0435\\u0432\\u044b\\u0445 \\u0438 \\u0444\\u0438\\u043e\\u043b\\u0435\\u0442\\u043e\\u0432\\u044b\\u0445 \\u0442\\u043e\\u043d\\u0430\\u0445\",\"item\":\"https:\\\/\\\/krual.ee\\\/et\\\/tootekategooria\\\/%d1%81atalog\\\/noobid\\\/noobid-sireli-ja-violetsed-toonid\\\/\",\"nextItem\":{\"@type\":\"ListItem\",\"@id\":\"https:\\\/\\\/krual.ee\\\/et\\\/toode\\\/pugovicza-s-4-otverstiyami-13100-rozovato-lilovyj-15mm\\\/#listItem\",\"name\":\"\\u041f\\u0443\\u0433\\u043e\\u0432\\u0438\\u0446\\u0430 \\u0441 4-\\u043e\\u0442\\u0432\\u0435\\u0440\\u0441\\u0442\\u0438\\u044f\\u043c\\u0438 13100 \\u0440\\u043e\\u0437\\u043e\\u0432\\u0430\\u0442\\u043e \\u043b\\u0438\\u043b\\u043e\\u0432\\u044b\\u0439 15\\u043c\\u043c\"},\"previousItem\":{\"@type\":\"ListItem\",\"@id\":\"https:\\\/\\\/krual.ee\\\/et\\\/tootekategooria\\\/%d1%81atalog\\\/noobid\\\/#listItem\",\"name\":\"\\u041f\\u0443\\u0433\\u043e\\u0432\\u0438\\u0446\\u044b\"}},{\"@type\":\"ListItem\",\"@id\":\"https:\\\/\\\/krual.ee\\\/et\\\/toode\\\/pugovicza-s-4-otverstiyami-13100-rozovato-lilovyj-15mm\\\/#listItem\",\"position\":6,\"name\":\"\\u041f\\u0443\\u0433\\u043e\\u0432\\u0438\\u0446\\u0430 \\u0441 4-\\u043e\\u0442\\u0432\\u0435\\u0440\\u0441\\u0442\\u0438\\u044f\\u043c\\u0438 13100 \\u0440\\u043e\\u0437\\u043e\\u0432\\u0430\\u0442\\u043e \\u043b\\u0438\\u043b\\u043e\\u0432\\u044b\\u0439 15\\u043c\\u043c\",\"previousItem\":{\"@type\":\"ListItem\",\"@id\":\"https:\\\/\\\/krual.ee\\\/et\\\/tootekategooria\\\/%d1%81atalog\\\/noobid\\\/noobid-sireli-ja-violetsed-toonid\\\/#listItem\",\"name\":\"\\u041f\\u0443\\u0433\\u043e\\u0432\\u0438\\u0446\\u044b \\u0432 \\u0441\\u0438\\u0440\\u0435\\u043d\\u0435\\u0432\\u044b\\u0445 \\u0438 \\u0444\\u0438\\u043e\\u043b\\u0435\\u0442\\u043e\\u0432\\u044b\\u0445 \\u0442\\u043e\\u043d\\u0430\\u0445\"}}]},{\"@type\":\"ItemPage\",\"@id\":\"https:\\\/\\\/krual.ee\\\/et\\\/toode\\\/pugovicza-s-4-otverstiyami-13100-rozovato-lilovyj-15mm\\\/#itempage\",\"url\":\"https:\\\/\\\/krual.ee\\\/et\\\/toode\\\/pugovicza-s-4-otverstiyami-13100-rozovato-lilovyj-15mm\\\/\",\"name\":\"N\\u00f6\\u00f6p 4-auguga 13100 roosakas lilla 15mm - krual.ee\",\"description\":\"N\\u00f6\\u00f6p15mm\",\"inLanguage\":\"et\",\"isPartOf\":{\"@id\":\"https:\\\/\\\/krual.ee\\\/et\\\/#website\"},\"breadcrumb\":{\"@id\":\"https:\\\/\\\/krual.ee\\\/et\\\/toode\\\/pugovicza-s-4-otverstiyami-13100-rozovato-lilovyj-15mm\\\/#breadcrumblist\"},\"image\":{\"@type\":\"ImageObject\",\"url\":\"https:\\\/\\\/krual.ee\\\/wp-content\\\/uploads\\\/2023\\\/05\\\/13100-lillakas-tex-jpg.webp\",\"@id\":\"https:\\\/\\\/krual.ee\\\/et\\\/toode\\\/pugovicza-s-4-otverstiyami-13100-rozovato-lilovyj-15mm\\\/#mainImage\",\"width\":600,\"height\":600},\"primaryImageOfPage\":{\"@id\":\"https:\\\/\\\/krual.ee\\\/et\\\/toode\\\/pugovicza-s-4-otverstiyami-13100-rozovato-lilovyj-15mm\\\/#mainImage\"},\"datePublished\":\"2023-05-20T12:19:11+02:00\",\"dateModified\":\"2024-03-22T16:39:17+02:00\"},{\"@type\":\"Organization\",\"@id\":\"https:\\\/\\\/krual.ee\\\/et\\\/#organization\",\"name\":\"Krual O\\u00dc\",\"description\":\"K\\u00e4sit\\u00f6\\u00f6maailm, aknakatted\",\"url\":\"https:\\\/\\\/krual.ee\\\/et\\\/\",\"email\":\"info@krual.ee\",\"telephone\":\"+37253457073\",\"logo\":{\"@type\":\"ImageObject\",\"url\":\"https:\\\/\\\/krual.ee\\\/wp-content\\\/uploads\\\/2024\\\/02\\\/cropped-logo512-jpg.webp\",\"@id\":\"https:\\\/\\\/krual.ee\\\/et\\\/toode\\\/pugovicza-s-4-otverstiyami-13100-rozovato-lilovyj-15mm\\\/#organizationLogo\",\"width\":512,\"height\":512},\"image\":{\"@id\":\"https:\\\/\\\/krual.ee\\\/et\\\/toode\\\/pugovicza-s-4-otverstiyami-13100-rozovato-lilovyj-15mm\\\/#organizationLogo\"},\"sameAs\":[\"https:\\\/\\\/facebook.com\\\/krual\",\"https:\\\/\\\/instagram.com\\\/krual2005\"],\"address\":{\"@id\":\"https:\\\/\\\/krual.ee\\\/et\\\/#postaladdress\",\"@type\":\"PostalAddress\",\"streetAddress\":\"Narva mnt.5, Krual O\\u00dc,\",\"postalCode\":\"41531\",\"addressLocality\":\"J\\u00f5hvi\",\"addressCountry\":\"EE\"}},{\"@type\":\"WebPage\",\"@id\":\"https:\\\/\\\/krual.ee\\\/et\\\/toode\\\/pugovicza-s-4-otverstiyami-13100-rozovato-lilovyj-15mm\\\/#webpage\",\"url\":\"https:\\\/\\\/krual.ee\\\/et\\\/toode\\\/pugovicza-s-4-otverstiyami-13100-rozovato-lilovyj-15mm\\\/\",\"name\":\"N\\u00f6\\u00f6p 4-auguga 13100 roosakas lilla 15mm - krual.ee\",\"description\":\"N\\u00f6\\u00f6p15mm\",\"inLanguage\":\"et\",\"isPartOf\":{\"@id\":\"https:\\\/\\\/krual.ee\\\/et\\\/#website\"},\"breadcrumb\":{\"@id\":\"https:\\\/\\\/krual.ee\\\/et\\\/toode\\\/pugovicza-s-4-otverstiyami-13100-rozovato-lilovyj-15mm\\\/#breadcrumblist\"},\"image\":{\"@type\":\"ImageObject\",\"url\":\"https:\\\/\\\/krual.ee\\\/wp-content\\\/uploads\\\/2023\\\/05\\\/13100-lillakas-tex-jpg.webp\",\"@id\":\"https:\\\/\\\/krual.ee\\\/et\\\/toode\\\/pugovicza-s-4-otverstiyami-13100-rozovato-lilovyj-15mm\\\/#mainImage\",\"width\":600,\"height\":600},\"primaryImageOfPage\":{\"@id\":\"https:\\\/\\\/krual.ee\\\/et\\\/toode\\\/pugovicza-s-4-otverstiyami-13100-rozovato-lilovyj-15mm\\\/#mainImage\"},\"datePublished\":\"2023-05-20T12:19:11+02:00\",\"dateModified\":\"2024-03-22T16:39:17+02:00\"},{\"@type\":\"WebSite\",\"@id\":\"https:\\\/\\\/krual.ee\\\/et\\\/#website\",\"url\":\"https:\\\/\\\/krual.ee\\\/et\\\/\",\"name\":\"Krual\",\"description\":\"K\\u00e4sit\\u00f6\\u00f6maailm, aknakatted\",\"inLanguage\":\"et\",\"publisher\":{\"@id\":\"https:\\\/\\\/krual.ee\\\/et\\\/#organization\"}}]}\n\t\t<\/script>\n\t\t<!-- All in One SEO Pro -->\r\n\t\t<title>N\u00f6\u00f6p 4-auguga 13100 roosakas lilla 15mm - krual.ee<\/title>\n\n","aioseo_head_json":{"title":"N\u00f6\u00f6p 4-auguga 13100 roosakas lilla 15mm - krual.ee","description":"N\u00f6\u00f6p15mm","canonical_url":"https:\/\/krual.ee\/et\/toode\/pugovicza-s-4-otverstiyami-13100-rozovato-lilovyj-15mm\/","robots":"max-image-preview:large","keywords":"n\u00f6\u00f6p,\u043f\u0443\u0433\u043e\u0432\u0438\u0446\u044b","webmasterTools":{"miscellaneous":""},"schema":{"@context":"https:\/\/schema.org","@graph":[{"@type":"BreadcrumbList","@id":"https:\/\/krual.ee\/et\/toode\/pugovicza-s-4-otverstiyami-13100-rozovato-lilovyj-15mm\/#breadcrumblist","itemListElement":[{"@type":"ListItem","@id":"https:\/\/krual.ee\/et#listItem","position":1,"name":"Home","item":"https:\/\/krual.ee\/et","nextItem":{"@type":"ListItem","@id":"https:\/\/krual.ee\/et\/shop\/#listItem","name":"Shop"}},{"@type":"ListItem","@id":"https:\/\/krual.ee\/et\/shop\/#listItem","position":2,"name":"Shop","item":"https:\/\/krual.ee\/et\/shop\/","nextItem":{"@type":"ListItem","@id":"https:\/\/krual.ee\/et\/tootekategooria\/%d1%81atalog\/#listItem","name":"\u041a\u0430\u0442\u0430\u043b\u043e\u0433 \u0442\u043e\u0432\u0430\u0440\u043e\u0432"},"previousItem":{"@type":"ListItem","@id":"https:\/\/krual.ee\/et#listItem","name":"Home"}},{"@type":"ListItem","@id":"https:\/\/krual.ee\/et\/tootekategooria\/%d1%81atalog\/#listItem","position":3,"name":"\u041a\u0430\u0442\u0430\u043b\u043e\u0433 \u0442\u043e\u0432\u0430\u0440\u043e\u0432","item":"https:\/\/krual.ee\/et\/tootekategooria\/%d1%81atalog\/","nextItem":{"@type":"ListItem","@id":"https:\/\/krual.ee\/et\/tootekategooria\/%d1%81atalog\/noobid\/#listItem","name":"\u041f\u0443\u0433\u043e\u0432\u0438\u0446\u044b"},"previousItem":{"@type":"ListItem","@id":"https:\/\/krual.ee\/et\/shop\/#listItem","name":"Shop"}},{"@type":"ListItem","@id":"https:\/\/krual.ee\/et\/tootekategooria\/%d1%81atalog\/noobid\/#listItem","position":4,"name":"\u041f\u0443\u0433\u043e\u0432\u0438\u0446\u044b","item":"https:\/\/krual.ee\/et\/tootekategooria\/%d1%81atalog\/noobid\/","nextItem":{"@type":"ListItem","@id":"https:\/\/krual.ee\/et\/tootekategooria\/%d1%81atalog\/noobid\/noobid-sireli-ja-violetsed-toonid\/#listItem","name":"\u041f\u0443\u0433\u043e\u0432\u0438\u0446\u044b \u0432 \u0441\u0438\u0440\u0435\u043d\u0435\u0432\u044b\u0445 \u0438 \u0444\u0438\u043e\u043b\u0435\u0442\u043e\u0432\u044b\u0445 \u0442\u043e\u043d\u0430\u0445"},"previousItem":{"@type":"ListItem","@id":"https:\/\/krual.ee\/et\/tootekategooria\/%d1%81atalog\/#listItem","name":"\u041a\u0430\u0442\u0430\u043b\u043e\u0433 \u0442\u043e\u0432\u0430\u0440\u043e\u0432"}},{"@type":"ListItem","@id":"https:\/\/krual.ee\/et\/tootekategooria\/%d1%81atalog\/noobid\/noobid-sireli-ja-violetsed-toonid\/#listItem","position":5,"name":"\u041f\u0443\u0433\u043e\u0432\u0438\u0446\u044b \u0432 \u0441\u0438\u0440\u0435\u043d\u0435\u0432\u044b\u0445 \u0438 \u0444\u0438\u043e\u043b\u0435\u0442\u043e\u0432\u044b\u0445 \u0442\u043e\u043d\u0430\u0445","item":"https:\/\/krual.ee\/et\/tootekategooria\/%d1%81atalog\/noobid\/noobid-sireli-ja-violetsed-toonid\/","nextItem":{"@type":"ListItem","@id":"https:\/\/krual.ee\/et\/toode\/pugovicza-s-4-otverstiyami-13100-rozovato-lilovyj-15mm\/#listItem","name":"\u041f\u0443\u0433\u043e\u0432\u0438\u0446\u0430 \u0441 4-\u043e\u0442\u0432\u0435\u0440\u0441\u0442\u0438\u044f\u043c\u0438 13100 \u0440\u043e\u0437\u043e\u0432\u0430\u0442\u043e \u043b\u0438\u043b\u043e\u0432\u044b\u0439 15\u043c\u043c"},"previousItem":{"@type":"ListItem","@id":"https:\/\/krual.ee\/et\/tootekategooria\/%d1%81atalog\/noobid\/#listItem","name":"\u041f\u0443\u0433\u043e\u0432\u0438\u0446\u044b"}},{"@type":"ListItem","@id":"https:\/\/krual.ee\/et\/toode\/pugovicza-s-4-otverstiyami-13100-rozovato-lilovyj-15mm\/#listItem","position":6,"name":"\u041f\u0443\u0433\u043e\u0432\u0438\u0446\u0430 \u0441 4-\u043e\u0442\u0432\u0435\u0440\u0441\u0442\u0438\u044f\u043c\u0438 13100 \u0440\u043e\u0437\u043e\u0432\u0430\u0442\u043e \u043b\u0438\u043b\u043e\u0432\u044b\u0439 15\u043c\u043c","previousItem":{"@type":"ListItem","@id":"https:\/\/krual.ee\/et\/tootekategooria\/%d1%81atalog\/noobid\/noobid-sireli-ja-violetsed-toonid\/#listItem","name":"\u041f\u0443\u0433\u043e\u0432\u0438\u0446\u044b \u0432 \u0441\u0438\u0440\u0435\u043d\u0435\u0432\u044b\u0445 \u0438 \u0444\u0438\u043e\u043b\u0435\u0442\u043e\u0432\u044b\u0445 \u0442\u043e\u043d\u0430\u0445"}}]},{"@type":"ItemPage","@id":"https:\/\/krual.ee\/et\/toode\/pugovicza-s-4-otverstiyami-13100-rozovato-lilovyj-15mm\/#itempage","url":"https:\/\/krual.ee\/et\/toode\/pugovicza-s-4-otverstiyami-13100-rozovato-lilovyj-15mm\/","name":"N\u00f6\u00f6p 4-auguga 13100 roosakas lilla 15mm - krual.ee","description":"N\u00f6\u00f6p15mm","inLanguage":"et","isPartOf":{"@id":"https:\/\/krual.ee\/et\/#website"},"breadcrumb":{"@id":"https:\/\/krual.ee\/et\/toode\/pugovicza-s-4-otverstiyami-13100-rozovato-lilovyj-15mm\/#breadcrumblist"},"image":{"@type":"ImageObject","url":"https:\/\/krual.ee\/wp-content\/uploads\/2023\/05\/13100-lillakas-tex-jpg.webp","@id":"https:\/\/krual.ee\/et\/toode\/pugovicza-s-4-otverstiyami-13100-rozovato-lilovyj-15mm\/#mainImage","width":600,"height":600},"primaryImageOfPage":{"@id":"https:\/\/krual.ee\/et\/toode\/pugovicza-s-4-otverstiyami-13100-rozovato-lilovyj-15mm\/#mainImage"},"datePublished":"2023-05-20T12:19:11+02:00","dateModified":"2024-03-22T16:39:17+02:00"},{"@type":"Organization","@id":"https:\/\/krual.ee\/et\/#organization","name":"Krual O\u00dc","description":"K\u00e4sit\u00f6\u00f6maailm, aknakatted","url":"https:\/\/krual.ee\/et\/","email":"info@krual.ee","telephone":"+37253457073","logo":{"@type":"ImageObject","url":"https:\/\/krual.ee\/wp-content\/uploads\/2024\/02\/cropped-logo512-jpg.webp","@id":"https:\/\/krual.ee\/et\/toode\/pugovicza-s-4-otverstiyami-13100-rozovato-lilovyj-15mm\/#organizationLogo","width":512,"height":512},"image":{"@id":"https:\/\/krual.ee\/et\/toode\/pugovicza-s-4-otverstiyami-13100-rozovato-lilovyj-15mm\/#organizationLogo"},"sameAs":["https:\/\/facebook.com\/krual","https:\/\/instagram.com\/krual2005"],"address":{"@id":"https:\/\/krual.ee\/et\/#postaladdress","@type":"PostalAddress","streetAddress":"Narva mnt.5, Krual O\u00dc,","postalCode":"41531","addressLocality":"J\u00f5hvi","addressCountry":"EE"}},{"@type":"WebPage","@id":"https:\/\/krual.ee\/et\/toode\/pugovicza-s-4-otverstiyami-13100-rozovato-lilovyj-15mm\/#webpage","url":"https:\/\/krual.ee\/et\/toode\/pugovicza-s-4-otverstiyami-13100-rozovato-lilovyj-15mm\/","name":"N\u00f6\u00f6p 4-auguga 13100 roosakas lilla 15mm - krual.ee","description":"N\u00f6\u00f6p15mm","inLanguage":"et","isPartOf":{"@id":"https:\/\/krual.ee\/et\/#website"},"breadcrumb":{"@id":"https:\/\/krual.ee\/et\/toode\/pugovicza-s-4-otverstiyami-13100-rozovato-lilovyj-15mm\/#breadcrumblist"},"image":{"@type":"ImageObject","url":"https:\/\/krual.ee\/wp-content\/uploads\/2023\/05\/13100-lillakas-tex-jpg.webp","@id":"https:\/\/krual.ee\/et\/toode\/pugovicza-s-4-otverstiyami-13100-rozovato-lilovyj-15mm\/#mainImage","width":600,"height":600},"primaryImageOfPage":{"@id":"https:\/\/krual.ee\/et\/toode\/pugovicza-s-4-otverstiyami-13100-rozovato-lilovyj-15mm\/#mainImage"},"datePublished":"2023-05-20T12:19:11+02:00","dateModified":"2024-03-22T16:39:17+02:00"},{"@type":"WebSite","@id":"https:\/\/krual.ee\/et\/#website","url":"https:\/\/krual.ee\/et\/","name":"Krual","description":"K\u00e4sit\u00f6\u00f6maailm, aknakatted","inLanguage":"et","publisher":{"@id":"https:\/\/krual.ee\/et\/#organization"}}]},"og:locale":"et_EE","og:site_name":"krual.ee - K\u00e4sit\u00f6\u00f6maailm, aknakatted","og:type":"article","og:title":"N\u00f6\u00f6p 4-auguga 13100 roosakas lilla 15mm - krual.ee","og:description":"N\u00f6\u00f6p15mm","og:url":"https:\/\/krual.ee\/et\/toode\/pugovicza-s-4-otverstiyami-13100-rozovato-lilovyj-15mm\/","og:image":"https:\/\/krual.ee\/wp-content\/uploads\/2023\/05\/13100-lillakas-tex-jpg.webp","og:image:secure_url":"https:\/\/krual.ee\/wp-content\/uploads\/2023\/05\/13100-lillakas-tex-jpg.webp","og:image:width":"600","og:image:height":"600","article:tag":["n\u00f6\u00f6p","\u043f\u0443\u0433\u043e\u0432\u0438\u0446\u044b"],"article:published_time":"2023-05-20T10:19:11+00:00","article:modified_time":"2024-03-22T14:39:17+00:00","article:publisher":"https:\/\/facebook.com\/krual","twitter:card":"summary_large_image","twitter:title":"N\u00f6\u00f6p 4-auguga 13100 roosakas lilla 15mm - krual.ee","twitter:description":"N\u00f6\u00f6p15mm","twitter:image":"https:\/\/krual.ee\/wp-content\/uploads\/2023\/05\/13100-lillakas-tex-jpg.webp"},"aioseo_meta_data":{"post_id":"14333","title":"N\u00f6\u00f6p 4-auguga 13100 roosakas lilla 15mm #separator_sa #site_title","description":"N\u00f6\u00f6p15mm","keywords":[{"label":"N\u00f6\u00f6p","value":"N\u00f6\u00f6p"},{"label":"\u043f\u0443\u0433\u043e\u0432\u0438\u0446\u044b","value":"\u043f\u0443\u0433\u043e\u0432\u0438\u0446\u044b"}],"keyphrases":{"focus":{"keyphrase":"N\u00f6\u00f6p ","score":68,"analysis":{"keyphraseInTitle":{"score":9,"maxScore":9,"error":0},"keyphraseInDescription":{"score":3,"maxScore":9,"error":1},"keyphraseLength":{"score":9,"maxScore":9,"error":0,"length":2},"keyphraseInURL":{"score":1,"maxScore":5,"error":1},"keyphraseInIntroduction":{"score":3,"maxScore":9,"error":1},"keyphraseInSubHeadings":[],"keyphraseInImageAlt":[],"keywordDensity":{"type":"best","score":9,"maxScore":9,"error":0}}},"additional":[]},"primary_term":null,"canonical_url":null,"og_title":null,"og_description":null,"og_object_type":"default","og_image_type":"featured","og_image_url":"https:\/\/krual.ee\/wp-content\/uploads\/2023\/05\/13100-lillakas-tex-jpg.webp","og_image_width":"600","og_image_height":"600","og_image_custom_url":null,"og_image_custom_fields":null,"og_video":"","og_custom_url":null,"og_article_section":null,"og_article_tags":[{"label":"N\u00f6\u00f6p","value":"N\u00f6\u00f6p"},{"label":"\u043f\u0443\u0433\u043e\u0432\u0438\u0446\u044b","value":"\u043f\u0443\u0433\u043e\u0432\u0438\u0446\u044b"}],"twitter_use_og":true,"twitter_card":"default","twitter_image_type":"default","twitter_image_url":null,"twitter_image_custom_url":null,"twitter_image_custom_fields":null,"twitter_title":null,"twitter_description":null,"schema":{"blockGraphs":[],"customGraphs":[],"default":{"data":{"Article":[],"Course":[],"Dataset":[],"FAQPage":[],"Movie":[],"Person":[],"Product":[],"ProductReview":[],"Car":[],"Recipe":[],"Service":[],"SoftwareApplication":[],"WebPage":[]},"graphName":"ItemPage","isEnabled":true},"graphs":[]},"schema_type":"default","schema_type_options":null,"pillar_content":false,"robots_default":true,"robots_noindex":false,"robots_noarchive":false,"robots_nosnippet":false,"robots_nofollow":false,"robots_noimageindex":false,"robots_noodp":false,"robots_notranslate":false,"robots_max_snippet":"-1","robots_max_videopreview":"-1","robots_max_imagepreview":"large","priority":null,"frequency":"default","local_seo":null,"limit_modified_date":false,"reviewed_by":null,"created":"2023-11-29 11:08:57","updated":"2024-03-22 14:50:46"},"aioseo_breadcrumb":"<div class=\"aioseo-breadcrumbs\"><span class=\"aioseo-breadcrumb\">\n\t<a href=\"https:\/\/krual.ee\/et\" title=\"Home\">Home<\/a>\n<\/span><span class=\"aioseo-breadcrumb-separator\">\u00bb<\/span><span class=\"aioseo-breadcrumb\">\n\t<a href=\"https:\/\/krual.ee\/et\/shop\/\" title=\"Shop\">Shop<\/a>\n<\/span><span class=\"aioseo-breadcrumb-separator\">\u00bb<\/span><span class=\"aioseo-breadcrumb\">\n\t<a href=\"https:\/\/krual.ee\/et\/tootekategooria\/%d1%81atalog\/\" title=\"\u041a\u0430\u0442\u0430\u043b\u043e\u0433 \u0442\u043e\u0432\u0430\u0440\u043e\u0432\">\u041a\u0430\u0442\u0430\u043b\u043e\u0433 \u0442\u043e\u0432\u0430\u0440\u043e\u0432<\/a>\n<\/span><span class=\"aioseo-breadcrumb-separator\">\u00bb<\/span><span class=\"aioseo-breadcrumb\">\n\t<a href=\"https:\/\/krual.ee\/et\/tootekategooria\/%d1%81atalog\/noobid\/\" title=\"\u041f\u0443\u0433\u043e\u0432\u0438\u0446\u044b\">\u041f\u0443\u0433\u043e\u0432\u0438\u0446\u044b<\/a>\n<\/span><span class=\"aioseo-breadcrumb-separator\">\u00bb<\/span><span class=\"aioseo-breadcrumb\">\n\t<a href=\"https:\/\/krual.ee\/et\/tootekategooria\/%d1%81atalog\/noobid\/noobid-sireli-ja-violetsed-toonid\/\" title=\"\u041f\u0443\u0433\u043e\u0432\u0438\u0446\u044b \u0432 \u0441\u0438\u0440\u0435\u043d\u0435\u0432\u044b\u0445 \u0438 \u0444\u0438\u043e\u043b\u0435\u0442\u043e\u0432\u044b\u0445 \u0442\u043e\u043d\u0430\u0445\">\u041f\u0443\u0433\u043e\u0432\u0438\u0446\u044b \u0432 \u0441\u0438\u0440\u0435\u043d\u0435\u0432\u044b\u0445 \u0438 \u0444\u0438\u043e\u043b\u0435\u0442\u043e\u0432\u044b\u0445 \u0442\u043e\u043d\u0430\u0445<\/a>\n<\/span><span class=\"aioseo-breadcrumb-separator\">\u00bb<\/span><span class=\"aioseo-breadcrumb\">\n\t\u041f\u0443\u0433\u043e\u0432\u0438\u0446\u0430 \u0441 4-\u043e\u0442\u0432\u0435\u0440\u0441\u0442\u0438\u044f\u043c\u0438 13100 \u0440\u043e\u0437\u043e\u0432\u0430\u0442\u043e \u043b\u0438\u043b\u043e\u0432\u044b\u0439 15\u043c\u043c\n<\/span><\/div>","aioseo_breadcrumb_json":[{"label":"Home","link":"https:\/\/krual.ee\/et"},{"label":"Shop","link":"https:\/\/krual.ee\/et\/shop\/"},{"label":"\u041a\u0430\u0442\u0430\u043b\u043e\u0433 \u0442\u043e\u0432\u0430\u0440\u043e\u0432","link":"https:\/\/krual.ee\/et\/tootekategooria\/%d1%81atalog\/"},{"label":"\u041f\u0443\u0433\u043e\u0432\u0438\u0446\u044b","link":"https:\/\/krual.ee\/et\/tootekategooria\/%d1%81atalog\/noobid\/"},{"label":"\u041f\u0443\u0433\u043e\u0432\u0438\u0446\u044b \u0432 \u0441\u0438\u0440\u0435\u043d\u0435\u0432\u044b\u0445 \u0438 \u0444\u0438\u043e\u043b\u0435\u0442\u043e\u0432\u044b\u0445 \u0442\u043e\u043d\u0430\u0445","link":"https:\/\/krual.ee\/et\/tootekategooria\/%d1%81atalog\/noobid\/noobid-sireli-ja-violetsed-toonid\/"},{"label":"\u041f\u0443\u0433\u043e\u0432\u0438\u0446\u0430 \u0441 4-\u043e\u0442\u0432\u0435\u0440\u0441\u0442\u0438\u044f\u043c\u0438 13100 \u0440\u043e\u0437\u043e\u0432\u0430\u0442\u043e \u043b\u0438\u043b\u043e\u0432\u044b\u0439 15\u043c\u043c","link":"https:\/\/krual.ee\/et\/toode\/pugovicza-s-4-otverstiyami-13100-rozovato-lilovyj-15mm\/"}],"_links":{"self":[{"href":"https:\/\/krual.ee\/et\/wp-json\/wp\/v2\/product\/14333","targetHints":{"allow":["GET"]}}],"collection":[{"href":"https:\/\/krual.ee\/et\/wp-json\/wp\/v2\/product"}],"about":[{"href":"https:\/\/krual.ee\/et\/wp-json\/wp\/v2\/types\/product"}],"version-history":[{"count":0,"href":"https:\/\/krual.ee\/et\/wp-json\/wp\/v2\/product\/14333\/revisions"}],"wp:featuredmedia":[{"embeddable":true,"href":"https:\/\/krual.ee\/et\/wp-json\/wp\/v2\/media\/14334"}],"wp:attachment":[{"href":"https:\/\/krual.ee\/et\/wp-json\/wp\/v2\/media?parent=14333"}],"wp:term":[{"taxonomy":"product_brand","embeddable":true,"href":"https:\/\/krual.ee\/et\/wp-json\/wp\/v2\/product_brand?post=14333"},{"taxonomy":"product_cat","embeddable":true,"href":"https:\/\/krual.ee\/et\/wp-json\/wp\/v2\/product_cat?post=14333"},{"taxonomy":"product_tag","embeddable":true,"href":"https:\/\/krual.ee\/et\/wp-json\/wp\/v2\/product_tag?post=14333"}],"curies":[{"name":"wp","href":"https:\/\/api.w.org\/{rel}","templated":true}]}}