{"id":25,"date":"2021-02-18T09:33:23","date_gmt":"2021-02-18T09:33:23","guid":{"rendered":"https:\/\/krual.ee\/cart\/"},"modified":"2024-05-01T09:01:33","modified_gmt":"2024-05-01T07:01:33","slug":"cart","status":"publish","type":"page","link":"https:\/\/krual.ee\/et\/cart\/","title":{"rendered":"Cart"},"content":{"rendered":"<div class=\"woocommerce\"><div class=\"woocommerce-notices-wrapper\">\n<ul class=\"woocommerce-error\" role=\"alert\">\n\t\t\t<li data-source=\"wcmmq\">\n\t\t\tThe minimum allowed order total value is <span class=\"woocommerce-Price-amount amount\"><span class=\"woocommerce-Price-currencySymbol\">&euro;<\/span>15.00<\/span>. Please consider increasing the quantity in your cart.\t\t<\/li>\n\t<\/ul>\n<\/div>\n<form class=\"woocommerce-cart-form\" action=\"https:\/\/krual.ee\/et\/cart\/\" method=\"post\" data-trp-original-action=\"https:\/\/krual.ee\/et\/cart\/\">\n\t\n\t<table class=\"shop_table shop_table_responsive cart woocommerce-cart-form__contents\" cellspacing=\"0\">\n\t\t<thead>\n\t\t\t<tr>\n\t\t\t\t<th class=\"product-remove\"><span class=\"screen-reader-text\" data-no-translation=\"\" data-trp-gettext=\"\">Eemalda toode<\/span><\/th>\n\t\t\t\t<th class=\"product-thumbnail\"><span class=\"screen-reader-text\" data-no-translation=\"\" data-trp-gettext=\"\">Miniatuursed<\/span><\/th>\n\t\t\t\t<th scope=\"col\" class=\"product-name\" data-no-translation=\"\" data-trp-gettext=\"\">Toode<\/th>\n\t\t\t\t<th scope=\"col\" class=\"product-price\" data-no-translation=\"\" data-trp-gettext=\"\">Hind<\/th>\n\t\t\t\t<th scope=\"col\" class=\"product-quantity\" data-no-translation=\"\" data-trp-gettext=\"\">Kogus<\/th>\n\t\t\t\t<th scope=\"col\" class=\"product-subtotal\" data-no-translation=\"\" data-trp-gettext=\"\">Vahesumma<\/th>\n\t\t\t<\/tr>\n\t\t<\/thead>\n\t\t<tbody>\n\t\t\t\n\t\t\t\t\t\t\t\t<tr class=\"woocommerce-cart-form__cart-item cart_item\">\n\n\t\t\t\t\t\t<td class=\"product-remove\">\n\t\t\t\t\t\t\t<a role=\"button\" href=\"https:\/\/krual.ee\/et\/cart\/?remove_item=a8d83990b2b2f804f8e53c0b7ddec7b0&#038;_wpnonce=390cc80cb1\" class=\"remove\" aria-label=\"Eemaldage kaup &quot;\u041b\u0435\u043d\u0442\u0430 \u0438\u0437 \u0444\u0430\u0442\u0438\u043d\u0430 40\u043c\u043c \u0430\u0440\u0442.40-148\/\u0441 \u043f\u0440\u043e\u0432\u043e\u043b\u043e\u043a\u043e\u0439 \u0446\u0432\u0435\u0442: \u043a\u0440\u0430\u0441\u043d\u044b\u0439\/\u0441 \u0431\u043b\u0451\u0441\u0442\u043a\u0430\u043c\u0438&quot; ostukorvist\" data-product_id=\"45572\" data-product_sku=\"04274\" data-no-translation-aria-label=\"\">&times;<\/a>\t\t\t\t\t\t<\/td>\n\n\t\t\t\t\t\t<td class=\"product-thumbnail\">\n\t\t\t\t\t\t<a href=\"https:\/\/krual.ee\/et\/toode\/ilupael-looritullist-40mm-art-40-148-traadiga-varv-punane-litritega\/\"><img fetchpriority=\"high\" decoding=\"async\" width=\"300\" height=\"300\" src=\"https:\/\/krual.ee\/wp-content\/uploads\/2024\/12\/looritull-traadiga-40-148-punane-litridega-40mm-kood-4274-polimex-300x300.jpg\" class=\"attachment-woocommerce_thumbnail size-woocommerce_thumbnail\" alt=\"\u041b\u0435\u043d\u0442\u0430 \u0438\u0437 \u0444\u0430\u0442\u0438\u043d\u0430 40\u043c\u043c \u0430\u0440\u0442.40-148\/\u0441 \u043f\u0440\u043e\u0432\u043e\u043b\u043e\u043a\u043e\u0439 \u0446\u0432\u0435\u0442: \u043a\u0440\u0430\u0441\u043d\u044b\u0439\/\u0441 \u0431\u043b\u0451\u0441\u0442\u043a\u0430\u043c\u0438\" srcset=\"https:\/\/krual.ee\/wp-content\/uploads\/2024\/12\/looritull-traadiga-40-148-punane-litridega-40mm-kood-4274-polimex-300x300.jpg 300w, https:\/\/krual.ee\/wp-content\/uploads\/2024\/12\/looritull-traadiga-40-148-punane-litridega-40mm-kood-4274-polimex-150x150.jpg 150w, https:\/\/krual.ee\/wp-content\/uploads\/2024\/12\/looritull-traadiga-40-148-punane-litridega-40mm-kood-4274-polimex-12x12.jpg 12w, https:\/\/krual.ee\/wp-content\/uploads\/2024\/12\/looritull-traadiga-40-148-punane-litridega-40mm-kood-4274-polimex-100x100.jpg 100w, https:\/\/krual.ee\/wp-content\/uploads\/2024\/12\/looritull-traadiga-40-148-punane-litridega-40mm-kood-4274-polimex.jpg 600w\" sizes=\"(max-width: 300px) 100vw, 300px\" \/><\/a>\t\t\t\t\t\t<\/td>\n\n\t\t\t\t\t\t<td scope=\"row\" role=\"rowheader\" class=\"product-name\" data-title=\"Toode\" data-no-translation-data-title=\"\">\n\t\t\t\t\t\t<a href=\"https:\/\/krual.ee\/et\/toode\/ilupael-looritullist-40mm-art-40-148-traadiga-varv-punane-litritega\/\">Ilupael loorit\u00fcllist 40mm art.40-148\/traadiga v\u00e4rv: punane\/litritega<\/a>\t\t\t\t\t\t<\/td>\n\n\t\t\t\t\t\t<td class=\"product-price\" data-title=\"Hind\" data-no-translation-data-title=\"\">\n\t\t\t\t\t\t\t<span class=\"woocommerce-Price-amount amount\"><bdi><span class=\"woocommerce-Price-currencySymbol\">&euro;<\/span>0.95<\/bdi><\/span>\t\t\t\t\t\t<\/td>\n\n\t\t\t\t\t\t<td class=\"product-quantity\" data-title=\"Kogus\" data-no-translation-data-title=\"\">\n\t\t\t\t\t\t<div class=\"quantity\">\n\t\t<label class=\"screen-reader-text\" for=\"quantity_69f5d3d4a80c8\" data-no-translation=\"\" data-trp-gettext=\"\">\u041b\u0435\u043d\u0442\u0430 \u0438\u0437 \u0444\u0430\u0442\u0438\u043d\u0430 40\u043c\u043c \u0430\u0440\u0442.40-148\/\u0441 \u043f\u0440\u043e\u0432\u043e\u043b\u043e\u043a\u043e\u0439 \u0446\u0432\u0435\u0442: \u043a\u0440\u0430\u0441\u043d\u044b\u0439\/\u0441 \u0431\u043b\u0451\u0441\u0442\u043a\u0430\u043c\u0438 kogus<\/label>\n\t<input\n\t\ttype=\"number\"\n\t\t\t\tid=\"quantity_69f5d3d4a80c8\"\n\t\tclass=\"input-text qty text\"\n\t\tname=\"cart[a8d83990b2b2f804f8e53c0b7ddec7b0][qty]\"\n\t\tvalue=\"1\"\n\t\taria-label=\"Toote kogus\"\n\t\t\t\tmin=\"0\"\n\t\t\t\t\tmax=\"15\"\n\t\t\t\t\t\t\tstep=\"1\"\n\t\t\tplaceholder=\"\"\n\t\t\tinputmode=\"numeric\"\n\t\t\tautocomplete=\"off\" data-no-translation-aria-label=\"\"\n\t\t\t\/>\n\t<\/div>\n\t\t\t\t\t\t<\/td>\n\n\t\t\t\t\t\t<td class=\"product-subtotal\" data-title=\"Vahesumma\" data-no-translation-data-title=\"\">\n\t\t\t\t\t\t\t<span class=\"woocommerce-Price-amount amount\"><bdi><span class=\"woocommerce-Price-currencySymbol\">&euro;<\/span>0.95<\/bdi><\/span>\t\t\t\t\t\t<\/td>\n\t\t\t\t\t<\/tr>\n\t\t\t\t\t\n\t\t\t\n\t\t\t<tr>\n\t\t\t\t<td colspan=\"6\" class=\"actions\">\n\n\t\t\t\t\t\n\t\t\t\t\t<button type=\"submit\" class=\"button\" name=\"update_cart\" value=\"Uuenda ostukorvi\" data-no-translation=\"\" data-trp-gettext=\"\" data-no-translation-value=\"\">Uuenda ostukorvi<\/button>\n\n\t\t\t\t\t\n\t\t\t\t\t<input type=\"hidden\" id=\"woocommerce-cart-nonce\" name=\"woocommerce-cart-nonce\" value=\"390cc80cb1\" \/><input type=\"hidden\" name=\"_wp_http_referer\" value=\"\/et\/wp-json\/wp\/v2\/pages\/25\" \/>\t\t\t\t<\/td>\n\t\t\t<\/tr>\n\n\t\t\t\t\t<\/tbody>\n\t<\/table>\n\t<input type=\"hidden\" name=\"trp-form-language\" value=\"et\"\/><\/form>\n\n\n<div class=\"cart-collaterals\">\n\t<div class=\"cart_totals\">\n\n\t\n\t<h2 data-no-translation=\"\" data-trp-gettext=\"\">Ostukorvi summad<\/h2>\n\n\t<table cellspacing=\"0\" class=\"shop_table shop_table_responsive\">\n\n\t\t<tr class=\"cart-subtotal\">\n\t\t\t<th data-no-translation=\"\" data-trp-gettext=\"\">Vahesumma<\/th>\n\t\t\t<td data-title=\"Vahesumma\" data-no-translation-data-title=\"\"><span class=\"woocommerce-Price-amount amount\"><bdi><span class=\"woocommerce-Price-currencySymbol\">&euro;<\/span>0.95<\/bdi><\/span><\/td>\n\t\t<\/tr>\n\n\t\t\n\t\t\n\t\t\t\n\t\t\t<tr class=\"woocommerce-shipping-totals shipping\">\n\t<th data-no-translation=\"\" data-trp-gettext=\"\">Shipment 1<\/th>\n\t<td data-title=\"Shipment 1\" data-no-translation-data-title=\"\">\n\t\t\t\t\t<ul id=\"shipping_method\" class=\"woocommerce-shipping-methods\">\n\t\t\t\t\t\t\t\t\t<li>\n\t\t\t\t\t\t<input type=\"radio\" name=\"shipping_method[0]\" data-index=\"0\" id=\"shipping_method_0_local_pickup1\" value=\"local_pickup:1\" class=\"shipping_method\"  checked='checked' \/><label for=\"shipping_method_0_local_pickup1\">ISE TULEMINE<\/label>\t\t\t\t\t<\/li>\n\t\t\t\t\t\t\t\t\t<li>\n\t\t\t\t\t\t<input type=\"radio\" name=\"shipping_method[0]\" data-index=\"0\" id=\"shipping_method_0_multiparcels_omniva_ee_pickup_point4\" value=\"multiparcels_omniva_ee_pickup_point:4\" class=\"shipping_method\"  \/><label for=\"shipping_method_0_multiparcels_omniva_ee_pickup_point4\"><div class='multiparcels-carrier-icon-image-holder'><img class='multiparcels_carrier_icon multiparcels_carrier_icon_omniva_ee' src='https:\/\/krual.ee\/wp-content\/plugins\/multiparcels-shipping-for-woocommerce\/public\/images\/carriers\/omniva_ee.png' style='max-width: 100px'><\/div>Omniva (Estonia) Terminalid: <span class=\"woocommerce-Price-amount amount\"><bdi><span class=\"woocommerce-Price-currencySymbol\">&euro;<\/span>4.50<\/bdi><\/span><\/label>\t\t\t\t\t<\/li>\n\t\t\t\t\t\t\t\t\t<li>\n\t\t\t\t\t\t<input type=\"radio\" name=\"shipping_method[0]\" data-index=\"0\" id=\"shipping_method_0_multiparcels_smartpost_pickup_point6\" value=\"multiparcels_smartpost_pickup_point:6\" class=\"shipping_method\"  \/><label for=\"shipping_method_0_multiparcels_smartpost_pickup_point6\"><div class='multiparcels-carrier-icon-image-holder'><img class='multiparcels_carrier_icon multiparcels_carrier_icon_smartpost' src='https:\/\/krual.ee\/wp-content\/plugins\/multiparcels-shipping-for-woocommerce\/public\/images\/carriers\/smartpost.png' style='max-width: 100px'><\/div>SmartPOST by Itella Terminalid: <span class=\"woocommerce-Price-amount amount\"><bdi><span class=\"woocommerce-Price-currencySymbol\">&euro;<\/span>4.50<\/bdi><\/span><\/label>\t\t\t\t\t<\/li>\n\t\t\t\t\t\t\t<\/ul>\n\t\t\t\t\t\t\t<p class=\"woocommerce-shipping-destination\">\n\t\t\t\t\t<span class=\"woocommerce-shipping-estimate-html e-checkout-message e-cart-content\" data-no-translation=\"\" data-trp-gettext=\"\">Tarnev\u00f5imalusi uuendatakse kassas.<\/span>\t\t\t\t<\/p>\n\t\t\t\t\t\t\n\t\t\n\t\t\t\t\t\n<form class=\"woocommerce-shipping-calculator\" action=\"https:\/\/krual.ee\/et\/cart\/\" method=\"post\" data-trp-original-action=\"https:\/\/krual.ee\/et\/cart\/\">\n\n\t<a href=\"#\" class=\"shipping-calculator-button\" aria-expanded=\"false\" aria-controls=\"shipping-calculator-form\" role=\"button\" data-no-translation=\"\" data-trp-gettext=\"\">Arvuta transpordikulud<\/a>\n\t<section class=\"shipping-calculator-form\" id=\"shipping-calculator-form\" style=\"display:none;\">\n\n\t\t\t\t\t<p class=\"form-row form-row-wide\" id=\"calc_shipping_country_field\">\n\t\t\t\t<label for=\"calc_shipping_country\" data-no-translation=\"\" data-trp-gettext=\"\">Country \/ region<\/label>\n\t\t\t\t<select name=\"calc_shipping_country\" id=\"calc_shipping_country\" class=\"country_to_state country_select\" rel=\"calc_shipping_state\">\n\t\t\t\t\t<option value=\"default\" data-no-translation=\"\" data-trp-gettext=\"\">Vali riik \/ piirkond&hellip;<\/option>\n\t\t\t\t\t<option value=\"LV\">L\u00e4ti<\/option><option value=\"LT\">Leedu<\/option><option value=\"FI\">Soome<\/option><option value=\"EE\" selected='selected'>Eesti<\/option>\t\t\t\t<\/select>\n\t\t\t<\/p>\n\t\t\n\t\t\t\t\t<p class=\"form-row form-row-wide\" id=\"calc_shipping_state_field\">\n\t\t\t\t\t\t\t\t\t<input type=\"hidden\" name=\"calc_shipping_state\" id=\"calc_shipping_state\" \/>\n\t\t\t\t\t\t\t\t<\/p>\n\t\t\n\t\t\t\t\t<p class=\"form-row form-row-wide\" id=\"calc_shipping_city_field\">\n\t\t\t\t<label for=\"calc_shipping_city\" data-no-translation=\"\" data-trp-gettext=\"\">Linn:<\/label>\n\t\t\t\t<input type=\"text\" class=\"input-text\" value=\"\" name=\"calc_shipping_city\" id=\"calc_shipping_city\" \/>\n\t\t\t<\/p>\n\t\t\n\t\t\t\t\t<p class=\"form-row form-row-wide\" id=\"calc_shipping_postcode_field\">\n\t\t\t\t<label for=\"calc_shipping_postcode\" data-no-translation=\"\" data-trp-gettext=\"\">Sihtnumber:<\/label>\n\t\t\t\t<input type=\"text\" class=\"input-text\" value=\"\" name=\"calc_shipping_postcode\" id=\"calc_shipping_postcode\" \/>\n\t\t\t<\/p>\n\t\t\n\t\t<p><button type=\"submit\" name=\"calc_shipping\" value=\"1\" class=\"button\" data-no-translation=\"\" data-trp-gettext=\"\">Uuenda<\/button><\/p>\n\t\t<input type=\"hidden\" id=\"woocommerce-shipping-calculator-nonce\" name=\"woocommerce-shipping-calculator-nonce\" value=\"852ea4e8ee\" \/><input type=\"hidden\" name=\"_wp_http_referer\" value=\"\/et\/wp-json\/wp\/v2\/pages\/25\" \/>\t<\/section>\n<input type=\"hidden\" name=\"trp-form-language\" value=\"et\"\/><\/form>\n\n\t\t\t<\/td>\n<\/tr>\n\n\t\t\t\n\t\t\n\t\t\n\t\t\n\t\t\n\t\t<tr class=\"order-total\">\n\t\t\t<th data-no-translation=\"\" data-trp-gettext=\"\">Kokku<\/th>\n\t\t\t<td data-title=\"Kokku\" data-no-translation-data-title=\"\"><strong><span class=\"woocommerce-Price-amount amount\"><bdi><span class=\"woocommerce-Price-currencySymbol\">&euro;<\/span>0.95<\/bdi><\/span><\/strong> <small class=\"includes_tax\" data-no-translation=\"\" data-trp-gettext=\"\">(sisaldab <span class=\"woocommerce-Price-amount amount\"><span class=\"woocommerce-Price-currencySymbol\">&euro;<\/span>0.18<\/span> K\u00c4IBEMAKS 24%)<\/small><\/td>\n\t\t<\/tr>\n\n\t\t\n\t<\/table>\n\n\t<div class=\"wc-proceed-to-checkout\">\n\t\t\t<\/div>\n\n\t\n<\/div>\n<\/div>\n\n<\/div>","protected":false},"excerpt":{"rendered":"","protected":false},"author":1,"featured_media":0,"parent":0,"menu_order":0,"comment_status":"closed","ping_status":"closed","template":"","meta":{"_monsterinsights_skip_tracking":false,"_monsterinsights_sitenote_active":false,"_monsterinsights_sitenote_note":"","_monsterinsights_sitenote_category":0,"_uf_show_specific_survey":0,"_uf_disable_surveys":false,"footnotes":""},"class_list":["post-25","page","type-page","status-publish","hentry","entry","owp-thumbs-layout-horizontal","owp-btn-normal","owp-tabs-layout-horizontal","has-no-thumbnails","has-product-nav"],"aioseo_notices":[],"aioseo_head":"\n\t\t<!-- All in One SEO Pro 4.8.3.2 - aioseo.com -->\n\t<meta name=\"description\" content=\"Ostukorv - \u043a\u043e\u0440\u0437\u0438\u043d\u0430 \u0442\u043e\u0432\u0430\u0440\u043e\u0432\" \/>\n\t<meta name=\"robots\" content=\"noindex, max-snippet:-1, max-image-preview:large, max-video-preview:-1\" \/>\n\t<link rel=\"canonical\" href=\"https:\/\/krual.ee\/et\/cart\/\" \/>\n\t<meta name=\"generator\" content=\"All in One SEO Pro (AIOSEO) 4.8.3.2\" \/>\n\t\t<meta property=\"og:locale\" content=\"et_EE\" \/>\n\t\t<meta property=\"og:site_name\" content=\"krual.ee - K\u00e4sit\u00f6\u00f6maailm, aknakatted\" \/>\n\t\t<meta property=\"og:type\" content=\"article\" \/>\n\t\t<meta property=\"og:title\" content=\"Ostukorv - krual.ee\" \/>\n\t\t<meta property=\"og:description\" content=\"Ostukorv - \u043a\u043e\u0440\u0437\u0438\u043d\u0430 \u0442\u043e\u0432\u0430\u0440\u043e\u0432\" \/>\n\t\t<meta property=\"og:url\" content=\"https:\/\/krual.ee\/et\/cart\/\" \/>\n\t\t<meta property=\"article:published_time\" content=\"2021-02-18T09:33:23+00:00\" \/>\n\t\t<meta property=\"article:modified_time\" content=\"2024-05-01T07:01:33+00:00\" \/>\n\t\t<meta property=\"article:publisher\" content=\"https:\/\/facebook.com\/krual\" \/>\n\t\t<meta name=\"twitter:card\" content=\"summary_large_image\" \/>\n\t\t<meta name=\"twitter:title\" content=\"Ostukorv - krual.ee\" \/>\n\t\t<meta name=\"twitter:description\" content=\"Ostukorv - \u043a\u043e\u0440\u0437\u0438\u043d\u0430 \u0442\u043e\u0432\u0430\u0440\u043e\u0432\" \/>\n\t\t<script type=\"application\/ld+json\" class=\"aioseo-schema\">\n\t\t\t{\"@context\":\"https:\\\/\\\/schema.org\",\"@graph\":[{\"@type\":\"BreadcrumbList\",\"@id\":\"https:\\\/\\\/krual.ee\\\/et\\\/cart\\\/#breadcrumblist\",\"itemListElement\":[{\"@type\":\"ListItem\",\"@id\":\"https:\\\/\\\/krual.ee\\\/et#listItem\",\"position\":1,\"name\":\"Home\",\"item\":\"https:\\\/\\\/krual.ee\\\/et\",\"nextItem\":{\"@type\":\"ListItem\",\"@id\":\"https:\\\/\\\/krual.ee\\\/et\\\/cart\\\/#listItem\",\"name\":\"Cart\"}},{\"@type\":\"ListItem\",\"@id\":\"https:\\\/\\\/krual.ee\\\/et\\\/cart\\\/#listItem\",\"position\":2,\"name\":\"Cart\",\"previousItem\":{\"@type\":\"ListItem\",\"@id\":\"https:\\\/\\\/krual.ee\\\/et#listItem\",\"name\":\"Home\"}}]},{\"@type\":\"Organization\",\"@id\":\"https:\\\/\\\/krual.ee\\\/et\\\/#organization\",\"name\":\"Krual O\\u00dc\",\"description\":\"K\\u00e4sit\\u00f6\\u00f6maailm, aknakatted\",\"url\":\"https:\\\/\\\/krual.ee\\\/et\\\/\",\"email\":\"info@krual.ee\",\"telephone\":\"+37253457073\",\"logo\":{\"@type\":\"ImageObject\",\"url\":\"https:\\\/\\\/krual.ee\\\/wp-content\\\/uploads\\\/2024\\\/02\\\/cropped-logo512-jpg.webp\",\"@id\":\"https:\\\/\\\/krual.ee\\\/et\\\/cart\\\/#organizationLogo\",\"width\":512,\"height\":512},\"image\":{\"@id\":\"https:\\\/\\\/krual.ee\\\/et\\\/cart\\\/#organizationLogo\"},\"sameAs\":[\"https:\\\/\\\/facebook.com\\\/krual\",\"https:\\\/\\\/instagram.com\\\/krual2005\"],\"address\":{\"@id\":\"https:\\\/\\\/krual.ee\\\/et\\\/#postaladdress\",\"@type\":\"PostalAddress\",\"streetAddress\":\"Narva mnt.5, Krual O\\u00dc,\",\"postalCode\":\"41531\",\"addressLocality\":\"J\\u00f5hvi\",\"addressCountry\":\"EE\"}},{\"@type\":\"WebPage\",\"@id\":\"https:\\\/\\\/krual.ee\\\/et\\\/cart\\\/#webpage\",\"url\":\"https:\\\/\\\/krual.ee\\\/et\\\/cart\\\/\",\"name\":\"Ostukorv - krual.ee\",\"description\":\"Ostukorv - \\u043a\\u043e\\u0440\\u0437\\u0438\\u043d\\u0430 \\u0442\\u043e\\u0432\\u0430\\u0440\\u043e\\u0432\",\"inLanguage\":\"et\",\"isPartOf\":{\"@id\":\"https:\\\/\\\/krual.ee\\\/et\\\/#website\"},\"breadcrumb\":{\"@id\":\"https:\\\/\\\/krual.ee\\\/et\\\/cart\\\/#breadcrumblist\"},\"datePublished\":\"2021-02-18T09:33:23+02:00\",\"dateModified\":\"2024-05-01T09:01:33+02:00\"},{\"@type\":\"WebSite\",\"@id\":\"https:\\\/\\\/krual.ee\\\/et\\\/#website\",\"url\":\"https:\\\/\\\/krual.ee\\\/et\\\/\",\"name\":\"Krual\",\"description\":\"K\\u00e4sit\\u00f6\\u00f6maailm, aknakatted\",\"inLanguage\":\"et\",\"publisher\":{\"@id\":\"https:\\\/\\\/krual.ee\\\/et\\\/#organization\"}}]}\n\t\t<\/script>\n\t\t<!-- All in One SEO Pro -->\r\n\t\t<title>Ostukorv - krual.ee<\/title>\n\n","aioseo_head_json":{"title":"Ostukorv - krual.ee","description":"Ostukorv - \u043a\u043e\u0440\u0437\u0438\u043d\u0430 \u0442\u043e\u0432\u0430\u0440\u043e\u0432","canonical_url":"https:\/\/krual.ee\/et\/cart\/","robots":"noindex, max-snippet:-1, max-image-preview:large, max-video-preview:-1","keywords":"","webmasterTools":{"miscellaneous":""},"schema":{"@context":"https:\/\/schema.org","@graph":[{"@type":"BreadcrumbList","@id":"https:\/\/krual.ee\/et\/cart\/#breadcrumblist","itemListElement":[{"@type":"ListItem","@id":"https:\/\/krual.ee\/et#listItem","position":1,"name":"Home","item":"https:\/\/krual.ee\/et","nextItem":{"@type":"ListItem","@id":"https:\/\/krual.ee\/et\/cart\/#listItem","name":"Cart"}},{"@type":"ListItem","@id":"https:\/\/krual.ee\/et\/cart\/#listItem","position":2,"name":"Cart","previousItem":{"@type":"ListItem","@id":"https:\/\/krual.ee\/et#listItem","name":"Home"}}]},{"@type":"Organization","@id":"https:\/\/krual.ee\/et\/#organization","name":"Krual O\u00dc","description":"K\u00e4sit\u00f6\u00f6maailm, aknakatted","url":"https:\/\/krual.ee\/et\/","email":"info@krual.ee","telephone":"+37253457073","logo":{"@type":"ImageObject","url":"https:\/\/krual.ee\/wp-content\/uploads\/2024\/02\/cropped-logo512-jpg.webp","@id":"https:\/\/krual.ee\/et\/cart\/#organizationLogo","width":512,"height":512},"image":{"@id":"https:\/\/krual.ee\/et\/cart\/#organizationLogo"},"sameAs":["https:\/\/facebook.com\/krual","https:\/\/instagram.com\/krual2005"],"address":{"@id":"https:\/\/krual.ee\/et\/#postaladdress","@type":"PostalAddress","streetAddress":"Narva mnt.5, Krual O\u00dc,","postalCode":"41531","addressLocality":"J\u00f5hvi","addressCountry":"EE"}},{"@type":"WebPage","@id":"https:\/\/krual.ee\/et\/cart\/#webpage","url":"https:\/\/krual.ee\/et\/cart\/","name":"Ostukorv - krual.ee","description":"Ostukorv - \u043a\u043e\u0440\u0437\u0438\u043d\u0430 \u0442\u043e\u0432\u0430\u0440\u043e\u0432","inLanguage":"et","isPartOf":{"@id":"https:\/\/krual.ee\/et\/#website"},"breadcrumb":{"@id":"https:\/\/krual.ee\/et\/cart\/#breadcrumblist"},"datePublished":"2021-02-18T09:33:23+02:00","dateModified":"2024-05-01T09:01:33+02:00"},{"@type":"WebSite","@id":"https:\/\/krual.ee\/et\/#website","url":"https:\/\/krual.ee\/et\/","name":"Krual","description":"K\u00e4sit\u00f6\u00f6maailm, aknakatted","inLanguage":"et","publisher":{"@id":"https:\/\/krual.ee\/et\/#organization"}}]},"og:locale":"et_EE","og:site_name":"krual.ee - K\u00e4sit\u00f6\u00f6maailm, aknakatted","og:type":"article","og:title":"Ostukorv - krual.ee","og:description":"Ostukorv - \u043a\u043e\u0440\u0437\u0438\u043d\u0430 \u0442\u043e\u0432\u0430\u0440\u043e\u0432","og:url":"https:\/\/krual.ee\/et\/cart\/","article:published_time":"2021-02-18T09:33:23+00:00","article:modified_time":"2024-05-01T07:01:33+00:00","article:publisher":"https:\/\/facebook.com\/krual","twitter:card":"summary_large_image","twitter:title":"Ostukorv - krual.ee","twitter:description":"Ostukorv - \u043a\u043e\u0440\u0437\u0438\u043d\u0430 \u0442\u043e\u0432\u0430\u0440\u043e\u0432"},"aioseo_meta_data":{"post_id":"25","title":"Ostukorv #separator_sa #site_title","description":"Ostukorv - \u043a\u043e\u0440\u0437\u0438\u043d\u0430 \u0442\u043e\u0432\u0430\u0440\u043e\u0432","keywords":[],"keyphrases":{"focus":{"keyphrase":"","score":0,"analysis":{"keyphraseInTitle":{"score":0,"maxScore":9,"error":1}}},"additional":[]},"primary_term":null,"canonical_url":null,"og_title":null,"og_description":null,"og_object_type":"default","og_image_type":"default","og_image_url":null,"og_image_width":null,"og_image_height":null,"og_image_custom_url":null,"og_image_custom_fields":null,"og_video":"","og_custom_url":null,"og_article_section":null,"og_article_tags":[],"twitter_use_og":false,"twitter_card":"default","twitter_image_type":"default","twitter_image_url":null,"twitter_image_custom_url":null,"twitter_image_custom_fields":null,"twitter_title":null,"twitter_description":null,"schema":{"blockGraphs":[],"customGraphs":[],"default":{"data":{"Article":[],"Course":[],"Dataset":[],"FAQPage":[],"Movie":[],"Person":[],"Product":[],"ProductReview":[],"Car":[],"Recipe":[],"Service":[],"SoftwareApplication":[],"WebPage":[]},"graphName":"WebPage","isEnabled":true},"graphs":[]},"schema_type":"default","schema_type_options":null,"pillar_content":false,"robots_default":false,"robots_noindex":true,"robots_noarchive":false,"robots_nosnippet":false,"robots_nofollow":false,"robots_noimageindex":false,"robots_noodp":false,"robots_notranslate":false,"robots_max_snippet":"-1","robots_max_videopreview":"-1","robots_max_imagepreview":"large","priority":null,"frequency":"default","local_seo":null,"limit_modified_date":false,"reviewed_by":null,"created":"2023-11-25 10:22:20","updated":"2024-05-01 07:02:21"},"aioseo_breadcrumb":"<div class=\"aioseo-breadcrumbs\"><span class=\"aioseo-breadcrumb\">\n\t<a href=\"https:\/\/krual.ee\/et\" title=\"Home\">Home<\/a>\n<\/span><span class=\"aioseo-breadcrumb-separator\">\u00bb<\/span><span class=\"aioseo-breadcrumb\">\n\tCart\n<\/span><\/div>","aioseo_breadcrumb_json":[{"label":"Home","link":"https:\/\/krual.ee\/et"},{"label":"Cart","link":"https:\/\/krual.ee\/et\/cart\/"}],"_links":{"self":[{"href":"https:\/\/krual.ee\/et\/wp-json\/wp\/v2\/pages\/25","targetHints":{"allow":["GET"]}}],"collection":[{"href":"https:\/\/krual.ee\/et\/wp-json\/wp\/v2\/pages"}],"about":[{"href":"https:\/\/krual.ee\/et\/wp-json\/wp\/v2\/types\/page"}],"author":[{"embeddable":true,"href":"https:\/\/krual.ee\/et\/wp-json\/wp\/v2\/users\/1"}],"replies":[{"embeddable":true,"href":"https:\/\/krual.ee\/et\/wp-json\/wp\/v2\/comments?post=25"}],"version-history":[{"count":0,"href":"https:\/\/krual.ee\/et\/wp-json\/wp\/v2\/pages\/25\/revisions"}],"wp:attachment":[{"href":"https:\/\/krual.ee\/et\/wp-json\/wp\/v2\/media?parent=25"}],"curies":[{"name":"wp","href":"https:\/\/api.w.org\/{rel}","templated":true}]}}